{"id":1233,"date":"2019-04-14T13:50:06","date_gmt":"2019-04-14T17:50:06","guid":{"rendered":"http:\/\/canadashop150.com\/?page_id=1233"},"modified":"2019-11-11T13:26:20","modified_gmt":"2019-11-11T18:26:20","slug":"savour2go-grab-and-go-program","status":"publish","type":"page","link":"https:\/\/bytowncatering.com\/fr\/savour2go-grab-and-go-program\/","title":{"rendered":"Savour2Go Grab and Go Program"},"content":{"rendered":"<p><div class=\"fusion-fullwidth fullwidth-box fusion-builder-row-1 nonhundred-percent-fullwidth non-hundred-percent-height-scrolling\" style=\"--awb-background-position:left top;--awb-background-repeat:repeat-y;--awb-border-radius-top-left:0px;--awb-border-radius-top-right:0px;--awb-border-radius-bottom-right:0px;--awb-border-radius-bottom-left:0px;--awb-flex-wrap:wrap;\" ><div class=\"fusion-builder-row fusion-row\"><div class=\"fusion-layout-column fusion_builder_column fusion-builder-column-0 fusion_builder_column_3_5 3_5 fusion-three-fifth fusion-column-first\" style=\"--awb-bg-size:cover;width:60%;width:calc(60% - ( ( 4% ) * 0.6 ) );margin-right: 4%;\"><div class=\"fusion-column-wrapper fusion-column-has-shadow fusion-flex-column-wrapper-legacy\"><div class=\"fusion-text fusion-text-1\"><h1>Programme de pr\u00eats-\u00e0-emporter \u00ab Saveur sur le pouce \u00bb<\/h1>\n<p>Bytown Catering se targue de la fra\u00eecheur et de la qualit\u00e9 de ses sandwiches. Un sandwich peut sembler un produit simple, mais lorsque les gens mangent un sandwich vraiment tr\u00e8s bon, ils en prennent note. C\u2019est l\u2019une des raisons pour lesquelles nous avons des clients qui continuent de commander chez nous tous les jours ou toutes les semaines depuis des ann\u00e9es pour leur lieu de travail.<\/p>\n<p>Nous nous sommes inspir\u00e9s des offres de buffets froids et de sandwiches populaires contenues dans nos services de traiteur, et nous nous en sommes servis pour cr\u00e9er notre propre ligne d\u2019articles pr\u00eats \u00e0 emporter. Notre programme \u00ab Saveur sur le pouce \u00bb comprend une vaste gamme d\u2019articles pr\u00eats \u00e0 emporter, incluant des sandwiches, des sandwiches d\u00e9jeuners, des salades, des coupes de l\u00e9gumes et de fruits, des parfaits ou yogourts, des bols prot\u00e9in\u00e9s et plus encore. Tous les produits sont frais du jour et pr\u00e9par\u00e9s dans une chambre froide climatis\u00e9e pour aider \u00e0 en assurer la fra\u00eecheur et la qualit\u00e9. En outre, tous les produits contiennent de g\u00e9n\u00e9reuses portions d\u2019ingr\u00e9dients de haute qualit\u00e9 \u2013 ils sont aussi bons qu\u2019ils le paraissent, ce qui en fait un des articles pr\u00eats \u00e0 emporter favoris pour bon nombre de nos clients.<\/p>\n<p>Notre programme de pr\u00eats \u00e0 emporter \u00ab Saveur sur le pouce \u00bb est offert dans nos caf\u00e9t\u00e9rias et est \u00e9galement offert \u00e0 d\u2019autres entreprises et organisations partout dans l\u2019est de l\u2019Ontario. La gamme de produits \u00ab Saveur sur le pouce \u00bb peut vous aider \u00e0 remplir la mission de vos programmes de services de restauration, y compris pour la vente au d\u00e9tail ou dans des points de restauration, dans le cadre d\u2019un programme de repas pour les employ\u00e9s, dans le cadre du programme de repas d\u2019une r\u00e9sidence ou d\u2019un \u00e9tablissement de soins de sant\u00e9, voire dans le cadre de l\u2019offre de services de restauration d\u2019un transporteur a\u00e9rien. Si votre programme de service de restauration comprend des articles du style pr\u00eats \u00e0 emporter, nous pouvons vous aider au moyen d\u2019une solution pr\u00eate \u00e0 l\u2019emploi.<\/p>\n<p>En plus de notre programme \u00ab Saveur sur le pouce \u00bb, nous pouvons \u00e9galement remplir le r\u00f4le de producteur tiers dans les coulisses. Nous avons l\u2019infrastructure, les processus et le personnel en place afin de vous aider \u00e0 satisfaire vos besoins de production quotidiens ou en p\u00e9riode de pointe.<\/p>\n<p>Si vous souhaitez en apprendre davantage \u00e0 propos de notre programme \u00ab Saveur sur le pouce \u00bb et de nos offres, \u00e9crivez-nous \u00e0 : <a href=\"mailto:sales@bytowncatering.com\">sales@bytowncatering.com<\/a>. Pour obtenir de plus amples renseignements sur nos services de vente en gros et de production tiers, <a href=\"https:\/\/bytowncatering.com\/fr\/vente-en-gros-et-conditionnement-a-forfait\/\">veuillez cliquer ici<\/a>.<\/p>\n<\/div><div class=\"fusion-clearfix\"><\/div><\/div><\/div><div class=\"fusion-layout-column fusion_builder_column fusion-builder-column-1 fusion_builder_column_2_5 2_5 fusion-two-fifth fusion-column-last\" style=\"--awb-bg-size:cover;width:40%;width:calc(40% - ( ( 4% ) * 0.4 ) );\"><div class=\"fusion-column-wrapper fusion-column-has-shadow fusion-flex-column-wrapper-legacy\"><div class=\"fusion-image-element in-legacy-container\" style=\"--awb-caption-title-font-family:var(--h2_typography-font-family);--awb-caption-title-font-weight:var(--h2_typography-font-weight);--awb-caption-title-font-style:var(--h2_typography-font-style);--awb-caption-title-size:var(--h2_typography-font-size);--awb-caption-title-transform:var(--h2_typography-text-transform);--awb-caption-title-line-height:var(--h2_typography-line-height);--awb-caption-title-letter-spacing:var(--h2_typography-letter-spacing);\"><span class=\" fusion-imageframe imageframe-none imageframe-1 hover-type-none\"><img decoding=\"async\" width=\"415\" height=\"217\" alt=\"Savour 2 Go\" title=\"SAVOUR-2GO_logo.cdr\" src=\"https:\/\/bytowncatering.com\/wp-content\/uploads\/2019\/10\/SAVOUR-2GO_logo.jpg\" class=\"img-responsive wp-image-1506\" srcset=\"https:\/\/bytowncatering.com\/fr\/wp-content\/uploads\/2019\/10\/SAVOUR-2GO_logo-200x105.jpg 200w, https:\/\/bytowncatering.com\/fr\/wp-content\/uploads\/2019\/10\/SAVOUR-2GO_logo-400x209.jpg 400w, https:\/\/bytowncatering.com\/fr\/wp-content\/uploads\/2019\/10\/SAVOUR-2GO_logo.jpg 415w\" sizes=\"(max-width: 800px) 100vw, 415px\" \/><\/span><\/div><div class=\"fusion-sep-clear\"><\/div><div class=\"fusion-separator fusion-full-width-sep\" style=\"margin-left: auto;margin-right: auto;margin-top:20px;margin-bottom:20px;width:100%;\"><\/div><div class=\"fusion-sep-clear\"><\/div><div class=\"fusion-image-element in-legacy-container\" style=\"--awb-caption-title-font-family:var(--h2_typography-font-family);--awb-caption-title-font-weight:var(--h2_typography-font-weight);--awb-caption-title-font-style:var(--h2_typography-font-style);--awb-caption-title-size:var(--h2_typography-font-size);--awb-caption-title-transform:var(--h2_typography-text-transform);--awb-caption-title-line-height:var(--h2_typography-line-height);--awb-caption-title-letter-spacing:var(--h2_typography-letter-spacing);\"><span class=\" fusion-imageframe imageframe-none imageframe-2 hover-type-none\"><img decoding=\"async\" width=\"400\" height=\"422\" alt=\"Savour 2 Go Sandwiches\" title=\"Savour-Sandwiches\" src=\"https:\/\/bytowncatering.com\/fr\/wp-content\/uploads\/2019\/11\/Savour-Sandwiches.jpg\" class=\"img-responsive wp-image-1997\" srcset=\"https:\/\/bytowncatering.com\/fr\/wp-content\/uploads\/2019\/11\/Savour-Sandwiches-200x211.jpg 200w, https:\/\/bytowncatering.com\/fr\/wp-content\/uploads\/2019\/11\/Savour-Sandwiches.jpg 400w\" sizes=\"(max-width: 800px) 100vw, 400px\" \/><\/span><\/div><div class=\"fusion-clearfix\"><\/div><\/div><\/div><\/div><\/div><div class=\"fusion-fullwidth fullwidth-box fusion-builder-row-2 nonhundred-percent-fullwidth non-hundred-percent-height-scrolling\" style=\"--awb-background-position:left center;--awb-border-radius-top-left:0px;--awb-border-radius-top-right:0px;--awb-border-radius-bottom-right:0px;--awb-border-radius-bottom-left:0px;--awb-flex-wrap:wrap;\" ><div class=\"fusion-builder-row fusion-row\"><div class=\"fusion-layout-column fusion_builder_column fusion-builder-column-2 fusion_builder_column_1_1 1_1 fusion-one-full fusion-column-first fusion-column-last\" style=\"--awb-bg-size:cover;\"><div class=\"fusion-column-wrapper fusion-column-has-shadow fusion-flex-column-wrapper-legacy\"><div class=\"fusion-column-content-centered\"><div class=\"fusion-column-content\"><div class=\"fusion-image-element fusion-image-align-center in-legacy-container\" style=\"text-align:center;--awb-caption-title-font-family:var(--h2_typography-font-family);--awb-caption-title-font-weight:var(--h2_typography-font-weight);--awb-caption-title-font-style:var(--h2_typography-font-style);--awb-caption-title-size:var(--h2_typography-font-size);--awb-caption-title-transform:var(--h2_typography-text-transform);--awb-caption-title-line-height:var(--h2_typography-line-height);--awb-caption-title-letter-spacing:var(--h2_typography-letter-spacing);\"><div class=\"imageframe-align-center\"><span class=\" fusion-imageframe imageframe-none imageframe-3 hover-type-none\"><img decoding=\"async\" width=\"680\" height=\"52\" alt=\"menu_seperator\" title=\"Bytown-Catering-seperator-icon\" src=\"https:\/\/bytowncatering.com\/wp-content\/uploads\/2019\/04\/Bytown-Catering-seperator-icon.png\" class=\"img-responsive wp-image-435\" srcset=\"https:\/\/bytowncatering.com\/fr\/wp-content\/uploads\/2019\/04\/Bytown-Catering-seperator-icon-200x15.png 200w, https:\/\/bytowncatering.com\/fr\/wp-content\/uploads\/2019\/04\/Bytown-Catering-seperator-icon-400x31.png 400w, https:\/\/bytowncatering.com\/fr\/wp-content\/uploads\/2019\/04\/Bytown-Catering-seperator-icon-600x46.png 600w, https:\/\/bytowncatering.com\/fr\/wp-content\/uploads\/2019\/04\/Bytown-Catering-seperator-icon.png 680w\" sizes=\"(max-width: 800px) 100vw, 680px\" \/><\/span><\/div><\/div><\/div><\/div><div class=\"fusion-clearfix\"><\/div><\/div><\/div><\/div><\/div><\/p>\n","protected":false},"excerpt":{"rendered":"","protected":false},"author":1,"featured_media":0,"parent":0,"menu_order":0,"comment_status":"closed","ping_status":"closed","template":"","meta":{"footnotes":""},"class_list":["post-1233","page","type-page","status-publish","hentry"],"yoast_head":"<!-- This site is optimized with the Yoast SEO plugin v27.0 - https:\/\/yoast.com\/product\/yoast-seo-wordpress\/ -->\n<title>Savour2Go Grab and Go Program | Traiteur Bytown<\/title>\n<meta name=\"robots\" content=\"index, follow, max-snippet:-1, max-image-preview:large, max-video-preview:-1\" \/>\n<link rel=\"canonical\" href=\"https:\/\/bytowncatering.com\/fr\/savour2go-grab-and-go-program\/\" \/>\n<meta property=\"og:locale\" content=\"en_US\" \/>\n<meta property=\"og:type\" content=\"article\" \/>\n<meta property=\"og:title\" content=\"Savour2Go Grab and Go Program | Traiteur Bytown\" \/>\n<meta property=\"og:url\" content=\"https:\/\/bytowncatering.com\/fr\/savour2go-grab-and-go-program\/\" \/>\n<meta property=\"og:site_name\" content=\"Traiteur Bytown\" \/>\n<meta property=\"article:publisher\" content=\"https:\/\/www.facebook.com\/BytownCatering\/\" \/>\n<meta property=\"article:modified_time\" content=\"2019-11-11T18:26:20+00:00\" \/>\n<meta name=\"twitter:card\" content=\"summary_large_image\" \/>\n<meta name=\"twitter:label1\" content=\"Est. reading time\" \/>\n\t<meta name=\"twitter:data1\" content=\"6 minutes\" \/>\n<script type=\"application\/ld+json\" class=\"yoast-schema-graph\">{\"@context\":\"https:\/\/schema.org\",\"@graph\":[{\"@type\":\"WebPage\",\"@id\":\"https:\/\/bytowncatering.com\/fr\/savour2go-grab-and-go-program\/\",\"url\":\"https:\/\/bytowncatering.com\/fr\/savour2go-grab-and-go-program\/\",\"name\":\"Savour2Go Grab and Go Program | Traiteur Bytown\",\"isPartOf\":{\"@id\":\"https:\/\/bytowncatering.com\/fr\/#website\"},\"datePublished\":\"2019-04-14T17:50:06+00:00\",\"dateModified\":\"2019-11-11T18:26:20+00:00\",\"breadcrumb\":{\"@id\":\"https:\/\/bytowncatering.com\/fr\/savour2go-grab-and-go-program\/#breadcrumb\"},\"inLanguage\":\"en-US\",\"potentialAction\":[{\"@type\":\"ReadAction\",\"target\":[\"https:\/\/bytowncatering.com\/fr\/savour2go-grab-and-go-program\/\"]}]},{\"@type\":\"BreadcrumbList\",\"@id\":\"https:\/\/bytowncatering.com\/fr\/savour2go-grab-and-go-program\/#breadcrumb\",\"itemListElement\":[{\"@type\":\"ListItem\",\"position\":1,\"name\":\"Home\",\"item\":\"https:\/\/bytowncatering.com\/fr\/\"},{\"@type\":\"ListItem\",\"position\":2,\"name\":\"Savour2Go Grab and Go Program\"}]},{\"@type\":\"WebSite\",\"@id\":\"https:\/\/bytowncatering.com\/fr\/#website\",\"url\":\"https:\/\/bytowncatering.com\/fr\/\",\"name\":\"Bytown Catering\",\"description\":\"Nous Livrons des Repas Plein de Saveur\",\"potentialAction\":[{\"@type\":\"SearchAction\",\"target\":{\"@type\":\"EntryPoint\",\"urlTemplate\":\"https:\/\/bytowncatering.com\/fr\/?s={search_term_string}\"},\"query-input\":{\"@type\":\"PropertyValueSpecification\",\"valueRequired\":true,\"valueName\":\"search_term_string\"}}],\"inLanguage\":\"en-US\"}]}<\/script>\n<!-- \/ Yoast SEO plugin. -->","yoast_head_json":{"title":"Savour2Go Grab and Go Program | Traiteur Bytown","robots":{"index":"index","follow":"follow","max-snippet":"max-snippet:-1","max-image-preview":"max-image-preview:large","max-video-preview":"max-video-preview:-1"},"canonical":"https:\/\/bytowncatering.com\/fr\/savour2go-grab-and-go-program\/","og_locale":"en_US","og_type":"article","og_title":"Savour2Go Grab and Go Program | Traiteur Bytown","og_url":"https:\/\/bytowncatering.com\/fr\/savour2go-grab-and-go-program\/","og_site_name":"Traiteur Bytown","article_publisher":"https:\/\/www.facebook.com\/BytownCatering\/","article_modified_time":"2019-11-11T18:26:20+00:00","twitter_card":"summary_large_image","twitter_misc":{"Est. reading time":"6 minutes"},"schema":{"@context":"https:\/\/schema.org","@graph":[{"@type":"WebPage","@id":"https:\/\/bytowncatering.com\/fr\/savour2go-grab-and-go-program\/","url":"https:\/\/bytowncatering.com\/fr\/savour2go-grab-and-go-program\/","name":"Savour2Go Grab and Go Program | Traiteur Bytown","isPartOf":{"@id":"https:\/\/bytowncatering.com\/fr\/#website"},"datePublished":"2019-04-14T17:50:06+00:00","dateModified":"2019-11-11T18:26:20+00:00","breadcrumb":{"@id":"https:\/\/bytowncatering.com\/fr\/savour2go-grab-and-go-program\/#breadcrumb"},"inLanguage":"en-US","potentialAction":[{"@type":"ReadAction","target":["https:\/\/bytowncatering.com\/fr\/savour2go-grab-and-go-program\/"]}]},{"@type":"BreadcrumbList","@id":"https:\/\/bytowncatering.com\/fr\/savour2go-grab-and-go-program\/#breadcrumb","itemListElement":[{"@type":"ListItem","position":1,"name":"Home","item":"https:\/\/bytowncatering.com\/fr\/"},{"@type":"ListItem","position":2,"name":"Savour2Go Grab and Go Program"}]},{"@type":"WebSite","@id":"https:\/\/bytowncatering.com\/fr\/#website","url":"https:\/\/bytowncatering.com\/fr\/","name":"Bytown Catering","description":"Nous Livrons des Repas Plein de Saveur","potentialAction":[{"@type":"SearchAction","target":{"@type":"EntryPoint","urlTemplate":"https:\/\/bytowncatering.com\/fr\/?s={search_term_string}"},"query-input":{"@type":"PropertyValueSpecification","valueRequired":true,"valueName":"search_term_string"}}],"inLanguage":"en-US"}]}},"_links":{"self":[{"href":"https:\/\/bytowncatering.com\/fr\/wp-json\/wp\/v2\/pages\/1233","targetHints":{"allow":["GET"]}}],"collection":[{"href":"https:\/\/bytowncatering.com\/fr\/wp-json\/wp\/v2\/pages"}],"about":[{"href":"https:\/\/bytowncatering.com\/fr\/wp-json\/wp\/v2\/types\/page"}],"author":[{"embeddable":true,"href":"https:\/\/bytowncatering.com\/fr\/wp-json\/wp\/v2\/users\/1"}],"replies":[{"embeddable":true,"href":"https:\/\/bytowncatering.com\/fr\/wp-json\/wp\/v2\/comments?post=1233"}],"version-history":[{"count":7,"href":"https:\/\/bytowncatering.com\/fr\/wp-json\/wp\/v2\/pages\/1233\/revisions"}],"predecessor-version":[{"id":2043,"href":"https:\/\/bytowncatering.com\/fr\/wp-json\/wp\/v2\/pages\/1233\/revisions\/2043"}],"wp:attachment":[{"href":"https:\/\/bytowncatering.com\/fr\/wp-json\/wp\/v2\/media?parent=1233"}],"curies":[{"name":"wp","href":"https:\/\/api.w.org\/{rel}","templated":true}]}}