{"id":1254,"date":"2019-04-14T14:17:02","date_gmt":"2019-04-14T18:17:02","guid":{"rendered":"http:\/\/canadashop150.com\/?page_id=1254"},"modified":"2019-11-09T19:04:01","modified_gmt":"2019-11-10T00:04:01","slug":"terrain-de-golf-pine-view","status":"publish","type":"page","link":"https:\/\/bytowncatering.com\/fr\/terrain-de-golf-pine-view\/","title":{"rendered":"Terrain de golf Pine View"},"content":{"rendered":"<p><div class=\"fusion-fullwidth fullwidth-box fusion-builder-row-1 nonhundred-percent-fullwidth non-hundred-percent-height-scrolling\" style=\"--awb-background-position:left top;--awb-background-repeat:repeat-y;--awb-border-radius-top-left:0px;--awb-border-radius-top-right:0px;--awb-border-radius-bottom-right:0px;--awb-border-radius-bottom-left:0px;--awb-flex-wrap:wrap;\" ><div class=\"fusion-builder-row fusion-row\"><div class=\"fusion-layout-column fusion_builder_column fusion-builder-column-0 fusion_builder_column_1_1 1_1 fusion-one-full fusion-column-first fusion-column-last\" style=\"--awb-bg-size:cover;\"><div class=\"fusion-column-wrapper fusion-column-has-shadow fusion-flex-column-wrapper-legacy\"><div class=\"fusion-text fusion-text-1\"><h1>Terrain de golf Pine View<\/h1>\n<p>Le terrain de golf Pine View est terrain de golf de 36 trous et constitue le lieu id\u00e9al pour votre mariage, banquet, tournoi de golf, r\u00e9union et vos autres besoins en mati\u00e8re d\u2019\u00e9v\u00e9nement. Son emplacement au centre d\u2019Ottawa comprend un grand stationnement gratuit et offre un acc\u00e8s facile aux autoroutes importantes vers l\u2019est, l\u2019ouest et le sud. Profitez de l\u2019arri\u00e8re-plan naturel du terrain de golf aux allures de parc, nich\u00e9 dans la Ceinture de verdure \u00e0 moins de 10 minutes du centre-ville. En outre, le coordonnateur des \u00e9v\u00e9nements du terrain de golf Pine View vous accordera l\u2019attention personnelle et l\u2019attention aux d\u00e9tails \u00e0 la hauteur de votre \u00e9v\u00e9nement.<\/p>\n<p>Pine View vous offre une gamme d\u2019espaces int\u00e9rieurs et ext\u00e9rieurs pour votre \u00e9v\u00e9nement et peut accueillir des groupes de moins de 12 personnes jusqu\u2019\u00e0 plus de 200.<\/p>\n<p>Pour de plus amples renseignements sur le terrain de golf Pine View et ses installations, veuillez visiter son site Web au\u00a0 <a href=\"https:\/\/www.pineview.com\/\" target=\"_blank\" rel=\"noopener noreferrer\">Pineview Golf Course<\/a>.<\/p>\n<p>Les Traiteurs Bytown Catering est le traiteur exclusif du terrain de golf Pine View depuis 2014. Les clients de Pine View peuvent choisir n\u2019importe quelle option de notre menu du traiteur pour leur \u00e9v\u00e9nement.<\/p>\n<\/div><div class=\"fusion-clearfix\"><\/div><\/div><\/div><\/div><\/div><div class=\"fusion-fullwidth fullwidth-box fusion-builder-row-2 nonhundred-percent-fullwidth non-hundred-percent-height-scrolling\" style=\"--awb-background-position:left center;--awb-border-radius-top-left:0px;--awb-border-radius-top-right:0px;--awb-border-radius-bottom-right:0px;--awb-border-radius-bottom-left:0px;--awb-flex-wrap:wrap;\" ><div class=\"fusion-builder-row fusion-row\"><div class=\"fusion-layout-column fusion_builder_column fusion-builder-column-1 fusion_builder_column_1_1 1_1 fusion-one-full fusion-column-first fusion-column-last\" style=\"--awb-bg-size:cover;\"><div class=\"fusion-column-wrapper fusion-column-has-shadow fusion-flex-column-wrapper-legacy\"><div class=\"fusion-column-content-centered\"><div class=\"fusion-column-content\"><div class=\"fusion-image-element fusion-image-align-center in-legacy-container\" style=\"text-align:center;--awb-caption-title-font-family:var(--h2_typography-font-family);--awb-caption-title-font-weight:var(--h2_typography-font-weight);--awb-caption-title-font-style:var(--h2_typography-font-style);--awb-caption-title-size:var(--h2_typography-font-size);--awb-caption-title-transform:var(--h2_typography-text-transform);--awb-caption-title-line-height:var(--h2_typography-line-height);--awb-caption-title-letter-spacing:var(--h2_typography-letter-spacing);\"><div class=\"imageframe-align-center\"><span class=\" fusion-imageframe imageframe-none imageframe-1 hover-type-none\"><img decoding=\"async\" width=\"680\" height=\"52\" alt=\"menu_seperator\" title=\"Bytown-Catering-seperator-icon\" src=\"https:\/\/bytowncatering.com\/wp-content\/uploads\/2019\/04\/Bytown-Catering-seperator-icon.png\" class=\"img-responsive wp-image-435\" srcset=\"https:\/\/bytowncatering.com\/fr\/wp-content\/uploads\/2019\/04\/Bytown-Catering-seperator-icon-200x15.png 200w, https:\/\/bytowncatering.com\/fr\/wp-content\/uploads\/2019\/04\/Bytown-Catering-seperator-icon-400x31.png 400w, https:\/\/bytowncatering.com\/fr\/wp-content\/uploads\/2019\/04\/Bytown-Catering-seperator-icon-600x46.png 600w, https:\/\/bytowncatering.com\/fr\/wp-content\/uploads\/2019\/04\/Bytown-Catering-seperator-icon.png 680w\" sizes=\"(max-width: 800px) 100vw, 680px\" \/><\/span><\/div><\/div><\/div><\/div><div class=\"fusion-clearfix\"><\/div><\/div><\/div><\/div><\/div><\/p>\n","protected":false},"excerpt":{"rendered":"","protected":false},"author":1,"featured_media":0,"parent":0,"menu_order":0,"comment_status":"closed","ping_status":"closed","template":"","meta":{"footnotes":""},"class_list":["post-1254","page","type-page","status-publish","hentry"],"yoast_head":"<!-- This site is optimized with the Yoast SEO plugin v27.0 - https:\/\/yoast.com\/product\/yoast-seo-wordpress\/ -->\n<title>Terrain de golf Pine View | Traiteur Bytown<\/title>\n<meta name=\"robots\" content=\"index, follow, max-snippet:-1, max-image-preview:large, max-video-preview:-1\" \/>\n<link rel=\"canonical\" href=\"https:\/\/bytowncatering.com\/fr\/terrain-de-golf-pine-view\/\" \/>\n<meta property=\"og:locale\" content=\"en_US\" \/>\n<meta property=\"og:type\" content=\"article\" \/>\n<meta property=\"og:title\" content=\"Terrain de golf Pine View | Traiteur Bytown\" \/>\n<meta property=\"og:url\" content=\"https:\/\/bytowncatering.com\/fr\/terrain-de-golf-pine-view\/\" \/>\n<meta property=\"og:site_name\" content=\"Traiteur Bytown\" \/>\n<meta property=\"article:publisher\" content=\"https:\/\/www.facebook.com\/BytownCatering\/\" \/>\n<meta property=\"article:modified_time\" content=\"2019-11-10T00:04:01+00:00\" \/>\n<meta name=\"twitter:card\" content=\"summary_large_image\" \/>\n<meta name=\"twitter:label1\" content=\"Est. reading time\" \/>\n\t<meta name=\"twitter:data1\" content=\"4 minutes\" \/>\n<script type=\"application\/ld+json\" class=\"yoast-schema-graph\">{\"@context\":\"https:\/\/schema.org\",\"@graph\":[{\"@type\":\"WebPage\",\"@id\":\"https:\/\/bytowncatering.com\/fr\/terrain-de-golf-pine-view\/\",\"url\":\"https:\/\/bytowncatering.com\/fr\/terrain-de-golf-pine-view\/\",\"name\":\"Terrain de golf Pine View | Traiteur Bytown\",\"isPartOf\":{\"@id\":\"https:\/\/bytowncatering.com\/fr\/#website\"},\"datePublished\":\"2019-04-14T18:17:02+00:00\",\"dateModified\":\"2019-11-10T00:04:01+00:00\",\"breadcrumb\":{\"@id\":\"https:\/\/bytowncatering.com\/fr\/terrain-de-golf-pine-view\/#breadcrumb\"},\"inLanguage\":\"en-US\",\"potentialAction\":[{\"@type\":\"ReadAction\",\"target\":[\"https:\/\/bytowncatering.com\/fr\/terrain-de-golf-pine-view\/\"]}]},{\"@type\":\"BreadcrumbList\",\"@id\":\"https:\/\/bytowncatering.com\/fr\/terrain-de-golf-pine-view\/#breadcrumb\",\"itemListElement\":[{\"@type\":\"ListItem\",\"position\":1,\"name\":\"Home\",\"item\":\"https:\/\/bytowncatering.com\/fr\/\"},{\"@type\":\"ListItem\",\"position\":2,\"name\":\"Terrain de golf Pine View\"}]},{\"@type\":\"WebSite\",\"@id\":\"https:\/\/bytowncatering.com\/fr\/#website\",\"url\":\"https:\/\/bytowncatering.com\/fr\/\",\"name\":\"Bytown Catering\",\"description\":\"Nous Livrons des Repas Plein de Saveur\",\"potentialAction\":[{\"@type\":\"SearchAction\",\"target\":{\"@type\":\"EntryPoint\",\"urlTemplate\":\"https:\/\/bytowncatering.com\/fr\/?s={search_term_string}\"},\"query-input\":{\"@type\":\"PropertyValueSpecification\",\"valueRequired\":true,\"valueName\":\"search_term_string\"}}],\"inLanguage\":\"en-US\"}]}<\/script>\n<!-- \/ Yoast SEO plugin. -->","yoast_head_json":{"title":"Terrain de golf Pine View | Traiteur Bytown","robots":{"index":"index","follow":"follow","max-snippet":"max-snippet:-1","max-image-preview":"max-image-preview:large","max-video-preview":"max-video-preview:-1"},"canonical":"https:\/\/bytowncatering.com\/fr\/terrain-de-golf-pine-view\/","og_locale":"en_US","og_type":"article","og_title":"Terrain de golf Pine View | Traiteur Bytown","og_url":"https:\/\/bytowncatering.com\/fr\/terrain-de-golf-pine-view\/","og_site_name":"Traiteur Bytown","article_publisher":"https:\/\/www.facebook.com\/BytownCatering\/","article_modified_time":"2019-11-10T00:04:01+00:00","twitter_card":"summary_large_image","twitter_misc":{"Est. reading time":"4 minutes"},"schema":{"@context":"https:\/\/schema.org","@graph":[{"@type":"WebPage","@id":"https:\/\/bytowncatering.com\/fr\/terrain-de-golf-pine-view\/","url":"https:\/\/bytowncatering.com\/fr\/terrain-de-golf-pine-view\/","name":"Terrain de golf Pine View | Traiteur Bytown","isPartOf":{"@id":"https:\/\/bytowncatering.com\/fr\/#website"},"datePublished":"2019-04-14T18:17:02+00:00","dateModified":"2019-11-10T00:04:01+00:00","breadcrumb":{"@id":"https:\/\/bytowncatering.com\/fr\/terrain-de-golf-pine-view\/#breadcrumb"},"inLanguage":"en-US","potentialAction":[{"@type":"ReadAction","target":["https:\/\/bytowncatering.com\/fr\/terrain-de-golf-pine-view\/"]}]},{"@type":"BreadcrumbList","@id":"https:\/\/bytowncatering.com\/fr\/terrain-de-golf-pine-view\/#breadcrumb","itemListElement":[{"@type":"ListItem","position":1,"name":"Home","item":"https:\/\/bytowncatering.com\/fr\/"},{"@type":"ListItem","position":2,"name":"Terrain de golf Pine View"}]},{"@type":"WebSite","@id":"https:\/\/bytowncatering.com\/fr\/#website","url":"https:\/\/bytowncatering.com\/fr\/","name":"Bytown Catering","description":"Nous Livrons des Repas Plein de Saveur","potentialAction":[{"@type":"SearchAction","target":{"@type":"EntryPoint","urlTemplate":"https:\/\/bytowncatering.com\/fr\/?s={search_term_string}"},"query-input":{"@type":"PropertyValueSpecification","valueRequired":true,"valueName":"search_term_string"}}],"inLanguage":"en-US"}]}},"_links":{"self":[{"href":"https:\/\/bytowncatering.com\/fr\/wp-json\/wp\/v2\/pages\/1254","targetHints":{"allow":["GET"]}}],"collection":[{"href":"https:\/\/bytowncatering.com\/fr\/wp-json\/wp\/v2\/pages"}],"about":[{"href":"https:\/\/bytowncatering.com\/fr\/wp-json\/wp\/v2\/types\/page"}],"author":[{"embeddable":true,"href":"https:\/\/bytowncatering.com\/fr\/wp-json\/wp\/v2\/users\/1"}],"replies":[{"embeddable":true,"href":"https:\/\/bytowncatering.com\/fr\/wp-json\/wp\/v2\/comments?post=1254"}],"version-history":[{"count":8,"href":"https:\/\/bytowncatering.com\/fr\/wp-json\/wp\/v2\/pages\/1254\/revisions"}],"predecessor-version":[{"id":1930,"href":"https:\/\/bytowncatering.com\/fr\/wp-json\/wp\/v2\/pages\/1254\/revisions\/1930"}],"wp:attachment":[{"href":"https:\/\/bytowncatering.com\/fr\/wp-json\/wp\/v2\/media?parent=1254"}],"curies":[{"name":"wp","href":"https:\/\/api.w.org\/{rel}","templated":true}]}}