{"id":1256,"date":"2019-04-14T14:17:24","date_gmt":"2019-04-14T18:17:24","guid":{"rendered":"http:\/\/canadashop150.com\/?page_id=1256"},"modified":"2019-11-11T12:22:59","modified_gmt":"2019-11-11T17:22:59","slug":"fort-henry-kingston","status":"publish","type":"page","link":"https:\/\/bytowncatering.com\/fr\/fort-henry-kingston\/","title":{"rendered":"Fort Henry (Kingston)"},"content":{"rendered":"<p><div class=\"fusion-fullwidth fullwidth-box fusion-builder-row-1 nonhundred-percent-fullwidth non-hundred-percent-height-scrolling\" style=\"--awb-background-position:left top;--awb-background-repeat:repeat-y;--awb-border-radius-top-left:0px;--awb-border-radius-top-right:0px;--awb-border-radius-bottom-right:0px;--awb-border-radius-bottom-left:0px;--awb-flex-wrap:wrap;\" ><div class=\"fusion-builder-row fusion-row\"><div class=\"fusion-layout-column fusion_builder_column fusion-builder-column-0 fusion_builder_column_1_1 1_1 fusion-one-full fusion-column-first fusion-column-last\" style=\"--awb-bg-size:cover;\"><div class=\"fusion-column-wrapper fusion-column-has-shadow fusion-flex-column-wrapper-legacy\"><div class=\"fusion-text fusion-text-1\"><h1>Fort Henry (Kingston)<\/h1>\n<p>Au sommet de la colline sur la p\u00e9ninsule Pointe Henry, le Fort prot\u00e9geait \u00e0 la fois l\u2019arsenal maritime de Point Frederick, l\u2019entr\u00e9e du canal Rideau et la ville de Kingston, qui \u00e9tait alors le plus important centre de transbordement sur la voie maritime entre Montr\u00e9al ou Ottawa et toutes les villes plus \u00e0 l\u2019Ouest. Depuis cette \u00e9poque, il a fait l\u2019objet de changements, de r\u00e9parations et de reconstructions. Aujourd\u2019hui, le Fort Henry assume toujours son r\u00f4le de mus\u00e9e et lieu historique pour les r\u00e9sidents de Kingston et des visiteurs du monde entier. Une fois \u00e0 l\u2019int\u00e9rieur de son enceinte, les visiteurs sont transport\u00e9s au c\u0153ur de la vie militaire au XIXe si\u00e8cle, o\u00f9 ils pourront suivre des visites guid\u00e9es, admirer les alentours pittoresques depuis les remparts, assister \u00e0 de fantastiques spectacles musicaux et \u00e0 de merveilleux exercices militaires ex\u00e9cut\u00e9s par la Garde du Fort Henry. Pour plus de renseignements \u00e0 propos de Fort Henry, visitez son site Web au <a href=\"https:\/\/www.fr.forthenry.com\/\" target=\"_blank\" rel=\"noopener noreferrer\">Old Fort Henry<\/a><\/p>\n<p>Les Traiteurs Bytown Catering est le fournisseur de services de restauration exclusif du Fort, offrant des services de traiteurs et exploitant quatre points de restauration :<\/p>\n<ul>\n<li>Battery Bistro \u2013 Un restaurant avec service aux tables complet sur la plus grande terrasse ext\u00e9rieure de Kingston.<\/li>\n<li>Restaurant de la garnison \u2013 Repas gastronomique ainsi que trois salles de r\u00e9ception.<\/li>\n<li>Soldier&#8217;s Canteen \u2013 Restauration rapide et option plus abordable.<\/li>\n<li>Queues de Castor \u2014 un incontournable \u2014 des p\u00e2tisseries canadiennes de bl\u00e9 entier et irr\u00e9sistiblement d\u00e9licieuses.<\/li>\n<\/ul>\n<p>Des d\u00e9tails suppl\u00e9mentaires sont pr\u00e9sent\u00e9s ci-dessous. Si vous avez des questions, y compris des demandes de renseignements sur les services de traiteurs ou pour faire des r\u00e9servations, veuillez composer le <strong>613-542-7388 poste 4208<\/strong><\/p>\n<\/div><div class=\"fusion-clearfix\"><\/div><\/div><\/div><\/div><\/div><div class=\"fusion-fullwidth fullwidth-box fusion-builder-row-2 nonhundred-percent-fullwidth non-hundred-percent-height-scrolling\" style=\"--awb-background-position:left top;--awb-background-repeat:repeat-y;--awb-border-radius-top-left:0px;--awb-border-radius-top-right:0px;--awb-border-radius-bottom-right:0px;--awb-border-radius-bottom-left:0px;--awb-flex-wrap:wrap;\" ><div class=\"fusion-builder-row fusion-row\"><div class=\"fusion-layout-column fusion_builder_column fusion-builder-column-1 fusion_builder_column_1_2 1_2 fusion-one-half fusion-column-first\" style=\"--awb-bg-size:cover;width:50%;width:calc(50% - ( ( 4% ) * 0.5 ) );margin-right: 4%;\"><div class=\"fusion-column-wrapper fusion-column-has-shadow fusion-flex-column-wrapper-legacy\"><div class=\"fusion-text fusion-text-2\"><p><strong>Location des installations et services de traiteur au Upper Canada Village<\/strong><br \/>\nFort Henry est l\u2019endroit id\u00e9al pour votre mariage. Notre cadre exceptionnel apportera une touche de distinction \u00e0 cette journ\u00e9e sp\u00e9ciale pour vous-m\u00eame et pour vos invit\u00e9s. Vous en conserverez un souvenir inoubliable votre vie durant, et votre mariage restera grav\u00e9 dans la m\u00e9moire de vos invit\u00e9s pendant de nombreuses ann\u00e9es.<\/p>\n<p>D\u2019autres parties du Fort sont offertes comme lieux pour vos \u00e9v\u00e9nements sp\u00e9ciaux, banquets, r\u00e9unions et plus encore, comme la possibilit\u00e9 de consacrer une de nos c\u00e9r\u00e9monies du cr\u00e9puscule \u00e0 votre entreprise. En outre, la Grande Salle, avec ses hauts plafonds, sa terrasse ext\u00e9rieure et sa vue impressionnante, enchantera vos invit\u00e9s et offrira le d\u00e9cor parfait pour votre \u00e9v\u00e9nement.<\/p>\n<p>Pour obtenir des d\u00e9tails sur la location des installations au Fort Henry, veuillez consulter le <a href=\"https:\/\/www.fr.forthenry.com\/location-des-installations\/https:\/\/www.forthenry.com\/facility-rental\/\" target=\"_blank\" rel=\"noopener noreferrer\">Fort Henry Information<\/a>. Pour les demandes de renseignements et les propositions de prix concernant les services de restauration, veuillez nous \u00e9crire au <a href=\"mailto:sales@bytowncatering.com\" target=\"_blank\" rel=\"noopener noreferrer\">sales@bytowncatering.com<\/a>.<\/p>\n<\/div><div class=\"fusion-clearfix\"><\/div><\/div><\/div><div class=\"fusion-layout-column fusion_builder_column fusion-builder-column-2 fusion_builder_column_1_2 1_2 fusion-one-half fusion-column-last\" style=\"--awb-bg-size:cover;width:50%;width:calc(50% - ( ( 4% ) * 0.5 ) );\"><div class=\"fusion-column-wrapper fusion-column-has-shadow fusion-flex-column-wrapper-legacy\"><div class=\"fusion-image-element in-legacy-container\" style=\"--awb-caption-title-font-family:var(--h2_typography-font-family);--awb-caption-title-font-weight:var(--h2_typography-font-weight);--awb-caption-title-font-style:var(--h2_typography-font-style);--awb-caption-title-size:var(--h2_typography-font-size);--awb-caption-title-transform:var(--h2_typography-text-transform);--awb-caption-title-line-height:var(--h2_typography-line-height);--awb-caption-title-letter-spacing:var(--h2_typography-letter-spacing);\"><span class=\" fusion-imageframe imageframe-none imageframe-1 hover-type-none\"><img decoding=\"async\" width=\"500\" height=\"375\" alt=\"Fort Henry Great Hall\" title=\"Fort-Henry-Great-Hall\" src=\"https:\/\/bytowncatering.com\/fr\/wp-content\/uploads\/2019\/11\/Fort-Henry-Great-Hall.jpg\" class=\"img-responsive wp-image-2021\" srcset=\"https:\/\/bytowncatering.com\/fr\/wp-content\/uploads\/2019\/11\/Fort-Henry-Great-Hall-200x150.jpg 200w, https:\/\/bytowncatering.com\/fr\/wp-content\/uploads\/2019\/11\/Fort-Henry-Great-Hall-400x300.jpg 400w, https:\/\/bytowncatering.com\/fr\/wp-content\/uploads\/2019\/11\/Fort-Henry-Great-Hall.jpg 500w\" sizes=\"(max-width: 800px) 100vw, 500px\" \/><\/span><\/div><div class=\"fusion-clearfix\"><\/div><\/div><\/div><\/div><\/div><div class=\"fusion-fullwidth fullwidth-box fusion-builder-row-3 nonhundred-percent-fullwidth non-hundred-percent-height-scrolling\" style=\"--awb-background-position:left top;--awb-background-repeat:repeat-y;--awb-border-radius-top-left:0px;--awb-border-radius-top-right:0px;--awb-border-radius-bottom-right:0px;--awb-border-radius-bottom-left:0px;--awb-flex-wrap:wrap;\" ><div class=\"fusion-builder-row fusion-row\"><div class=\"fusion-layout-column fusion_builder_column fusion-builder-column-3 fusion_builder_column_1_1 1_1 fusion-one-full fusion-column-first fusion-column-last\" style=\"--awb-bg-size:cover;\"><div class=\"fusion-column-wrapper fusion-column-has-shadow fusion-flex-column-wrapper-legacy\"><div class=\"fusion-text fusion-text-3\"><p><strong>Battery Bistro<\/strong><br \/>\nFort Henry offre une exp\u00e9rience culinaire exclusive sur la plus grande terrasse ext\u00e9rieure de Kingston. Si la m\u00e9t\u00e9o le permet, les invit\u00e9s peuvent d\u00eener et prendre un verre sur la terrasse ext\u00e9rieure, sur la pointe de la batterie avanc\u00e9e. Surplombant le lac Ontario, le Coll\u00e8ge militaire royal et la ville de Kingston, elle offre une vue \u00e0 couper le souffle.<\/p>\n<p>Pour r\u00e9server, veuillez composer le <strong>613-542-7388 poste 4208.<\/strong> Nous acceptons les r\u00e9servations de groupe.<\/p>\n<p>Pour visualiser le menu du Battery Bistro pr\u00e9par\u00e9 exclusivement par Les Traiteurs Bytown Catering, cliquez sur le lien ci-dessous<\/p>\n<p><a href=\"https:\/\/bytowncatering.com\/fr\/wp-content\/uploads\/2019\/11\/BatteryBistro-Menu-FR-070819-web.pdf\" target=\"_blank\" rel=\"noopener noreferrer\"><strong>\u2022 VISUALISER LE MENU DU BATTERY BISTRO<\/strong><\/a><\/p>\n<p>Pour des renseignements suppl\u00e9mentaires, incluant les heures d\u2019ouverture pendant la p\u00e9riode d\u2019exploitation r\u00e9guli\u00e8re (de mai \u00e0 septembre), rendez-vous au <a href=\"https:\/\/www.fr.forthenry.com\/restauration-et-magasinage\/restaurants-du-fort\/\" target=\"_blank\" rel=\"noopener noreferrer\">Fort Henry Information Services<\/a>. Veuillez \u00e9galement v\u00e9rifier nos offres pour les soir\u00e9es sp\u00e9ciales pendant les c\u00e9r\u00e9monies du cr\u00e9puscule ou nos offres saisonni\u00e8res lors de Fort de la peur et de Lumina Borealis.<\/p>\n<p><strong>Restaurant de la garnison<\/strong><br \/>\nLe Restaurant de la garnison offre des repas gastronomiques pendant une p\u00e9riode d\u2019exploitation r\u00e9guli\u00e8re qui s\u2019\u00e9tend de mai \u00e0 septembre tous les ans, ainsi qu\u2019\u00e0 la demande des clients pendant la saison morte. Trois des salles sont interconnect\u00e9es, offrant une capacit\u00e9 de 168 places assises ou de 250 convives debout pour une r\u00e9ception.<\/p>\n<p>Pour des renseignements suppl\u00e9mentaires, incluant les heures d\u2019ouverture pendant la p\u00e9riode d\u2019exploitation r\u00e9guli\u00e8re, rendez-vous au <a href=\"https:\/\/www.fr.forthenry.com\/restauration-et-magasinage\/restaurants-du-fort\/\" target=\"_blank\" rel=\"noopener noreferrer\">Fort Henry Information Services<\/a><\/p>\n<p>Pour visualiser le menu du Restaurant de la garnison pr\u00e9par\u00e9 exclusivement par Les Traiteurs Bytown Catering, cliquez sur le lien ci-dessous :<\/p>\n<p><strong>VISUALISER LE MENU DU RESTAURANT DE LA GARNISON<\/strong><\/p>\n<p>Pour r\u00e9server, veuillez composer le <strong>613-542-7388 poste 4208.<\/strong><\/p>\n<p><strong>Soldier&#8217;s Canteen<\/strong><br \/>\nLa Soldier\u2019s Canteen est une option de restauration rapide et abordable offerte aux visiteurs de passage et aux groupes ayant r\u00e9serv\u00e9 pendant la p\u00e9riode d\u2019exploitation, de mai \u00e0 septembre, tous les ans.<\/p>\n<p>Pour des renseignements suppl\u00e9mentaires, incluant les heures d\u2019ouverture pendant la p\u00e9riode d\u2019exploitation r\u00e9guli\u00e8re, rendez-vous au <a href=\"https:\/\/www.fr.forthenry.com\/restauration-et-magasinage\/restaurants-du-fort\/\" target=\"_blank\" rel=\"noopener noreferrer\">Fort Henry Information Services<\/a><\/p>\n<p>Pour effectuer une r\u00e9servation pour votre groupe, veuillez composer le <strong>613-542-7388, poste 4208.<\/strong><\/p>\n<\/div><div class=\"fusion-clearfix\"><\/div><\/div><\/div><\/div><\/div><div class=\"fusion-fullwidth fullwidth-box fusion-builder-row-4 nonhundred-percent-fullwidth non-hundred-percent-height-scrolling\" style=\"--awb-background-position:left top;--awb-background-repeat:repeat-y;--awb-border-radius-top-left:0px;--awb-border-radius-top-right:0px;--awb-border-radius-bottom-right:0px;--awb-border-radius-bottom-left:0px;--awb-flex-wrap:wrap;\" ><div class=\"fusion-builder-row fusion-row\"><div class=\"fusion-layout-column fusion_builder_column fusion-builder-column-4 fusion_builder_column_1_2 1_2 fusion-one-half fusion-column-first\" style=\"--awb-bg-size:cover;width:50%;width:calc(50% - ( ( 4% ) * 0.5 ) );margin-right: 4%;\"><div class=\"fusion-column-wrapper fusion-column-has-shadow fusion-flex-column-wrapper-legacy\"><div class=\"fusion-text fusion-text-4\"><p><strong>Queues de Castor<\/strong><br \/>\nQueues de Castor est vraiment unique en son genre. Des p\u00e2tisseries canadiennes artisanales et irr\u00e9sistiblement d\u00e9licieuses avec lesquelles vous partagerez des moments pr\u00e9cieux et cr\u00e9erez des souvenirs inoubliables. Avec des possibilit\u00e9s infinies de m\u00e9langes de saveurs, nous vous promettons une exp\u00e9rience que vous n\u2019oublierez jamais. Fournisseur embl\u00e9matique de plaisirs depuis 1978.<\/p>\n<p>Pour des renseignements suppl\u00e9mentaires, incluant les heures d\u2019ouverture pendant la p\u00e9riode d\u2019exploitation r\u00e9guli\u00e8re (de mai \u00e0 septembre), rendez-vous au \u00a0<a href=\"https:\/\/www.fr.forthenry.com\/restauration-et-magasinage\/restaurants-du-fort\/\" target=\"_blank\" rel=\"noopener noreferrer\">Fort Henry Information Services<\/a><\/p>\n<\/div><div class=\"fusion-clearfix\"><\/div><\/div><\/div><div class=\"fusion-layout-column fusion_builder_column fusion-builder-column-5 fusion_builder_column_1_2 1_2 fusion-one-half fusion-column-last\" style=\"--awb-bg-size:cover;width:50%;width:calc(50% - ( ( 4% ) * 0.5 ) );\"><div class=\"fusion-column-wrapper fusion-column-has-shadow fusion-flex-column-wrapper-legacy\"><div class=\"fusion-image-element in-legacy-container\" style=\"--awb-caption-title-font-family:var(--h2_typography-font-family);--awb-caption-title-font-weight:var(--h2_typography-font-weight);--awb-caption-title-font-style:var(--h2_typography-font-style);--awb-caption-title-size:var(--h2_typography-font-size);--awb-caption-title-transform:var(--h2_typography-text-transform);--awb-caption-title-line-height:var(--h2_typography-line-height);--awb-caption-title-letter-spacing:var(--h2_typography-letter-spacing);\"><span class=\" fusion-imageframe imageframe-none imageframe-2 hover-type-none\"><img decoding=\"async\" width=\"380\" height=\"570\" alt=\"Fort Henry Beaver Tails\" title=\"Fort-Henry-BeaverTails\" src=\"https:\/\/bytowncatering.com\/fr\/wp-content\/uploads\/2019\/11\/Fort-Henry-BeaverTails.jpg\" class=\"img-responsive wp-image-1988\" srcset=\"https:\/\/bytowncatering.com\/fr\/wp-content\/uploads\/2019\/11\/Fort-Henry-BeaverTails-200x300.jpg 200w, https:\/\/bytowncatering.com\/fr\/wp-content\/uploads\/2019\/11\/Fort-Henry-BeaverTails.jpg 380w\" sizes=\"(max-width: 800px) 100vw, 380px\" \/><\/span><\/div><div class=\"fusion-clearfix\"><\/div><\/div><\/div><\/div><\/div><div class=\"fusion-fullwidth fullwidth-box fusion-builder-row-5 nonhundred-percent-fullwidth non-hundred-percent-height-scrolling\" style=\"--awb-background-position:left center;--awb-border-radius-top-left:0px;--awb-border-radius-top-right:0px;--awb-border-radius-bottom-right:0px;--awb-border-radius-bottom-left:0px;--awb-flex-wrap:wrap;\" ><div class=\"fusion-builder-row fusion-row\"><div class=\"fusion-layout-column fusion_builder_column fusion-builder-column-6 fusion_builder_column_1_1 1_1 fusion-one-full fusion-column-first fusion-column-last\" style=\"--awb-bg-size:cover;\"><div class=\"fusion-column-wrapper fusion-column-has-shadow fusion-flex-column-wrapper-legacy\"><div class=\"fusion-column-content-centered\"><div class=\"fusion-column-content\"><div class=\"fusion-image-element fusion-image-align-center in-legacy-container\" style=\"text-align:center;--awb-caption-title-font-family:var(--h2_typography-font-family);--awb-caption-title-font-weight:var(--h2_typography-font-weight);--awb-caption-title-font-style:var(--h2_typography-font-style);--awb-caption-title-size:var(--h2_typography-font-size);--awb-caption-title-transform:var(--h2_typography-text-transform);--awb-caption-title-line-height:var(--h2_typography-line-height);--awb-caption-title-letter-spacing:var(--h2_typography-letter-spacing);\"><div class=\"imageframe-align-center\"><span class=\" fusion-imageframe imageframe-none imageframe-3 hover-type-none\"><img decoding=\"async\" width=\"680\" height=\"52\" alt=\"menu_seperator\" title=\"Bytown-Catering-seperator-icon\" src=\"https:\/\/bytowncatering.com\/wp-content\/uploads\/2019\/04\/Bytown-Catering-seperator-icon.png\" class=\"img-responsive wp-image-435\" srcset=\"https:\/\/bytowncatering.com\/fr\/wp-content\/uploads\/2019\/04\/Bytown-Catering-seperator-icon-200x15.png 200w, https:\/\/bytowncatering.com\/fr\/wp-content\/uploads\/2019\/04\/Bytown-Catering-seperator-icon-400x31.png 400w, https:\/\/bytowncatering.com\/fr\/wp-content\/uploads\/2019\/04\/Bytown-Catering-seperator-icon-600x46.png 600w, https:\/\/bytowncatering.com\/fr\/wp-content\/uploads\/2019\/04\/Bytown-Catering-seperator-icon.png 680w\" sizes=\"(max-width: 800px) 100vw, 680px\" \/><\/span><\/div><\/div><\/div><\/div><div class=\"fusion-clearfix\"><\/div><\/div><\/div><\/div><\/div><\/p>\n","protected":false},"excerpt":{"rendered":"","protected":false},"author":1,"featured_media":0,"parent":0,"menu_order":0,"comment_status":"closed","ping_status":"closed","template":"","meta":{"footnotes":""},"class_list":["post-1256","page","type-page","status-publish","hentry"],"yoast_head":"<!-- This site is optimized with the Yoast SEO plugin v27.0 - https:\/\/yoast.com\/product\/yoast-seo-wordpress\/ -->\n<title>Fort Henry (Kingston) | Traiteur Bytown<\/title>\n<meta name=\"robots\" content=\"index, follow, max-snippet:-1, max-image-preview:large, max-video-preview:-1\" \/>\n<link rel=\"canonical\" href=\"https:\/\/bytowncatering.com\/fr\/fort-henry-kingston\/\" \/>\n<meta property=\"og:locale\" content=\"en_US\" \/>\n<meta property=\"og:type\" content=\"article\" \/>\n<meta property=\"og:title\" content=\"Fort Henry (Kingston) | Traiteur Bytown\" \/>\n<meta property=\"og:url\" content=\"https:\/\/bytowncatering.com\/fr\/fort-henry-kingston\/\" \/>\n<meta property=\"og:site_name\" content=\"Traiteur Bytown\" \/>\n<meta property=\"article:publisher\" content=\"https:\/\/www.facebook.com\/BytownCatering\/\" \/>\n<meta property=\"article:modified_time\" content=\"2019-11-11T17:22:59+00:00\" \/>\n<meta name=\"twitter:card\" content=\"summary_large_image\" \/>\n<meta name=\"twitter:label1\" content=\"Est. reading time\" \/>\n\t<meta name=\"twitter:data1\" content=\"12 minutes\" \/>\n<script type=\"application\/ld+json\" class=\"yoast-schema-graph\">{\"@context\":\"https:\/\/schema.org\",\"@graph\":[{\"@type\":\"WebPage\",\"@id\":\"https:\/\/bytowncatering.com\/fr\/fort-henry-kingston\/\",\"url\":\"https:\/\/bytowncatering.com\/fr\/fort-henry-kingston\/\",\"name\":\"Fort Henry (Kingston) | Traiteur Bytown\",\"isPartOf\":{\"@id\":\"https:\/\/bytowncatering.com\/fr\/#website\"},\"datePublished\":\"2019-04-14T18:17:24+00:00\",\"dateModified\":\"2019-11-11T17:22:59+00:00\",\"breadcrumb\":{\"@id\":\"https:\/\/bytowncatering.com\/fr\/fort-henry-kingston\/#breadcrumb\"},\"inLanguage\":\"en-US\",\"potentialAction\":[{\"@type\":\"ReadAction\",\"target\":[\"https:\/\/bytowncatering.com\/fr\/fort-henry-kingston\/\"]}]},{\"@type\":\"BreadcrumbList\",\"@id\":\"https:\/\/bytowncatering.com\/fr\/fort-henry-kingston\/#breadcrumb\",\"itemListElement\":[{\"@type\":\"ListItem\",\"position\":1,\"name\":\"Home\",\"item\":\"https:\/\/bytowncatering.com\/fr\/\"},{\"@type\":\"ListItem\",\"position\":2,\"name\":\"Fort Henry (Kingston)\"}]},{\"@type\":\"WebSite\",\"@id\":\"https:\/\/bytowncatering.com\/fr\/#website\",\"url\":\"https:\/\/bytowncatering.com\/fr\/\",\"name\":\"Bytown Catering\",\"description\":\"Nous Livrons des Repas Plein de Saveur\",\"potentialAction\":[{\"@type\":\"SearchAction\",\"target\":{\"@type\":\"EntryPoint\",\"urlTemplate\":\"https:\/\/bytowncatering.com\/fr\/?s={search_term_string}\"},\"query-input\":{\"@type\":\"PropertyValueSpecification\",\"valueRequired\":true,\"valueName\":\"search_term_string\"}}],\"inLanguage\":\"en-US\"}]}<\/script>\n<!-- \/ Yoast SEO plugin. -->","yoast_head_json":{"title":"Fort Henry (Kingston) | Traiteur Bytown","robots":{"index":"index","follow":"follow","max-snippet":"max-snippet:-1","max-image-preview":"max-image-preview:large","max-video-preview":"max-video-preview:-1"},"canonical":"https:\/\/bytowncatering.com\/fr\/fort-henry-kingston\/","og_locale":"en_US","og_type":"article","og_title":"Fort Henry (Kingston) | Traiteur Bytown","og_url":"https:\/\/bytowncatering.com\/fr\/fort-henry-kingston\/","og_site_name":"Traiteur Bytown","article_publisher":"https:\/\/www.facebook.com\/BytownCatering\/","article_modified_time":"2019-11-11T17:22:59+00:00","twitter_card":"summary_large_image","twitter_misc":{"Est. reading time":"12 minutes"},"schema":{"@context":"https:\/\/schema.org","@graph":[{"@type":"WebPage","@id":"https:\/\/bytowncatering.com\/fr\/fort-henry-kingston\/","url":"https:\/\/bytowncatering.com\/fr\/fort-henry-kingston\/","name":"Fort Henry (Kingston) | Traiteur Bytown","isPartOf":{"@id":"https:\/\/bytowncatering.com\/fr\/#website"},"datePublished":"2019-04-14T18:17:24+00:00","dateModified":"2019-11-11T17:22:59+00:00","breadcrumb":{"@id":"https:\/\/bytowncatering.com\/fr\/fort-henry-kingston\/#breadcrumb"},"inLanguage":"en-US","potentialAction":[{"@type":"ReadAction","target":["https:\/\/bytowncatering.com\/fr\/fort-henry-kingston\/"]}]},{"@type":"BreadcrumbList","@id":"https:\/\/bytowncatering.com\/fr\/fort-henry-kingston\/#breadcrumb","itemListElement":[{"@type":"ListItem","position":1,"name":"Home","item":"https:\/\/bytowncatering.com\/fr\/"},{"@type":"ListItem","position":2,"name":"Fort Henry (Kingston)"}]},{"@type":"WebSite","@id":"https:\/\/bytowncatering.com\/fr\/#website","url":"https:\/\/bytowncatering.com\/fr\/","name":"Bytown Catering","description":"Nous Livrons des Repas Plein de Saveur","potentialAction":[{"@type":"SearchAction","target":{"@type":"EntryPoint","urlTemplate":"https:\/\/bytowncatering.com\/fr\/?s={search_term_string}"},"query-input":{"@type":"PropertyValueSpecification","valueRequired":true,"valueName":"search_term_string"}}],"inLanguage":"en-US"}]}},"_links":{"self":[{"href":"https:\/\/bytowncatering.com\/fr\/wp-json\/wp\/v2\/pages\/1256","targetHints":{"allow":["GET"]}}],"collection":[{"href":"https:\/\/bytowncatering.com\/fr\/wp-json\/wp\/v2\/pages"}],"about":[{"href":"https:\/\/bytowncatering.com\/fr\/wp-json\/wp\/v2\/types\/page"}],"author":[{"embeddable":true,"href":"https:\/\/bytowncatering.com\/fr\/wp-json\/wp\/v2\/users\/1"}],"replies":[{"embeddable":true,"href":"https:\/\/bytowncatering.com\/fr\/wp-json\/wp\/v2\/comments?post=1256"}],"version-history":[{"count":10,"href":"https:\/\/bytowncatering.com\/fr\/wp-json\/wp\/v2\/pages\/1256\/revisions"}],"predecessor-version":[{"id":2024,"href":"https:\/\/bytowncatering.com\/fr\/wp-json\/wp\/v2\/pages\/1256\/revisions\/2024"}],"wp:attachment":[{"href":"https:\/\/bytowncatering.com\/fr\/wp-json\/wp\/v2\/media?parent=1256"}],"curies":[{"name":"wp","href":"https:\/\/api.w.org\/{rel}","templated":true}]}}