{"id":1260,"date":"2019-04-14T14:18:28","date_gmt":"2019-04-14T18:18:28","guid":{"rendered":"http:\/\/canadashop150.com\/?page_id=1260"},"modified":"2020-02-03T21:51:23","modified_gmt":"2020-02-04T02:51:23","slug":"musee-canadien-de-la-nature","status":"publish","type":"page","link":"https:\/\/bytowncatering.com\/fr\/musee-canadien-de-la-nature\/","title":{"rendered":"Mus\u00e9e canadien de la nature"},"content":{"rendered":"<p><div class=\"fusion-fullwidth fullwidth-box fusion-builder-row-1 nonhundred-percent-fullwidth non-hundred-percent-height-scrolling\" style=\"--awb-background-position:left top;--awb-background-repeat:repeat-y;--awb-border-radius-top-left:0px;--awb-border-radius-top-right:0px;--awb-border-radius-bottom-right:0px;--awb-border-radius-bottom-left:0px;--awb-flex-wrap:wrap;\" ><div class=\"fusion-builder-row fusion-row\"><div class=\"fusion-layout-column fusion_builder_column fusion-builder-column-0 fusion_builder_column_1_1 1_1 fusion-one-full fusion-column-first fusion-column-last\" style=\"--awb-bg-size:cover;\"><div class=\"fusion-column-wrapper fusion-column-has-shadow fusion-flex-column-wrapper-legacy\"><div class=\"fusion-text fusion-text-1\"><h1>Mus\u00e9e canadien de la nature<\/h1>\n<p>Le Mus\u00e9e canadien de la nature est le mus\u00e9e d\u2019histoire naturelle et des sciences naturelles national du Canada, \u00e0 Ottawa, en Ontario. Il s\u2019agit du site id\u00e9al pour tenir votre mariage ou votre \u00e9v\u00e9nement sp\u00e9cial. Le Mus\u00e9e offre une combinaison de salles historiques et modernes avec des arri\u00e8re-plans saisissants pour votre \u00e9v\u00e9nement sp\u00e9cial. Vivez une exp\u00e9rience empreinte d\u2019histoire et d\u2019\u00e9l\u00e9gance dans notre magnifique \u00e9difice centenaire aux allures de ch\u00e2teau. Pour de plus amples renseignements \u00e0 propos du Mus\u00e9e canadien de la nature, visitez son site Web au <a href=\"https:\/\/nature.ca\/fr\/accueil\" target=\"_blank\" rel=\"noopener noreferrer\">https:\/\/www.nature.ca<\/a><\/p>\n<p>Depuis 1998, Les Traiteurs Bytown Catering est l\u2019un des traiteurs exclusifs du Mus\u00e9e. Nous offrons une gamme compl\u00e8te de services, incluant les r\u00e9unions de petits groupes, les \u00e9v\u00e9nements publics et m\u00e9diatiques du MCN, ainsi que des mariages et des galas. Depuis la r\u00e9ouverture du Mus\u00e9e en 2010, nous avons assur\u00e9 les services de traiteur d\u2019environ 40 \u00e9v\u00e9nements par ann\u00e9e, incluant de nombreux mariages et \u00e9v\u00e9nements corporatifs haut de gamme.<\/p>\n<p>Au Mus\u00e9e canadien de la nature, nous offrons un menu pr\u00e9par\u00e9 sp\u00e9cialement et adapt\u00e9 aux besoins du Mus\u00e9e et de ses clients.<\/p>\n<p><a href=\"https:\/\/www.nature.ca\/fr\/sujet-musee\/produits-services\/location-salles\" target=\"_blank\" rel=\"noopener noreferrer\">Veuillez cliquer location de salles du Mus\u00e9e de Canadien de la nature<\/a><\/p>\n<p>Veuillez nous \u00e9crire au\u00a0<a href=\"mailto:sales@bytowncatering.com\" target=\"_blank\" rel=\"noopener noreferrer\">sales@bytowncatering.com<\/a> ou composez le<strong> 613-745-6389<\/strong> pour discuter de vos besoins en mati\u00e8re de services de restauration pour la tenue de votre \u00e9v\u00e9nement au Mus\u00e9e canadien de la nature.<\/p>\n<\/div><div class=\"fusion-clearfix\"><\/div><\/div><\/div><\/div><\/div><div class=\"fusion-fullwidth fullwidth-box fusion-builder-row-2 nonhundred-percent-fullwidth non-hundred-percent-height-scrolling\" style=\"--awb-background-position:left center;--awb-border-radius-top-left:0px;--awb-border-radius-top-right:0px;--awb-border-radius-bottom-right:0px;--awb-border-radius-bottom-left:0px;--awb-flex-wrap:wrap;\" ><div class=\"fusion-builder-row fusion-row\"><div class=\"fusion-layout-column fusion_builder_column fusion-builder-column-1 fusion_builder_column_1_1 1_1 fusion-one-full fusion-column-first fusion-column-last\" style=\"--awb-bg-size:cover;\"><div class=\"fusion-column-wrapper fusion-column-has-shadow fusion-flex-column-wrapper-legacy\"><div class=\"fusion-column-content-centered\"><div class=\"fusion-column-content\"><div class=\"fusion-image-element fusion-image-align-center in-legacy-container\" style=\"text-align:center;--awb-caption-title-font-family:var(--h2_typography-font-family);--awb-caption-title-font-weight:var(--h2_typography-font-weight);--awb-caption-title-font-style:var(--h2_typography-font-style);--awb-caption-title-size:var(--h2_typography-font-size);--awb-caption-title-transform:var(--h2_typography-text-transform);--awb-caption-title-line-height:var(--h2_typography-line-height);--awb-caption-title-letter-spacing:var(--h2_typography-letter-spacing);\"><div class=\"imageframe-align-center\"><span class=\" fusion-imageframe imageframe-none imageframe-1 hover-type-none\"><img decoding=\"async\" width=\"680\" height=\"52\" alt=\"menu_seperator\" title=\"Bytown-Catering-seperator-icon\" src=\"https:\/\/bytowncatering.com\/wp-content\/uploads\/2019\/04\/Bytown-Catering-seperator-icon.png\" class=\"img-responsive wp-image-435\" srcset=\"https:\/\/bytowncatering.com\/fr\/wp-content\/uploads\/2019\/04\/Bytown-Catering-seperator-icon-200x15.png 200w, https:\/\/bytowncatering.com\/fr\/wp-content\/uploads\/2019\/04\/Bytown-Catering-seperator-icon-400x31.png 400w, https:\/\/bytowncatering.com\/fr\/wp-content\/uploads\/2019\/04\/Bytown-Catering-seperator-icon-600x46.png 600w, https:\/\/bytowncatering.com\/fr\/wp-content\/uploads\/2019\/04\/Bytown-Catering-seperator-icon.png 680w\" sizes=\"(max-width: 800px) 100vw, 680px\" \/><\/span><\/div><\/div><\/div><\/div><div class=\"fusion-clearfix\"><\/div><\/div><\/div><\/div><\/div><\/p>\n","protected":false},"excerpt":{"rendered":"","protected":false},"author":1,"featured_media":0,"parent":0,"menu_order":0,"comment_status":"closed","ping_status":"closed","template":"","meta":{"footnotes":""},"class_list":["post-1260","page","type-page","status-publish","hentry"],"yoast_head":"<!-- This site is optimized with the Yoast SEO plugin v27.0 - https:\/\/yoast.com\/product\/yoast-seo-wordpress\/ -->\n<title>Mus\u00e9e canadien de la nature | Traiteur Bytown<\/title>\n<meta name=\"robots\" content=\"index, follow, max-snippet:-1, max-image-preview:large, max-video-preview:-1\" \/>\n<link rel=\"canonical\" href=\"https:\/\/bytowncatering.com\/fr\/musee-canadien-de-la-nature\/\" \/>\n<meta property=\"og:locale\" content=\"en_US\" \/>\n<meta property=\"og:type\" content=\"article\" \/>\n<meta property=\"og:title\" content=\"Mus\u00e9e canadien de la nature | Traiteur Bytown\" \/>\n<meta property=\"og:url\" content=\"https:\/\/bytowncatering.com\/fr\/musee-canadien-de-la-nature\/\" \/>\n<meta property=\"og:site_name\" content=\"Traiteur Bytown\" \/>\n<meta property=\"article:publisher\" content=\"https:\/\/www.facebook.com\/BytownCatering\/\" \/>\n<meta property=\"article:modified_time\" content=\"2020-02-04T02:51:23+00:00\" \/>\n<meta name=\"twitter:card\" content=\"summary_large_image\" \/>\n<meta name=\"twitter:label1\" content=\"Est. reading time\" \/>\n\t<meta name=\"twitter:data1\" content=\"4 minutes\" \/>\n<script type=\"application\/ld+json\" class=\"yoast-schema-graph\">{\"@context\":\"https:\/\/schema.org\",\"@graph\":[{\"@type\":\"WebPage\",\"@id\":\"https:\/\/bytowncatering.com\/fr\/musee-canadien-de-la-nature\/\",\"url\":\"https:\/\/bytowncatering.com\/fr\/musee-canadien-de-la-nature\/\",\"name\":\"Mus\u00e9e canadien de la nature | Traiteur Bytown\",\"isPartOf\":{\"@id\":\"https:\/\/bytowncatering.com\/fr\/#website\"},\"datePublished\":\"2019-04-14T18:18:28+00:00\",\"dateModified\":\"2020-02-04T02:51:23+00:00\",\"breadcrumb\":{\"@id\":\"https:\/\/bytowncatering.com\/fr\/musee-canadien-de-la-nature\/#breadcrumb\"},\"inLanguage\":\"en-US\",\"potentialAction\":[{\"@type\":\"ReadAction\",\"target\":[\"https:\/\/bytowncatering.com\/fr\/musee-canadien-de-la-nature\/\"]}]},{\"@type\":\"BreadcrumbList\",\"@id\":\"https:\/\/bytowncatering.com\/fr\/musee-canadien-de-la-nature\/#breadcrumb\",\"itemListElement\":[{\"@type\":\"ListItem\",\"position\":1,\"name\":\"Home\",\"item\":\"https:\/\/bytowncatering.com\/fr\/\"},{\"@type\":\"ListItem\",\"position\":2,\"name\":\"Mus\u00e9e canadien de la nature\"}]},{\"@type\":\"WebSite\",\"@id\":\"https:\/\/bytowncatering.com\/fr\/#website\",\"url\":\"https:\/\/bytowncatering.com\/fr\/\",\"name\":\"Bytown Catering\",\"description\":\"Nous Livrons des Repas Plein de Saveur\",\"potentialAction\":[{\"@type\":\"SearchAction\",\"target\":{\"@type\":\"EntryPoint\",\"urlTemplate\":\"https:\/\/bytowncatering.com\/fr\/?s={search_term_string}\"},\"query-input\":{\"@type\":\"PropertyValueSpecification\",\"valueRequired\":true,\"valueName\":\"search_term_string\"}}],\"inLanguage\":\"en-US\"}]}<\/script>\n<!-- \/ Yoast SEO plugin. -->","yoast_head_json":{"title":"Mus\u00e9e canadien de la nature | Traiteur Bytown","robots":{"index":"index","follow":"follow","max-snippet":"max-snippet:-1","max-image-preview":"max-image-preview:large","max-video-preview":"max-video-preview:-1"},"canonical":"https:\/\/bytowncatering.com\/fr\/musee-canadien-de-la-nature\/","og_locale":"en_US","og_type":"article","og_title":"Mus\u00e9e canadien de la nature | Traiteur Bytown","og_url":"https:\/\/bytowncatering.com\/fr\/musee-canadien-de-la-nature\/","og_site_name":"Traiteur Bytown","article_publisher":"https:\/\/www.facebook.com\/BytownCatering\/","article_modified_time":"2020-02-04T02:51:23+00:00","twitter_card":"summary_large_image","twitter_misc":{"Est. reading time":"4 minutes"},"schema":{"@context":"https:\/\/schema.org","@graph":[{"@type":"WebPage","@id":"https:\/\/bytowncatering.com\/fr\/musee-canadien-de-la-nature\/","url":"https:\/\/bytowncatering.com\/fr\/musee-canadien-de-la-nature\/","name":"Mus\u00e9e canadien de la nature | Traiteur Bytown","isPartOf":{"@id":"https:\/\/bytowncatering.com\/fr\/#website"},"datePublished":"2019-04-14T18:18:28+00:00","dateModified":"2020-02-04T02:51:23+00:00","breadcrumb":{"@id":"https:\/\/bytowncatering.com\/fr\/musee-canadien-de-la-nature\/#breadcrumb"},"inLanguage":"en-US","potentialAction":[{"@type":"ReadAction","target":["https:\/\/bytowncatering.com\/fr\/musee-canadien-de-la-nature\/"]}]},{"@type":"BreadcrumbList","@id":"https:\/\/bytowncatering.com\/fr\/musee-canadien-de-la-nature\/#breadcrumb","itemListElement":[{"@type":"ListItem","position":1,"name":"Home","item":"https:\/\/bytowncatering.com\/fr\/"},{"@type":"ListItem","position":2,"name":"Mus\u00e9e canadien de la nature"}]},{"@type":"WebSite","@id":"https:\/\/bytowncatering.com\/fr\/#website","url":"https:\/\/bytowncatering.com\/fr\/","name":"Bytown Catering","description":"Nous Livrons des Repas Plein de Saveur","potentialAction":[{"@type":"SearchAction","target":{"@type":"EntryPoint","urlTemplate":"https:\/\/bytowncatering.com\/fr\/?s={search_term_string}"},"query-input":{"@type":"PropertyValueSpecification","valueRequired":true,"valueName":"search_term_string"}}],"inLanguage":"en-US"}]}},"_links":{"self":[{"href":"https:\/\/bytowncatering.com\/fr\/wp-json\/wp\/v2\/pages\/1260","targetHints":{"allow":["GET"]}}],"collection":[{"href":"https:\/\/bytowncatering.com\/fr\/wp-json\/wp\/v2\/pages"}],"about":[{"href":"https:\/\/bytowncatering.com\/fr\/wp-json\/wp\/v2\/types\/page"}],"author":[{"embeddable":true,"href":"https:\/\/bytowncatering.com\/fr\/wp-json\/wp\/v2\/users\/1"}],"replies":[{"embeddable":true,"href":"https:\/\/bytowncatering.com\/fr\/wp-json\/wp\/v2\/comments?post=1260"}],"version-history":[{"count":8,"href":"https:\/\/bytowncatering.com\/fr\/wp-json\/wp\/v2\/pages\/1260\/revisions"}],"predecessor-version":[{"id":2130,"href":"https:\/\/bytowncatering.com\/fr\/wp-json\/wp\/v2\/pages\/1260\/revisions\/2130"}],"wp:attachment":[{"href":"https:\/\/bytowncatering.com\/fr\/wp-json\/wp\/v2\/media?parent=1260"}],"curies":[{"name":"wp","href":"https:\/\/api.w.org\/{rel}","templated":true}]}}