{"id":1262,"date":"2019-04-14T14:18:59","date_gmt":"2019-04-14T18:18:59","guid":{"rendered":"http:\/\/canadashop150.com\/?page_id=1262"},"modified":"2020-02-03T21:54:08","modified_gmt":"2020-02-04T02:54:08","slug":"musee-des-sciences-et-de-la-technologie-du-canada","status":"publish","type":"page","link":"https:\/\/bytowncatering.com\/fr\/musee-des-sciences-et-de-la-technologie-du-canada\/","title":{"rendered":"Mus\u00e9e des sciences et de la technologie du Canada"},"content":{"rendered":"<p><div class=\"fusion-fullwidth fullwidth-box fusion-builder-row-1 nonhundred-percent-fullwidth non-hundred-percent-height-scrolling\" style=\"--awb-background-position:left top;--awb-background-repeat:repeat-y;--awb-border-radius-top-left:0px;--awb-border-radius-top-right:0px;--awb-border-radius-bottom-right:0px;--awb-border-radius-bottom-left:0px;--awb-flex-wrap:wrap;\" ><div class=\"fusion-builder-row fusion-row\"><div class=\"fusion-layout-column fusion_builder_column fusion-builder-column-0 fusion_builder_column_1_1 1_1 fusion-one-full fusion-column-first fusion-column-last\" style=\"--awb-bg-size:cover;\"><div class=\"fusion-column-wrapper fusion-column-has-shadow fusion-flex-column-wrapper-legacy\"><div class=\"fusion-text fusion-text-1\"><h1>Mus\u00e9e des sciences et de la technologie du Canada<\/h1>\n<p>Le r\u00f4le du Mus\u00e9e des sciences et de la technologie du Canada est d\u2019aider le public \u00e0 comprendre l\u2019histoire scientifique et technologique du Canada ainsi que les relations continues entre la science, la technologie et la soci\u00e9t\u00e9 canadienne. Le Mus\u00e9e a rouvert ses portes au public en 2017, commen\u00e7ant un nouveau chapitre dans son histoire.<\/p>\n<p>D\u00e9couvrez les espaces r\u00e9am\u00e9nag\u00e9s du Mus\u00e9e des sciences et de la technologie du Canada. Organisez vos \u00e9v\u00e9nements d\u2019entreprise dans un des nouveaux espaces, comme l\u2019auditorium, la salle des \u00e9v\u00e9nements, ou explorez des espaces \u00e9v\u00e9nementiels extraordinaires am\u00e9nag\u00e9s parmi les superbes artefacts pour la tenue de mariages, de r\u00e9ceptions ou de rassemblements. Nous offrons quotidiennement de glorieux espaces dynamiques qui comptent tout ce dont vous avez besoin.<\/p>\n<p>Pour de plus amples renseignements \u00e0 propos du Mus\u00e9e des sciences et de la technologie du Canada, visitez son site Web au\u00a0<a href=\"https:\/\/ingeniumcanada.org\/fr\" target=\"_blank\" rel=\"noopener noreferrer\">Ingenium<\/a>.<\/p>\n<p>Les Traiteurs Bytown Catering est un traiteur exclusif du Mus\u00e9e et de ses invit\u00e9s depuis 2010. Nous offrons un menu pr\u00e9par\u00e9 sp\u00e9cialement et adapt\u00e9 aux besoins du Mus\u00e9e et de ses clients.<\/p>\n<p><a href=\"https:\/\/ingeniumcanada.org\/fr\/location-de-salles-accueil\" target=\"_blank\" rel=\"noopener noreferrer\">Veuillez cliquer location de salles du Mus\u00e9e des sciences et de la technologie du Canada<\/a><\/p>\n<\/div><div class=\"fusion-clearfix\"><\/div><\/div><\/div><\/div><\/div><div class=\"fusion-fullwidth fullwidth-box fusion-builder-row-2 nonhundred-percent-fullwidth non-hundred-percent-height-scrolling\" style=\"--awb-background-position:left center;--awb-border-radius-top-left:0px;--awb-border-radius-top-right:0px;--awb-border-radius-bottom-right:0px;--awb-border-radius-bottom-left:0px;--awb-flex-wrap:wrap;\" ><div class=\"fusion-builder-row fusion-row\"><div class=\"fusion-layout-column fusion_builder_column fusion-builder-column-1 fusion_builder_column_1_1 1_1 fusion-one-full fusion-column-first fusion-column-last\" style=\"--awb-bg-size:cover;\"><div class=\"fusion-column-wrapper fusion-column-has-shadow fusion-flex-column-wrapper-legacy\"><div class=\"fusion-column-content-centered\"><div class=\"fusion-column-content\"><div class=\"fusion-image-element fusion-image-align-center in-legacy-container\" style=\"text-align:center;--awb-caption-title-font-family:var(--h2_typography-font-family);--awb-caption-title-font-weight:var(--h2_typography-font-weight);--awb-caption-title-font-style:var(--h2_typography-font-style);--awb-caption-title-size:var(--h2_typography-font-size);--awb-caption-title-transform:var(--h2_typography-text-transform);--awb-caption-title-line-height:var(--h2_typography-line-height);--awb-caption-title-letter-spacing:var(--h2_typography-letter-spacing);\"><div class=\"imageframe-align-center\"><span class=\" fusion-imageframe imageframe-none imageframe-1 hover-type-none\"><img decoding=\"async\" width=\"680\" height=\"52\" alt=\"menu_seperator\" title=\"Bytown-Catering-seperator-icon\" src=\"https:\/\/bytowncatering.com\/wp-content\/uploads\/2019\/04\/Bytown-Catering-seperator-icon.png\" class=\"img-responsive wp-image-435\" srcset=\"https:\/\/bytowncatering.com\/fr\/wp-content\/uploads\/2019\/04\/Bytown-Catering-seperator-icon-200x15.png 200w, https:\/\/bytowncatering.com\/fr\/wp-content\/uploads\/2019\/04\/Bytown-Catering-seperator-icon-400x31.png 400w, https:\/\/bytowncatering.com\/fr\/wp-content\/uploads\/2019\/04\/Bytown-Catering-seperator-icon-600x46.png 600w, https:\/\/bytowncatering.com\/fr\/wp-content\/uploads\/2019\/04\/Bytown-Catering-seperator-icon.png 680w\" sizes=\"(max-width: 800px) 100vw, 680px\" \/><\/span><\/div><\/div><\/div><\/div><div class=\"fusion-clearfix\"><\/div><\/div><\/div><\/div><\/div><\/p>\n","protected":false},"excerpt":{"rendered":"","protected":false},"author":1,"featured_media":0,"parent":0,"menu_order":0,"comment_status":"closed","ping_status":"closed","template":"","meta":{"footnotes":""},"class_list":["post-1262","page","type-page","status-publish","hentry"],"yoast_head":"<!-- This site is optimized with the Yoast SEO plugin v27.0 - https:\/\/yoast.com\/product\/yoast-seo-wordpress\/ -->\n<title>Mus\u00e9e des sciences et de la technologie du Canada | Traiteur Bytown<\/title>\n<meta name=\"robots\" content=\"index, follow, max-snippet:-1, max-image-preview:large, max-video-preview:-1\" \/>\n<link rel=\"canonical\" href=\"https:\/\/bytowncatering.com\/fr\/musee-des-sciences-et-de-la-technologie-du-canada\/\" \/>\n<meta property=\"og:locale\" content=\"en_US\" \/>\n<meta property=\"og:type\" content=\"article\" \/>\n<meta property=\"og:title\" content=\"Mus\u00e9e des sciences et de la technologie du Canada | Traiteur Bytown\" \/>\n<meta property=\"og:url\" content=\"https:\/\/bytowncatering.com\/fr\/musee-des-sciences-et-de-la-technologie-du-canada\/\" \/>\n<meta property=\"og:site_name\" content=\"Traiteur Bytown\" \/>\n<meta property=\"article:publisher\" content=\"https:\/\/www.facebook.com\/BytownCatering\/\" \/>\n<meta property=\"article:modified_time\" content=\"2020-02-04T02:54:08+00:00\" \/>\n<meta name=\"twitter:card\" content=\"summary_large_image\" \/>\n<meta name=\"twitter:label1\" content=\"Est. reading time\" \/>\n\t<meta name=\"twitter:data1\" content=\"4 minutes\" \/>\n<script type=\"application\/ld+json\" class=\"yoast-schema-graph\">{\"@context\":\"https:\/\/schema.org\",\"@graph\":[{\"@type\":\"WebPage\",\"@id\":\"https:\/\/bytowncatering.com\/fr\/musee-des-sciences-et-de-la-technologie-du-canada\/\",\"url\":\"https:\/\/bytowncatering.com\/fr\/musee-des-sciences-et-de-la-technologie-du-canada\/\",\"name\":\"Mus\u00e9e des sciences et de la technologie du Canada | Traiteur Bytown\",\"isPartOf\":{\"@id\":\"https:\/\/bytowncatering.com\/fr\/#website\"},\"datePublished\":\"2019-04-14T18:18:59+00:00\",\"dateModified\":\"2020-02-04T02:54:08+00:00\",\"breadcrumb\":{\"@id\":\"https:\/\/bytowncatering.com\/fr\/musee-des-sciences-et-de-la-technologie-du-canada\/#breadcrumb\"},\"inLanguage\":\"en-US\",\"potentialAction\":[{\"@type\":\"ReadAction\",\"target\":[\"https:\/\/bytowncatering.com\/fr\/musee-des-sciences-et-de-la-technologie-du-canada\/\"]}]},{\"@type\":\"BreadcrumbList\",\"@id\":\"https:\/\/bytowncatering.com\/fr\/musee-des-sciences-et-de-la-technologie-du-canada\/#breadcrumb\",\"itemListElement\":[{\"@type\":\"ListItem\",\"position\":1,\"name\":\"Home\",\"item\":\"https:\/\/bytowncatering.com\/fr\/\"},{\"@type\":\"ListItem\",\"position\":2,\"name\":\"Mus\u00e9e des sciences et de la technologie du Canada\"}]},{\"@type\":\"WebSite\",\"@id\":\"https:\/\/bytowncatering.com\/fr\/#website\",\"url\":\"https:\/\/bytowncatering.com\/fr\/\",\"name\":\"Bytown Catering\",\"description\":\"Nous Livrons des Repas Plein de Saveur\",\"potentialAction\":[{\"@type\":\"SearchAction\",\"target\":{\"@type\":\"EntryPoint\",\"urlTemplate\":\"https:\/\/bytowncatering.com\/fr\/?s={search_term_string}\"},\"query-input\":{\"@type\":\"PropertyValueSpecification\",\"valueRequired\":true,\"valueName\":\"search_term_string\"}}],\"inLanguage\":\"en-US\"}]}<\/script>\n<!-- \/ Yoast SEO plugin. -->","yoast_head_json":{"title":"Mus\u00e9e des sciences et de la technologie du Canada | Traiteur Bytown","robots":{"index":"index","follow":"follow","max-snippet":"max-snippet:-1","max-image-preview":"max-image-preview:large","max-video-preview":"max-video-preview:-1"},"canonical":"https:\/\/bytowncatering.com\/fr\/musee-des-sciences-et-de-la-technologie-du-canada\/","og_locale":"en_US","og_type":"article","og_title":"Mus\u00e9e des sciences et de la technologie du Canada | Traiteur Bytown","og_url":"https:\/\/bytowncatering.com\/fr\/musee-des-sciences-et-de-la-technologie-du-canada\/","og_site_name":"Traiteur Bytown","article_publisher":"https:\/\/www.facebook.com\/BytownCatering\/","article_modified_time":"2020-02-04T02:54:08+00:00","twitter_card":"summary_large_image","twitter_misc":{"Est. reading time":"4 minutes"},"schema":{"@context":"https:\/\/schema.org","@graph":[{"@type":"WebPage","@id":"https:\/\/bytowncatering.com\/fr\/musee-des-sciences-et-de-la-technologie-du-canada\/","url":"https:\/\/bytowncatering.com\/fr\/musee-des-sciences-et-de-la-technologie-du-canada\/","name":"Mus\u00e9e des sciences et de la technologie du Canada | Traiteur Bytown","isPartOf":{"@id":"https:\/\/bytowncatering.com\/fr\/#website"},"datePublished":"2019-04-14T18:18:59+00:00","dateModified":"2020-02-04T02:54:08+00:00","breadcrumb":{"@id":"https:\/\/bytowncatering.com\/fr\/musee-des-sciences-et-de-la-technologie-du-canada\/#breadcrumb"},"inLanguage":"en-US","potentialAction":[{"@type":"ReadAction","target":["https:\/\/bytowncatering.com\/fr\/musee-des-sciences-et-de-la-technologie-du-canada\/"]}]},{"@type":"BreadcrumbList","@id":"https:\/\/bytowncatering.com\/fr\/musee-des-sciences-et-de-la-technologie-du-canada\/#breadcrumb","itemListElement":[{"@type":"ListItem","position":1,"name":"Home","item":"https:\/\/bytowncatering.com\/fr\/"},{"@type":"ListItem","position":2,"name":"Mus\u00e9e des sciences et de la technologie du Canada"}]},{"@type":"WebSite","@id":"https:\/\/bytowncatering.com\/fr\/#website","url":"https:\/\/bytowncatering.com\/fr\/","name":"Bytown Catering","description":"Nous Livrons des Repas Plein de Saveur","potentialAction":[{"@type":"SearchAction","target":{"@type":"EntryPoint","urlTemplate":"https:\/\/bytowncatering.com\/fr\/?s={search_term_string}"},"query-input":{"@type":"PropertyValueSpecification","valueRequired":true,"valueName":"search_term_string"}}],"inLanguage":"en-US"}]}},"_links":{"self":[{"href":"https:\/\/bytowncatering.com\/fr\/wp-json\/wp\/v2\/pages\/1262","targetHints":{"allow":["GET"]}}],"collection":[{"href":"https:\/\/bytowncatering.com\/fr\/wp-json\/wp\/v2\/pages"}],"about":[{"href":"https:\/\/bytowncatering.com\/fr\/wp-json\/wp\/v2\/types\/page"}],"author":[{"embeddable":true,"href":"https:\/\/bytowncatering.com\/fr\/wp-json\/wp\/v2\/users\/1"}],"replies":[{"embeddable":true,"href":"https:\/\/bytowncatering.com\/fr\/wp-json\/wp\/v2\/comments?post=1262"}],"version-history":[{"count":8,"href":"https:\/\/bytowncatering.com\/fr\/wp-json\/wp\/v2\/pages\/1262\/revisions"}],"predecessor-version":[{"id":2135,"href":"https:\/\/bytowncatering.com\/fr\/wp-json\/wp\/v2\/pages\/1262\/revisions\/2135"}],"wp:attachment":[{"href":"https:\/\/bytowncatering.com\/fr\/wp-json\/wp\/v2\/media?parent=1262"}],"curies":[{"name":"wp","href":"https:\/\/api.w.org\/{rel}","templated":true}]}}