{"id":1425,"date":"2019-04-25T12:12:22","date_gmt":"2019-04-25T16:12:22","guid":{"rendered":"http:\/\/canadashop150.com\/?page_id=1425"},"modified":"2019-11-12T13:48:47","modified_gmt":"2019-11-12T18:48:47","slug":"lexperience-les-traiteurs-bytown-catering","status":"publish","type":"page","link":"https:\/\/bytowncatering.com\/fr\/lexperience-les-traiteurs-bytown-catering\/","title":{"rendered":"L&#8217;Exp\u00e9rience les Traiteurs Bytown Catering"},"content":{"rendered":"<p><div class=\"fusion-fullwidth fullwidth-box fusion-builder-row-1 nonhundred-percent-fullwidth non-hundred-percent-height-scrolling\" style=\"--awb-background-position:left top;--awb-background-repeat:repeat-y;--awb-border-radius-top-left:0px;--awb-border-radius-top-right:0px;--awb-border-radius-bottom-right:0px;--awb-border-radius-bottom-left:0px;--awb-flex-wrap:wrap;\" ><div class=\"fusion-builder-row fusion-row\"><div class=\"fusion-layout-column fusion_builder_column fusion-builder-column-0 fusion_builder_column_1_1 1_1 fusion-one-full fusion-column-first fusion-column-last\" style=\"--awb-bg-size:cover;\"><div class=\"fusion-column-wrapper fusion-column-has-shadow fusion-flex-column-wrapper-legacy\"><div class=\"fusion-text fusion-text-1\"><h1>Mariages et r\u00e9ceptions priv\u00e9es<br \/>\nL\u2019exp\u00e9rience les Traiteurs Bytown Catering<\/h1>\n<p>Les Traiteurs Bytown Catering est le premier choix pour les services de traiteur dans la r\u00e9gion d\u2019Ottawa-Gatineau. \u00c0 titre d\u2019entreprise locale engag\u00e9e dans sa communaut\u00e9, nous avons \u00e9tabli notre client\u00e8le gr\u00e2ce au bouche-\u00e0-oreille. Notre entreprise s\u2019est \u00e9panouie gr\u00e2ce \u00e0 notre engagement sinc\u00e8re pour le service \u00e0 la client\u00e8le et notre mission qui consiste \u00e0 offrir des aliments de la meilleure qualit\u00e9 possible au meilleur prix qui soit sur le march\u00e9.<\/p>\n<p>En nous choisissant pour votre r\u00e9ception de mariage ou votre r\u00e9ception priv\u00e9e, vous pouvez vous attendre \u00e0 ce qui suit :<\/p>\n<ul>\n<li>Des mets succulents, allant des repas gastronomiques traditionnels favoris aux buffets somptueux, en passant par les s\u00e9lections \u00e9lites de la plus fine cuisine.<\/li>\n<li>Une grande vari\u00e9t\u00e9 de choix et d\u2019options dans notre menu complet, ainsi qu\u2019une volont\u00e9 de l\u2019adapter \u00e0 toutes les demandes. Nos chefs peuvent aussi \u00e9laborer et sugg\u00e9rer de nouvelles cr\u00e9ations pour des \u00e9v\u00e9nements uniques.<\/li>\n<li>La promesse de faire tout ce qu\u2019il faut pour combler vos besoins, comme, entre autres, acc\u00e9der aux demandes sp\u00e9ciales et urgentes au meilleur de nos capacit\u00e9s.<\/li>\n<li>Un personnel de bureau accueillant et bien renseign\u00e9 pour r\u00e9pondre \u00e0 vos appels et prendre vos commandes.<\/li>\n<li>Des serveurs et des pr\u00e9pos\u00e9s professionnels et courtois.<\/li>\n<li>Nous serons fid\u00e8les \u00e0 nos engagements, de la pr\u00e9paration jusqu\u2019au nettoyage, pour faire de votre journ\u00e9e de mariage ou de votre r\u00e9ception un \u00e9v\u00e9nement sans souci.<\/li>\n<\/ul>\n<p>Faites de votre mariage ou r\u00e9ception priv\u00e9e une occasion tout \u00e0 fait sp\u00e9ciale! Voici quelques fa\u00e7ons dont nous pouvons vous aider :<\/p>\n<h3><strong>Repas de mariages, de galas et d\u2019\u00e9v\u00e9nements officiels<\/strong><\/h3>\n<p>Vous cherchez quelque chose de traditionnel ou d\u2019unique? Gr\u00e2ce \u00e0 notre menu et \u00e0 nos chefs comp\u00e9tents, vous pouvez choisir les forfaits populaires de repas gastronomiques ou de buffets chauds, choyer vos convives avec la Collection \u00e9lite ou encore cr\u00e9er quelque chose de vraiment original et adapt\u00e9 \u00e0 vos besoins en fixant un rendez-vous de consultation individuelle avec un membre de notre personnel averti et professionnel. Vous pouvez \u00e9galement personnaliser nos forfaits pour r\u00e9pondre \u00e0 vos besoins et d\u00e9sirs particuliers.<\/p>\n<h3><strong>Cocktails, plateaux d\u2019amuse-gueule et collations de minuit<\/strong><\/h3>\n<p>Par eux-m\u00eames ou en accompagnement d\u2019un repas avec service complet, nos cocktails et plateaux d\u2019amuse-gueule des plus color\u00e9s et savoureux sauront impressionner vos convives. Choisissez parmi l\u2019une de nos pauses ou collations pour un petit go\u00fbter. Les forfaits Collation sociale ou Collation d\u00e9cadente compl\u00e8tent tr\u00e8s bien une soir\u00e9e de c\u00e9l\u00e9bration!<\/p>\n<h3><strong>Occasions sp\u00e9ciales, r\u00e9unions de famille et autres r\u00e9ceptions priv\u00e9es<\/strong><\/h3>\n<p>Nous offrons des buffets froids, d\u00eeners chauds, barbecue, buffets Tex-Mex et menus sp\u00e9ciaux pour les F\u00eates, tous parfaits pour tenir une r\u00e9ception \u00e0 la maison ou d\u2019autres \u00e9v\u00e9nements sp\u00e9ciaux. Pour votre prochaine rencontre, offrez \u00e0 vos convives quelque chose de sp\u00e9cial sans avoir \u00e0 peiner des heures dans la cuisine.<\/p>\n<h3><strong>L\u2019exp\u00e9rience \u00e9lite de Bytown<\/strong><\/h3>\n<p>Notre nouveau menu de la Collection \u00e9lite Bytown est con\u00e7u pour les personnes qui d\u00e9sirent le traitement cinq \u00e9toiles complet. Compos\u00e9s \u00e0 partir de nos options R\u00e9ception cocktail et S\u00e9lections d\u00eener, les forfaits de la Collection \u00e9lite Bytown comprennent toutes les touches les plus fines : cocktails et amuse-bouche sp\u00e9ciaux, d\u00eeners sept services mettant en vedette des ingr\u00e9dients uniques, frais et locaux, des couverts de qualit\u00e9 sup\u00e9rieure, de l\u2019eau San Pellegrino, en plus d\u2019autres touches d\u00e9licates qui rendront votre soir\u00e9e m\u00e9morable.<\/p>\n<h3><strong>Allergies alimentaires et besoins sp\u00e9ciaux<\/strong><\/h3>\n<p>Devant le nombre croissant de demandes que nous recevons au sujet d\u2019allergies alimentaires ou d\u2019exigences culturelles, nous avons pr\u00e9par\u00e9 des mets de premi\u00e8re qualit\u00e9 afin de r\u00e9pondre \u00e0 ces besoins. Plus particuli\u00e8rement, nous avons \u00e9labor\u00e9 une toute nouvelle s\u00e9lection de mets sans gluten et v\u00e9g\u00e9taliens et pris soin d\u2019indiquer ces mets partout o\u00f9 ils se trouvent dans notre menu. Nous pouvons \u00e9galement personnaliser notre menu ou cr\u00e9er un repas sp\u00e9cial pour r\u00e9pondre \u00e0 d\u2019autres besoins di\u00e9t\u00e9tiques.<\/p>\n<h3><strong>Service de bar<\/strong><\/h3>\n<p>Nos barmans et barmaids ont suivi la formation Smart Serve et seront ravis de servir \u00e0 vos convives tout un \u00e9ventail de boissons alcoolis\u00e9es. En Ontario, nos permis d\u2019alcool nous permettent d\u2019installer facilement un bar sur place en donnant simplement un avis \u00e0 la Commission des alcools et des jeux de l\u2019Ontario. Si la r\u00e9ception a lieu au Qu\u00e9bec ou si vous choisissez de fournir vous-m\u00eame les boissons alcoolis\u00e9es, nous pouvons vous aider \u00e0 obtenir les permis n\u00e9cessaires.<\/p>\n<h3><strong>Ajoutez une touche sp\u00e9ciale!<\/strong><\/h3>\n<p>Pour personnaliser votre exp\u00e9rience, nous fournissons, pour les r\u00e9ceptions de mariage ou priv\u00e9es, des couverts, des verres, des linges de table et des accessoires de qualit\u00e9 sup\u00e9rieure qui donneront du panache \u00e0 votre \u00e9v\u00e9nement. Nous fournissons \u00e9galement des tentes de r\u00e9ception, tables, chaises et meubles. Veuillez envoyer un courriel \u00e0 <a href=\"mailto:sales@bytowncatering.com\" target=\"_blank\" rel=\"noopener noreferrer\">sales@bytowncatering.com<\/a> pour de plus amples renseignements.<\/p>\n<\/div><div class=\"fusion-clearfix\"><\/div><\/div><\/div><\/div><\/div><div class=\"fusion-fullwidth fullwidth-box fusion-builder-row-2 nonhundred-percent-fullwidth non-hundred-percent-height-scrolling\" style=\"--awb-background-position:left center;--awb-border-radius-top-left:0px;--awb-border-radius-top-right:0px;--awb-border-radius-bottom-right:0px;--awb-border-radius-bottom-left:0px;--awb-flex-wrap:wrap;\" ><div class=\"fusion-builder-row fusion-row\"><div class=\"fusion-layout-column fusion_builder_column fusion-builder-column-1 fusion_builder_column_1_1 1_1 fusion-one-full fusion-column-first fusion-column-last\" style=\"--awb-bg-size:cover;\"><div class=\"fusion-column-wrapper fusion-column-has-shadow fusion-flex-column-wrapper-legacy\"><div class=\"fusion-column-content-centered\"><div class=\"fusion-column-content\"><div class=\"fusion-image-element fusion-image-align-center in-legacy-container\" style=\"text-align:center;--awb-caption-title-font-family:var(--h2_typography-font-family);--awb-caption-title-font-weight:var(--h2_typography-font-weight);--awb-caption-title-font-style:var(--h2_typography-font-style);--awb-caption-title-size:var(--h2_typography-font-size);--awb-caption-title-transform:var(--h2_typography-text-transform);--awb-caption-title-line-height:var(--h2_typography-line-height);--awb-caption-title-letter-spacing:var(--h2_typography-letter-spacing);\"><div class=\"imageframe-align-center\"><span class=\" fusion-imageframe imageframe-none imageframe-1 hover-type-none\"><img decoding=\"async\" width=\"680\" height=\"52\" alt=\"menu_seperator\" title=\"Bytown-Catering-seperator-icon\" src=\"https:\/\/bytowncatering.com\/wp-content\/uploads\/2019\/04\/Bytown-Catering-seperator-icon.png\" class=\"img-responsive wp-image-435\" srcset=\"https:\/\/bytowncatering.com\/fr\/wp-content\/uploads\/2019\/04\/Bytown-Catering-seperator-icon-200x15.png 200w, https:\/\/bytowncatering.com\/fr\/wp-content\/uploads\/2019\/04\/Bytown-Catering-seperator-icon-400x31.png 400w, https:\/\/bytowncatering.com\/fr\/wp-content\/uploads\/2019\/04\/Bytown-Catering-seperator-icon-600x46.png 600w, https:\/\/bytowncatering.com\/fr\/wp-content\/uploads\/2019\/04\/Bytown-Catering-seperator-icon.png 680w\" sizes=\"(max-width: 800px) 100vw, 680px\" \/><\/span><\/div><\/div><\/div><\/div><div class=\"fusion-clearfix\"><\/div><\/div><\/div><\/div><\/div><\/p>\n","protected":false},"excerpt":{"rendered":"","protected":false},"author":1,"featured_media":0,"parent":0,"menu_order":0,"comment_status":"closed","ping_status":"closed","template":"","meta":{"footnotes":""},"class_list":["post-1425","page","type-page","status-publish","hentry"],"yoast_head":"<!-- This site is optimized with the Yoast SEO plugin v27.0 - https:\/\/yoast.com\/product\/yoast-seo-wordpress\/ -->\n<title>L&#039;Exp\u00e9rience les Traiteurs Bytown Catering | Traiteur Bytown<\/title>\n<meta name=\"robots\" content=\"index, follow, max-snippet:-1, max-image-preview:large, max-video-preview:-1\" \/>\n<link rel=\"canonical\" href=\"https:\/\/bytowncatering.com\/fr\/lexperience-les-traiteurs-bytown-catering\/\" \/>\n<meta property=\"og:locale\" content=\"en_US\" \/>\n<meta property=\"og:type\" content=\"article\" \/>\n<meta property=\"og:title\" content=\"L&#039;Exp\u00e9rience les Traiteurs Bytown Catering | Traiteur Bytown\" \/>\n<meta property=\"og:url\" content=\"https:\/\/bytowncatering.com\/fr\/lexperience-les-traiteurs-bytown-catering\/\" \/>\n<meta property=\"og:site_name\" content=\"Traiteur Bytown\" \/>\n<meta property=\"article:publisher\" content=\"https:\/\/www.facebook.com\/BytownCatering\/\" \/>\n<meta property=\"article:modified_time\" content=\"2019-11-12T18:48:47+00:00\" \/>\n<meta name=\"twitter:card\" content=\"summary_large_image\" \/>\n<meta name=\"twitter:label1\" content=\"Est. reading time\" \/>\n\t<meta name=\"twitter:data1\" content=\"7 minutes\" \/>\n<script type=\"application\/ld+json\" class=\"yoast-schema-graph\">{\"@context\":\"https:\/\/schema.org\",\"@graph\":[{\"@type\":\"WebPage\",\"@id\":\"https:\/\/bytowncatering.com\/fr\/lexperience-les-traiteurs-bytown-catering\/\",\"url\":\"https:\/\/bytowncatering.com\/fr\/lexperience-les-traiteurs-bytown-catering\/\",\"name\":\"L'Exp\u00e9rience les Traiteurs Bytown Catering | Traiteur Bytown\",\"isPartOf\":{\"@id\":\"https:\/\/bytowncatering.com\/fr\/#website\"},\"datePublished\":\"2019-04-25T16:12:22+00:00\",\"dateModified\":\"2019-11-12T18:48:47+00:00\",\"breadcrumb\":{\"@id\":\"https:\/\/bytowncatering.com\/fr\/lexperience-les-traiteurs-bytown-catering\/#breadcrumb\"},\"inLanguage\":\"en-US\",\"potentialAction\":[{\"@type\":\"ReadAction\",\"target\":[\"https:\/\/bytowncatering.com\/fr\/lexperience-les-traiteurs-bytown-catering\/\"]}]},{\"@type\":\"BreadcrumbList\",\"@id\":\"https:\/\/bytowncatering.com\/fr\/lexperience-les-traiteurs-bytown-catering\/#breadcrumb\",\"itemListElement\":[{\"@type\":\"ListItem\",\"position\":1,\"name\":\"Home\",\"item\":\"https:\/\/bytowncatering.com\/fr\/\"},{\"@type\":\"ListItem\",\"position\":2,\"name\":\"L&#8217;Exp\u00e9rience les Traiteurs Bytown Catering\"}]},{\"@type\":\"WebSite\",\"@id\":\"https:\/\/bytowncatering.com\/fr\/#website\",\"url\":\"https:\/\/bytowncatering.com\/fr\/\",\"name\":\"Bytown Catering\",\"description\":\"Nous Livrons des Repas Plein de Saveur\",\"potentialAction\":[{\"@type\":\"SearchAction\",\"target\":{\"@type\":\"EntryPoint\",\"urlTemplate\":\"https:\/\/bytowncatering.com\/fr\/?s={search_term_string}\"},\"query-input\":{\"@type\":\"PropertyValueSpecification\",\"valueRequired\":true,\"valueName\":\"search_term_string\"}}],\"inLanguage\":\"en-US\"}]}<\/script>\n<!-- \/ Yoast SEO plugin. -->","yoast_head_json":{"title":"L'Exp\u00e9rience les Traiteurs Bytown Catering | Traiteur Bytown","robots":{"index":"index","follow":"follow","max-snippet":"max-snippet:-1","max-image-preview":"max-image-preview:large","max-video-preview":"max-video-preview:-1"},"canonical":"https:\/\/bytowncatering.com\/fr\/lexperience-les-traiteurs-bytown-catering\/","og_locale":"en_US","og_type":"article","og_title":"L'Exp\u00e9rience les Traiteurs Bytown Catering | Traiteur Bytown","og_url":"https:\/\/bytowncatering.com\/fr\/lexperience-les-traiteurs-bytown-catering\/","og_site_name":"Traiteur Bytown","article_publisher":"https:\/\/www.facebook.com\/BytownCatering\/","article_modified_time":"2019-11-12T18:48:47+00:00","twitter_card":"summary_large_image","twitter_misc":{"Est. reading time":"7 minutes"},"schema":{"@context":"https:\/\/schema.org","@graph":[{"@type":"WebPage","@id":"https:\/\/bytowncatering.com\/fr\/lexperience-les-traiteurs-bytown-catering\/","url":"https:\/\/bytowncatering.com\/fr\/lexperience-les-traiteurs-bytown-catering\/","name":"L'Exp\u00e9rience les Traiteurs Bytown Catering | Traiteur Bytown","isPartOf":{"@id":"https:\/\/bytowncatering.com\/fr\/#website"},"datePublished":"2019-04-25T16:12:22+00:00","dateModified":"2019-11-12T18:48:47+00:00","breadcrumb":{"@id":"https:\/\/bytowncatering.com\/fr\/lexperience-les-traiteurs-bytown-catering\/#breadcrumb"},"inLanguage":"en-US","potentialAction":[{"@type":"ReadAction","target":["https:\/\/bytowncatering.com\/fr\/lexperience-les-traiteurs-bytown-catering\/"]}]},{"@type":"BreadcrumbList","@id":"https:\/\/bytowncatering.com\/fr\/lexperience-les-traiteurs-bytown-catering\/#breadcrumb","itemListElement":[{"@type":"ListItem","position":1,"name":"Home","item":"https:\/\/bytowncatering.com\/fr\/"},{"@type":"ListItem","position":2,"name":"L&#8217;Exp\u00e9rience les Traiteurs Bytown Catering"}]},{"@type":"WebSite","@id":"https:\/\/bytowncatering.com\/fr\/#website","url":"https:\/\/bytowncatering.com\/fr\/","name":"Bytown Catering","description":"Nous Livrons des Repas Plein de Saveur","potentialAction":[{"@type":"SearchAction","target":{"@type":"EntryPoint","urlTemplate":"https:\/\/bytowncatering.com\/fr\/?s={search_term_string}"},"query-input":{"@type":"PropertyValueSpecification","valueRequired":true,"valueName":"search_term_string"}}],"inLanguage":"en-US"}]}},"_links":{"self":[{"href":"https:\/\/bytowncatering.com\/fr\/wp-json\/wp\/v2\/pages\/1425","targetHints":{"allow":["GET"]}}],"collection":[{"href":"https:\/\/bytowncatering.com\/fr\/wp-json\/wp\/v2\/pages"}],"about":[{"href":"https:\/\/bytowncatering.com\/fr\/wp-json\/wp\/v2\/types\/page"}],"author":[{"embeddable":true,"href":"https:\/\/bytowncatering.com\/fr\/wp-json\/wp\/v2\/users\/1"}],"replies":[{"embeddable":true,"href":"https:\/\/bytowncatering.com\/fr\/wp-json\/wp\/v2\/comments?post=1425"}],"version-history":[{"count":17,"href":"https:\/\/bytowncatering.com\/fr\/wp-json\/wp\/v2\/pages\/1425\/revisions"}],"predecessor-version":[{"id":2097,"href":"https:\/\/bytowncatering.com\/fr\/wp-json\/wp\/v2\/pages\/1425\/revisions\/2097"}],"wp:attachment":[{"href":"https:\/\/bytowncatering.com\/fr\/wp-json\/wp\/v2\/media?parent=1425"}],"curies":[{"name":"wp","href":"https:\/\/api.w.org\/{rel}","templated":true}]}}