{"id":1462,"date":"2019-10-25T11:40:46","date_gmt":"2019-10-25T15:40:46","guid":{"rendered":"http:\/\/canadashop150.com\/?page_id=1462"},"modified":"2019-11-12T11:02:05","modified_gmt":"2019-11-12T16:02:05","slug":"cafeterias-et-services-de-restauration-sur-place","status":"publish","type":"page","link":"https:\/\/bytowncatering.com\/fr\/cafeterias-et-services-de-restauration-sur-place\/","title":{"rendered":"Caf\u00e9t\u00e9rias et Services de Restauration sur Place"},"content":{"rendered":"<p><div class=\"fusion-fullwidth fullwidth-box fusion-builder-row-1 nonhundred-percent-fullwidth non-hundred-percent-height-scrolling\" style=\"--awb-border-radius-top-left:0px;--awb-border-radius-top-right:0px;--awb-border-radius-bottom-right:0px;--awb-border-radius-bottom-left:0px;--awb-flex-wrap:wrap;\" ><div class=\"fusion-builder-row fusion-row\"><div class=\"fusion-layout-column fusion_builder_column fusion-builder-column-0 fusion_builder_column_1_1 1_1 fusion-one-full fusion-column-first fusion-column-last\" style=\"--awb-bg-size:cover;\"><div class=\"fusion-column-wrapper fusion-column-has-shadow fusion-flex-column-wrapper-legacy\"><div class=\"fusion-text fusion-text-1\"><h1>Caf\u00e9t\u00e9rias et Services de Restauration sur Place<\/h1>\n<\/div><div class=\"fusion-clearfix\"><\/div><\/div><\/div><div class=\"fusion-layout-column fusion_builder_column fusion-builder-column-1 fusion_builder_column_1_2 1_2 fusion-one-half fusion-column-first\" style=\"--awb-bg-size:cover;width:50%;width:calc(50% - ( ( 4% ) * 0.5 ) );margin-right: 4%;\"><div class=\"fusion-column-wrapper fusion-column-has-shadow fusion-flex-column-wrapper-legacy\"><div class=\"fusion-text fusion-text-2\"><p>Outre nos excellents services de traiteur, Les Traiteurs Bytown Catering exploite des points de restauration \u00e0 Ottawa, \u00e0 Morrisburg et dans l\u2019est de l\u2019Ontario. Nos programmes de services de restauration sont adapt\u00e9s au besoin de chaque site et comprennent des caf\u00e9t\u00e9rias (exploit\u00e9es sous le nom Saveur Express), des restaurants \u00e0 service complet, des services de traiteur pour salles de banquet et autres salles importantes, ainsi que des distributeurs automatiques. En 2019, nous avons ajout\u00e9 des points de restauration Queue de Castor \u00e0 deux de nos emplacements.<\/p>\n<\/div><div class=\"fusion-clearfix\"><\/div><\/div><\/div><div class=\"fusion-layout-column fusion_builder_column fusion-builder-column-2 fusion_builder_column_1_2 1_2 fusion-one-half fusion-column-last\" style=\"--awb-bg-size:cover;--awb-margin-bottom:0px;width:50%;width:calc(50% - ( ( 4% ) * 0.5 ) );\"><div class=\"fusion-column-wrapper fusion-column-has-shadow fusion-flex-column-wrapper-legacy\"><div class=\"fusion-image-element in-legacy-container\" style=\"--awb-caption-title-font-family:var(--h2_typography-font-family);--awb-caption-title-font-weight:var(--h2_typography-font-weight);--awb-caption-title-font-style:var(--h2_typography-font-style);--awb-caption-title-size:var(--h2_typography-font-size);--awb-caption-title-transform:var(--h2_typography-text-transform);--awb-caption-title-line-height:var(--h2_typography-line-height);--awb-caption-title-letter-spacing:var(--h2_typography-letter-spacing);\"><span class=\" fusion-imageframe imageframe-none imageframe-1 hover-type-none\"><img decoding=\"async\" width=\"357\" height=\"208\" alt=\"Savour Express \" title=\"SAVOUR-Express-logo\" src=\"https:\/\/bytowncatering.com\/fr\/wp-content\/uploads\/2019\/11\/SAVOUR-Express-logo.png\" class=\"img-responsive wp-image-2073\" srcset=\"https:\/\/bytowncatering.com\/fr\/wp-content\/uploads\/2019\/11\/SAVOUR-Express-logo-200x117.png 200w, https:\/\/bytowncatering.com\/fr\/wp-content\/uploads\/2019\/11\/SAVOUR-Express-logo.png 357w\" sizes=\"(max-width: 800px) 100vw, 357px\" \/><\/span><\/div><div class=\"fusion-clearfix\"><\/div><\/div><\/div><div class=\"fusion-layout-column fusion_builder_column fusion-builder-column-3 fusion_builder_column_1_1 1_1 fusion-one-full fusion-column-first fusion-column-last\" style=\"--awb-bg-size:cover;\"><div class=\"fusion-column-wrapper fusion-column-has-shadow fusion-flex-column-wrapper-legacy\"><div class=\"fusion-text fusion-text-3\"><p>Qu\u2019il soit question de quelques-unes des principales destinations touristiques de la r\u00e9gion, dont Upper Canada Village et Fort Henry, ou de petites caf\u00e9t\u00e9rias en milieu de travail, nous pouvons trouver une solution adapt\u00e9e \u00e0 vos besoins. M\u00eame si chaque endroit est unique, nous avons \u00e9labor\u00e9 des programmes de services de restauration couronn\u00e9s de succ\u00e8s express\u00e9ment con\u00e7u pour des terrains de golf, des mus\u00e9es, des caf\u00e9t\u00e9rias, de petits caf\u00e9s, des services de restauration \u00e9loign\u00e9s et des programmes de repas quotidiens (p. ex. con\u00e7us pour les r\u00e9sidences) que nous pouvons amener jusqu\u2019\u00e0 vous.<\/p>\n<\/div><div class=\"fusion-clearfix\"><\/div><\/div><\/div><\/div><\/div><div class=\"fusion-fullwidth fullwidth-box fusion-builder-row-2 nonhundred-percent-fullwidth non-hundred-percent-height-scrolling\" style=\"--awb-border-radius-top-left:0px;--awb-border-radius-top-right:0px;--awb-border-radius-bottom-right:0px;--awb-border-radius-bottom-left:0px;--awb-flex-wrap:wrap;\" ><div class=\"fusion-builder-row fusion-row\"><div class=\"fusion-layout-column fusion_builder_column fusion-builder-column-4 fusion_builder_column_1_1 1_1 fusion-one-full fusion-column-first fusion-column-last\" style=\"--awb-bg-size:cover;\"><div class=\"fusion-column-wrapper fusion-column-has-shadow fusion-flex-column-wrapper-legacy\"><div class=\"fusion-text fusion-text-4\"><p>L\u2019exploitation de nos points de restauration mise sur des repas et collations de grande qualit\u00e9 qui contiennent les meilleurs ingr\u00e9dients et produits. Voici quelques faits saillants de nos programmes de services de restauration :<\/p>\n<ul>\n<li>Un menu cibl\u00e9, pr\u00e9par\u00e9 \u00e0 partir de soupes, de sauces, d\u2019entr\u00e9es et de desserts pr\u00e9par\u00e9s maison.<\/li>\n<li>Des s\u00e9lections et des recettes de services de traiteur de qualit\u00e9.<\/li>\n<li>Des repas et des collations cuisin\u00e9s et cuits sur place, avec une certaine pr\u00e9paration et mise en place dans notre commissariat. Cela offre le meilleur des deux mondes, car cela nous permet d\u2019accro\u00eetre notre offre de produit et d\u2019assurer la qualit\u00e9 de nos produits, tout en lib\u00e9rant le personnel sur place pour qu\u2019il puisse mettre toute son \u00e9nergie \u00e0 offrir un excellent service \u00e0 la client\u00e8le.<\/li>\n<li>La planification, le leadership et l\u2019ex\u00e9cution de services de restauration par des chefs professionnels, des desserts frais pr\u00e9par\u00e9s par notre chef p\u00e2tissier et une chambre froide pour la pr\u00e9paration de notre gamme de sandwiches, de salade et de collations \u00e0 emporter.<\/li>\n<li>Le soutien du commissariat et du si\u00e8ge social, avec une entreprise en d\u00e9marrage et la supervision assur\u00e9e par notre pr\u00e9sident et chef ex\u00e9cutif.<\/li>\n<li>Un contr\u00f4le et une gestion avanc\u00e9s des stocks.<\/li>\n<\/ul>\n<p>Si vous cherchez un exploitant pour votre lieu de travail ou encore un point de restauration au d\u00e9tail, \u00e9crivez-nous aujourd\u2019hui \u00e0 <a href=\"mailto:sales@bytowncatering.com\">sales@bytowncatering.com<\/a> pour obtenir de plus amples renseignements sur notre exp\u00e9rience et les services que nous offrons dans le domaine.<\/p>\n<\/div><div class=\"fusion-clearfix\"><\/div><\/div><\/div><\/div><\/div><\/p>\n","protected":false},"excerpt":{"rendered":"","protected":false},"author":1,"featured_media":0,"parent":0,"menu_order":0,"comment_status":"closed","ping_status":"closed","template":"","meta":{"footnotes":""},"class_list":["post-1462","page","type-page","status-publish","hentry"],"yoast_head":"<!-- This site is optimized with the Yoast SEO plugin v27.0 - https:\/\/yoast.com\/product\/yoast-seo-wordpress\/ -->\n<title>Caf\u00e9t\u00e9rias et Services de Restauration sur Place | Traiteur Bytown<\/title>\n<meta name=\"robots\" content=\"index, follow, max-snippet:-1, max-image-preview:large, max-video-preview:-1\" \/>\n<link rel=\"canonical\" href=\"https:\/\/bytowncatering.com\/fr\/cafeterias-et-services-de-restauration-sur-place\/\" \/>\n<meta property=\"og:locale\" content=\"en_US\" \/>\n<meta property=\"og:type\" content=\"article\" \/>\n<meta property=\"og:title\" content=\"Caf\u00e9t\u00e9rias et Services de Restauration sur Place | Traiteur Bytown\" \/>\n<meta property=\"og:url\" content=\"https:\/\/bytowncatering.com\/fr\/cafeterias-et-services-de-restauration-sur-place\/\" \/>\n<meta property=\"og:site_name\" content=\"Traiteur Bytown\" \/>\n<meta property=\"article:publisher\" content=\"https:\/\/www.facebook.com\/BytownCatering\/\" \/>\n<meta property=\"article:modified_time\" content=\"2019-11-12T16:02:05+00:00\" \/>\n<meta name=\"twitter:card\" content=\"summary_large_image\" \/>\n<meta name=\"twitter:label1\" content=\"Est. reading time\" \/>\n\t<meta name=\"twitter:data1\" content=\"7 minutes\" \/>\n<script type=\"application\/ld+json\" class=\"yoast-schema-graph\">{\"@context\":\"https:\/\/schema.org\",\"@graph\":[{\"@type\":\"WebPage\",\"@id\":\"https:\/\/bytowncatering.com\/fr\/cafeterias-et-services-de-restauration-sur-place\/\",\"url\":\"https:\/\/bytowncatering.com\/fr\/cafeterias-et-services-de-restauration-sur-place\/\",\"name\":\"Caf\u00e9t\u00e9rias et Services de Restauration sur Place | Traiteur Bytown\",\"isPartOf\":{\"@id\":\"https:\/\/bytowncatering.com\/fr\/#website\"},\"datePublished\":\"2019-10-25T15:40:46+00:00\",\"dateModified\":\"2019-11-12T16:02:05+00:00\",\"breadcrumb\":{\"@id\":\"https:\/\/bytowncatering.com\/fr\/cafeterias-et-services-de-restauration-sur-place\/#breadcrumb\"},\"inLanguage\":\"en-US\",\"potentialAction\":[{\"@type\":\"ReadAction\",\"target\":[\"https:\/\/bytowncatering.com\/fr\/cafeterias-et-services-de-restauration-sur-place\/\"]}]},{\"@type\":\"BreadcrumbList\",\"@id\":\"https:\/\/bytowncatering.com\/fr\/cafeterias-et-services-de-restauration-sur-place\/#breadcrumb\",\"itemListElement\":[{\"@type\":\"ListItem\",\"position\":1,\"name\":\"Home\",\"item\":\"https:\/\/bytowncatering.com\/fr\/\"},{\"@type\":\"ListItem\",\"position\":2,\"name\":\"Caf\u00e9t\u00e9rias et Services de Restauration sur Place\"}]},{\"@type\":\"WebSite\",\"@id\":\"https:\/\/bytowncatering.com\/fr\/#website\",\"url\":\"https:\/\/bytowncatering.com\/fr\/\",\"name\":\"Bytown Catering\",\"description\":\"Nous Livrons des Repas Plein de Saveur\",\"potentialAction\":[{\"@type\":\"SearchAction\",\"target\":{\"@type\":\"EntryPoint\",\"urlTemplate\":\"https:\/\/bytowncatering.com\/fr\/?s={search_term_string}\"},\"query-input\":{\"@type\":\"PropertyValueSpecification\",\"valueRequired\":true,\"valueName\":\"search_term_string\"}}],\"inLanguage\":\"en-US\"}]}<\/script>\n<!-- \/ Yoast SEO plugin. -->","yoast_head_json":{"title":"Caf\u00e9t\u00e9rias et Services de Restauration sur Place | Traiteur Bytown","robots":{"index":"index","follow":"follow","max-snippet":"max-snippet:-1","max-image-preview":"max-image-preview:large","max-video-preview":"max-video-preview:-1"},"canonical":"https:\/\/bytowncatering.com\/fr\/cafeterias-et-services-de-restauration-sur-place\/","og_locale":"en_US","og_type":"article","og_title":"Caf\u00e9t\u00e9rias et Services de Restauration sur Place | Traiteur Bytown","og_url":"https:\/\/bytowncatering.com\/fr\/cafeterias-et-services-de-restauration-sur-place\/","og_site_name":"Traiteur Bytown","article_publisher":"https:\/\/www.facebook.com\/BytownCatering\/","article_modified_time":"2019-11-12T16:02:05+00:00","twitter_card":"summary_large_image","twitter_misc":{"Est. reading time":"7 minutes"},"schema":{"@context":"https:\/\/schema.org","@graph":[{"@type":"WebPage","@id":"https:\/\/bytowncatering.com\/fr\/cafeterias-et-services-de-restauration-sur-place\/","url":"https:\/\/bytowncatering.com\/fr\/cafeterias-et-services-de-restauration-sur-place\/","name":"Caf\u00e9t\u00e9rias et Services de Restauration sur Place | Traiteur Bytown","isPartOf":{"@id":"https:\/\/bytowncatering.com\/fr\/#website"},"datePublished":"2019-10-25T15:40:46+00:00","dateModified":"2019-11-12T16:02:05+00:00","breadcrumb":{"@id":"https:\/\/bytowncatering.com\/fr\/cafeterias-et-services-de-restauration-sur-place\/#breadcrumb"},"inLanguage":"en-US","potentialAction":[{"@type":"ReadAction","target":["https:\/\/bytowncatering.com\/fr\/cafeterias-et-services-de-restauration-sur-place\/"]}]},{"@type":"BreadcrumbList","@id":"https:\/\/bytowncatering.com\/fr\/cafeterias-et-services-de-restauration-sur-place\/#breadcrumb","itemListElement":[{"@type":"ListItem","position":1,"name":"Home","item":"https:\/\/bytowncatering.com\/fr\/"},{"@type":"ListItem","position":2,"name":"Caf\u00e9t\u00e9rias et Services de Restauration sur Place"}]},{"@type":"WebSite","@id":"https:\/\/bytowncatering.com\/fr\/#website","url":"https:\/\/bytowncatering.com\/fr\/","name":"Bytown Catering","description":"Nous Livrons des Repas Plein de Saveur","potentialAction":[{"@type":"SearchAction","target":{"@type":"EntryPoint","urlTemplate":"https:\/\/bytowncatering.com\/fr\/?s={search_term_string}"},"query-input":{"@type":"PropertyValueSpecification","valueRequired":true,"valueName":"search_term_string"}}],"inLanguage":"en-US"}]}},"_links":{"self":[{"href":"https:\/\/bytowncatering.com\/fr\/wp-json\/wp\/v2\/pages\/1462","targetHints":{"allow":["GET"]}}],"collection":[{"href":"https:\/\/bytowncatering.com\/fr\/wp-json\/wp\/v2\/pages"}],"about":[{"href":"https:\/\/bytowncatering.com\/fr\/wp-json\/wp\/v2\/types\/page"}],"author":[{"embeddable":true,"href":"https:\/\/bytowncatering.com\/fr\/wp-json\/wp\/v2\/users\/1"}],"replies":[{"embeddable":true,"href":"https:\/\/bytowncatering.com\/fr\/wp-json\/wp\/v2\/comments?post=1462"}],"version-history":[{"count":10,"href":"https:\/\/bytowncatering.com\/fr\/wp-json\/wp\/v2\/pages\/1462\/revisions"}],"predecessor-version":[{"id":2078,"href":"https:\/\/bytowncatering.com\/fr\/wp-json\/wp\/v2\/pages\/1462\/revisions\/2078"}],"wp:attachment":[{"href":"https:\/\/bytowncatering.com\/fr\/wp-json\/wp\/v2\/media?parent=1462"}],"curies":[{"name":"wp","href":"https:\/\/api.w.org\/{rel}","templated":true}]}}