{"id":1499,"date":"2019-10-27T16:12:39","date_gmt":"2019-10-27T20:12:39","guid":{"rendered":"http:\/\/canadashop150.com\/?page_id=1499"},"modified":"2019-11-09T20:24:47","modified_gmt":"2019-11-10T01:24:47","slug":"vente-en-gros-et-conditionnement-a-forfait","status":"publish","type":"page","link":"https:\/\/bytowncatering.com\/fr\/vente-en-gros-et-conditionnement-a-forfait\/","title":{"rendered":"Vente en Gros et Conditionnement \u00e0 Forfait"},"content":{"rendered":"<p><div class=\"fusion-fullwidth fullwidth-box fusion-builder-row-1 nonhundred-percent-fullwidth non-hundred-percent-height-scrolling\" style=\"--awb-background-position:left top;--awb-background-repeat:repeat-y;--awb-border-radius-top-left:0px;--awb-border-radius-top-right:0px;--awb-border-radius-bottom-right:0px;--awb-border-radius-bottom-left:0px;--awb-flex-wrap:wrap;\" ><div class=\"fusion-builder-row fusion-row\"><div class=\"fusion-layout-column fusion_builder_column fusion-builder-column-0 fusion_builder_column_1_1 1_1 fusion-one-full fusion-column-first fusion-column-last\" style=\"--awb-bg-size:cover;\"><div class=\"fusion-column-wrapper fusion-column-has-shadow fusion-flex-column-wrapper-legacy\"><div class=\"fusion-text fusion-text-1\"><h1>Vente en Gros et Conditionnement \u00e0 Forfait<\/h1>\n<\/div><div class=\"fusion-clearfix\"><\/div><\/div><\/div><div class=\"fusion-layout-column fusion_builder_column fusion-builder-column-1 fusion_builder_column_3_5 3_5 fusion-three-fifth fusion-column-first\" style=\"--awb-bg-size:cover;width:60%;width:calc(60% - ( ( 4% ) * 0.6 ) );margin-right: 4%;\"><div class=\"fusion-column-wrapper fusion-column-has-shadow fusion-flex-column-wrapper-legacy\"><div class=\"fusion-text fusion-text-2\"><p>\u00cates-vous un fournisseur de services de restauration ou un d\u00e9taillant \u00e0 la recherche d\u2019options en vue d\u2019am\u00e9liorer vos activit\u00e9s g\u00e9n\u00e9rales et vos profits? \u00cates-vous submerg\u00e9 par la demande pendant les p\u00e9riodes de pointe? Trouvez-vous que vos emplacements \u00e9loign\u00e9s ne maintiennent pas le niveau de qualit\u00e9 ou de service \u00e0 la client\u00e8le auxquels s\u2019attendent vos clients?<\/p>\n<p>Laissez Les Traiteurs Bytown Catering r\u00e9pondre \u00e0 vos besoins de production en mati\u00e8re de services de restauration. Nous disposons de la marge de man\u0153uvre pour g\u00e9rer les grands et les petits volumes de production. Nos capacit\u00e9s comprennent des options de repas chauds (repas chauds, congel\u00e9s ou pr\u00e9cuits emball\u00e9s) ainsi que des produits froids pr\u00e9par\u00e9s et emball\u00e9s. Nos installations de production peuvent r\u00e9pondre aux besoins de production quotidienne et saisonni\u00e8re pour le compte d\u2019une gamme de clients \u0153uvrant dans l\u2019industrie des services de restauration, incluant des exploitants de caf\u00e9t\u00e9rias nationaux et des cha\u00eenes, ainsi que des \u00e9piceries et d\u2019autres d\u00e9taillants.<\/p>\n<p>Gr\u00e2ce \u00e0 notre vaste commissariat et \u00e0 notre infrastructure de livraison, nous disposons d\u2019une solution de production pouvant satisfaire \u00e0 vos besoins. Voici quelques unes des principales caract\u00e9ristiques de nos installations :<\/p>\n<ul>\n<li>Une superficie de 14\u2009000 pieds carr\u00e9s comprenant 9\u2009000 pieds carr\u00e9s pour la pr\u00e9paration des aliments, l\u2019entreposage et de locaux pour cuisiner, et 5\u2009000 pieds carr\u00e9s de locaux \u00e0 bureaux. Nous poss\u00e9dons une superficie de 6\u2009000 pieds carr\u00e9s suppl\u00e9mentaires aux fins d\u2019une expansion future.<\/li>\n<li>Une chambre froide sp\u00e9cialis\u00e9e pour la production de produits alimentaires congel\u00e9s (voir les d\u00e9tails ci dessous).<\/li>\n<li>Des cam\u00e9ras sont install\u00e9es dans les installations d\u2019entreposage pour surveiller les vols, la violation \u00e9ventuelle de produits, de m\u00eame que pour veiller \u00e0 ce que rien ne soit mal entrepos\u00e9.<\/li>\n<li>Chaque zone r\u00e9frig\u00e9r\u00e9e, y compris la salle de pr\u00e9paration froide, est dot\u00e9e de capteurs de temp\u00e9rature connect\u00e9s \u00e0 notre syst\u00e8me d\u2019alarme et supervis\u00e9s en tout temps. Des alarmes de porte sont \u00e9galement en place et sont arm\u00e9es en m\u00eame temps que le syst\u00e8me.<\/li>\n<li>Un refroidisseur \u00e0 courant d\u2019air permet d\u2019am\u00e9liorer notre m\u00e9thode de refroidissement des aliments afin de r\u00e9duire au minimum le temps auquel ils demeurent dans des zones de temp\u00e9rature dangereuses.<\/li>\n<li>Un cong\u00e9lateur de 1\u2009000 pieds carr\u00e9s install\u00e9 r\u00e9cemment nous permet de passer des commandes directement aupr\u00e8s de fabricants en vrac, et ce, \u00e0 des tarifs consid\u00e9rablement r\u00e9duits. Cela nous permet \u00e9galement de conserver des stocks exc\u00e9dentaires afin de r\u00e9pondre \u00e0 des commandes importantes inattendues dans de courts d\u00e9lais ou lorsqu\u2019une situation d\u2019urgence est d\u00e9clar\u00e9e.<\/li>\n<li>Un syst\u00e8me avanc\u00e9 de codes \u00e0 barres et de gestion des stocks nous transmet des renseignements en temps r\u00e9els sur nos niveaux de stocks dans l\u2019ensemble des aires d\u2019entreposage.<\/li>\n<li>Un parc de 12 v\u00e9hicules r\u00e9frig\u00e9r\u00e9s permettant d\u2019assurer la salubrit\u00e9 de tous les produits alimentaires pendant le transport. Les v\u00e9hicules de notre parc sont suivis par GPS, y compris la surveillance de toutes les unit\u00e9s r\u00e9frig\u00e9r\u00e9es pour veiller \u00e0 ce que la temp\u00e9rature demeure entre 2 et 4 degr\u00e9s Celsius.<\/li>\n<li>Une cuisine mobile autonome<\/li>\n<li>Une g\u00e9n\u00e9ratrice auxiliaire au gaz naturel qui nous permettra de fonctionner au maximum de notre capacit\u00e9 pendant une p\u00e9riode de temps ind\u00e9termin\u00e9e dans l\u2019\u00e9ventualit\u00e9 d\u2019une panne d\u2019\u00e9lectricit\u00e9 dans l\u2019installation (voire dans toute la ville)<\/li>\n<\/ul>\n<p>Nous nous sommes pr\u00e9par\u00e9s au processus de certification en Bonnes pratiques de fabrication (BPF) de SGS Systems &amp; Certifications Canada et avons obtenu cette certification. La norme BPF est une norme de qualit\u00e9 express\u00e9ment con\u00e7ue pour l\u2019industrie des services de restauration et permet de veiller \u00e0 ce que les pratiques de fabrication et les pr\u00e9alables n\u00e9cessaires pour la mise en \u0153uvre d\u2019un programme de salubrit\u00e9 alimentaire fond\u00e9 l\u2019analyse des risques aux points critiques (HACCP) soient respect\u00e9s. Dans le cadre du programme de BPF, nous avons \u00e9labor\u00e9 un programme de salubrit\u00e9 alimentaire exhaustif qui porte sur tous les aspects de nos op\u00e9rations. Lorsque nous avons fait l\u2019objet d\u2019un audit de la part de SGS, notre programme a obtenu la cote \u00ab Excellent \u00bb (97,5 %).<\/p>\n<p>Veuillez nous \u00e9crire \u00e0 <a href=\"mailto:sales@bytowncatering.com\">sales@bytowncatering.com<\/a> si vous avez des questions \u00e0 propos de nos services de vente en gros ou de conditionnement \u00e0 forfait.<\/p>\n<\/div><div class=\"fusion-clearfix\"><\/div><\/div><\/div><div class=\"fusion-layout-column fusion_builder_column fusion-builder-column-2 fusion_builder_column_2_5 2_5 fusion-two-fifth fusion-column-last\" style=\"--awb-padding-top:20px;--awb-padding-right:20px;--awb-padding-bottom:20px;--awb-padding-left:20px;--awb-overflow:hidden;--awb-bg-color:rgba(122,188,71,0.25);--awb-bg-color-hover:rgba(122,188,71,0.25);--awb-bg-size:cover;--awb-border-radius:20px 0px 20px 0px;width:40%;width:calc(40% - ( ( 4% ) * 0.4 ) );\"><div class=\"fusion-column-wrapper fusion-column-has-shadow fusion-flex-column-wrapper-legacy\"><div class=\"fusion-text fusion-text-3\"><h2><strong>Salle de pr\u00e9paration froide et \u00e9quipement de productivit\u00e9<\/strong><\/h2>\n<p>\u00c9l\u00e9ment essentiel de nos services de vente en gros, notre salle de pr\u00e9paration froide de 1\u2009000 pieds carr\u00e9s permet d\u2019accueillir jusqu\u2019\u00e0 20 personnes pour pr\u00e9parer des articles froids comme des sandwiches, des salades et d\u2019autres articles, ce qui permet de nous assurer que les aliments demeurent toujours \u00e0 des temp\u00e9ratures salubres. Les faits saillants de notre salle de production comprennent ce qui suit :<\/p>\n<ul>\n<li>Des capteurs de temp\u00e9rature surveill\u00e9s par notre syst\u00e8me d\u2019alarme 24 heures sur 24, 7 jours sur 7 pour assurer une temp\u00e9rature de production salubre, et ce, en tout temps. M\u00eame si le taux d\u2019humidit\u00e9 n\u2019a jamais \u00e9t\u00e9 un probl\u00e8me, nous pouvons \u00e9galement ajouter une alarme d\u2019humidit\u00e9.<\/li>\n<li>Une salle d\u2019entreposage froide adjacente qui permet aux employ\u00e9s d\u2019aller et venir entre la salle de production et la salle d\u2019entreposage sans les fluctuations de temp\u00e9rature imputables \u00e0 l\u2019ouverture de portes sur des zones non r\u00e9frig\u00e9r\u00e9es.<\/li>\n<li>En plus des tables et des \u00e9tag\u00e8res standards en acier inoxydable, l\u2019\u00e9quipement de production comprend :<br \/>\n-Un syst\u00e8me de convoyeur \u00e0 courroie facilitant la production de sandwiches et de bo\u00eetes \u00e0 lunch.<br \/>\n-Une remplisseuse universelle pour la distribution automatis\u00e9e de quantit\u00e9s uniformes de pr\u00e9paration pour sandwiches (ou de trempettes ou\u00a0 d\u2019autres liquides) dans une ligne de production.<\/li>\n<\/ul>\n<p>Nous pouvons proc\u00e9der \u00e0 l\u2019achat et \u00e0 l\u2019installation d\u2019un \u00e9quipement suppl\u00e9mentaire afin de r\u00e9pondre \u00e0 des programmes et \u00e0 des besoins particuliers.<\/p>\n<\/div><div class=\"fusion-clearfix\"><\/div><\/div><\/div><\/div><\/div><div class=\"fusion-fullwidth fullwidth-box fusion-builder-row-2 nonhundred-percent-fullwidth non-hundred-percent-height-scrolling\" style=\"--awb-background-position:left center;--awb-border-radius-top-left:0px;--awb-border-radius-top-right:0px;--awb-border-radius-bottom-right:0px;--awb-border-radius-bottom-left:0px;--awb-flex-wrap:wrap;\" ><div class=\"fusion-builder-row fusion-row\"><div class=\"fusion-layout-column fusion_builder_column fusion-builder-column-3 fusion_builder_column_1_1 1_1 fusion-one-full fusion-column-first fusion-column-last\" style=\"--awb-bg-size:cover;\"><div class=\"fusion-column-wrapper fusion-column-has-shadow fusion-flex-column-wrapper-legacy\"><div class=\"fusion-column-content-centered\"><div class=\"fusion-column-content\"><div class=\"fusion-image-element fusion-image-align-center in-legacy-container\" style=\"text-align:center;--awb-caption-title-font-family:var(--h2_typography-font-family);--awb-caption-title-font-weight:var(--h2_typography-font-weight);--awb-caption-title-font-style:var(--h2_typography-font-style);--awb-caption-title-size:var(--h2_typography-font-size);--awb-caption-title-transform:var(--h2_typography-text-transform);--awb-caption-title-line-height:var(--h2_typography-line-height);--awb-caption-title-letter-spacing:var(--h2_typography-letter-spacing);\"><div class=\"imageframe-align-center\"><span class=\" fusion-imageframe imageframe-none imageframe-1 hover-type-none\"><img decoding=\"async\" width=\"680\" height=\"52\" alt=\"menu_seperator\" title=\"Bytown-Catering-seperator-icon\" src=\"https:\/\/bytowncatering.com\/wp-content\/uploads\/2019\/04\/Bytown-Catering-seperator-icon.png\" class=\"img-responsive wp-image-435\" srcset=\"https:\/\/bytowncatering.com\/fr\/wp-content\/uploads\/2019\/04\/Bytown-Catering-seperator-icon-200x15.png 200w, https:\/\/bytowncatering.com\/fr\/wp-content\/uploads\/2019\/04\/Bytown-Catering-seperator-icon-400x31.png 400w, https:\/\/bytowncatering.com\/fr\/wp-content\/uploads\/2019\/04\/Bytown-Catering-seperator-icon-600x46.png 600w, https:\/\/bytowncatering.com\/fr\/wp-content\/uploads\/2019\/04\/Bytown-Catering-seperator-icon.png 680w\" sizes=\"(max-width: 800px) 100vw, 680px\" \/><\/span><\/div><\/div><\/div><\/div><div class=\"fusion-clearfix\"><\/div><\/div><\/div><\/div><\/div><\/p>\n","protected":false},"excerpt":{"rendered":"","protected":false},"author":1,"featured_media":0,"parent":0,"menu_order":0,"comment_status":"closed","ping_status":"closed","template":"","meta":{"footnotes":""},"class_list":["post-1499","page","type-page","status-publish","hentry"],"yoast_head":"<!-- This site is optimized with the Yoast SEO plugin v27.6 - https:\/\/yoast.com\/product\/yoast-seo-wordpress\/ -->\n<title>Wholesale and Co-Packing<\/title>\n<meta name=\"robots\" content=\"index, follow, max-snippet:-1, max-image-preview:large, max-video-preview:-1\" \/>\n<link rel=\"canonical\" href=\"https:\/\/bytowncatering.com\/fr\/vente-en-gros-et-conditionnement-a-forfait\/\" \/>\n<meta property=\"og:locale\" content=\"en_US\" \/>\n<meta property=\"og:type\" content=\"article\" \/>\n<meta property=\"og:title\" content=\"Wholesale and Co-Packing\" \/>\n<meta property=\"og:url\" content=\"https:\/\/bytowncatering.com\/fr\/vente-en-gros-et-conditionnement-a-forfait\/\" \/>\n<meta property=\"og:site_name\" content=\"Traiteur Bytown\" \/>\n<meta property=\"article:publisher\" content=\"https:\/\/www.facebook.com\/BytownCatering\/\" \/>\n<meta property=\"article:modified_time\" content=\"2019-11-10T01:24:47+00:00\" \/>\n<meta name=\"twitter:card\" content=\"summary_large_image\" \/>\n<meta name=\"twitter:label1\" content=\"Est. reading time\" \/>\n\t<meta name=\"twitter:data1\" content=\"10 minutes\" \/>\n<script type=\"application\/ld+json\" class=\"yoast-schema-graph\">{\"@context\":\"https:\\\/\\\/schema.org\",\"@graph\":[{\"@type\":\"WebPage\",\"@id\":\"https:\\\/\\\/bytowncatering.com\\\/fr\\\/vente-en-gros-et-conditionnement-a-forfait\\\/\",\"url\":\"https:\\\/\\\/bytowncatering.com\\\/fr\\\/vente-en-gros-et-conditionnement-a-forfait\\\/\",\"name\":\"Wholesale and Co-Packing\",\"isPartOf\":{\"@id\":\"https:\\\/\\\/bytowncatering.com\\\/fr\\\/#website\"},\"datePublished\":\"2019-10-27T20:12:39+00:00\",\"dateModified\":\"2019-11-10T01:24:47+00:00\",\"breadcrumb\":{\"@id\":\"https:\\\/\\\/bytowncatering.com\\\/fr\\\/vente-en-gros-et-conditionnement-a-forfait\\\/#breadcrumb\"},\"inLanguage\":\"en-US\",\"potentialAction\":[{\"@type\":\"ReadAction\",\"target\":[\"https:\\\/\\\/bytowncatering.com\\\/fr\\\/vente-en-gros-et-conditionnement-a-forfait\\\/\"]}]},{\"@type\":\"BreadcrumbList\",\"@id\":\"https:\\\/\\\/bytowncatering.com\\\/fr\\\/vente-en-gros-et-conditionnement-a-forfait\\\/#breadcrumb\",\"itemListElement\":[{\"@type\":\"ListItem\",\"position\":1,\"name\":\"Home\",\"item\":\"https:\\\/\\\/bytowncatering.com\\\/fr\\\/\"},{\"@type\":\"ListItem\",\"position\":2,\"name\":\"Vente en Gros et Conditionnement \u00e0 Forfait\"}]},{\"@type\":\"WebSite\",\"@id\":\"https:\\\/\\\/bytowncatering.com\\\/fr\\\/#website\",\"url\":\"https:\\\/\\\/bytowncatering.com\\\/fr\\\/\",\"name\":\"Bytown Catering\",\"description\":\"Nous Livrons des Repas Plein de Saveur\",\"potentialAction\":[{\"@type\":\"SearchAction\",\"target\":{\"@type\":\"EntryPoint\",\"urlTemplate\":\"https:\\\/\\\/bytowncatering.com\\\/fr\\\/?s={search_term_string}\"},\"query-input\":{\"@type\":\"PropertyValueSpecification\",\"valueRequired\":true,\"valueName\":\"search_term_string\"}}],\"inLanguage\":\"en-US\"}]}<\/script>\n<!-- \/ Yoast SEO plugin. -->","yoast_head_json":{"title":"Wholesale and Co-Packing","robots":{"index":"index","follow":"follow","max-snippet":"max-snippet:-1","max-image-preview":"max-image-preview:large","max-video-preview":"max-video-preview:-1"},"canonical":"https:\/\/bytowncatering.com\/fr\/vente-en-gros-et-conditionnement-a-forfait\/","og_locale":"en_US","og_type":"article","og_title":"Wholesale and Co-Packing","og_url":"https:\/\/bytowncatering.com\/fr\/vente-en-gros-et-conditionnement-a-forfait\/","og_site_name":"Traiteur Bytown","article_publisher":"https:\/\/www.facebook.com\/BytownCatering\/","article_modified_time":"2019-11-10T01:24:47+00:00","twitter_card":"summary_large_image","twitter_misc":{"Est. reading time":"10 minutes"},"schema":{"@context":"https:\/\/schema.org","@graph":[{"@type":"WebPage","@id":"https:\/\/bytowncatering.com\/fr\/vente-en-gros-et-conditionnement-a-forfait\/","url":"https:\/\/bytowncatering.com\/fr\/vente-en-gros-et-conditionnement-a-forfait\/","name":"Wholesale and Co-Packing","isPartOf":{"@id":"https:\/\/bytowncatering.com\/fr\/#website"},"datePublished":"2019-10-27T20:12:39+00:00","dateModified":"2019-11-10T01:24:47+00:00","breadcrumb":{"@id":"https:\/\/bytowncatering.com\/fr\/vente-en-gros-et-conditionnement-a-forfait\/#breadcrumb"},"inLanguage":"en-US","potentialAction":[{"@type":"ReadAction","target":["https:\/\/bytowncatering.com\/fr\/vente-en-gros-et-conditionnement-a-forfait\/"]}]},{"@type":"BreadcrumbList","@id":"https:\/\/bytowncatering.com\/fr\/vente-en-gros-et-conditionnement-a-forfait\/#breadcrumb","itemListElement":[{"@type":"ListItem","position":1,"name":"Home","item":"https:\/\/bytowncatering.com\/fr\/"},{"@type":"ListItem","position":2,"name":"Vente en Gros et Conditionnement \u00e0 Forfait"}]},{"@type":"WebSite","@id":"https:\/\/bytowncatering.com\/fr\/#website","url":"https:\/\/bytowncatering.com\/fr\/","name":"Bytown Catering","description":"Nous Livrons des Repas Plein de Saveur","potentialAction":[{"@type":"SearchAction","target":{"@type":"EntryPoint","urlTemplate":"https:\/\/bytowncatering.com\/fr\/?s={search_term_string}"},"query-input":{"@type":"PropertyValueSpecification","valueRequired":true,"valueName":"search_term_string"}}],"inLanguage":"en-US"}]}},"_links":{"self":[{"href":"https:\/\/bytowncatering.com\/fr\/wp-json\/wp\/v2\/pages\/1499","targetHints":{"allow":["GET"]}}],"collection":[{"href":"https:\/\/bytowncatering.com\/fr\/wp-json\/wp\/v2\/pages"}],"about":[{"href":"https:\/\/bytowncatering.com\/fr\/wp-json\/wp\/v2\/types\/page"}],"author":[{"embeddable":true,"href":"https:\/\/bytowncatering.com\/fr\/wp-json\/wp\/v2\/users\/1"}],"replies":[{"embeddable":true,"href":"https:\/\/bytowncatering.com\/fr\/wp-json\/wp\/v2\/comments?post=1499"}],"version-history":[{"count":15,"href":"https:\/\/bytowncatering.com\/fr\/wp-json\/wp\/v2\/pages\/1499\/revisions"}],"predecessor-version":[{"id":1946,"href":"https:\/\/bytowncatering.com\/fr\/wp-json\/wp\/v2\/pages\/1499\/revisions\/1946"}],"wp:attachment":[{"href":"https:\/\/bytowncatering.com\/fr\/wp-json\/wp\/v2\/media?parent=1499"}],"curies":[{"name":"wp","href":"https:\/\/api.w.org\/{rel}","templated":true}]}}