{"id":1538,"date":"2019-10-27T17:49:35","date_gmt":"2019-10-27T21:49:35","guid":{"rendered":"http:\/\/canadashop150.com\/?page_id=1538"},"modified":"2022-04-18T20:42:50","modified_gmt":"2022-04-19T00:42:50","slug":"autres-lieux","status":"publish","type":"page","link":"https:\/\/bytowncatering.com\/fr\/autres-lieux\/","title":{"rendered":"Autres Lieux"},"content":{"rendered":"<p><div class=\"fusion-fullwidth fullwidth-box fusion-builder-row-1 nonhundred-percent-fullwidth non-hundred-percent-height-scrolling\" style=\"--awb-background-position:left top;--awb-background-repeat:repeat-y;--awb-border-radius-top-left:0px;--awb-border-radius-top-right:0px;--awb-border-radius-bottom-right:0px;--awb-border-radius-bottom-left:0px;--awb-flex-wrap:wrap;\" ><div class=\"fusion-builder-row fusion-row\"><div class=\"fusion-layout-column fusion_builder_column fusion-builder-column-0 fusion_builder_column_1_1 1_1 fusion-one-full fusion-column-first fusion-column-last\" style=\"--awb-bg-size:cover;\"><div class=\"fusion-column-wrapper fusion-column-has-shadow fusion-flex-column-wrapper-legacy\"><div class=\"fusion-text fusion-text-1\"><h1>Autres lieux<\/h1>\n<p>Les Traiteurs Bytown Catering est un traiteur autoris\u00e9 pour un grand nombre des meilleurs endroits de la r\u00e9gion. Voici une s\u00e9lection de lieux \u00e0 prendre en consid\u00e9ration pour votre mariage ou votre \u00e9v\u00e9nement :<\/p>\n<\/div><div class=\"fusion-clearfix\"><\/div><\/div><\/div><div class=\"fusion-layout-column fusion_builder_column fusion-builder-column-1 fusion_builder_column_1_2 1_2 fusion-one-half fusion-column-first\" style=\"--awb-bg-size:cover;width:50%;width:calc(50% - ( ( 4% ) * 0.5 ) );margin-right: 4%;\"><div class=\"fusion-column-wrapper fusion-column-has-shadow fusion-flex-column-wrapper-legacy\"><div class=\"fusion-text fusion-text-2\"><ul>\n<li>\n<h3>L\u2019Excentricit\u00e9 au Coll\u00e8ge La Cit\u00e9<\/h3>\n<p><a href=\"https:\/\/www.collegelacite.ca\/excentricite\" target=\"_blank\" rel=\"noopener noreferrer\">https:\/\/www.collegelacite.ca\/excentricite<\/a><\/p>\n<\/li>\n<li>\n<h3>Centre communautaire du Glebe<\/h3>\n<p><a href=\"https:\/\/ottawa.ca\/fr\/loisir-et-parcs\/installations-recreatives\/liste-des-installations\/centre-communautaire-du-glebe\" target=\"_blank\" rel=\"noopener noreferrer\">https:\/\/ottawa.ca\/residents\/parks_recreation\/facilities\/rec_centres\/index_en.html<\/a><\/p>\n<\/li>\n<li>\n<h3>La Nouvelle Sc\u00e8ne<\/h3>\n<p><a href=\"https:\/\/nouvellescene.com\/\" target=\"_blank\" rel=\"noopener noreferrer\">https:\/\/nouvellescene.com\/<\/a><\/p>\n<\/li>\n<li>\n<h3>St Joseph&#8217;s Parish Hall<\/h3>\n<h3><span style=\"font-weight: normal;\"><a href=\"https:\/\/www.st-josephs.ca\/pages\/index_e.aspx?CategoryID=7\" target=\"_blank\" rel=\"noopener noreferrer\">https:\/\/www.st-josephs.ca\/pages\/index_e.aspx?CategoryID=7<\/a><\/span><\/h3>\n<\/li>\n<li>\n<h3>The Cube Gallery<\/h3>\n<p><a href=\"https:\/\/cubegallery.ca\/\" target=\"_blank\" rel=\"noopener noreferrer\">https:\/\/cubegallery.ca\/<\/a><\/p>\n<\/li>\n<li>\n<h3>The Space<\/h3>\n<p><a href=\"https:\/\/www.atthespace.ca\/\" target=\"_blank\" rel=\"noopener noreferrer\">https:\/\/www.atthespace.ca\/<\/a><\/p>\n<\/li>\n<\/ul>\n<\/div><div class=\"fusion-clearfix\"><\/div><\/div><\/div><div class=\"fusion-layout-column fusion_builder_column fusion-builder-column-2 fusion_builder_column_1_2 1_2 fusion-one-half fusion-column-last\" style=\"--awb-bg-size:cover;width:50%;width:calc(50% - ( ( 4% ) * 0.5 ) );\"><div class=\"fusion-column-wrapper fusion-column-has-shadow fusion-flex-column-wrapper-legacy\"><div class=\"fusion-text fusion-text-3\"><ul>\n<li>\n<h3>Lakeside Gardens (Ron Kolbus Lakeside Centre)<\/h3>\n<p><a href=\"https:\/\/ottawa.ca\/fr\/loisir-et-parcs\/installations-recreatives\/liste-des-installations\/centre-ron-kolbus-lakeside\" target=\"_blank\" rel=\"noopener noreferrer\">https:\/\/ottawa.ca\/residents\/parks_recreation\/facilities\/rec_centres\/index_en.html<\/a><\/p>\n<\/li>\n<li>\n<h3>Ukrainian Banquet Hall<\/h3>\n<p><a href=\"https:\/\/www.1000byron.org\/\" target=\"_blank\" rel=\"noopener noreferrer\">https:\/\/www.1000byron.org\/<\/a><\/p>\n<\/li>\n<li>\n<h3>The Herb Garden<\/h3>\n<p><a href=\"https:\/\/herbgarden.ca\/\" target=\"_blank\" rel=\"noopener noreferrer\">https:\/\/herbgarden.ca\/<\/a><\/p>\n<\/li>\n<li>\n<h3>Mus\u00e9e canadien de l\u2019histoire<\/h3>\n<p><a href=\"https:\/\/www.museedelhistoire.ca\/a-propos\/service-de-location-de-salles\/rencontrez-lequipe-de-location-de-salles\/?_ga=2.105692739.157442831.1650316815-993240457.1650041645\" target=\"_blank\" rel=\"noopener\">https:\/\/www.museedelhistoire.ca\/a-propos\/service-de-location-de-salles\/rencontrez-lequipe-de-location-de-salles\/?_ga=2.105692739.157442831.1650316815-993240457.1650041645<\/a><\/p>\n<\/li>\n<li>\n<h3>le Mus\u00e9e canadien de la guerre<\/h3>\n<p><a href=\"https:\/\/www.museedelaguerre.ca\/a-propos\/service-de-location-de-salles\/rencontrez-lequipe-de-location-de-salles\/?_ga=2.105692739.157442831.1650316815-993240457.1650041645\" target=\"_blank\" rel=\"noopener\">https:\/\/www.museedelaguerre.ca\/a-propos\/service-de-location-de-salles\/rencontrez-lequipe-de-location-de-salles\/?_ga=2.105692739.157442831.1650316815-993240457.1650041645<\/a><\/p>\n<\/li>\n<\/ul>\n<\/div><div class=\"fusion-clearfix\"><\/div><\/div><\/div><\/div><\/div><div class=\"fusion-fullwidth fullwidth-box fusion-builder-row-2 nonhundred-percent-fullwidth non-hundred-percent-height-scrolling\" style=\"--awb-background-position:left center;--awb-border-radius-top-left:0px;--awb-border-radius-top-right:0px;--awb-border-radius-bottom-right:0px;--awb-border-radius-bottom-left:0px;--awb-flex-wrap:wrap;\" ><div class=\"fusion-builder-row fusion-row\"><div class=\"fusion-layout-column fusion_builder_column fusion-builder-column-3 fusion_builder_column_1_1 1_1 fusion-one-full fusion-column-first fusion-column-last\" style=\"--awb-bg-size:cover;\"><div class=\"fusion-column-wrapper fusion-column-has-shadow fusion-flex-column-wrapper-legacy\"><div class=\"fusion-column-content-centered\"><div class=\"fusion-column-content\"><div class=\"fusion-image-element fusion-image-align-center in-legacy-container\" style=\"text-align:center;--awb-caption-title-font-family:var(--h2_typography-font-family);--awb-caption-title-font-weight:var(--h2_typography-font-weight);--awb-caption-title-font-style:var(--h2_typography-font-style);--awb-caption-title-size:var(--h2_typography-font-size);--awb-caption-title-transform:var(--h2_typography-text-transform);--awb-caption-title-line-height:var(--h2_typography-line-height);--awb-caption-title-letter-spacing:var(--h2_typography-letter-spacing);\"><div class=\"imageframe-align-center\"><span class=\" fusion-imageframe imageframe-none imageframe-1 hover-type-none\"><img decoding=\"async\" width=\"680\" height=\"52\" alt=\"menu_seperator\" title=\"Bytown-Catering-seperator-icon\" src=\"https:\/\/bytowncatering.com\/wp-content\/uploads\/2019\/04\/Bytown-Catering-seperator-icon.png\" class=\"img-responsive wp-image-435\" srcset=\"https:\/\/bytowncatering.com\/fr\/wp-content\/uploads\/2019\/04\/Bytown-Catering-seperator-icon-200x15.png 200w, https:\/\/bytowncatering.com\/fr\/wp-content\/uploads\/2019\/04\/Bytown-Catering-seperator-icon-400x31.png 400w, https:\/\/bytowncatering.com\/fr\/wp-content\/uploads\/2019\/04\/Bytown-Catering-seperator-icon-600x46.png 600w, https:\/\/bytowncatering.com\/fr\/wp-content\/uploads\/2019\/04\/Bytown-Catering-seperator-icon.png 680w\" sizes=\"(max-width: 800px) 100vw, 680px\" \/><\/span><\/div><\/div><\/div><\/div><div class=\"fusion-clearfix\"><\/div><\/div><\/div><\/div><\/div><\/p>\n","protected":false},"excerpt":{"rendered":"","protected":false},"author":1,"featured_media":0,"parent":0,"menu_order":0,"comment_status":"closed","ping_status":"closed","template":"","meta":{"footnotes":""},"class_list":["post-1538","page","type-page","status-publish","hentry"],"yoast_head":"<!-- This site is optimized with the Yoast SEO plugin v27.0 - https:\/\/yoast.com\/product\/yoast-seo-wordpress\/ -->\n<title>Autres Lieux | Traiteur Bytown<\/title>\n<meta name=\"robots\" content=\"index, follow, max-snippet:-1, max-image-preview:large, max-video-preview:-1\" \/>\n<link rel=\"canonical\" href=\"https:\/\/bytowncatering.com\/fr\/autres-lieux\/\" \/>\n<meta property=\"og:locale\" content=\"en_US\" \/>\n<meta property=\"og:type\" content=\"article\" \/>\n<meta property=\"og:title\" content=\"Autres Lieux | Traiteur Bytown\" \/>\n<meta property=\"og:url\" content=\"https:\/\/bytowncatering.com\/fr\/autres-lieux\/\" \/>\n<meta property=\"og:site_name\" content=\"Traiteur Bytown\" \/>\n<meta property=\"article:publisher\" content=\"https:\/\/www.facebook.com\/BytownCatering\/\" \/>\n<meta property=\"article:modified_time\" content=\"2022-04-19T00:42:50+00:00\" \/>\n<meta name=\"twitter:card\" content=\"summary_large_image\" \/>\n<meta name=\"twitter:label1\" content=\"Est. reading time\" \/>\n\t<meta name=\"twitter:data1\" content=\"4 minutes\" \/>\n<script type=\"application\/ld+json\" class=\"yoast-schema-graph\">{\"@context\":\"https:\/\/schema.org\",\"@graph\":[{\"@type\":\"WebPage\",\"@id\":\"https:\/\/bytowncatering.com\/fr\/autres-lieux\/\",\"url\":\"https:\/\/bytowncatering.com\/fr\/autres-lieux\/\",\"name\":\"Autres Lieux | Traiteur Bytown\",\"isPartOf\":{\"@id\":\"https:\/\/bytowncatering.com\/fr\/#website\"},\"datePublished\":\"2019-10-27T21:49:35+00:00\",\"dateModified\":\"2022-04-19T00:42:50+00:00\",\"breadcrumb\":{\"@id\":\"https:\/\/bytowncatering.com\/fr\/autres-lieux\/#breadcrumb\"},\"inLanguage\":\"en-US\",\"potentialAction\":[{\"@type\":\"ReadAction\",\"target\":[\"https:\/\/bytowncatering.com\/fr\/autres-lieux\/\"]}]},{\"@type\":\"BreadcrumbList\",\"@id\":\"https:\/\/bytowncatering.com\/fr\/autres-lieux\/#breadcrumb\",\"itemListElement\":[{\"@type\":\"ListItem\",\"position\":1,\"name\":\"Home\",\"item\":\"https:\/\/bytowncatering.com\/fr\/\"},{\"@type\":\"ListItem\",\"position\":2,\"name\":\"Autres Lieux\"}]},{\"@type\":\"WebSite\",\"@id\":\"https:\/\/bytowncatering.com\/fr\/#website\",\"url\":\"https:\/\/bytowncatering.com\/fr\/\",\"name\":\"Bytown Catering\",\"description\":\"Nous Livrons des Repas Plein de Saveur\",\"potentialAction\":[{\"@type\":\"SearchAction\",\"target\":{\"@type\":\"EntryPoint\",\"urlTemplate\":\"https:\/\/bytowncatering.com\/fr\/?s={search_term_string}\"},\"query-input\":{\"@type\":\"PropertyValueSpecification\",\"valueRequired\":true,\"valueName\":\"search_term_string\"}}],\"inLanguage\":\"en-US\"}]}<\/script>\n<!-- \/ Yoast SEO plugin. -->","yoast_head_json":{"title":"Autres Lieux | Traiteur Bytown","robots":{"index":"index","follow":"follow","max-snippet":"max-snippet:-1","max-image-preview":"max-image-preview:large","max-video-preview":"max-video-preview:-1"},"canonical":"https:\/\/bytowncatering.com\/fr\/autres-lieux\/","og_locale":"en_US","og_type":"article","og_title":"Autres Lieux | Traiteur Bytown","og_url":"https:\/\/bytowncatering.com\/fr\/autres-lieux\/","og_site_name":"Traiteur Bytown","article_publisher":"https:\/\/www.facebook.com\/BytownCatering\/","article_modified_time":"2022-04-19T00:42:50+00:00","twitter_card":"summary_large_image","twitter_misc":{"Est. reading time":"4 minutes"},"schema":{"@context":"https:\/\/schema.org","@graph":[{"@type":"WebPage","@id":"https:\/\/bytowncatering.com\/fr\/autres-lieux\/","url":"https:\/\/bytowncatering.com\/fr\/autres-lieux\/","name":"Autres Lieux | Traiteur Bytown","isPartOf":{"@id":"https:\/\/bytowncatering.com\/fr\/#website"},"datePublished":"2019-10-27T21:49:35+00:00","dateModified":"2022-04-19T00:42:50+00:00","breadcrumb":{"@id":"https:\/\/bytowncatering.com\/fr\/autres-lieux\/#breadcrumb"},"inLanguage":"en-US","potentialAction":[{"@type":"ReadAction","target":["https:\/\/bytowncatering.com\/fr\/autres-lieux\/"]}]},{"@type":"BreadcrumbList","@id":"https:\/\/bytowncatering.com\/fr\/autres-lieux\/#breadcrumb","itemListElement":[{"@type":"ListItem","position":1,"name":"Home","item":"https:\/\/bytowncatering.com\/fr\/"},{"@type":"ListItem","position":2,"name":"Autres Lieux"}]},{"@type":"WebSite","@id":"https:\/\/bytowncatering.com\/fr\/#website","url":"https:\/\/bytowncatering.com\/fr\/","name":"Bytown Catering","description":"Nous Livrons des Repas Plein de Saveur","potentialAction":[{"@type":"SearchAction","target":{"@type":"EntryPoint","urlTemplate":"https:\/\/bytowncatering.com\/fr\/?s={search_term_string}"},"query-input":{"@type":"PropertyValueSpecification","valueRequired":true,"valueName":"search_term_string"}}],"inLanguage":"en-US"}]}},"_links":{"self":[{"href":"https:\/\/bytowncatering.com\/fr\/wp-json\/wp\/v2\/pages\/1538","targetHints":{"allow":["GET"]}}],"collection":[{"href":"https:\/\/bytowncatering.com\/fr\/wp-json\/wp\/v2\/pages"}],"about":[{"href":"https:\/\/bytowncatering.com\/fr\/wp-json\/wp\/v2\/types\/page"}],"author":[{"embeddable":true,"href":"https:\/\/bytowncatering.com\/fr\/wp-json\/wp\/v2\/users\/1"}],"replies":[{"embeddable":true,"href":"https:\/\/bytowncatering.com\/fr\/wp-json\/wp\/v2\/comments?post=1538"}],"version-history":[{"count":10,"href":"https:\/\/bytowncatering.com\/fr\/wp-json\/wp\/v2\/pages\/1538\/revisions"}],"predecessor-version":[{"id":2207,"href":"https:\/\/bytowncatering.com\/fr\/wp-json\/wp\/v2\/pages\/1538\/revisions\/2207"}],"wp:attachment":[{"href":"https:\/\/bytowncatering.com\/fr\/wp-json\/wp\/v2\/media?parent=1538"}],"curies":[{"name":"wp","href":"https:\/\/api.w.org\/{rel}","templated":true}]}}