{"id":1551,"date":"2019-10-27T18:08:20","date_gmt":"2019-10-27T22:08:20","guid":{"rendered":"http:\/\/canadashop150.com\/?page_id=1551"},"modified":"2019-11-11T12:04:48","modified_gmt":"2019-11-11T17:04:48","slug":"upper-canada-village-pumpkinferno","status":"publish","type":"page","link":"https:\/\/bytowncatering.com\/fr\/upper-canada-village-pumpkinferno\/","title":{"rendered":"Upper Canada Village &#8211; PumpkInferno"},"content":{"rendered":"<p><div class=\"fusion-fullwidth fullwidth-box fusion-builder-row-1 nonhundred-percent-fullwidth non-hundred-percent-height-scrolling\" style=\"--awb-background-position:left top;--awb-background-repeat:repeat-y;--awb-border-radius-top-left:0px;--awb-border-radius-top-right:0px;--awb-border-radius-bottom-right:0px;--awb-border-radius-bottom-left:0px;--awb-flex-wrap:wrap;\" ><div class=\"fusion-builder-row fusion-row\"><div class=\"fusion-layout-column fusion_builder_column fusion-builder-column-0 fusion_builder_column_1_1 1_1 fusion-one-full fusion-column-first fusion-column-last\" style=\"--awb-bg-size:cover;\"><div class=\"fusion-column-wrapper fusion-column-has-shadow fusion-flex-column-wrapper-legacy\"><div class=\"fusion-text fusion-text-1\"><h1>Upper Canada Village &#8211; PumpkInferno<\/h1>\n<p>Upper Canada Village vous convie \u00e0 une visite \u00e0 pied en soir\u00e9e pour admirer une exposition en plein air de milliers de citrouilles sculpt\u00e9es \u00e0 la main, qui est \u00e0 la fois touchante et d\u2019une beaut\u00e9 envo\u00fbtante. Les divers assemblages fascinants et imposants r\u00e9alis\u00e9s au moyen de citrouilles illumin\u00e9es con\u00e7ues par des artistes, qui se dressent dans le d\u00e9cor de nuit d\u2019Upper Canada Village, sont une exp\u00e9rience \u00e0 ne pas manquer pour les personnes de TOUT \u00e2ge! Pour de plus amples renseignements \u00e0 propos de PumpkInferno, consultez le <a href=\"https:\/\/www.fr.uppercanadavillage.com\/evenements\/pumpkinferno\/\" target=\"_blank\" rel=\"noopener noreferrer\">Upper Canada Village &#8211; PumpkInferno information<\/a><\/p>\n<p>Les Traiteurs Bytown Catering est heureux d\u2019offrir le d\u00eener avant l\u2019\u00e9v\u00e9nement et en soir\u00e9e au restaurant Harvest Barn et \u00e0 l\u2019h\u00f4tel Willard, situ\u00e9 le site de l\u2019Upper Canada Village. Notre populaire point de restauration Queues de Castor est \u00e9galement ouvert toute la soir\u00e9e pour que vous puissiez vous offrir une p\u00e2tisserie \u00e0 l\u2019entr\u00e9e ou lors de votre d\u00e9part!<\/p>\n<\/div><div class=\"fusion-clearfix\"><\/div><\/div><\/div><\/div><\/div><div class=\"fusion-fullwidth fullwidth-box fusion-builder-row-2 nonhundred-percent-fullwidth non-hundred-percent-height-scrolling\" style=\"--awb-background-position:left top;--awb-background-repeat:repeat-y;--awb-border-radius-top-left:0px;--awb-border-radius-top-right:0px;--awb-border-radius-bottom-right:0px;--awb-border-radius-bottom-left:0px;--awb-flex-wrap:wrap;\" ><div class=\"fusion-builder-row fusion-row\"><div class=\"fusion-layout-column fusion_builder_column fusion-builder-column-1 fusion_builder_column_3_5 3_5 fusion-three-fifth fusion-column-first\" style=\"--awb-bg-size:cover;width:60%;width:calc(60% - ( ( 4% ) * 0.6 ) );margin-right: 4%;\"><div class=\"fusion-column-wrapper fusion-column-has-shadow fusion-flex-column-wrapper-legacy\"><div class=\"fusion-text fusion-text-2\"><p><strong>L\u2019h\u00f4tel Willard<\/strong>R\u00e9servez vos places pour un souper qui sera servi t\u00f4t avant votre visite dans le d\u00e9cor historique de l\u2019h\u00f4tel Willard! Les r\u00e9servations pour le souper (servi deux heures avant l\u2019ouverture des portes de Pumpkinferno) sont obligatoires. Pendant les heures d\u2019ouverture de Pumpkinferno, il sera possible de r\u00e9server ou de souper sans r\u00e9servations uniquement s\u2019il reste des places libres. La bi\u00e8re et le vin sont autoris\u00e9s dans cet \u00e9tablissement.<\/p>\n<p>Un menu en table d\u2019h\u00f4te sp\u00e9cial est offert pendant PumpkInferno, comme suit :<\/p>\n<p>Pour r\u00e9server ou si vous avez des questions, veuillez composer le <strong>613-543-0660<\/strong>.<\/p>\n<p><strong>Le restaurant Harvest Barn<\/strong><br \/>\nLe restaurant Harvest Barn sera ouvert pendant les heures r\u00e9guli\u00e8res de Pumpkinferno pour les visiteurs qui veulent souper apr\u00e8s le coucher du soleil! La bi\u00e8re et le vin sont autoris\u00e9s dans cet \u00e9tablissement.<\/p>\n<p>Un menu th\u00e9matique sp\u00e9cial d\u2019automne est offert pendant PumpkInferno, comme suit :<\/p>\n<p>Pour r\u00e9server ou si vous avez des questions, veuillez composer le <strong>613-543-0660<\/strong>.<\/p>\n<p><strong>Queues de Castor<\/strong><br \/>\nOuvert avant ou apr\u00e8s la soir\u00e9e, ne passez pas \u00e0 c\u00f4t\u00e9 de l\u2019occasion de vous r\u00e9galer d\u2019une Queue de Castor sur place!<\/p>\n<\/div><div class=\"fusion-clearfix\"><\/div><\/div><\/div><div class=\"fusion-layout-column fusion_builder_column fusion-builder-column-2 fusion_builder_column_2_5 2_5 fusion-two-fifth fusion-column-last\" style=\"--awb-bg-size:cover;width:40%;width:calc(40% - ( ( 4% ) * 0.4 ) );\"><div class=\"fusion-column-wrapper fusion-column-has-shadow fusion-flex-column-wrapper-legacy\"><div class=\"fusion-image-element in-legacy-container\" style=\"--awb-caption-title-font-family:var(--h2_typography-font-family);--awb-caption-title-font-weight:var(--h2_typography-font-weight);--awb-caption-title-font-style:var(--h2_typography-font-style);--awb-caption-title-size:var(--h2_typography-font-size);--awb-caption-title-transform:var(--h2_typography-text-transform);--awb-caption-title-line-height:var(--h2_typography-line-height);--awb-caption-title-letter-spacing:var(--h2_typography-letter-spacing);\"><span class=\" fusion-imageframe imageframe-none imageframe-1 hover-type-none\"><img decoding=\"async\" width=\"500\" height=\"385\" alt=\"Beaver Tails\" title=\"Upper-Canada-Village-BeaverTails-Fright\" src=\"https:\/\/bytowncatering.com\/fr\/wp-content\/uploads\/2019\/11\/Upper-Canada-Village-BeaverTails-Fright.jpg\" class=\"img-responsive wp-image-2012\" srcset=\"https:\/\/bytowncatering.com\/fr\/wp-content\/uploads\/2019\/11\/Upper-Canada-Village-BeaverTails-Fright-200x154.jpg 200w, https:\/\/bytowncatering.com\/fr\/wp-content\/uploads\/2019\/11\/Upper-Canada-Village-BeaverTails-Fright-400x308.jpg 400w, https:\/\/bytowncatering.com\/fr\/wp-content\/uploads\/2019\/11\/Upper-Canada-Village-BeaverTails-Fright.jpg 500w\" sizes=\"(max-width: 800px) 100vw, 500px\" \/><\/span><\/div><div class=\"fusion-clearfix\"><\/div><\/div><\/div><\/div><\/div><div class=\"fusion-fullwidth fullwidth-box fusion-builder-row-3 nonhundred-percent-fullwidth non-hundred-percent-height-scrolling\" style=\"--awb-background-position:left center;--awb-border-radius-top-left:0px;--awb-border-radius-top-right:0px;--awb-border-radius-bottom-right:0px;--awb-border-radius-bottom-left:0px;--awb-flex-wrap:wrap;\" ><div class=\"fusion-builder-row fusion-row\"><div class=\"fusion-layout-column fusion_builder_column fusion-builder-column-3 fusion_builder_column_1_1 1_1 fusion-one-full fusion-column-first fusion-column-last\" style=\"--awb-bg-size:cover;\"><div class=\"fusion-column-wrapper fusion-column-has-shadow fusion-flex-column-wrapper-legacy\"><div class=\"fusion-column-content-centered\"><div class=\"fusion-column-content\"><div class=\"fusion-image-element fusion-image-align-center in-legacy-container\" style=\"text-align:center;--awb-caption-title-font-family:var(--h2_typography-font-family);--awb-caption-title-font-weight:var(--h2_typography-font-weight);--awb-caption-title-font-style:var(--h2_typography-font-style);--awb-caption-title-size:var(--h2_typography-font-size);--awb-caption-title-transform:var(--h2_typography-text-transform);--awb-caption-title-line-height:var(--h2_typography-line-height);--awb-caption-title-letter-spacing:var(--h2_typography-letter-spacing);\"><div class=\"imageframe-align-center\"><span class=\" fusion-imageframe imageframe-none imageframe-2 hover-type-none\"><img decoding=\"async\" width=\"680\" height=\"52\" alt=\"menu_seperator\" title=\"Bytown-Catering-seperator-icon\" src=\"https:\/\/bytowncatering.com\/wp-content\/uploads\/2019\/04\/Bytown-Catering-seperator-icon.png\" class=\"img-responsive wp-image-435\" srcset=\"https:\/\/bytowncatering.com\/fr\/wp-content\/uploads\/2019\/04\/Bytown-Catering-seperator-icon-200x15.png 200w, https:\/\/bytowncatering.com\/fr\/wp-content\/uploads\/2019\/04\/Bytown-Catering-seperator-icon-400x31.png 400w, https:\/\/bytowncatering.com\/fr\/wp-content\/uploads\/2019\/04\/Bytown-Catering-seperator-icon-600x46.png 600w, https:\/\/bytowncatering.com\/fr\/wp-content\/uploads\/2019\/04\/Bytown-Catering-seperator-icon.png 680w\" sizes=\"(max-width: 800px) 100vw, 680px\" \/><\/span><\/div><\/div><\/div><\/div><div class=\"fusion-clearfix\"><\/div><\/div><\/div><\/div><\/div><\/p>\n","protected":false},"excerpt":{"rendered":"","protected":false},"author":1,"featured_media":0,"parent":0,"menu_order":0,"comment_status":"closed","ping_status":"closed","template":"","meta":{"footnotes":""},"class_list":["post-1551","page","type-page","status-publish","hentry"],"yoast_head":"<!-- This site is optimized with the Yoast SEO plugin v27.0 - https:\/\/yoast.com\/product\/yoast-seo-wordpress\/ -->\n<title>Upper Canada Village - PumpkInferno | Traiteur Bytown<\/title>\n<meta name=\"robots\" content=\"index, follow, max-snippet:-1, max-image-preview:large, max-video-preview:-1\" \/>\n<link rel=\"canonical\" href=\"https:\/\/bytowncatering.com\/fr\/upper-canada-village-pumpkinferno\/\" \/>\n<meta property=\"og:locale\" content=\"en_US\" \/>\n<meta property=\"og:type\" content=\"article\" \/>\n<meta property=\"og:title\" content=\"Upper Canada Village - PumpkInferno | Traiteur Bytown\" \/>\n<meta property=\"og:url\" content=\"https:\/\/bytowncatering.com\/fr\/upper-canada-village-pumpkinferno\/\" \/>\n<meta property=\"og:site_name\" content=\"Traiteur Bytown\" \/>\n<meta property=\"article:publisher\" content=\"https:\/\/www.facebook.com\/BytownCatering\/\" \/>\n<meta property=\"article:modified_time\" content=\"2019-11-11T17:04:48+00:00\" \/>\n<meta name=\"twitter:card\" content=\"summary_large_image\" \/>\n<meta name=\"twitter:label1\" content=\"Est. reading time\" \/>\n\t<meta name=\"twitter:data1\" content=\"6 minutes\" \/>\n<script type=\"application\/ld+json\" class=\"yoast-schema-graph\">{\"@context\":\"https:\/\/schema.org\",\"@graph\":[{\"@type\":\"WebPage\",\"@id\":\"https:\/\/bytowncatering.com\/fr\/upper-canada-village-pumpkinferno\/\",\"url\":\"https:\/\/bytowncatering.com\/fr\/upper-canada-village-pumpkinferno\/\",\"name\":\"Upper Canada Village - PumpkInferno | Traiteur Bytown\",\"isPartOf\":{\"@id\":\"https:\/\/bytowncatering.com\/fr\/#website\"},\"datePublished\":\"2019-10-27T22:08:20+00:00\",\"dateModified\":\"2019-11-11T17:04:48+00:00\",\"breadcrumb\":{\"@id\":\"https:\/\/bytowncatering.com\/fr\/upper-canada-village-pumpkinferno\/#breadcrumb\"},\"inLanguage\":\"en-US\",\"potentialAction\":[{\"@type\":\"ReadAction\",\"target\":[\"https:\/\/bytowncatering.com\/fr\/upper-canada-village-pumpkinferno\/\"]}]},{\"@type\":\"BreadcrumbList\",\"@id\":\"https:\/\/bytowncatering.com\/fr\/upper-canada-village-pumpkinferno\/#breadcrumb\",\"itemListElement\":[{\"@type\":\"ListItem\",\"position\":1,\"name\":\"Home\",\"item\":\"https:\/\/bytowncatering.com\/fr\/\"},{\"@type\":\"ListItem\",\"position\":2,\"name\":\"Upper Canada Village &#8211; PumpkInferno\"}]},{\"@type\":\"WebSite\",\"@id\":\"https:\/\/bytowncatering.com\/fr\/#website\",\"url\":\"https:\/\/bytowncatering.com\/fr\/\",\"name\":\"Bytown Catering\",\"description\":\"Nous Livrons des Repas Plein de Saveur\",\"potentialAction\":[{\"@type\":\"SearchAction\",\"target\":{\"@type\":\"EntryPoint\",\"urlTemplate\":\"https:\/\/bytowncatering.com\/fr\/?s={search_term_string}\"},\"query-input\":{\"@type\":\"PropertyValueSpecification\",\"valueRequired\":true,\"valueName\":\"search_term_string\"}}],\"inLanguage\":\"en-US\"}]}<\/script>\n<!-- \/ Yoast SEO plugin. -->","yoast_head_json":{"title":"Upper Canada Village - PumpkInferno | Traiteur Bytown","robots":{"index":"index","follow":"follow","max-snippet":"max-snippet:-1","max-image-preview":"max-image-preview:large","max-video-preview":"max-video-preview:-1"},"canonical":"https:\/\/bytowncatering.com\/fr\/upper-canada-village-pumpkinferno\/","og_locale":"en_US","og_type":"article","og_title":"Upper Canada Village - PumpkInferno | Traiteur Bytown","og_url":"https:\/\/bytowncatering.com\/fr\/upper-canada-village-pumpkinferno\/","og_site_name":"Traiteur Bytown","article_publisher":"https:\/\/www.facebook.com\/BytownCatering\/","article_modified_time":"2019-11-11T17:04:48+00:00","twitter_card":"summary_large_image","twitter_misc":{"Est. reading time":"6 minutes"},"schema":{"@context":"https:\/\/schema.org","@graph":[{"@type":"WebPage","@id":"https:\/\/bytowncatering.com\/fr\/upper-canada-village-pumpkinferno\/","url":"https:\/\/bytowncatering.com\/fr\/upper-canada-village-pumpkinferno\/","name":"Upper Canada Village - PumpkInferno | Traiteur Bytown","isPartOf":{"@id":"https:\/\/bytowncatering.com\/fr\/#website"},"datePublished":"2019-10-27T22:08:20+00:00","dateModified":"2019-11-11T17:04:48+00:00","breadcrumb":{"@id":"https:\/\/bytowncatering.com\/fr\/upper-canada-village-pumpkinferno\/#breadcrumb"},"inLanguage":"en-US","potentialAction":[{"@type":"ReadAction","target":["https:\/\/bytowncatering.com\/fr\/upper-canada-village-pumpkinferno\/"]}]},{"@type":"BreadcrumbList","@id":"https:\/\/bytowncatering.com\/fr\/upper-canada-village-pumpkinferno\/#breadcrumb","itemListElement":[{"@type":"ListItem","position":1,"name":"Home","item":"https:\/\/bytowncatering.com\/fr\/"},{"@type":"ListItem","position":2,"name":"Upper Canada Village &#8211; PumpkInferno"}]},{"@type":"WebSite","@id":"https:\/\/bytowncatering.com\/fr\/#website","url":"https:\/\/bytowncatering.com\/fr\/","name":"Bytown Catering","description":"Nous Livrons des Repas Plein de Saveur","potentialAction":[{"@type":"SearchAction","target":{"@type":"EntryPoint","urlTemplate":"https:\/\/bytowncatering.com\/fr\/?s={search_term_string}"},"query-input":{"@type":"PropertyValueSpecification","valueRequired":true,"valueName":"search_term_string"}}],"inLanguage":"en-US"}]}},"_links":{"self":[{"href":"https:\/\/bytowncatering.com\/fr\/wp-json\/wp\/v2\/pages\/1551","targetHints":{"allow":["GET"]}}],"collection":[{"href":"https:\/\/bytowncatering.com\/fr\/wp-json\/wp\/v2\/pages"}],"about":[{"href":"https:\/\/bytowncatering.com\/fr\/wp-json\/wp\/v2\/types\/page"}],"author":[{"embeddable":true,"href":"https:\/\/bytowncatering.com\/fr\/wp-json\/wp\/v2\/users\/1"}],"replies":[{"embeddable":true,"href":"https:\/\/bytowncatering.com\/fr\/wp-json\/wp\/v2\/comments?post=1551"}],"version-history":[{"count":7,"href":"https:\/\/bytowncatering.com\/fr\/wp-json\/wp\/v2\/pages\/1551\/revisions"}],"predecessor-version":[{"id":2019,"href":"https:\/\/bytowncatering.com\/fr\/wp-json\/wp\/v2\/pages\/1551\/revisions\/2019"}],"wp:attachment":[{"href":"https:\/\/bytowncatering.com\/fr\/wp-json\/wp\/v2\/media?parent=1551"}],"curies":[{"name":"wp","href":"https:\/\/api.w.org\/{rel}","templated":true}]}}