{"id":2098,"date":"2019-11-12T13:49:27","date_gmt":"2019-11-12T18:49:27","guid":{"rendered":"http:\/\/canadashop150.com\/fr\/?page_id=2098"},"modified":"2019-11-12T13:51:23","modified_gmt":"2019-11-12T18:51:23","slug":"emplacements-de-choix","status":"publish","type":"page","link":"https:\/\/bytowncatering.com\/fr\/emplacements-de-choix\/","title":{"rendered":"Emplacements de Choix"},"content":{"rendered":"<p><div class=\"fusion-fullwidth fullwidth-box fusion-builder-row-1 nonhundred-percent-fullwidth non-hundred-percent-height-scrolling\" style=\"--awb-background-position:left top;--awb-background-repeat:repeat-y;--awb-border-radius-top-left:0px;--awb-border-radius-top-right:0px;--awb-border-radius-bottom-right:0px;--awb-border-radius-bottom-left:0px;--awb-flex-wrap:wrap;\" ><div class=\"fusion-builder-row fusion-row\"><div class=\"fusion-layout-column fusion_builder_column fusion-builder-column-0 fusion_builder_column_1_1 1_1 fusion-one-full fusion-column-first fusion-column-last\" style=\"--awb-bg-size:cover;\"><div class=\"fusion-column-wrapper fusion-column-has-shadow fusion-flex-column-wrapper-legacy\"><div class=\"fusion-text fusion-text-1\"><h1>Emplacements de choix<\/h1>\n<p>L\u2019une des plus importantes d\u00e9cisions que vous prendrez en planifiant votre mariage ou \u00e9v\u00e9nement sera l\u2019endroit o\u00f9 le tenir. Cette page vous sugg\u00e8re certaines options et \u00e9num\u00e8re des lieux sp\u00e9cifiques o\u00f9 nos clients ont tenu des \u00e9v\u00e9nements r\u00e9ussis. N\u2019h\u00e9sitez pas \u00e0 nous t\u00e9l\u00e9phoner si vous avez besoin d\u2019aide pour choisir un lieu qui vous conviendra.<\/p>\n<h3><strong>Parc Lansdowne<\/strong><\/h3>\n<p>R\u00e9servez l\u2019espace parfait au Parc Lansdowne, dont le pavillon Aberdeen, l\u2019\u00c9difice de l\u2019horticulture, la Cour sud, ou la grande pelouse. Le Parc Lansdowne offre une vari\u00e9t\u00e9 d\u2019espaces diff\u00e9rents disponibles pour la tenue d\u2019\u00e9v\u00e9nements sp\u00e9ciaux ou de festivals. <a href=\"https:\/\/ottawa.ca\/en\/recreation-and-parks\/recreation-facilities\/rental-information\/rental-facilities?f%5B0%5D=field_fr_facility%3A1031552\" target=\"_blank\" rel=\"noopener noreferrer\">Cliquez ici pour visiter le site Web et \u00e9tudiez les possibilit\u00e9s offertes.<\/a><\/p>\n<h3><strong>Mus\u00e9e canadien de la nature, \u00c9difice comm\u00e9moratif Victoria<\/strong><\/h3>\n<p>Pensez au Mus\u00e9e canadien de la nature (MCN) pour la tenue d\u2019un \u00e9v\u00e9nement sp\u00e9cial. Vous aimerez le cachet historique et l\u2019\u00e9l\u00e9gance architecturale de cet \u00e9difice aux allures de ch\u00e2teau. Vous aurez le choix parmi de magnifiques salles comme Le Lanternon, l\u2019emplacement id\u00e9al pour un cocktail ou une r\u00e9ception, ou le Salon, la salle la plus raffin\u00e9e et la plus impressionnante du MCN. Le Mus\u00e9e offre un \u00e9ventail de possibilit\u00e9s pour presque tout type d\u2019\u00e9v\u00e9nement.\u00a0 <a href=\"https:\/\/bytowncatering.com\/fr\/musee-canadien-de-la-nature\/\">Cliquez ici pour de plus amples renseignements.<\/a><\/p>\n<h3><strong>Mus\u00e9e de l\u2019aviation et de l\u2019espace du Canada<\/strong><\/h3>\n<p>Le Mus\u00e9e de l\u2019aviation et de l\u2019espace du Canada, reconnu comme le plus beau en son genre et l\u2019un des meilleurs au monde, offre un cadre prestigieux \u00e0 vos environnements sp\u00e9ciaux. Son \u00e9difice en forme d\u2019aile en delta abrite des tr\u00e9sors inestimables du patrimoine a\u00e9ronautique mondial. Ses installations permettent d\u2019accueillir une gamme compl\u00e8te d\u2019activit\u00e9s telles que des r\u00e9ceptions, des conf\u00e9rences, des galas et des c\u00e9r\u00e9monies un peu plus modestes. <a href=\"https:\/\/bytowncatering.com\/fr\/musee-de-laviation-et-de-lespaceu-canada\/\">Cliquez ici pour de plus amples renseignements.<\/a><\/p>\n<h3><strong>Mus\u00e9e des sciences et de la technologie du Canada<\/strong><\/h3>\n<p>Tout r\u00e9cemment r\u00e9nov\u00e9 et rouvert, et situ\u00e9 \u00e0 quelques minutes du centre-ville, le Mus\u00e9e des sciences et de la technologie du Canada h\u00e9berge une collection de niveau international qui inclut les transports terrestres et maritimes, l\u2019espace, les t\u00e9l\u00e9communications et le secteur de l\u2019\u00e9nergie. Les salles d\u2019exposition sont des espaces uniques pour des r\u00e9unions, des banquets, des noces ou des salons commerciaux.\u00a0 <a href=\"https:\/\/bytowncatering.com\/fr\/mus\u00e9e-des-sciences-et-de-la-technologie-du-Canada\/\">Cliquez ici pour de plus amples renseignements.<\/a><\/p>\n<h3><strong>Terrain de golf Pine View<\/strong><\/h3>\n<p>Nos employ\u00e9s sympathiques et professionnels sont ici pour s\u2019assurer que tous se souviendront d\u2019une mani\u00e8re positive de leur passage chez nous. Choisissez parmi toute une vari\u00e9t\u00e9 d\u2019emplacements int\u00e9rieurs et ext\u00e9rieurs pour r\u00e9pondre le mieux possible aux besoins de votre \u00e9v\u00e9nement et aux attentes de vos invit\u00e9s. Profitez de l\u2019arri\u00e8re-plan naturel de notre terrain de golf aux allures de parc, nich\u00e9 dans la Ceinture de verdure. Parcourez notre s\u00e9lection vari\u00e9e de menus ou adressez-vous \u00e0 notre chef pour personnaliser un repas adapt\u00e9 aux go\u00fbts de chacun. Des aliments frais, d\u00e9licieux, savamment pr\u00e9par\u00e9s et servis, et ce, \u00e0 un excellent prix, ce qui vous permet de b\u00e9n\u00e9ficier d\u2019un excellent rapport qualit\u00e9-prix. <a href=\"https:\/\/bytowncatering.com\/fr\/terrain-de-golf-Pine-View\/\">Cliquez ici pour de plus amples renseignements<\/a><\/p>\n<p><strong>The Ark \u2013 Farrellton Quebec<\/strong><\/p>\n<p>Ce pourrait bien \u00eatre l\u2019endroit id\u00e9al pour votre r\u00e9ception de mariage champ\u00eatre donn\u00e9e \u00e0 l\u2019ext\u00e9rieur. Quoi de plus romantique que de s\u2019unir devant une tonnelle en c\u00e8dre couverte de vignes au milieu de magnifiques jardins, de fleurs sauvages, de collines ondulantes et de for\u00eats feuillues, puis de danser toute la nuit \u00e0 l\u2019int\u00e9rieur au son de vos chansons pr\u00e9f\u00e9r\u00e9es ou dehors autour d\u2019un feu de joie sous les \u00e9toiles? Votre mariage est VOTRE journ\u00e9e de r\u00eave. Dites-nous simplement ce que vous aimeriez et nous ferons tout notre possible pour le r\u00e9aliser. Consultez le <a href=\"https:\/\/www.arkwedding.com\/\" target=\"_blank\" rel=\"noopener noreferrer\">The Ark <\/a><\/p>\n<h3><strong>Upper Canada Village (Morrisburg, ON)<\/strong><\/h3>\n<p>Upper Canada Village est l\u2019endroit id\u00e9al pour une exp\u00e9rience de mariage intime. L\u2019\u00e9glise du Christ \u00e0 l\u2019int\u00e9rieur de l\u2019Upper Canada Village et le parc du patrimoine juste \u00e0 c\u00f4t\u00e9 du Village offrent tous deux leur atmosph\u00e8re bien sp\u00e9ciale pour le plaisir de votre entourage et de vos invit\u00e9s \u00e0 votre mariage. Rehaussez le c\u00f4t\u00e9 romantique de votre journ\u00e9e sp\u00e9ciale au moyen des services d\u2019un cheval et d\u2019une cal\u00e8che. La cal\u00e8che Pommier d\u2019Upper Canada Village est une attrayante voiture noire avec garnitures dor\u00e9es de style vis-\u00e0-vis, parfaite pour des mariages. Version moderne des anciens Sociable anglais, ce bon v\u00e9hicule a un toit escamotable qui ajoute \u00e0 sa beaut\u00e9 et \u00e0 sa diversit\u00e9.<\/p>\n<p>Upper Canada Village offre \u00e9galement des chars \u00e0 banc tir\u00e9s par des chevaux pour transporter des groupes allant jusqu\u2019\u00e0 20 invit\u00e9s \u00e0 la fois de l\u2019entr\u00e9e principale jusqu\u2019\u00e0 l\u2019\u00e9glise du Christ.<br \/>\n<a href=\"https:\/\/bytowncatering.com\/fr\/upper-canada-village\/\">Cliquez ici pour de plus amples renseignements.<\/a><\/p>\n<h3><strong>Fort Henry (Kingston, ON)<\/strong><\/h3>\n<p>Fort Henry est l\u2019endroit id\u00e9al pour votre mariage. Le cadre exceptionnel de Fort Henry apportera une touche de distinction \u00e0 cette journ\u00e9e sp\u00e9ciale pour vous m\u00eame et pour vos invit\u00e9s.\u00a0 <a href=\"https:\/\/bytowncatering.com\/fr\/fort-henry-kingston\/\">Cliquez ici pour de plus amples renseignements<\/a><\/p>\n<h3><strong>Autres Options<\/strong><\/h3>\n<p>Outre les endroits cit\u00e9s, nous vous sugg\u00e9rons aussi votre centre communautaire, la L\u00e9gion ou les Chevaliers de Colomb. Vous pouvez \u00e9galement vous renseigner sur la ville d\u2019Ottawa (<a href=\"https:\/\/www.ottawa.ca\/residents\/cityfacilities\/index_fr.html\" target=\"_blank\" rel=\"noopener noreferrer\">https:\/\/www.ottawa.ca\/residents\/cityfacilities\/index_fr.html<\/a>) qui offre plusieurs autres possibilit\u00e9s.<\/p>\n<p>Veuillez consulter notre liste d\u2019autres lieux sugg\u00e9r\u00e9s pour d\u2019autres id\u00e9es.<\/p>\n<\/div><div class=\"fusion-clearfix\"><\/div><\/div><\/div><\/div><\/div><div class=\"fusion-fullwidth fullwidth-box fusion-builder-row-2 nonhundred-percent-fullwidth non-hundred-percent-height-scrolling\" style=\"--awb-background-position:left center;--awb-border-radius-top-left:0px;--awb-border-radius-top-right:0px;--awb-border-radius-bottom-right:0px;--awb-border-radius-bottom-left:0px;--awb-flex-wrap:wrap;\" ><div class=\"fusion-builder-row fusion-row\"><div class=\"fusion-layout-column fusion_builder_column fusion-builder-column-1 fusion_builder_column_1_1 1_1 fusion-one-full fusion-column-first fusion-column-last\" style=\"--awb-bg-size:cover;\"><div class=\"fusion-column-wrapper fusion-column-has-shadow fusion-flex-column-wrapper-legacy\"><div class=\"fusion-column-content-centered\"><div class=\"fusion-column-content\"><div class=\"fusion-image-element fusion-image-align-center in-legacy-container\" style=\"text-align:center;--awb-caption-title-font-family:var(--h2_typography-font-family);--awb-caption-title-font-weight:var(--h2_typography-font-weight);--awb-caption-title-font-style:var(--h2_typography-font-style);--awb-caption-title-size:var(--h2_typography-font-size);--awb-caption-title-transform:var(--h2_typography-text-transform);--awb-caption-title-line-height:var(--h2_typography-line-height);--awb-caption-title-letter-spacing:var(--h2_typography-letter-spacing);\"><div class=\"imageframe-align-center\"><span class=\" fusion-imageframe imageframe-none imageframe-1 hover-type-none\"><img decoding=\"async\" width=\"680\" height=\"52\" alt=\"menu_seperator\" title=\"Bytown-Catering-seperator-icon\" src=\"https:\/\/bytowncatering.com\/wp-content\/uploads\/2019\/04\/Bytown-Catering-seperator-icon.png\" class=\"img-responsive wp-image-435\" srcset=\"https:\/\/bytowncatering.com\/fr\/wp-content\/uploads\/2019\/04\/Bytown-Catering-seperator-icon-200x15.png 200w, https:\/\/bytowncatering.com\/fr\/wp-content\/uploads\/2019\/04\/Bytown-Catering-seperator-icon-400x31.png 400w, https:\/\/bytowncatering.com\/fr\/wp-content\/uploads\/2019\/04\/Bytown-Catering-seperator-icon-600x46.png 600w, https:\/\/bytowncatering.com\/fr\/wp-content\/uploads\/2019\/04\/Bytown-Catering-seperator-icon.png 680w\" sizes=\"(max-width: 800px) 100vw, 680px\" \/><\/span><\/div><\/div><\/div><\/div><div class=\"fusion-clearfix\"><\/div><\/div><\/div><\/div><\/div><\/p>\n","protected":false},"excerpt":{"rendered":"","protected":false},"author":1,"featured_media":0,"parent":0,"menu_order":0,"comment_status":"closed","ping_status":"closed","template":"","meta":{"footnotes":""},"class_list":["post-2098","page","type-page","status-publish","hentry"],"yoast_head":"<!-- This site is optimized with the Yoast SEO plugin v27.0 - https:\/\/yoast.com\/product\/yoast-seo-wordpress\/ -->\n<title>Emplacements de Choix | Traiteur Bytown<\/title>\n<meta name=\"robots\" content=\"index, follow, max-snippet:-1, max-image-preview:large, max-video-preview:-1\" \/>\n<link rel=\"canonical\" href=\"https:\/\/bytowncatering.com\/fr\/emplacements-de-choix\/\" \/>\n<meta property=\"og:locale\" content=\"en_US\" \/>\n<meta property=\"og:type\" content=\"article\" \/>\n<meta property=\"og:title\" content=\"Emplacements de Choix | Traiteur Bytown\" \/>\n<meta property=\"og:url\" content=\"https:\/\/bytowncatering.com\/fr\/emplacements-de-choix\/\" \/>\n<meta property=\"og:site_name\" content=\"Traiteur Bytown\" \/>\n<meta property=\"article:publisher\" content=\"https:\/\/www.facebook.com\/BytownCatering\/\" \/>\n<meta property=\"article:modified_time\" content=\"2019-11-12T18:51:23+00:00\" \/>\n<meta name=\"twitter:card\" content=\"summary_large_image\" \/>\n<meta name=\"twitter:label1\" content=\"Est. reading time\" \/>\n\t<meta name=\"twitter:data1\" content=\"7 minutes\" \/>\n<script type=\"application\/ld+json\" class=\"yoast-schema-graph\">{\"@context\":\"https:\/\/schema.org\",\"@graph\":[{\"@type\":\"WebPage\",\"@id\":\"https:\/\/bytowncatering.com\/fr\/emplacements-de-choix\/\",\"url\":\"https:\/\/bytowncatering.com\/fr\/emplacements-de-choix\/\",\"name\":\"Emplacements de Choix | Traiteur Bytown\",\"isPartOf\":{\"@id\":\"https:\/\/bytowncatering.com\/fr\/#website\"},\"datePublished\":\"2019-11-12T18:49:27+00:00\",\"dateModified\":\"2019-11-12T18:51:23+00:00\",\"breadcrumb\":{\"@id\":\"https:\/\/bytowncatering.com\/fr\/emplacements-de-choix\/#breadcrumb\"},\"inLanguage\":\"en-US\",\"potentialAction\":[{\"@type\":\"ReadAction\",\"target\":[\"https:\/\/bytowncatering.com\/fr\/emplacements-de-choix\/\"]}]},{\"@type\":\"BreadcrumbList\",\"@id\":\"https:\/\/bytowncatering.com\/fr\/emplacements-de-choix\/#breadcrumb\",\"itemListElement\":[{\"@type\":\"ListItem\",\"position\":1,\"name\":\"Home\",\"item\":\"https:\/\/bytowncatering.com\/fr\/\"},{\"@type\":\"ListItem\",\"position\":2,\"name\":\"Emplacements de Choix\"}]},{\"@type\":\"WebSite\",\"@id\":\"https:\/\/bytowncatering.com\/fr\/#website\",\"url\":\"https:\/\/bytowncatering.com\/fr\/\",\"name\":\"Bytown Catering\",\"description\":\"Nous Livrons des Repas Plein de Saveur\",\"potentialAction\":[{\"@type\":\"SearchAction\",\"target\":{\"@type\":\"EntryPoint\",\"urlTemplate\":\"https:\/\/bytowncatering.com\/fr\/?s={search_term_string}\"},\"query-input\":{\"@type\":\"PropertyValueSpecification\",\"valueRequired\":true,\"valueName\":\"search_term_string\"}}],\"inLanguage\":\"en-US\"}]}<\/script>\n<!-- \/ Yoast SEO plugin. -->","yoast_head_json":{"title":"Emplacements de Choix | Traiteur Bytown","robots":{"index":"index","follow":"follow","max-snippet":"max-snippet:-1","max-image-preview":"max-image-preview:large","max-video-preview":"max-video-preview:-1"},"canonical":"https:\/\/bytowncatering.com\/fr\/emplacements-de-choix\/","og_locale":"en_US","og_type":"article","og_title":"Emplacements de Choix | Traiteur Bytown","og_url":"https:\/\/bytowncatering.com\/fr\/emplacements-de-choix\/","og_site_name":"Traiteur Bytown","article_publisher":"https:\/\/www.facebook.com\/BytownCatering\/","article_modified_time":"2019-11-12T18:51:23+00:00","twitter_card":"summary_large_image","twitter_misc":{"Est. reading time":"7 minutes"},"schema":{"@context":"https:\/\/schema.org","@graph":[{"@type":"WebPage","@id":"https:\/\/bytowncatering.com\/fr\/emplacements-de-choix\/","url":"https:\/\/bytowncatering.com\/fr\/emplacements-de-choix\/","name":"Emplacements de Choix | Traiteur Bytown","isPartOf":{"@id":"https:\/\/bytowncatering.com\/fr\/#website"},"datePublished":"2019-11-12T18:49:27+00:00","dateModified":"2019-11-12T18:51:23+00:00","breadcrumb":{"@id":"https:\/\/bytowncatering.com\/fr\/emplacements-de-choix\/#breadcrumb"},"inLanguage":"en-US","potentialAction":[{"@type":"ReadAction","target":["https:\/\/bytowncatering.com\/fr\/emplacements-de-choix\/"]}]},{"@type":"BreadcrumbList","@id":"https:\/\/bytowncatering.com\/fr\/emplacements-de-choix\/#breadcrumb","itemListElement":[{"@type":"ListItem","position":1,"name":"Home","item":"https:\/\/bytowncatering.com\/fr\/"},{"@type":"ListItem","position":2,"name":"Emplacements de Choix"}]},{"@type":"WebSite","@id":"https:\/\/bytowncatering.com\/fr\/#website","url":"https:\/\/bytowncatering.com\/fr\/","name":"Bytown Catering","description":"Nous Livrons des Repas Plein de Saveur","potentialAction":[{"@type":"SearchAction","target":{"@type":"EntryPoint","urlTemplate":"https:\/\/bytowncatering.com\/fr\/?s={search_term_string}"},"query-input":{"@type":"PropertyValueSpecification","valueRequired":true,"valueName":"search_term_string"}}],"inLanguage":"en-US"}]}},"_links":{"self":[{"href":"https:\/\/bytowncatering.com\/fr\/wp-json\/wp\/v2\/pages\/2098","targetHints":{"allow":["GET"]}}],"collection":[{"href":"https:\/\/bytowncatering.com\/fr\/wp-json\/wp\/v2\/pages"}],"about":[{"href":"https:\/\/bytowncatering.com\/fr\/wp-json\/wp\/v2\/types\/page"}],"author":[{"embeddable":true,"href":"https:\/\/bytowncatering.com\/fr\/wp-json\/wp\/v2\/users\/1"}],"replies":[{"embeddable":true,"href":"https:\/\/bytowncatering.com\/fr\/wp-json\/wp\/v2\/comments?post=2098"}],"version-history":[{"count":3,"href":"https:\/\/bytowncatering.com\/fr\/wp-json\/wp\/v2\/pages\/2098\/revisions"}],"predecessor-version":[{"id":2101,"href":"https:\/\/bytowncatering.com\/fr\/wp-json\/wp\/v2\/pages\/2098\/revisions\/2101"}],"wp:attachment":[{"href":"https:\/\/bytowncatering.com\/fr\/wp-json\/wp\/v2\/media?parent=2098"}],"curies":[{"name":"wp","href":"https:\/\/api.w.org\/{rel}","templated":true}]}}