{"id":2367,"date":"2024-06-20T20:36:27","date_gmt":"2024-06-21T00:36:27","guid":{"rendered":"https:\/\/bytowncatering.com\/fr\/?page_id=2367"},"modified":"2024-06-20T20:39:26","modified_gmt":"2024-06-21T00:39:26","slug":"jabulani-de-richmond-estates-winery","status":"publish","type":"page","link":"https:\/\/bytowncatering.com\/fr\/jabulani-de-richmond-estates-winery\/","title":{"rendered":"Jabulani de Richmond Estates Winery"},"content":{"rendered":"<div class=\"fusion-fullwidth fullwidth-box fusion-builder-row-1 fusion-flex-container has-pattern-background has-mask-background nonhundred-percent-fullwidth non-hundred-percent-height-scrolling\" style=\"--awb-border-radius-top-left:0px;--awb-border-radius-top-right:0px;--awb-border-radius-bottom-right:0px;--awb-border-radius-bottom-left:0px;--awb-flex-wrap:wrap;\" ><div class=\"fusion-builder-row fusion-row fusion-flex-align-items-flex-start fusion-flex-content-wrap\" style=\"max-width:1144px;margin-left: calc(-4% \/ 2 );margin-right: calc(-4% \/ 2 );\"><div class=\"fusion-layout-column fusion_builder_column fusion-builder-column-0 fusion_builder_column_1_2 1_2 fusion-flex-column\" style=\"--awb-bg-size:cover;--awb-width-large:50%;--awb-margin-top-large:0px;--awb-spacing-right-large:3.84%;--awb-margin-bottom-large:20px;--awb-spacing-left-large:3.84%;--awb-width-medium:100%;--awb-order-medium:0;--awb-spacing-right-medium:1.92%;--awb-spacing-left-medium:1.92%;--awb-width-small:100%;--awb-order-small:0;--awb-spacing-right-small:1.92%;--awb-spacing-left-small:1.92%;\"><div class=\"fusion-column-wrapper fusion-column-has-shadow fusion-flex-justify-content-flex-start fusion-content-layout-column\"><div class=\"fusion-title title fusion-title-1 fusion-title-text fusion-title-size-one\"><div class=\"title-sep-container title-sep-container-left fusion-no-large-visibility fusion-no-medium-visibility fusion-no-small-visibility\"><div class=\"title-sep sep-double sep-solid\" style=\"border-color:#e0dede;\"><\/div><\/div><span class=\"awb-title-spacer fusion-no-large-visibility fusion-no-medium-visibility fusion-no-small-visibility\"><\/span><h1 class=\"fusion-title-heading title-heading-left fusion-responsive-typography-calculated\" style=\"margin:0;--fontSize:34;line-height:1.4;\">Jabulani de Richmond Estates Winery<\/h1><span class=\"awb-title-spacer\"><\/span><div class=\"title-sep-container title-sep-container-right\"><div class=\"title-sep sep-double sep-solid\" style=\"border-color:#e0dede;\"><\/div><\/div><\/div><div class=\"fusion-text fusion-text-1\"><p>Nich\u00e9 \u00e0 proximit\u00e9 de la paisible rivi\u00e8re Jock \u00e0 Richmond, en Ontario, cet \u00e9tablissement vinicole r\u00e9put\u00e9 offre une formule tout compris pour la tenue de votre mariage. Situ\u00e9 au c\u0153ur d\u2019un vignoble pittoresque de 11 acres, Jabulani offre un cadre enchanteur pour votre journ\u00e9e sp\u00e9ciale dans la grande r\u00e9gion d\u2019Ottawa.<\/p>\n<p>Gr\u00e2ce \u00e0 la formule tout compris de Jabulani, chaque aspect de votre c\u00e9l\u00e9bration sera soigneusement pris en charge, notamment les services de restauration, les services de DJ, le bar et la d\u00e9coration. Prononcez vos v\u0153ux au milieu d\u2019un vignoble au bord de la rivi\u00e8re Jock \u2013 une toile de fond digne d\u2019Instagram. L\u2019\u00e9l\u00e9gante grange offre un lieu de r\u00e9ception polyvalent dans une ambiance \u00e9l\u00e9gante au charme rustique.<\/p>\n<p>Se donnant pour mission de concr\u00e9tiser votre vision, l\u2019\u00e9quipe veillera \u00e0 ce que votre mariage refl\u00e8te votre style, que vous imaginiez une grande f\u00eate divertissante ou une c\u00e9r\u00e9monie raffin\u00e9e. De la premi\u00e8re consultation jusqu\u2019\u00e0 la journ\u00e9e du mariage, Jabulani s\u2019engage \u00e0 offrir une exp\u00e9rience extraordinaire.<\/p>\n<p>Le lieu comprend des champs de vignes luxuriants s\u2019\u00e9tendant sur 11 acres, trois \u00e9tangs, un verger de pommiers o\u00f9 aura lieu la c\u00e9r\u00e9monie et un pavillon pittoresque, ainsi qu\u2019une spacieuse terrasse ext\u00e9rieure et une grange pouvant accueillir jusqu\u2019\u00e0 140 invit\u00e9s pour la r\u00e9ception. Un feu de camp avec des S\u2019mores, des jeux de pelouse, un bar \u00e0 scotch et \u00e0 cigares et une superbe maison en rondins font partie de ses caract\u00e9ristiques uniques.<\/p>\n<p>Dites adieu aux frais cach\u00e9s et au stress de la planification gr\u00e2ce au forfait tout compris transparent, qui couvre le lieu, les frais de la c\u00e9r\u00e9monie, les taxes, les pourboires, le souper, le bar ouvert et le divertissement.<\/p>\n<p>Pr\u00eat \u00e0 commencer la planification de votre mariage de r\u00eave? Visitez les services de mariage de Jabulani pour conna\u00eetre toutes les possibilit\u00e9s qu\u2019offre The Richmond Estates. Jabulani s\u2019attache \u00e0 faire de la vision de votre mariage une r\u00e9alit\u00e9 afin que votre journ\u00e9e sp\u00e9ciale soit des plus extraordinaires.<\/p>\n<\/div><\/div><\/div><div class=\"fusion-layout-column fusion_builder_column fusion-builder-column-1 fusion_builder_column_1_2 1_2 fusion-flex-column\" style=\"--awb-bg-size:cover;--awb-width-large:50%;--awb-margin-top-large:0px;--awb-spacing-right-large:3.84%;--awb-margin-bottom-large:20px;--awb-spacing-left-large:3.84%;--awb-width-medium:100%;--awb-order-medium:0;--awb-spacing-right-medium:1.92%;--awb-spacing-left-medium:1.92%;--awb-width-small:100%;--awb-order-small:0;--awb-spacing-right-small:1.92%;--awb-spacing-left-small:1.92%;\"><div class=\"fusion-column-wrapper fusion-column-has-shadow fusion-flex-justify-content-flex-start fusion-content-layout-column\"><div class=\"fusion-image-carousel fusion-image-carousel-auto fusion-image-carousel-1 fusion-carousel-border\" style=\"margin-bottom:30px;\"><div class=\"awb-carousel awb-swiper awb-swiper-carousel awb-carousel--carousel awb-swiper-dots-position-bottom\" data-layout=\"carousel\" data-autoplay=\"yes\" data-autoplayspeed=\"2500\" data-autoplaypause=\"no\" data-columns=\"1\" data-columnsmedium=\"1\" data-columnssmall=\"1\" data-itemmargin=\"0\" data-itemwidth=\"180\" data-touchscroll=\"no\" data-freemode=\"no\" data-imagesize=\"auto\" data-scrollitems=\"0\" data-centeredslides=\"no\" data-rotationangle=\"50\" data-depth=\"100\" data-speed=\"500\" data-shadow=\"no\" data-pagination=\"bullets\" style=\"--awb-columns:1;--awb-column-spacing:0px;--awb-border-width:1px;--awb-border-color:#e9eaee;\"><div class=\"swiper-wrapper awb-image-carousel-wrapper fusion-flex-align-items-center\"><div class=\"swiper-slide\"><div class=\"fusion-carousel-item-wrapper\"><div class=\"fusion-image-wrapper hover-type-none\"><img decoding=\"async\" width=\"800\" height=\"533\" src=\"https:\/\/bytowncatering.com\/fr\/wp-content\/uploads\/2024\/06\/Jabulani-Vineyard_01.jpg\" class=\"attachment-full size-full\" alt=\"Jabulani de Richmond Estates Winery\" srcset=\"https:\/\/bytowncatering.com\/fr\/wp-content\/uploads\/2024\/06\/Jabulani-Vineyard_01-66x44.jpg 66w, https:\/\/bytowncatering.com\/fr\/wp-content\/uploads\/2024\/06\/Jabulani-Vineyard_01-200x133.jpg 200w, https:\/\/bytowncatering.com\/fr\/wp-content\/uploads\/2024\/06\/Jabulani-Vineyard_01-300x200.jpg 300w, https:\/\/bytowncatering.com\/fr\/wp-content\/uploads\/2024\/06\/Jabulani-Vineyard_01-320x213.jpg 320w, https:\/\/bytowncatering.com\/fr\/wp-content\/uploads\/2024\/06\/Jabulani-Vineyard_01-400x267.jpg 400w, https:\/\/bytowncatering.com\/fr\/wp-content\/uploads\/2024\/06\/Jabulani-Vineyard_01-500x333.jpg 500w, https:\/\/bytowncatering.com\/fr\/wp-content\/uploads\/2024\/06\/Jabulani-Vineyard_01-600x400.jpg 600w, https:\/\/bytowncatering.com\/fr\/wp-content\/uploads\/2024\/06\/Jabulani-Vineyard_01-669x446.jpg 669w, https:\/\/bytowncatering.com\/fr\/wp-content\/uploads\/2024\/06\/Jabulani-Vineyard_01-700x466.jpg 700w, https:\/\/bytowncatering.com\/fr\/wp-content\/uploads\/2024\/06\/Jabulani-Vineyard_01-768x512.jpg 768w, https:\/\/bytowncatering.com\/fr\/wp-content\/uploads\/2024\/06\/Jabulani-Vineyard_01.jpg 800w\" sizes=\"(max-width: 800px) 100vw, 800px\" \/><\/div><\/div><\/div><div class=\"swiper-slide\"><div class=\"fusion-carousel-item-wrapper\"><div class=\"fusion-image-wrapper hover-type-none\"><img decoding=\"async\" width=\"800\" height=\"533\" src=\"https:\/\/bytowncatering.com\/fr\/wp-content\/uploads\/2024\/06\/Jabulani-Vineyard_02.jpg\" class=\"attachment-full size-full\" alt=\"Jabulani de Richmond Estates Winery\" srcset=\"https:\/\/bytowncatering.com\/fr\/wp-content\/uploads\/2024\/06\/Jabulani-Vineyard_02-66x44.jpg 66w, https:\/\/bytowncatering.com\/fr\/wp-content\/uploads\/2024\/06\/Jabulani-Vineyard_02-200x133.jpg 200w, https:\/\/bytowncatering.com\/fr\/wp-content\/uploads\/2024\/06\/Jabulani-Vineyard_02-300x200.jpg 300w, https:\/\/bytowncatering.com\/fr\/wp-content\/uploads\/2024\/06\/Jabulani-Vineyard_02-320x213.jpg 320w, https:\/\/bytowncatering.com\/fr\/wp-content\/uploads\/2024\/06\/Jabulani-Vineyard_02-400x267.jpg 400w, https:\/\/bytowncatering.com\/fr\/wp-content\/uploads\/2024\/06\/Jabulani-Vineyard_02-500x333.jpg 500w, https:\/\/bytowncatering.com\/fr\/wp-content\/uploads\/2024\/06\/Jabulani-Vineyard_02-600x400.jpg 600w, https:\/\/bytowncatering.com\/fr\/wp-content\/uploads\/2024\/06\/Jabulani-Vineyard_02-669x446.jpg 669w, https:\/\/bytowncatering.com\/fr\/wp-content\/uploads\/2024\/06\/Jabulani-Vineyard_02-700x466.jpg 700w, https:\/\/bytowncatering.com\/fr\/wp-content\/uploads\/2024\/06\/Jabulani-Vineyard_02-768x512.jpg 768w, https:\/\/bytowncatering.com\/fr\/wp-content\/uploads\/2024\/06\/Jabulani-Vineyard_02.jpg 800w\" sizes=\"(max-width: 800px) 100vw, 800px\" \/><\/div><\/div><\/div><div class=\"swiper-slide\"><div class=\"fusion-carousel-item-wrapper\"><div class=\"fusion-image-wrapper hover-type-none\"><img decoding=\"async\" width=\"800\" height=\"533\" src=\"https:\/\/bytowncatering.com\/fr\/wp-content\/uploads\/2024\/06\/Jabulani-Vineyard_03.jpg\" class=\"attachment-full size-full\" alt=\"Jabulani de Richmond Estates Winery\" srcset=\"https:\/\/bytowncatering.com\/fr\/wp-content\/uploads\/2024\/06\/Jabulani-Vineyard_03-66x44.jpg 66w, https:\/\/bytowncatering.com\/fr\/wp-content\/uploads\/2024\/06\/Jabulani-Vineyard_03-200x133.jpg 200w, https:\/\/bytowncatering.com\/fr\/wp-content\/uploads\/2024\/06\/Jabulani-Vineyard_03-300x200.jpg 300w, https:\/\/bytowncatering.com\/fr\/wp-content\/uploads\/2024\/06\/Jabulani-Vineyard_03-320x213.jpg 320w, https:\/\/bytowncatering.com\/fr\/wp-content\/uploads\/2024\/06\/Jabulani-Vineyard_03-400x267.jpg 400w, https:\/\/bytowncatering.com\/fr\/wp-content\/uploads\/2024\/06\/Jabulani-Vineyard_03-500x333.jpg 500w, https:\/\/bytowncatering.com\/fr\/wp-content\/uploads\/2024\/06\/Jabulani-Vineyard_03-600x400.jpg 600w, https:\/\/bytowncatering.com\/fr\/wp-content\/uploads\/2024\/06\/Jabulani-Vineyard_03-669x446.jpg 669w, https:\/\/bytowncatering.com\/fr\/wp-content\/uploads\/2024\/06\/Jabulani-Vineyard_03-700x466.jpg 700w, https:\/\/bytowncatering.com\/fr\/wp-content\/uploads\/2024\/06\/Jabulani-Vineyard_03-768x512.jpg 768w, https:\/\/bytowncatering.com\/fr\/wp-content\/uploads\/2024\/06\/Jabulani-Vineyard_03.jpg 800w\" sizes=\"(max-width: 800px) 100vw, 800px\" \/><\/div><\/div><\/div><\/div><\/div><\/div><\/div><\/div><\/div><\/div>\n","protected":false},"excerpt":{"rendered":"","protected":false},"author":1,"featured_media":0,"parent":0,"menu_order":0,"comment_status":"closed","ping_status":"closed","template":"","meta":{"footnotes":""},"class_list":["post-2367","page","type-page","status-publish","hentry"],"yoast_head":"<!-- This site is optimized with the Yoast SEO plugin v27.0 - https:\/\/yoast.com\/product\/yoast-seo-wordpress\/ -->\n<title>Jabulani de Richmond Estates Winery | Traiteur Bytown<\/title>\n<meta name=\"robots\" content=\"index, follow, max-snippet:-1, max-image-preview:large, max-video-preview:-1\" \/>\n<link rel=\"canonical\" href=\"https:\/\/bytowncatering.com\/fr\/jabulani-de-richmond-estates-winery\/\" \/>\n<meta property=\"og:locale\" content=\"en_US\" \/>\n<meta property=\"og:type\" content=\"article\" \/>\n<meta property=\"og:title\" content=\"Jabulani de Richmond Estates Winery | Traiteur Bytown\" \/>\n<meta property=\"og:url\" content=\"https:\/\/bytowncatering.com\/fr\/jabulani-de-richmond-estates-winery\/\" \/>\n<meta property=\"og:site_name\" content=\"Traiteur Bytown\" \/>\n<meta property=\"article:publisher\" content=\"https:\/\/www.facebook.com\/BytownCatering\/\" \/>\n<meta property=\"article:modified_time\" content=\"2024-06-21T00:39:26+00:00\" \/>\n<meta name=\"twitter:card\" content=\"summary_large_image\" \/>\n<meta name=\"twitter:label1\" content=\"Est. reading time\" \/>\n\t<meta name=\"twitter:data1\" content=\"3 minutes\" \/>\n<script type=\"application\/ld+json\" class=\"yoast-schema-graph\">{\"@context\":\"https:\/\/schema.org\",\"@graph\":[{\"@type\":\"WebPage\",\"@id\":\"https:\/\/bytowncatering.com\/fr\/jabulani-de-richmond-estates-winery\/\",\"url\":\"https:\/\/bytowncatering.com\/fr\/jabulani-de-richmond-estates-winery\/\",\"name\":\"Jabulani de Richmond Estates Winery | Traiteur Bytown\",\"isPartOf\":{\"@id\":\"https:\/\/bytowncatering.com\/fr\/#website\"},\"datePublished\":\"2024-06-21T00:36:27+00:00\",\"dateModified\":\"2024-06-21T00:39:26+00:00\",\"breadcrumb\":{\"@id\":\"https:\/\/bytowncatering.com\/fr\/jabulani-de-richmond-estates-winery\/#breadcrumb\"},\"inLanguage\":\"en-US\",\"potentialAction\":[{\"@type\":\"ReadAction\",\"target\":[\"https:\/\/bytowncatering.com\/fr\/jabulani-de-richmond-estates-winery\/\"]}]},{\"@type\":\"BreadcrumbList\",\"@id\":\"https:\/\/bytowncatering.com\/fr\/jabulani-de-richmond-estates-winery\/#breadcrumb\",\"itemListElement\":[{\"@type\":\"ListItem\",\"position\":1,\"name\":\"Home\",\"item\":\"https:\/\/bytowncatering.com\/fr\/\"},{\"@type\":\"ListItem\",\"position\":2,\"name\":\"Jabulani de Richmond Estates Winery\"}]},{\"@type\":\"WebSite\",\"@id\":\"https:\/\/bytowncatering.com\/fr\/#website\",\"url\":\"https:\/\/bytowncatering.com\/fr\/\",\"name\":\"Bytown Catering\",\"description\":\"Nous Livrons des Repas Plein de Saveur\",\"potentialAction\":[{\"@type\":\"SearchAction\",\"target\":{\"@type\":\"EntryPoint\",\"urlTemplate\":\"https:\/\/bytowncatering.com\/fr\/?s={search_term_string}\"},\"query-input\":{\"@type\":\"PropertyValueSpecification\",\"valueRequired\":true,\"valueName\":\"search_term_string\"}}],\"inLanguage\":\"en-US\"}]}<\/script>\n<!-- \/ Yoast SEO plugin. -->","yoast_head_json":{"title":"Jabulani de Richmond Estates Winery | Traiteur Bytown","robots":{"index":"index","follow":"follow","max-snippet":"max-snippet:-1","max-image-preview":"max-image-preview:large","max-video-preview":"max-video-preview:-1"},"canonical":"https:\/\/bytowncatering.com\/fr\/jabulani-de-richmond-estates-winery\/","og_locale":"en_US","og_type":"article","og_title":"Jabulani de Richmond Estates Winery | Traiteur Bytown","og_url":"https:\/\/bytowncatering.com\/fr\/jabulani-de-richmond-estates-winery\/","og_site_name":"Traiteur Bytown","article_publisher":"https:\/\/www.facebook.com\/BytownCatering\/","article_modified_time":"2024-06-21T00:39:26+00:00","twitter_card":"summary_large_image","twitter_misc":{"Est. reading time":"3 minutes"},"schema":{"@context":"https:\/\/schema.org","@graph":[{"@type":"WebPage","@id":"https:\/\/bytowncatering.com\/fr\/jabulani-de-richmond-estates-winery\/","url":"https:\/\/bytowncatering.com\/fr\/jabulani-de-richmond-estates-winery\/","name":"Jabulani de Richmond Estates Winery | Traiteur Bytown","isPartOf":{"@id":"https:\/\/bytowncatering.com\/fr\/#website"},"datePublished":"2024-06-21T00:36:27+00:00","dateModified":"2024-06-21T00:39:26+00:00","breadcrumb":{"@id":"https:\/\/bytowncatering.com\/fr\/jabulani-de-richmond-estates-winery\/#breadcrumb"},"inLanguage":"en-US","potentialAction":[{"@type":"ReadAction","target":["https:\/\/bytowncatering.com\/fr\/jabulani-de-richmond-estates-winery\/"]}]},{"@type":"BreadcrumbList","@id":"https:\/\/bytowncatering.com\/fr\/jabulani-de-richmond-estates-winery\/#breadcrumb","itemListElement":[{"@type":"ListItem","position":1,"name":"Home","item":"https:\/\/bytowncatering.com\/fr\/"},{"@type":"ListItem","position":2,"name":"Jabulani de Richmond Estates Winery"}]},{"@type":"WebSite","@id":"https:\/\/bytowncatering.com\/fr\/#website","url":"https:\/\/bytowncatering.com\/fr\/","name":"Bytown Catering","description":"Nous Livrons des Repas Plein de Saveur","potentialAction":[{"@type":"SearchAction","target":{"@type":"EntryPoint","urlTemplate":"https:\/\/bytowncatering.com\/fr\/?s={search_term_string}"},"query-input":{"@type":"PropertyValueSpecification","valueRequired":true,"valueName":"search_term_string"}}],"inLanguage":"en-US"}]}},"_links":{"self":[{"href":"https:\/\/bytowncatering.com\/fr\/wp-json\/wp\/v2\/pages\/2367","targetHints":{"allow":["GET"]}}],"collection":[{"href":"https:\/\/bytowncatering.com\/fr\/wp-json\/wp\/v2\/pages"}],"about":[{"href":"https:\/\/bytowncatering.com\/fr\/wp-json\/wp\/v2\/types\/page"}],"author":[{"embeddable":true,"href":"https:\/\/bytowncatering.com\/fr\/wp-json\/wp\/v2\/users\/1"}],"replies":[{"embeddable":true,"href":"https:\/\/bytowncatering.com\/fr\/wp-json\/wp\/v2\/comments?post=2367"}],"version-history":[{"count":2,"href":"https:\/\/bytowncatering.com\/fr\/wp-json\/wp\/v2\/pages\/2367\/revisions"}],"predecessor-version":[{"id":2372,"href":"https:\/\/bytowncatering.com\/fr\/wp-json\/wp\/v2\/pages\/2367\/revisions\/2372"}],"wp:attachment":[{"href":"https:\/\/bytowncatering.com\/fr\/wp-json\/wp\/v2\/media?parent=2367"}],"curies":[{"name":"wp","href":"https:\/\/api.w.org\/{rel}","templated":true}]}}