{"id":344,"date":"2019-03-30T14:56:44","date_gmt":"2019-03-30T18:56:44","guid":{"rendered":"http:\/\/canadashop150.com\/?page_id=344"},"modified":"2022-04-18T20:20:37","modified_gmt":"2022-04-19T00:20:37","slug":"a-notre-sujet","status":"publish","type":"page","link":"https:\/\/bytowncatering.com\/fr\/a-notre-sujet\/","title":{"rendered":"\u00c0 notre sujet"},"content":{"rendered":"<div class=\"fusion-fullwidth fullwidth-box fusion-builder-row-1 nonhundred-percent-fullwidth non-hundred-percent-height-scrolling\" style=\"--awb-border-radius-top-left:0px;--awb-border-radius-top-right:0px;--awb-border-radius-bottom-right:0px;--awb-border-radius-bottom-left:0px;--awb-flex-wrap:wrap;\" ><div class=\"fusion-builder-row fusion-row\"><div class=\"fusion-layout-column fusion_builder_column fusion-builder-column-0 fusion_builder_column_1_1 1_1 fusion-one-full fusion-column-first fusion-column-last\" style=\"--awb-bg-size:cover;\"><div class=\"fusion-column-wrapper fusion-column-has-shadow fusion-flex-column-wrapper-legacy\"><div class=\"fusion-text fusion-text-1\"><h1 style=\"--fontSize: 34; line-height: 1.4;\" data-fontsize=\"34\" data-lineheight=\"47.6px\" class=\"fusion-responsive-typography-calculated\">\u00c0 notre sujet<\/h1>\n<p>Les Traiteurs Bytown est le premier choix pour les services de traiteur dans la r\u00e9gion d\u2019Ottawa. \u00c0 titre d\u2019entreprise locale engag\u00e9e dans sa communaut\u00e9, nous avons \u00e9tabli notre client\u00e8le gr\u00e2ce au bouche-\u00e0-oreille. Notre entreprise s\u2019est \u00e9panouie gr\u00e2ce \u00e0 notre engagement sinc\u00e8re pour le service \u00e0 la client\u00e8le et notre mission consiste \u00e0 offrir des aliments de la meilleure qualit\u00e9 possible au meilleur prix qui soit sur le march\u00e9.<\/p>\n<p><strong>En nous choisissant, vous pouvez vous attendre \u00e0 ce qui suit :<\/strong><\/p>\n<ul>\n<li>Des mets succulents, de la meilleure qualit\u00e9 possible au meilleur prix qui soit sur le march\u00e9.<\/li>\n<li>Des repas livr\u00e9s \u00e0 temps, tels que demand\u00e9s, \u00e0 chaque fois.<\/li>\n<li> Une grande vari\u00e9t\u00e9 de choix et d\u2019options dans notre menu complet, ainsi qu\u2019une volont\u00e9 de l\u2019adapter \u00e0 toutes les demandes. Nos chefs peuvent aussi \u00e9laborer et sugg\u00e9rer de nouvelles cr\u00e9ations pour des \u00e9v\u00e9nements uniques.<\/li>\n<li>Des options nutritives et saines.<\/li>\n<li>Un personnel de bureau accueillant et bien renseign\u00e9 pour r\u00e9pondre \u00e0 vos appels et prendre vos commandes.<\/li>\n<li>Des serveurs et des pr\u00e9pos\u00e9s professionnels et courtois.<\/li>\n<li>La promesse de faire tout ce qu\u2019il faut pour combler vos besoins, comme, entre autres, acc\u00e9der aux demandes sp\u00e9ciales et urgentes au meilleur de nos capacit\u00e9s.<\/li>\n<\/ul>\n<p>Gr\u00e2ce \u00e0 plus de 30 ans d\u2019exp\u00e9rience de services de traiteur adapt\u00e9s et de la plus haute qualit\u00e9, nous poss\u00e9dons les connaissances, l\u2019expertise et l\u2019infrastructure n\u00e9cessaires pour satisfaire et \u00ab \u00c9PATER \u00bb nos clients.<\/p>\n<p>Les Traiteurs Bytown Catering est reconnu depuis longtemps comme une entreprise fiable et r\u00e9put\u00e9e, comme en t\u00e9moigne les prix re\u00e7us. Les prix reconnaissent les accomplissements et les contributions de Les Traiteurs Bytown dans les domaines des services de traiteur, de la saine gestion d\u2019entreprise et de la croissance, ainsi que pour les pratiques inclusives d\u2019\u00e9quit\u00e9 en mati\u00e8re d\u2019emploi. L\u2019entreprise Les Traiteurs Bytown Catering et son \u00e9quipe de direction ont re\u00e7u plusieurs distinctions, dont le prix \u00ab Choix des consommateurs \u00bb pendant dix-neuf ann\u00e9es cons\u00e9cutives de 2001 \u00e0 2019. En outre, l\u2019entreprise est accr\u00e9dit\u00e9e par le Better Business Bureau et titulaire de la cote A+, en plus de s\u2019\u00eatre vu d\u00e9cerner le prestigieux BBB Torch Award for Marketplace Trust en 2010.<\/p>\n<p>Vous pouvez \u00e9galement \u00eatre fiers de faire affaire avec une entreprise locale dont les activit\u00e9s sont exerc\u00e9es dans le souci de l\u2019\u00e9cologie, de son milieu social et de l\u2019\u00e9thique environnementale. Voici un aper\u00e7u de nos initiatives et de nos pratiques \u00e0 cet \u00e9gard :<\/p>\n<ul>\n<li>Soutien \u00e0 divers groupes et organismes communautaires.<\/li>\n<li>Embauche d\u2019un effectif diversifi\u00e9, et fourniture de bonnes conditions de travail et une r\u00e9mun\u00e9ration ad\u00e9quate.<\/li>\n<li>Offre d\u2019occasions d\u2019emploi \u00e0 des personnes atteintes de troubles du d\u00e9veloppement.<\/li>\n<li>Achat local chaque fois que nous le pouvons.<\/li>\n<li>Exploration de nouvelles recettes et de nouveaux ingr\u00e9dients pour promouvoir une saine alimentation.<\/li>\n<li>Consultation d\u2019experts en nutrition pour composer des menus sant\u00e9 et app\u00e9tissants.<\/li>\n<li>Adoption des principes du programme \u00c0 votre sant\u00e9.<\/li>\n<li>\u00c9laboration d\u2019une politique globale en mati\u00e8re d\u2019environnement et de d\u00e9veloppement durable.<\/li>\n<li>Diminution de la consommation de l\u2019\u00e9nergie et de l\u2019eau, et r\u00e9duction des d\u00e9chets.<\/li>\n<\/ul>\n<p>En septembre 2013, nous avons fait l\u2019objet d\u2019un audit de la qualit\u00e9 du syst\u00e8me, dans le cadre duquel nous avons obtenu une cote de 97,5 % (Excellent), ce qui d\u00e9montre que nous d\u00e9passons les normes de certification BPF (bonnes pratiques de fabrication), une norme de qualit\u00e9 express\u00e9ment con\u00e7ue pour l\u2019industrie des services d\u2019alimentation.<\/p>\n<\/div><div class=\"fusion-clearfix\"><\/div><\/div><\/div><\/div><\/div>\n","protected":false},"excerpt":{"rendered":"","protected":false},"author":1,"featured_media":0,"parent":0,"menu_order":0,"comment_status":"closed","ping_status":"closed","template":"","meta":{"footnotes":""},"class_list":["post-344","page","type-page","status-publish","hentry"],"yoast_head":"<!-- This site is optimized with the Yoast SEO plugin v27.0 - https:\/\/yoast.com\/product\/yoast-seo-wordpress\/ -->\n<title>\u00c0 notre sujet | Traiteur Bytown<\/title>\n<meta name=\"robots\" content=\"index, follow, max-snippet:-1, max-image-preview:large, max-video-preview:-1\" \/>\n<link rel=\"canonical\" href=\"https:\/\/bytowncatering.com\/fr\/a-notre-sujet\/\" \/>\n<meta property=\"og:locale\" content=\"en_US\" \/>\n<meta property=\"og:type\" content=\"article\" \/>\n<meta property=\"og:title\" content=\"\u00c0 notre sujet | Traiteur Bytown\" \/>\n<meta property=\"og:url\" content=\"https:\/\/bytowncatering.com\/fr\/a-notre-sujet\/\" \/>\n<meta property=\"og:site_name\" content=\"Traiteur Bytown\" \/>\n<meta property=\"article:publisher\" content=\"https:\/\/www.facebook.com\/BytownCatering\/\" \/>\n<meta property=\"article:modified_time\" content=\"2022-04-19T00:20:37+00:00\" \/>\n<meta name=\"twitter:card\" content=\"summary_large_image\" \/>\n<meta name=\"twitter:label1\" content=\"Est. reading time\" \/>\n\t<meta name=\"twitter:data1\" content=\"4 minutes\" \/>\n<script type=\"application\/ld+json\" class=\"yoast-schema-graph\">{\"@context\":\"https:\/\/schema.org\",\"@graph\":[{\"@type\":\"WebPage\",\"@id\":\"https:\/\/bytowncatering.com\/fr\/a-notre-sujet\/\",\"url\":\"https:\/\/bytowncatering.com\/fr\/a-notre-sujet\/\",\"name\":\"\u00c0 notre sujet | Traiteur Bytown\",\"isPartOf\":{\"@id\":\"https:\/\/bytowncatering.com\/fr\/#website\"},\"datePublished\":\"2019-03-30T18:56:44+00:00\",\"dateModified\":\"2022-04-19T00:20:37+00:00\",\"breadcrumb\":{\"@id\":\"https:\/\/bytowncatering.com\/fr\/a-notre-sujet\/#breadcrumb\"},\"inLanguage\":\"en-US\",\"potentialAction\":[{\"@type\":\"ReadAction\",\"target\":[\"https:\/\/bytowncatering.com\/fr\/a-notre-sujet\/\"]}]},{\"@type\":\"BreadcrumbList\",\"@id\":\"https:\/\/bytowncatering.com\/fr\/a-notre-sujet\/#breadcrumb\",\"itemListElement\":[{\"@type\":\"ListItem\",\"position\":1,\"name\":\"Home\",\"item\":\"https:\/\/bytowncatering.com\/fr\/\"},{\"@type\":\"ListItem\",\"position\":2,\"name\":\"\u00c0 notre sujet\"}]},{\"@type\":\"WebSite\",\"@id\":\"https:\/\/bytowncatering.com\/fr\/#website\",\"url\":\"https:\/\/bytowncatering.com\/fr\/\",\"name\":\"Bytown Catering\",\"description\":\"Nous Livrons des Repas Plein de Saveur\",\"potentialAction\":[{\"@type\":\"SearchAction\",\"target\":{\"@type\":\"EntryPoint\",\"urlTemplate\":\"https:\/\/bytowncatering.com\/fr\/?s={search_term_string}\"},\"query-input\":{\"@type\":\"PropertyValueSpecification\",\"valueRequired\":true,\"valueName\":\"search_term_string\"}}],\"inLanguage\":\"en-US\"}]}<\/script>\n<!-- \/ Yoast SEO plugin. -->","yoast_head_json":{"title":"\u00c0 notre sujet | Traiteur Bytown","robots":{"index":"index","follow":"follow","max-snippet":"max-snippet:-1","max-image-preview":"max-image-preview:large","max-video-preview":"max-video-preview:-1"},"canonical":"https:\/\/bytowncatering.com\/fr\/a-notre-sujet\/","og_locale":"en_US","og_type":"article","og_title":"\u00c0 notre sujet | Traiteur Bytown","og_url":"https:\/\/bytowncatering.com\/fr\/a-notre-sujet\/","og_site_name":"Traiteur Bytown","article_publisher":"https:\/\/www.facebook.com\/BytownCatering\/","article_modified_time":"2022-04-19T00:20:37+00:00","twitter_card":"summary_large_image","twitter_misc":{"Est. reading time":"4 minutes"},"schema":{"@context":"https:\/\/schema.org","@graph":[{"@type":"WebPage","@id":"https:\/\/bytowncatering.com\/fr\/a-notre-sujet\/","url":"https:\/\/bytowncatering.com\/fr\/a-notre-sujet\/","name":"\u00c0 notre sujet | Traiteur Bytown","isPartOf":{"@id":"https:\/\/bytowncatering.com\/fr\/#website"},"datePublished":"2019-03-30T18:56:44+00:00","dateModified":"2022-04-19T00:20:37+00:00","breadcrumb":{"@id":"https:\/\/bytowncatering.com\/fr\/a-notre-sujet\/#breadcrumb"},"inLanguage":"en-US","potentialAction":[{"@type":"ReadAction","target":["https:\/\/bytowncatering.com\/fr\/a-notre-sujet\/"]}]},{"@type":"BreadcrumbList","@id":"https:\/\/bytowncatering.com\/fr\/a-notre-sujet\/#breadcrumb","itemListElement":[{"@type":"ListItem","position":1,"name":"Home","item":"https:\/\/bytowncatering.com\/fr\/"},{"@type":"ListItem","position":2,"name":"\u00c0 notre sujet"}]},{"@type":"WebSite","@id":"https:\/\/bytowncatering.com\/fr\/#website","url":"https:\/\/bytowncatering.com\/fr\/","name":"Bytown Catering","description":"Nous Livrons des Repas Plein de Saveur","potentialAction":[{"@type":"SearchAction","target":{"@type":"EntryPoint","urlTemplate":"https:\/\/bytowncatering.com\/fr\/?s={search_term_string}"},"query-input":{"@type":"PropertyValueSpecification","valueRequired":true,"valueName":"search_term_string"}}],"inLanguage":"en-US"}]}},"_links":{"self":[{"href":"https:\/\/bytowncatering.com\/fr\/wp-json\/wp\/v2\/pages\/344","targetHints":{"allow":["GET"]}}],"collection":[{"href":"https:\/\/bytowncatering.com\/fr\/wp-json\/wp\/v2\/pages"}],"about":[{"href":"https:\/\/bytowncatering.com\/fr\/wp-json\/wp\/v2\/types\/page"}],"author":[{"embeddable":true,"href":"https:\/\/bytowncatering.com\/fr\/wp-json\/wp\/v2\/users\/1"}],"replies":[{"embeddable":true,"href":"https:\/\/bytowncatering.com\/fr\/wp-json\/wp\/v2\/comments?post=344"}],"version-history":[{"count":21,"href":"https:\/\/bytowncatering.com\/fr\/wp-json\/wp\/v2\/pages\/344\/revisions"}],"predecessor-version":[{"id":2203,"href":"https:\/\/bytowncatering.com\/fr\/wp-json\/wp\/v2\/pages\/344\/revisions\/2203"}],"wp:attachment":[{"href":"https:\/\/bytowncatering.com\/fr\/wp-json\/wp\/v2\/media?parent=344"}],"curies":[{"name":"wp","href":"https:\/\/api.w.org\/{rel}","templated":true}]}}