{"id":389,"date":"2019-03-31T14:01:53","date_gmt":"2019-03-31T18:01:53","guid":{"rendered":"http:\/\/canadashop150.com\/?page_id=389"},"modified":"2019-11-12T13:06:01","modified_gmt":"2019-11-12T18:06:01","slug":"developpement-durable","status":"publish","type":"page","link":"https:\/\/bytowncatering.com\/fr\/developpement-durable\/","title":{"rendered":"D\u00e9veloppement durable"},"content":{"rendered":"<p><div class=\"fusion-fullwidth fullwidth-box fusion-builder-row-1 nonhundred-percent-fullwidth non-hundred-percent-height-scrolling\" style=\"--awb-border-radius-top-left:0px;--awb-border-radius-top-right:0px;--awb-border-radius-bottom-right:0px;--awb-border-radius-bottom-left:0px;--awb-flex-wrap:wrap;\" ><div class=\"fusion-builder-row fusion-row\"><div class=\"fusion-layout-column fusion_builder_column fusion-builder-column-0 fusion_builder_column_1_2 1_2 fusion-one-half fusion-column-first\" style=\"--awb-bg-size:cover;width:50%;width:calc(50% - ( ( 4% ) * 0.5 ) );margin-right: 4%;\"><div class=\"fusion-column-wrapper fusion-column-has-shadow fusion-flex-column-wrapper-legacy\"><div class=\"fusion-text fusion-text-1\"><h1>D\u00e9veloppement durable<\/h1>\n<p>Les Traiteurs Bytown Catering exploite son entreprise de mani\u00e8re \u00e0 respecter l\u2019\u00e9thique \u00e9cologique, sociale et environnementale. Chaque ann\u00e9e, nous entreprenons une ou plusieurs initiatives pour aider \u00e0 assurer la durabilit\u00e9 de nos op\u00e9rations et r\u00e9duire les impacts environnementaux de celles ci. Parfois, il s\u2019agit de petits changements, alors que d\u2019autres fois il s\u2019agit d\u2019une v\u00e9ritable transformation.<\/p>\n<p>Les initiatives de Les Traiteurs Bytown Catering ont eu des impacts positifs sur tous les aspects de notre entreprise, y compris la r\u00e9duction des d\u00e9chets, de la consommation d\u2019\u00e9nergie et de la consommation d\u2019eau. Nous avons \u00e9t\u00e9 la premi\u00e8re grande entreprise de service de restauration \u00e0 Ottawa \u00e0 passer d\u2019un syst\u00e8me de refroidissement \u00e0 eau \u00e0 un syst\u00e8me de refroidissement \u00e0 air dans nos cuisines. En outre, nous avons \u00e9t\u00e9 l\u2019une des premi\u00e8res entreprises \u00e0 passer de contenants pour emporter de styromousse \u00e0 des contenants enti\u00e8rement biod\u00e9gradable et compostable.<\/p>\n<\/div><div class=\"fusion-clearfix\"><\/div><\/div><\/div><div class=\"fusion-layout-column fusion_builder_column fusion-builder-column-1 fusion_builder_column_1_2 1_2 fusion-one-half fusion-column-last\" style=\"--awb-bg-size:cover;width:50%;width:calc(50% - ( ( 4% ) * 0.5 ) );\"><div class=\"fusion-column-wrapper fusion-column-has-shadow fusion-flex-column-wrapper-legacy\"><div class=\"fusion-image-element in-legacy-container\" style=\"--awb-caption-title-font-family:var(--h2_typography-font-family);--awb-caption-title-font-weight:var(--h2_typography-font-weight);--awb-caption-title-font-style:var(--h2_typography-font-style);--awb-caption-title-size:var(--h2_typography-font-size);--awb-caption-title-transform:var(--h2_typography-text-transform);--awb-caption-title-line-height:var(--h2_typography-line-height);--awb-caption-title-letter-spacing:var(--h2_typography-letter-spacing);\"><span class=\" fusion-imageframe imageframe-none imageframe-1 hover-type-none\"><img decoding=\"async\" width=\"480\" height=\"358\" alt=\"Bytown Catering ORCA D\u00e9veloppement durable\" title=\"ORCA-2\" src=\"https:\/\/bytowncatering.com\/fr\/wp-content\/uploads\/2019\/11\/ORCA-2.jpg\" class=\"img-responsive wp-image-2086\" srcset=\"https:\/\/bytowncatering.com\/fr\/wp-content\/uploads\/2019\/11\/ORCA-2-200x149.jpg 200w, https:\/\/bytowncatering.com\/fr\/wp-content\/uploads\/2019\/11\/ORCA-2-400x298.jpg 400w, https:\/\/bytowncatering.com\/fr\/wp-content\/uploads\/2019\/11\/ORCA-2.jpg 480w\" sizes=\"(max-width: 800px) 100vw, 480px\" \/><\/span><\/div><div class=\"fusion-clearfix\"><\/div><\/div><\/div><\/div><\/div><div class=\"fusion-fullwidth fullwidth-box fusion-builder-row-2 nonhundred-percent-fullwidth non-hundred-percent-height-scrolling\" style=\"--awb-border-radius-top-left:0px;--awb-border-radius-top-right:0px;--awb-border-radius-bottom-right:0px;--awb-border-radius-bottom-left:0px;--awb-flex-wrap:wrap;\" ><div class=\"fusion-builder-row fusion-row\"><div class=\"fusion-layout-column fusion_builder_column fusion-builder-column-2 fusion_builder_column_1_1 1_1 fusion-one-full fusion-column-first fusion-column-last\" style=\"--awb-bg-size:cover;\"><div class=\"fusion-column-wrapper fusion-column-has-shadow fusion-flex-column-wrapper-legacy\"><div class=\"fusion-text fusion-text-2\"><p>Au fil des ans, l\u2019un de nos points de mire a \u00e9t\u00e9 d\u2019am\u00e9liorer notre fa\u00e7on de g\u00e9rer l\u2019\u00e9limination des d\u00e9chets alimentaires. Presque depuis le d\u00e9but de nos op\u00e9rations, avant que le compostage devienne une pratique courante, nous avons travaill\u00e9 en collaboration avec des agriculteurs locaux afin de d\u00e9tourner une partie de nos d\u00e9chets alimentaires lorsqu\u2019ils pouvaient \u00eatre utilis\u00e9s dans le cadre de leurs activit\u00e9s. Ensuite, il y a plusieurs ann\u00e9es, nous avons commenc\u00e9 \u00e0 s\u00e9parer tous les d\u00e9chets alimentaires et d\u00e9chets connexes aux fins de compostage. Bien qu\u2019il s\u2019agisse d\u2019une solution d\u00e9cente, le compostage industriel pr\u00e9sente toujours ses d\u00e9savantages, notamment les impacts environnementaux attribuables au transport des mati\u00e8res compostables, le processus lui-m\u00eame et les utilisations limit\u00e9es pour un tel compost.<\/p>\n<p>Comme nous n\u2019\u00e9tions pas satisfaits, nous avons continu\u00e9 \u00e0 chercher de meilleures options. Nous sommes extr\u00eamement fiers d\u2019avoir investi en 2019 dans une approche enti\u00e8rement nouvelle \u00e0 l\u2019\u00e9gard de l\u2019enjeu des d\u00e9chets alimentaires en proc\u00e9dant \u00e0 l\u2019installation d\u2019un syst\u00e8me de recyclage des d\u00e9chets alimentaires ORCA. La technologie ORCA reproduit un processus de digestion naturel en cr\u00e9ant le parfait environnement biologique thermophile pour permettre \u00e0 des microorganismes de dig\u00e9rer les d\u00e9chets alimentaires pour les transformer en liquide. Essentiellement, ORCA retire les camions du r\u00e9seau routier tout en r\u00e9duisant consid\u00e9rablement les \u00e9missions de dioxyde de carbone et de m\u00e9thane produites par les sites d\u2019enfouissement traditionnels, voire les m\u00e9thodes de compostage. Pour de plus amples renseignements, consultez le <a href=\"https:\/\/www.feedtheorca.com\/\" target=\"_blank\" rel=\"noopener noreferrer\">Feed The Orca<\/a><\/p>\n<p>Pour de plus amples renseignements concernant nos initiatives de d\u00e9veloppement durable, n\u2019h\u00e9sitez pas \u00e0 communiquer avec nous au <a href=\"mailto:sustainability@bytowncatering.com\" target=\"_blank\" rel=\"noopener noreferrer\">sustainability@bytowncatering.com<\/a> .<\/p>\n<\/div><div class=\"fusion-clearfix\"><\/div><\/div><\/div><\/div><\/div><\/p>\n","protected":false},"excerpt":{"rendered":"","protected":false},"author":1,"featured_media":0,"parent":0,"menu_order":0,"comment_status":"closed","ping_status":"closed","template":"","meta":{"footnotes":""},"class_list":["post-389","page","type-page","status-publish","hentry"],"yoast_head":"<!-- This site is optimized with the Yoast SEO plugin v27.0 - https:\/\/yoast.com\/product\/yoast-seo-wordpress\/ -->\n<title>D\u00e9veloppement durable | Traiteur Bytown<\/title>\n<meta name=\"robots\" content=\"index, follow, max-snippet:-1, max-image-preview:large, max-video-preview:-1\" \/>\n<link rel=\"canonical\" href=\"https:\/\/bytowncatering.com\/fr\/developpement-durable\/\" \/>\n<meta property=\"og:locale\" content=\"en_US\" \/>\n<meta property=\"og:type\" content=\"article\" \/>\n<meta property=\"og:title\" content=\"D\u00e9veloppement durable | Traiteur Bytown\" \/>\n<meta property=\"og:url\" content=\"https:\/\/bytowncatering.com\/fr\/developpement-durable\/\" \/>\n<meta property=\"og:site_name\" content=\"Traiteur Bytown\" \/>\n<meta property=\"article:publisher\" content=\"https:\/\/www.facebook.com\/BytownCatering\/\" \/>\n<meta property=\"article:modified_time\" content=\"2019-11-12T18:06:01+00:00\" \/>\n<meta name=\"twitter:card\" content=\"summary_large_image\" \/>\n<meta name=\"twitter:label1\" content=\"Est. reading time\" \/>\n\t<meta name=\"twitter:data1\" content=\"5 minutes\" \/>\n<script type=\"application\/ld+json\" class=\"yoast-schema-graph\">{\"@context\":\"https:\/\/schema.org\",\"@graph\":[{\"@type\":\"WebPage\",\"@id\":\"https:\/\/bytowncatering.com\/fr\/developpement-durable\/\",\"url\":\"https:\/\/bytowncatering.com\/fr\/developpement-durable\/\",\"name\":\"D\u00e9veloppement durable | Traiteur Bytown\",\"isPartOf\":{\"@id\":\"https:\/\/bytowncatering.com\/fr\/#website\"},\"datePublished\":\"2019-03-31T18:01:53+00:00\",\"dateModified\":\"2019-11-12T18:06:01+00:00\",\"breadcrumb\":{\"@id\":\"https:\/\/bytowncatering.com\/fr\/developpement-durable\/#breadcrumb\"},\"inLanguage\":\"en-US\",\"potentialAction\":[{\"@type\":\"ReadAction\",\"target\":[\"https:\/\/bytowncatering.com\/fr\/developpement-durable\/\"]}]},{\"@type\":\"BreadcrumbList\",\"@id\":\"https:\/\/bytowncatering.com\/fr\/developpement-durable\/#breadcrumb\",\"itemListElement\":[{\"@type\":\"ListItem\",\"position\":1,\"name\":\"Home\",\"item\":\"https:\/\/bytowncatering.com\/fr\/\"},{\"@type\":\"ListItem\",\"position\":2,\"name\":\"D\u00e9veloppement durable\"}]},{\"@type\":\"WebSite\",\"@id\":\"https:\/\/bytowncatering.com\/fr\/#website\",\"url\":\"https:\/\/bytowncatering.com\/fr\/\",\"name\":\"Bytown Catering\",\"description\":\"Nous Livrons des Repas Plein de Saveur\",\"potentialAction\":[{\"@type\":\"SearchAction\",\"target\":{\"@type\":\"EntryPoint\",\"urlTemplate\":\"https:\/\/bytowncatering.com\/fr\/?s={search_term_string}\"},\"query-input\":{\"@type\":\"PropertyValueSpecification\",\"valueRequired\":true,\"valueName\":\"search_term_string\"}}],\"inLanguage\":\"en-US\"}]}<\/script>\n<!-- \/ Yoast SEO plugin. -->","yoast_head_json":{"title":"D\u00e9veloppement durable | Traiteur Bytown","robots":{"index":"index","follow":"follow","max-snippet":"max-snippet:-1","max-image-preview":"max-image-preview:large","max-video-preview":"max-video-preview:-1"},"canonical":"https:\/\/bytowncatering.com\/fr\/developpement-durable\/","og_locale":"en_US","og_type":"article","og_title":"D\u00e9veloppement durable | Traiteur Bytown","og_url":"https:\/\/bytowncatering.com\/fr\/developpement-durable\/","og_site_name":"Traiteur Bytown","article_publisher":"https:\/\/www.facebook.com\/BytownCatering\/","article_modified_time":"2019-11-12T18:06:01+00:00","twitter_card":"summary_large_image","twitter_misc":{"Est. reading time":"5 minutes"},"schema":{"@context":"https:\/\/schema.org","@graph":[{"@type":"WebPage","@id":"https:\/\/bytowncatering.com\/fr\/developpement-durable\/","url":"https:\/\/bytowncatering.com\/fr\/developpement-durable\/","name":"D\u00e9veloppement durable | Traiteur Bytown","isPartOf":{"@id":"https:\/\/bytowncatering.com\/fr\/#website"},"datePublished":"2019-03-31T18:01:53+00:00","dateModified":"2019-11-12T18:06:01+00:00","breadcrumb":{"@id":"https:\/\/bytowncatering.com\/fr\/developpement-durable\/#breadcrumb"},"inLanguage":"en-US","potentialAction":[{"@type":"ReadAction","target":["https:\/\/bytowncatering.com\/fr\/developpement-durable\/"]}]},{"@type":"BreadcrumbList","@id":"https:\/\/bytowncatering.com\/fr\/developpement-durable\/#breadcrumb","itemListElement":[{"@type":"ListItem","position":1,"name":"Home","item":"https:\/\/bytowncatering.com\/fr\/"},{"@type":"ListItem","position":2,"name":"D\u00e9veloppement durable"}]},{"@type":"WebSite","@id":"https:\/\/bytowncatering.com\/fr\/#website","url":"https:\/\/bytowncatering.com\/fr\/","name":"Bytown Catering","description":"Nous Livrons des Repas Plein de Saveur","potentialAction":[{"@type":"SearchAction","target":{"@type":"EntryPoint","urlTemplate":"https:\/\/bytowncatering.com\/fr\/?s={search_term_string}"},"query-input":{"@type":"PropertyValueSpecification","valueRequired":true,"valueName":"search_term_string"}}],"inLanguage":"en-US"}]}},"_links":{"self":[{"href":"https:\/\/bytowncatering.com\/fr\/wp-json\/wp\/v2\/pages\/389","targetHints":{"allow":["GET"]}}],"collection":[{"href":"https:\/\/bytowncatering.com\/fr\/wp-json\/wp\/v2\/pages"}],"about":[{"href":"https:\/\/bytowncatering.com\/fr\/wp-json\/wp\/v2\/types\/page"}],"author":[{"embeddable":true,"href":"https:\/\/bytowncatering.com\/fr\/wp-json\/wp\/v2\/users\/1"}],"replies":[{"embeddable":true,"href":"https:\/\/bytowncatering.com\/fr\/wp-json\/wp\/v2\/comments?post=389"}],"version-history":[{"count":9,"href":"https:\/\/bytowncatering.com\/fr\/wp-json\/wp\/v2\/pages\/389\/revisions"}],"predecessor-version":[{"id":2090,"href":"https:\/\/bytowncatering.com\/fr\/wp-json\/wp\/v2\/pages\/389\/revisions\/2090"}],"wp:attachment":[{"href":"https:\/\/bytowncatering.com\/fr\/wp-json\/wp\/v2\/media?parent=389"}],"curies":[{"name":"wp","href":"https:\/\/api.w.org\/{rel}","templated":true}]}}