{"id":394,"date":"2019-03-31T14:05:25","date_gmt":"2019-03-31T18:05:25","guid":{"rendered":"http:\/\/canadashop150.com\/?page_id=394"},"modified":"2019-11-09T20:30:36","modified_gmt":"2019-11-10T01:30:36","slug":"engagement-communautaire","status":"publish","type":"page","link":"https:\/\/bytowncatering.com\/fr\/engagement-communautaire\/","title":{"rendered":"Engagement communautaire"},"content":{"rendered":"<div class=\"fusion-fullwidth fullwidth-box fusion-builder-row-1 nonhundred-percent-fullwidth non-hundred-percent-height-scrolling\" style=\"--awb-border-radius-top-left:0px;--awb-border-radius-top-right:0px;--awb-border-radius-bottom-right:0px;--awb-border-radius-bottom-left:0px;--awb-flex-wrap:wrap;\" ><div class=\"fusion-builder-row fusion-row\"><div class=\"fusion-layout-column fusion_builder_column fusion-builder-column-0 fusion_builder_column_1_1 1_1 fusion-one-full fusion-column-first fusion-column-last\" style=\"--awb-bg-size:cover;\"><div class=\"fusion-column-wrapper fusion-column-has-shadow fusion-flex-column-wrapper-legacy\"><div class=\"fusion-text fusion-text-1\"><h1>Engagement communautaire<\/h1>\n<p>Les Traiteurs Bytown Catering a toujours fortement soutenu les communaut\u00e9s locales. Comme entreprise ind\u00e9pendante d\u00e9tenue et exploit\u00e9e localement, nous comprenons l\u2019importance de participer et de contribuer au d\u00e9veloppement d\u2019une communaut\u00e9 dynamique.<\/p>\n<p>En 2020, nous organiserons notre 20e tournoi de <a href=\"https:\/\/bytowncatering.com\/fr\/golf annuel des Traiteurs Bytown Catering\/\" target=\"_blank\" rel=\"noopener noreferrer\">golf annuel des Traiteurs Bytown Catering<\/a> les d\u00e9buts du tournoi, nous avons r\u00e9colt\u00e9 plus de <strong>100\u2009000<\/strong> $ pour des organismes de bienfaisance locaux et nationaux, dont St. Joseph Supper Table et la Soci\u00e9t\u00e9 canadienne de la SLA.<\/p>\n<p>En plus d\u2019organiser notre propre \u00e9v\u00e9nement, nous offrons des commandites et un soutien \u00e0 de nombreuses activit\u00e9s de financement et \u00e9v\u00e9nements communautaires locaux. Au fil des ans, nous avons appuy\u00e9 des groupes, dont le Club Optimiste, le CHEO BBQ, la fondation de l\u2019H\u00f4pital Montfort, ainsi que beaucoup d\u2019initiatives de collecte de fonds plus petites, incluant des activit\u00e9s de Centraide Canada, l\u2019aide aux victimes du s\u00e9isme en Ha\u00efti et des \u00e9v\u00e9nements pr\u00e9sent\u00e9s par des \u00e9tudiants. Pour nous demander d\u2019appuyer votre \u00e9v\u00e9nement, veuillez nous faire parvenir votre demande par courriel \u00e0 : <a href=\"mailto:sales@bytowncatering.com\" target=\"_blank\" rel=\"noopener noreferrer\">sales@bytowncatering.com.<\/a><\/p>\n<h2>Fonctionner avec une conscience sociale<\/h2>\n<p>Soutenir notre communaut\u00e9 comprend bien plus que d\u2019appuyer des activit\u00e9s de lev\u00e9e de fonds et des \u00e9v\u00e9nements communautaires. Afin de nous permettre d\u2019embaucher une main-d\u2019\u0153uvre vari\u00e9e, nous travaillons en collaboration avec des organismes locaux afin d\u2019offrir des possibilit\u00e9s d\u2019emploi aux personnes ayant une d\u00e9ficience d\u00e9veloppementale ainsi qu\u2019aux nouveaux immigrants. Les prix et la reconnaissance que Les Traiteurs Bytown Catering a re\u00e7us d\u00e9pendent beaucoup de la fa\u00e7on dont nous traitons nos employ\u00e9s et de nos contributions \u00e0 la communaut\u00e9. Deux prix en particulier soulignent nos pratiques d\u2019emploi positives et avant-gardistes :<\/p>\n<ul>\n<li>Prix de la Coop\u00e9ration \u00bb, de la Coop\u00e9rative Horizon Emploi Inc., pour l\u2019int\u00e9gration au travail et l\u2019enrichissement des personnes ayant une d\u00e9ficience intellectuelle\/handicap de d\u00e9veloppement. Nous avons remport\u00e9 ce prix cinq fois.<\/li>\n<li>Champion des employeurs du programme Passeport pour la prosp\u00e9rit\u00e9 \u00bb, du Conseil provincial de partenariat.<\/li>\n<\/ul>\n<p>Si vous faites partie d\u2019une organisation dont l\u2019objectif consiste \u00e0 aider les personnes confront\u00e9es \u00e0 des obstacles \u00e0 l\u2019emploi \u00e0 trouver des possibilit\u00e9s d\u2019emploi, veuillez communiquer avec nous au <a href=\"mailto:careers@bytowncatering.com\" target=\"_blank\" rel=\"noopener noreferrer\">careers@bytowncatering.com<\/a> pour obtenir plus de renseignements \u00e0 propos de nos possibilit\u00e9s \u00e9ventuelles.<\/p>\n<\/div><div class=\"fusion-clearfix\"><\/div><\/div><\/div><\/div><\/div>\n","protected":false},"excerpt":{"rendered":"","protected":false},"author":1,"featured_media":0,"parent":0,"menu_order":0,"comment_status":"closed","ping_status":"closed","template":"","meta":{"footnotes":""},"class_list":["post-394","page","type-page","status-publish","hentry"],"yoast_head":"<!-- This site is optimized with the Yoast SEO plugin v27.0 - https:\/\/yoast.com\/product\/yoast-seo-wordpress\/ -->\n<title>Engagement communautaire | Traiteur Bytown<\/title>\n<meta name=\"robots\" content=\"index, follow, max-snippet:-1, max-image-preview:large, max-video-preview:-1\" \/>\n<link rel=\"canonical\" href=\"https:\/\/bytowncatering.com\/fr\/engagement-communautaire\/\" \/>\n<meta property=\"og:locale\" content=\"en_US\" \/>\n<meta property=\"og:type\" content=\"article\" \/>\n<meta property=\"og:title\" content=\"Engagement communautaire | Traiteur Bytown\" \/>\n<meta property=\"og:url\" content=\"https:\/\/bytowncatering.com\/fr\/engagement-communautaire\/\" \/>\n<meta property=\"og:site_name\" content=\"Traiteur Bytown\" \/>\n<meta property=\"article:publisher\" content=\"https:\/\/www.facebook.com\/BytownCatering\/\" \/>\n<meta property=\"article:modified_time\" content=\"2019-11-10T01:30:36+00:00\" \/>\n<meta name=\"twitter:card\" content=\"summary_large_image\" \/>\n<meta name=\"twitter:label1\" content=\"Est. reading time\" \/>\n\t<meta name=\"twitter:data1\" content=\"3 minutes\" \/>\n<script type=\"application\/ld+json\" class=\"yoast-schema-graph\">{\"@context\":\"https:\/\/schema.org\",\"@graph\":[{\"@type\":\"WebPage\",\"@id\":\"https:\/\/bytowncatering.com\/fr\/engagement-communautaire\/\",\"url\":\"https:\/\/bytowncatering.com\/fr\/engagement-communautaire\/\",\"name\":\"Engagement communautaire | Traiteur Bytown\",\"isPartOf\":{\"@id\":\"https:\/\/bytowncatering.com\/fr\/#website\"},\"datePublished\":\"2019-03-31T18:05:25+00:00\",\"dateModified\":\"2019-11-10T01:30:36+00:00\",\"breadcrumb\":{\"@id\":\"https:\/\/bytowncatering.com\/fr\/engagement-communautaire\/#breadcrumb\"},\"inLanguage\":\"en-US\",\"potentialAction\":[{\"@type\":\"ReadAction\",\"target\":[\"https:\/\/bytowncatering.com\/fr\/engagement-communautaire\/\"]}]},{\"@type\":\"BreadcrumbList\",\"@id\":\"https:\/\/bytowncatering.com\/fr\/engagement-communautaire\/#breadcrumb\",\"itemListElement\":[{\"@type\":\"ListItem\",\"position\":1,\"name\":\"Home\",\"item\":\"https:\/\/bytowncatering.com\/fr\/\"},{\"@type\":\"ListItem\",\"position\":2,\"name\":\"Engagement communautaire\"}]},{\"@type\":\"WebSite\",\"@id\":\"https:\/\/bytowncatering.com\/fr\/#website\",\"url\":\"https:\/\/bytowncatering.com\/fr\/\",\"name\":\"Bytown Catering\",\"description\":\"Nous Livrons des Repas Plein de Saveur\",\"potentialAction\":[{\"@type\":\"SearchAction\",\"target\":{\"@type\":\"EntryPoint\",\"urlTemplate\":\"https:\/\/bytowncatering.com\/fr\/?s={search_term_string}\"},\"query-input\":{\"@type\":\"PropertyValueSpecification\",\"valueRequired\":true,\"valueName\":\"search_term_string\"}}],\"inLanguage\":\"en-US\"}]}<\/script>\n<!-- \/ Yoast SEO plugin. -->","yoast_head_json":{"title":"Engagement communautaire | Traiteur Bytown","robots":{"index":"index","follow":"follow","max-snippet":"max-snippet:-1","max-image-preview":"max-image-preview:large","max-video-preview":"max-video-preview:-1"},"canonical":"https:\/\/bytowncatering.com\/fr\/engagement-communautaire\/","og_locale":"en_US","og_type":"article","og_title":"Engagement communautaire | Traiteur Bytown","og_url":"https:\/\/bytowncatering.com\/fr\/engagement-communautaire\/","og_site_name":"Traiteur Bytown","article_publisher":"https:\/\/www.facebook.com\/BytownCatering\/","article_modified_time":"2019-11-10T01:30:36+00:00","twitter_card":"summary_large_image","twitter_misc":{"Est. reading time":"3 minutes"},"schema":{"@context":"https:\/\/schema.org","@graph":[{"@type":"WebPage","@id":"https:\/\/bytowncatering.com\/fr\/engagement-communautaire\/","url":"https:\/\/bytowncatering.com\/fr\/engagement-communautaire\/","name":"Engagement communautaire | Traiteur Bytown","isPartOf":{"@id":"https:\/\/bytowncatering.com\/fr\/#website"},"datePublished":"2019-03-31T18:05:25+00:00","dateModified":"2019-11-10T01:30:36+00:00","breadcrumb":{"@id":"https:\/\/bytowncatering.com\/fr\/engagement-communautaire\/#breadcrumb"},"inLanguage":"en-US","potentialAction":[{"@type":"ReadAction","target":["https:\/\/bytowncatering.com\/fr\/engagement-communautaire\/"]}]},{"@type":"BreadcrumbList","@id":"https:\/\/bytowncatering.com\/fr\/engagement-communautaire\/#breadcrumb","itemListElement":[{"@type":"ListItem","position":1,"name":"Home","item":"https:\/\/bytowncatering.com\/fr\/"},{"@type":"ListItem","position":2,"name":"Engagement communautaire"}]},{"@type":"WebSite","@id":"https:\/\/bytowncatering.com\/fr\/#website","url":"https:\/\/bytowncatering.com\/fr\/","name":"Bytown Catering","description":"Nous Livrons des Repas Plein de Saveur","potentialAction":[{"@type":"SearchAction","target":{"@type":"EntryPoint","urlTemplate":"https:\/\/bytowncatering.com\/fr\/?s={search_term_string}"},"query-input":{"@type":"PropertyValueSpecification","valueRequired":true,"valueName":"search_term_string"}}],"inLanguage":"en-US"}]}},"_links":{"self":[{"href":"https:\/\/bytowncatering.com\/fr\/wp-json\/wp\/v2\/pages\/394","targetHints":{"allow":["GET"]}}],"collection":[{"href":"https:\/\/bytowncatering.com\/fr\/wp-json\/wp\/v2\/pages"}],"about":[{"href":"https:\/\/bytowncatering.com\/fr\/wp-json\/wp\/v2\/types\/page"}],"author":[{"embeddable":true,"href":"https:\/\/bytowncatering.com\/fr\/wp-json\/wp\/v2\/users\/1"}],"replies":[{"embeddable":true,"href":"https:\/\/bytowncatering.com\/fr\/wp-json\/wp\/v2\/comments?post=394"}],"version-history":[{"count":6,"href":"https:\/\/bytowncatering.com\/fr\/wp-json\/wp\/v2\/pages\/394\/revisions"}],"predecessor-version":[{"id":1951,"href":"https:\/\/bytowncatering.com\/fr\/wp-json\/wp\/v2\/pages\/394\/revisions\/1951"}],"wp:attachment":[{"href":"https:\/\/bytowncatering.com\/fr\/wp-json\/wp\/v2\/media?parent=394"}],"curies":[{"name":"wp","href":"https:\/\/api.w.org\/{rel}","templated":true}]}}