{"id":399,"date":"2019-03-31T14:12:19","date_gmt":"2019-03-31T18:12:19","guid":{"rendered":"http:\/\/canadashop150.com\/?page_id=399"},"modified":"2019-11-12T11:22:01","modified_gmt":"2019-11-12T16:22:01","slug":"perspectives-de-carriere","status":"publish","type":"page","link":"https:\/\/bytowncatering.com\/fr\/perspectives-de-carriere\/","title":{"rendered":"Perspectives de carri\u00e8re"},"content":{"rendered":"<div class=\"fusion-fullwidth fullwidth-box fusion-builder-row-1 nonhundred-percent-fullwidth non-hundred-percent-height-scrolling\" style=\"--awb-border-radius-top-left:0px;--awb-border-radius-top-right:0px;--awb-border-radius-bottom-right:0px;--awb-border-radius-bottom-left:0px;--awb-flex-wrap:wrap;\" ><div class=\"fusion-builder-row fusion-row\"><div class=\"fusion-layout-column fusion_builder_column fusion-builder-column-0 fusion_builder_column_1_2 1_2 fusion-one-half fusion-column-first\" style=\"--awb-bg-size:cover;width:50%;width:calc(50% - ( ( 4% ) * 0.5 ) );margin-right: 4%;\"><div class=\"fusion-column-wrapper fusion-column-has-shadow fusion-flex-column-wrapper-legacy\"><div class=\"fusion-text fusion-text-1\"><h1>Perspectives de carri\u00e8re<\/h1>\n<p>Les Traiteurs Bytown Catering continue de cro\u00eetre tout en restant fid\u00e8le \u00e0 sa mission : offrir des aliments de qualit\u00e9 et un service personnalis\u00e9 \u00e0 des prix abordables. Recherchez-vous un milieu de travail o\u00f9 r\u00e8gne l\u2019esprit de groupe? Pouvez-vous composer avec un rythme de travail rapide? \u00cates-vous pr\u00eat \u00e0 faire le n\u00e9cessaire pour assurer le succ\u00e8s des activit\u00e9s de notre client\u00e8le? Si tel est le cas, nous vous prions de bien vouloir communiquer avec nous!<\/p>\n<p>Nous recrutons continuellement des personnes dynamiques pour notre \u00e9quipe formidable, en particulier pour remplir les postes suivants :<\/p>\n<ul>\n<li>chefs accr\u00e9dit\u00e9s en vertu du \u00ab Sceau rouge \u00bb<\/li>\n<li>serveurs de banquet et barmans<\/li>\n<li>cuisiniers et aides-cuisiniers<\/li>\n<li>plongeurs<\/li>\n<li>personnel de livraison<\/li>\n<li>caissi\u00e8res de caf\u00e9t\u00e9rias<\/li>\n<\/ul>\n<p>Les Traiteurs Bytown Catering est un employeur inclusif employant une main-d\u2019\u0153uvre vari\u00e9e. Nous offrons une r\u00e9mun\u00e9ration \u00e9quitable et nous disposons d\u2019un programme complet d\u2019avantages sociaux pour les employ\u00e9s. Nous offrons des postes \u00e0 divers endroits dans la ville d\u2019Ottawa, \u00e0 Kingston et \u00e0 Morrisburg.<\/p>\n<p>Si l\u2019un ou l\u2019autre de ces postes vous int\u00e9resse, veuillez soumettre votre curriculum vitae \u00e0 : <a href=\"mailto:careers@bytowncatering.com\" target=\"_blank\" rel=\"noopener noreferrer\">careers@bytowncatering.com<\/a>.<\/p>\n<\/div><div class=\"fusion-clearfix\"><\/div><\/div><\/div><div class=\"fusion-layout-column fusion_builder_column fusion-builder-column-1 fusion_builder_column_1_2 1_2 fusion-one-half fusion-column-last\" style=\"--awb-bg-size:cover;width:50%;width:calc(50% - ( ( 4% ) * 0.5 ) );\"><div class=\"fusion-column-wrapper fusion-column-has-shadow fusion-flex-column-wrapper-legacy\"><div class=\"fusion-sep-clear\"><\/div><div class=\"fusion-separator fusion-full-width-sep\" style=\"margin-left: auto;margin-right: auto;margin-top:20px;margin-bottom:20px;width:100%;\"><\/div><div class=\"fusion-sep-clear\"><\/div><div class=\"fusion-text fusion-text-2\"><h2>Veuillez remplir tous les champs ci-dessous et joindre votre CV au format PDF.<\/h2>\n<\/div><div class=\"fusion-text fusion-text-3\"><div id=\"quform-6b8acd\" class=\"quform quform-3 quform-theme-light quform-support-page-caching\"><form id=\"quform-form-6b8acd\" class=\"quform-form quform-form-3\" action=\"\/fr\/wp-json\/wp\/v2\/pages\/399#quform-6b8acd\" method=\"post\" enctype=\"multipart\/form-data\" novalidate=\"novalidate\" data-options=\"{&quot;id&quot;:3,&quot;uniqueId&quot;:&quot;6b8acd&quot;,&quot;theme&quot;:&quot;light&quot;,&quot;ajax&quot;:true,&quot;logic&quot;:{&quot;logic&quot;:[],&quot;dependents&quot;:[],&quot;elementIds&quot;:[],&quot;dependentElementIds&quot;:[],&quot;animate&quot;:true},&quot;currentPageId&quot;:1,&quot;errorsIcon&quot;:&quot;&quot;,&quot;updateFancybox&quot;:true,&quot;hasPages&quot;:false,&quot;pages&quot;:[1],&quot;pageProgressType&quot;:&quot;numbers&quot;,&quot;tooltipsEnabled&quot;:true,&quot;tooltipClasses&quot;:&quot;qtip-quform-dark qtip-shadow&quot;,&quot;tooltipMy&quot;:&quot;left center&quot;,&quot;tooltipAt&quot;:&quot;right center&quot;,&quot;isRtl&quot;:false,&quot;scrollOffset&quot;:-50,&quot;scrollSpeed&quot;:800}\"><button class=\"quform-default-submit\" name=\"quform_submit\" type=\"submit\" value=\"submit\" aria-hidden=\"true\" tabindex=\"-1\"><\/button><div class=\"quform-form-inner quform-form-inner-3\"><input type=\"hidden\" name=\"quform_form_id\" value=\"3\" \/><input type=\"hidden\" name=\"quform_form_uid\" value=\"6b8acd\" \/><input type=\"hidden\" name=\"quform_count\" value=\"1\" \/><input type=\"hidden\" name=\"form_url\" value=\"https:\/\/bytowncatering.com\/fr\/wp-json\/wp\/v2\/pages\/399\" \/><input type=\"hidden\" name=\"referring_url\" value=\"\" \/><input type=\"hidden\" name=\"post_id\" value=\"\" \/><input type=\"hidden\" name=\"post_title\" value=\"\" \/><input type=\"hidden\" name=\"quform_current_page_id\" value=\"1\" \/><input type=\"hidden\" name=\"quform_loaded\" value=\"1776284760|7e0021ee212145674870ba08ecbda84e\" \/><input type=\"hidden\" name=\"quform_csrf_token\" value=\"xq2CpePCcWrNOi0fgXi7f2xm8zfuqcoR6EG8KMzA\" \/><div class=\"quform-elements quform-elements-3 quform-cf quform-responsive-elements-phone-portrait\"><div class=\"quform-element quform-element-page quform-page-1 quform-page-3_1 quform-cf quform-group-style-plain quform-first-page quform-last-page quform-current-page\"><div class=\"quform-child-elements\"><div class=\"quform-element quform-element-name quform-element-3_4 quform-cf quform-element-optional\"><div class=\"quform-spacer\"><div class=\"quform-label quform-label-3_4\"><span class=\"quform-label-icon\"><i class=\"fa fa-user\"><\/i><\/span><label class=\"quform-label-text\" id=\"quform_3_4_6b8acd_label\">Nom<\/label><\/div><div class=\"quform-inner quform-inner-name quform-inner-3_4\"><div class=\"quform-input quform-input-name quform-input-3_4 quform-cf\"><div class=\"quform-element-row quform-2-columns quform-element-row-size-fixed quform-responsive-columns-phone-portrait\"><div class=\"quform-element-column\"><div class=\"quform-element quform-element-text quform-element-3_4_2 quform-cf quform-element-optional\"><div class=\"quform-spacer\"><div class=\"quform-inner quform-inner-text quform-inner-3_4_2\"><div class=\"quform-input quform-input-text quform-input-3_4_2 quform-cf\"><input type=\"text\" id=\"quform_3_4_2_6b8acd\" name=\"quform_3_4[2]\" class=\"quform-field quform-field-text quform-field-3_4_2\" aria-labelledby=\"quform_3_4_6b8acd_label quform_3_4_2_6b8acd_sub_label_below\" \/><\/div><label id=\"quform_3_4_2_6b8acd_sub_label_below\" class=\"quform-sub-label quform-sub-label-below\">Pr\u00e9nom<\/label><\/div><\/div><\/div><\/div><div class=\"quform-element-column\"><div class=\"quform-element quform-element-text quform-element-3_4_4 quform-cf quform-element-optional\"><div class=\"quform-spacer\"><div class=\"quform-inner quform-inner-text quform-inner-3_4_4\"><div class=\"quform-input quform-input-text quform-input-3_4_4 quform-cf\"><input type=\"text\" id=\"quform_3_4_4_6b8acd\" name=\"quform_3_4[4]\" class=\"quform-field quform-field-text quform-field-3_4_4\" aria-labelledby=\"quform_3_4_6b8acd_label quform_3_4_4_6b8acd_sub_label_below\" \/><\/div><label id=\"quform_3_4_4_6b8acd_sub_label_below\" class=\"quform-sub-label quform-sub-label-below\">Nom de famille<\/label><\/div><\/div><\/div><\/div><\/div><\/div><\/div><\/div><\/div><div class=\"quform-element quform-element-textarea quform-element-3_607620 quform-sr-only quform-cf\" style=\"clip: rect(1px, 1px, 1px, 1px); clip-path: inset(50%); position: absolute !important; height: 1px; width: 1px; overflow: hidden;\"><div class=\"quform-spacer\"><div class=\"quform-label quform-label-3_607620\"><label class=\"quform-label-text\" for=\"quform_3_607620_6b8acd\">Contact Email<span class=\"quform-required\">*<\/span><\/label><\/div><div class=\"quform-inner quform-inner-3_607620\"><textarea id=\"quform_3_607620_6b8acd\" name=\"quform_3_607620\" class=\"quform-field quform-field-textarea quform-field-3_607620\" tabindex=\"-1\" autocomplete=\"new-password\"><\/textarea><\/div><\/div><\/div><div class=\"quform-element quform-element-row quform-element-row-3_15 quform-2-columns quform-element-row-size-fixed quform-responsive-columns-phone-portrait\"><div class=\"quform-element quform-element-column quform-element-3_16\"><div class=\"quform-element quform-element-email quform-element-3_5 quform-cf quform-element-required\"><div class=\"quform-spacer\"><div class=\"quform-label quform-label-3_5\"><span class=\"quform-label-icon\"><i class=\"fa fa-envelope\"><\/i><\/span><label class=\"quform-label-text\" for=\"quform_3_5_6b8acd\">Courriel<span class=\"quform-required\">*<\/span><\/label><\/div><div class=\"quform-inner quform-inner-email quform-inner-3_5\"><div class=\"quform-input quform-input-email quform-input-3_5 quform-cf\"><input type=\"email\" id=\"quform_3_5_6b8acd\" name=\"quform_3_5\" class=\"quform-field quform-field-email quform-field-3_5\" \/><\/div><\/div><\/div><\/div><\/div><div class=\"quform-element quform-element-column quform-element-3_17\"><div class=\"quform-element quform-element-text quform-element-3_7 quform-cf quform-element-required\"><div class=\"quform-spacer\"><div class=\"quform-label quform-label-3_7\"><span class=\"quform-label-icon\"><i class=\"fa fa-phone\"><\/i><\/span><label class=\"quform-label-text\" for=\"quform_3_7_6b8acd\">T\u00e9l\u00e9phone<span class=\"quform-required\">*<\/span><\/label><\/div><div class=\"quform-inner quform-inner-text quform-inner-3_7\"><div class=\"quform-input quform-input-text quform-input-3_7 quform-cf\"><input type=\"text\" id=\"quform_3_7_6b8acd\" name=\"quform_3_7\" class=\"quform-field quform-field-text quform-field-3_7\" \/><\/div><\/div><\/div><\/div><\/div><\/div><div class=\"quform-element quform-element-select quform-element-3_19 quform-cf quform-element-required\"><div class=\"quform-spacer\"><div class=\"quform-label quform-label-3_19\"><label class=\"quform-label-text\" for=\"quform_3_19_6b8acd\">S'il vous plait remplir les postes suivants<span class=\"quform-required\">*<\/span><\/label><\/div><div class=\"quform-inner quform-inner-select quform-inner-3_19\"><div class=\"quform-input quform-input-select quform-input-3_19 quform-cf\"><select id=\"quform_3_19_6b8acd\" name=\"quform_3_19\" class=\"quform-field quform-field-select quform-field-3_19\"><option value=\"\" selected=\"selected\">svp s\u00e9lectionner<\/option><option value=\"chefs accr\u00e9dit\u00e9s en vertu du \u00ab Sceau rouge \u00bb\">chefs accr\u00e9dit\u00e9s en vertu du \u00ab Sceau rouge \u00bb<\/option><option value=\"serveurs de banquet et barmans\">serveurs de banquet et barmans<\/option><option value=\"cuisiniers et aides-cuisiniers\">cuisiniers et aides-cuisiniers<\/option><option value=\"plongeurs\">plongeurs<\/option><option value=\"personnel de livraison\">personnel de livraison<\/option><option value=\"caissi\u00e8res de caf\u00e9t\u00e9rias\">caissi\u00e8res de caf\u00e9t\u00e9rias<\/option><\/select><\/div><\/div><\/div><\/div><div class=\"quform-element quform-element-file quform-element-3_21 quform-cf quform-element-required\"><div class=\"quform-spacer\"><div class=\"quform-label quform-label-3_21\"><label class=\"quform-label-text\" for=\"quform_3_21_6b8acd\">T\u00e9l\u00e9chargez votre CV (PDF)<span class=\"quform-required\">*<\/span><\/label><\/div><div class=\"quform-inner quform-inner-file quform-inner-3_21\"><div class=\"quform-input quform-input-file quform-input-3_21 quform-cf quform-button-style-theme\"><input type=\"file\" id=\"quform_3_21_6b8acd\" name=\"quform_3_21[]\" class=\"quform-field quform-field-file quform-field-3_21 quform-field-file-enhanced\" data-config=\"{&quot;id&quot;:21,&quot;identifier&quot;:&quot;3_21&quot;,&quot;name&quot;:&quot;quform_3_21&quot;,&quot;max&quot;:1,&quot;size&quot;:5242880,&quot;allowedExtensions&quot;:[&quot;.pdf&quot;],&quot;notAllowedTypeWithFilename&quot;:&quot;File type of &#039;%filename%&#039; is not allowed&quot;,&quot;tooBigWithFilename&quot;:&quot;File &#039;%filename%&#039; exceeds the maximum allowed file size&quot;,&quot;tooMany&quot;:&quot;You cannot upload more than %max% file(s)&quot;,&quot;buttonType&quot;:&quot;button&quot;,&quot;buttonText&quot;:&quot;Feuilleter&quot;,&quot;buttonIcon&quot;:&quot;qicon-file_upload&quot;,&quot;buttonIconPosition&quot;:&quot;right&quot;}\" \/><\/div><\/div><\/div><\/div><div class=\"quform-element quform-element-captcha quform-element-3_20 quform-cf quform-element-required\"><div class=\"quform-spacer\"><div class=\"quform-label quform-label-3_20\"><label class=\"quform-label-text\" for=\"quform_3_20_6b8acd\">S'il vous pla\u00eet ecriv\u00e9 dans la bo\u00eete les caract\u00e8res que vous voyez dans l'image.<span class=\"quform-required\">*<\/span><\/label><\/div><div class=\"quform-inner quform-inner-captcha quform-inner-3_20\"><div class=\"quform-input quform-input-captcha quform-input-3_20 quform-cf\"><input type=\"text\" id=\"quform_3_20_6b8acd\" name=\"quform_3_20\" class=\"quform-field quform-field-captcha quform-field-3_20\" \/><\/div><div class=\"quform-captcha quform-cf\"><div class=\"quform-captcha-image quform-captcha-image-3_20\"><img decoding=\"async\" class=\"quform-captcha-image-img\" src=\"data:image\/png;base64,iVBORw0KGgoAAAANSUhEUgAAAOYAAABQBAMAAAD\/1xTgAAAAG1BMVEX\/\/\/8iIiKsrKyQkJDHx8dZWVk9PT3j4+N0dHSu8Z0FAAAACXBIWXMAAA7EAAAOxAGVKw4bAAADqElEQVRoge1YS3PTMBBW4odyrKBxckzoDFxxSUuPeVB6relM6bEmtPSYNGXCsWGG8rfZlZxkbcuRMYxnGPQd2vFW0rdvrcqYhYWFhYWFhcX\/gWXtjItYBG\/rpfwqEL0aGd1lLDmf1cb4cCRugRBpZzVRvpcmtntsJcTrmjglpXhkzBfivB5KrjjBq8d\/hXPy9Mm8aBX8ANcy5ihr\/wxuBKeYl3HmCvGcMc+UQwdD82E++qzEOnRvl7GWoVY8VMyEBnKWysQYOXnc3qlgXwT6P\/CDw83GlrhZZ8X9U5A\/jz+sXbnCeIKTd6KIU4ZwY9oZGLAHvyeXIL1eS5fvxgcDdoptoL05rkTcfbGvla\/QncH91fa7wxaRLIaEk6sud6YqJFk2LxX3F0tdijnqpHhzQh\/SQpGsY5UsGaQ4G6Xa+yLqaKQjSMCTmFwQc9FVNT\/IqDXEVe2LROiVqcxjoU3cSLRnrEkqxIe4x6kLg0cQyOmAuQ\/ENoeEuwhNEn8CrraG29qGmptNxhkrItFRPBsJNAWd21JokVikVRkyGR1iQA8cnE7yUPrIx5pco8TV6Yq2LtNa6nB\/y+GiiVEmydXf51QaUQUKMJ5Fmqh7aqdH\/A5Nwck2I2k8WHu9Fa10ocoh1ETdV4lFG2Mk9kZZl3DZnSKqCTSFyeVnE+dc0xV8FRWfBCcU+3Eux7FT8JQmc0wQo3t9TbEkBjaIOiMRiNy9OId1TZJYXNa0mdPRdFxHbZuTxEcD7qAdproW5lqL6DxSfeKjidPVXLCu0iOUjV0B79AhFGwqVuDXXoMoJrv01SsTJd55vZxM5UVM0qslpB8zqRuJ8xGZfUCni6GZEZXLD0wjzB6PjlJN+YF9eJZa11kRLZzvpRgxvfdyMqi8O8yHx42Eyw+8wKZH23kMCjmuMj83dO2qr7KBOFI5+tt6nlRw9f3aCE+X23yVfetgLTL+lBHH1d4mTf08MXkzSFV7X3QnH+QESHUEf+QjYwYvmid4qopk7eGPm0Mi9SuOz1HBHOkSByQd5lRMz1JrvIpPsFD\/unhYkA6lnBowwvhVPYfMd5cOfe08gfUfbCikZ696dIG8KkPzXJDHsojTk5Z9Sb78XIfhWCVOlXC2YE+s3eelHul8O9UnwPfQJC56BuxCX3Re6mdSVYo7ik+kHPEbCPFaLOgkfHxyu+PtKltVUCFrRxV1BTSxen5W2IhR61aqMIjoSZmrUoNjMa3r\/yoWFhYWFhYW\/wZ+Abgqis+2Fxw4AAAAAElFTkSuQmCC\" alt=\"CAPTCHA image\" data-element-id=\"20\" width=\"115\" height=\"40\" \/><\/div><\/div><p class=\"quform-description quform-description-below\">Cela \u00e9vite les enregistrements contrefaits et le courrier non sollicit\u00e9.<\/p><\/div><\/div><\/div><div class=\"quform-element quform-element-submit quform-element-3_2 quform-cf quform-button-style-theme quform-button-width-small\"><div class=\"quform-button-submit quform-button-submit-default quform-button-submit-3_2 quform-button-icon-right\"><button name=\"quform_submit\" type=\"submit\" class=\"quform-submit\" value=\"submit\"><span class=\"quform-button-text quform-button-submit-text\">Envoyer<\/span><span class=\"quform-button-icon quform-button-submit-icon\"><i class=\"qicon-send\"><\/i><\/span><\/button><\/div><div class=\"quform-loading quform-loading-position-left quform-loading-type-spinner-1\"><div class=\"quform-loading-inner\"><div class=\"quform-loading-spinner\"><div class=\"quform-loading-spinner-inner\"><\/div><\/div><\/div><\/div><\/div><\/div><\/div><\/div><div class=\"quform-upload-progress-wrap\"><div class=\"quform-upload-progress-bar-wrap\"><div class=\"quform-upload-progress-bar\"><\/div><\/div><div class=\"quform-upload-info quform-cf\"><div class=\"quform-upload-filename\"><\/div><\/div><\/div><\/div><\/form><\/div>\n<\/div><div class=\"fusion-clearfix\"><\/div><\/div><\/div><\/div><\/div>\n","protected":false},"excerpt":{"rendered":"","protected":false},"author":1,"featured_media":0,"parent":0,"menu_order":0,"comment_status":"closed","ping_status":"closed","template":"","meta":{"footnotes":""},"class_list":["post-399","page","type-page","status-publish","hentry"],"yoast_head":"<!-- This site is optimized with the Yoast SEO plugin v27.0 - https:\/\/yoast.com\/product\/yoast-seo-wordpress\/ -->\n<title>Perspectives de carri\u00e8re | Traiteur Bytown<\/title>\n<meta name=\"robots\" content=\"index, follow, max-snippet:-1, max-image-preview:large, max-video-preview:-1\" \/>\n<link rel=\"canonical\" href=\"https:\/\/bytowncatering.com\/fr\/perspectives-de-carriere\/\" \/>\n<meta property=\"og:locale\" content=\"en_US\" \/>\n<meta property=\"og:type\" content=\"article\" \/>\n<meta property=\"og:title\" content=\"Perspectives de carri\u00e8re | Traiteur Bytown\" \/>\n<meta property=\"og:url\" content=\"https:\/\/bytowncatering.com\/fr\/perspectives-de-carriere\/\" \/>\n<meta property=\"og:site_name\" content=\"Traiteur Bytown\" \/>\n<meta property=\"article:publisher\" content=\"https:\/\/www.facebook.com\/BytownCatering\/\" \/>\n<meta property=\"article:modified_time\" content=\"2019-11-12T16:22:01+00:00\" \/>\n<meta name=\"twitter:card\" content=\"summary_large_image\" \/>\n<meta name=\"twitter:label1\" content=\"Est. reading time\" \/>\n\t<meta name=\"twitter:data1\" content=\"3 minutes\" \/>\n<script type=\"application\/ld+json\" class=\"yoast-schema-graph\">{\"@context\":\"https:\/\/schema.org\",\"@graph\":[{\"@type\":\"WebPage\",\"@id\":\"https:\/\/bytowncatering.com\/fr\/perspectives-de-carriere\/\",\"url\":\"https:\/\/bytowncatering.com\/fr\/perspectives-de-carriere\/\",\"name\":\"Perspectives de carri\u00e8re | Traiteur Bytown\",\"isPartOf\":{\"@id\":\"https:\/\/bytowncatering.com\/fr\/#website\"},\"datePublished\":\"2019-03-31T18:12:19+00:00\",\"dateModified\":\"2019-11-12T16:22:01+00:00\",\"breadcrumb\":{\"@id\":\"https:\/\/bytowncatering.com\/fr\/perspectives-de-carriere\/#breadcrumb\"},\"inLanguage\":\"en-US\",\"potentialAction\":[{\"@type\":\"ReadAction\",\"target\":[\"https:\/\/bytowncatering.com\/fr\/perspectives-de-carriere\/\"]}]},{\"@type\":\"BreadcrumbList\",\"@id\":\"https:\/\/bytowncatering.com\/fr\/perspectives-de-carriere\/#breadcrumb\",\"itemListElement\":[{\"@type\":\"ListItem\",\"position\":1,\"name\":\"Home\",\"item\":\"https:\/\/bytowncatering.com\/fr\/\"},{\"@type\":\"ListItem\",\"position\":2,\"name\":\"Perspectives de carri\u00e8re\"}]},{\"@type\":\"WebSite\",\"@id\":\"https:\/\/bytowncatering.com\/fr\/#website\",\"url\":\"https:\/\/bytowncatering.com\/fr\/\",\"name\":\"Bytown Catering\",\"description\":\"Nous Livrons des Repas Plein de Saveur\",\"potentialAction\":[{\"@type\":\"SearchAction\",\"target\":{\"@type\":\"EntryPoint\",\"urlTemplate\":\"https:\/\/bytowncatering.com\/fr\/?s={search_term_string}\"},\"query-input\":{\"@type\":\"PropertyValueSpecification\",\"valueRequired\":true,\"valueName\":\"search_term_string\"}}],\"inLanguage\":\"en-US\"}]}<\/script>\n<!-- \/ Yoast SEO plugin. -->","yoast_head_json":{"title":"Perspectives de carri\u00e8re | Traiteur Bytown","robots":{"index":"index","follow":"follow","max-snippet":"max-snippet:-1","max-image-preview":"max-image-preview:large","max-video-preview":"max-video-preview:-1"},"canonical":"https:\/\/bytowncatering.com\/fr\/perspectives-de-carriere\/","og_locale":"en_US","og_type":"article","og_title":"Perspectives de carri\u00e8re | Traiteur Bytown","og_url":"https:\/\/bytowncatering.com\/fr\/perspectives-de-carriere\/","og_site_name":"Traiteur Bytown","article_publisher":"https:\/\/www.facebook.com\/BytownCatering\/","article_modified_time":"2019-11-12T16:22:01+00:00","twitter_card":"summary_large_image","twitter_misc":{"Est. reading time":"3 minutes"},"schema":{"@context":"https:\/\/schema.org","@graph":[{"@type":"WebPage","@id":"https:\/\/bytowncatering.com\/fr\/perspectives-de-carriere\/","url":"https:\/\/bytowncatering.com\/fr\/perspectives-de-carriere\/","name":"Perspectives de carri\u00e8re | Traiteur Bytown","isPartOf":{"@id":"https:\/\/bytowncatering.com\/fr\/#website"},"datePublished":"2019-03-31T18:12:19+00:00","dateModified":"2019-11-12T16:22:01+00:00","breadcrumb":{"@id":"https:\/\/bytowncatering.com\/fr\/perspectives-de-carriere\/#breadcrumb"},"inLanguage":"en-US","potentialAction":[{"@type":"ReadAction","target":["https:\/\/bytowncatering.com\/fr\/perspectives-de-carriere\/"]}]},{"@type":"BreadcrumbList","@id":"https:\/\/bytowncatering.com\/fr\/perspectives-de-carriere\/#breadcrumb","itemListElement":[{"@type":"ListItem","position":1,"name":"Home","item":"https:\/\/bytowncatering.com\/fr\/"},{"@type":"ListItem","position":2,"name":"Perspectives de carri\u00e8re"}]},{"@type":"WebSite","@id":"https:\/\/bytowncatering.com\/fr\/#website","url":"https:\/\/bytowncatering.com\/fr\/","name":"Bytown Catering","description":"Nous Livrons des Repas Plein de Saveur","potentialAction":[{"@type":"SearchAction","target":{"@type":"EntryPoint","urlTemplate":"https:\/\/bytowncatering.com\/fr\/?s={search_term_string}"},"query-input":{"@type":"PropertyValueSpecification","valueRequired":true,"valueName":"search_term_string"}}],"inLanguage":"en-US"}]}},"_links":{"self":[{"href":"https:\/\/bytowncatering.com\/fr\/wp-json\/wp\/v2\/pages\/399","targetHints":{"allow":["GET"]}}],"collection":[{"href":"https:\/\/bytowncatering.com\/fr\/wp-json\/wp\/v2\/pages"}],"about":[{"href":"https:\/\/bytowncatering.com\/fr\/wp-json\/wp\/v2\/types\/page"}],"author":[{"embeddable":true,"href":"https:\/\/bytowncatering.com\/fr\/wp-json\/wp\/v2\/users\/1"}],"replies":[{"embeddable":true,"href":"https:\/\/bytowncatering.com\/fr\/wp-json\/wp\/v2\/comments?post=399"}],"version-history":[{"count":12,"href":"https:\/\/bytowncatering.com\/fr\/wp-json\/wp\/v2\/pages\/399\/revisions"}],"predecessor-version":[{"id":2081,"href":"https:\/\/bytowncatering.com\/fr\/wp-json\/wp\/v2\/pages\/399\/revisions\/2081"}],"wp:attachment":[{"href":"https:\/\/bytowncatering.com\/fr\/wp-json\/wp\/v2\/media?parent=399"}],"curies":[{"name":"wp","href":"https:\/\/api.w.org\/{rel}","templated":true}]}}