{"id":419,"date":"2019-03-31T15:24:12","date_gmt":"2019-03-31T19:24:12","guid":{"rendered":"http:\/\/canadashop150.com\/?page_id=419"},"modified":"2019-11-09T20:32:16","modified_gmt":"2019-11-10T01:32:16","slug":"gestion-des-allergies-et-des-demandes-culturelles","status":"publish","type":"page","link":"https:\/\/bytowncatering.com\/fr\/gestion-des-allergies-et-des-demandes-culturelles\/","title":{"rendered":"Gestion des allergies et des demandes culturelles"},"content":{"rendered":"<div class=\"fusion-fullwidth fullwidth-box fusion-builder-row-1 nonhundred-percent-fullwidth non-hundred-percent-height-scrolling\" style=\"--awb-border-radius-top-left:0px;--awb-border-radius-top-right:0px;--awb-border-radius-bottom-right:0px;--awb-border-radius-bottom-left:0px;--awb-flex-wrap:wrap;\" ><div class=\"fusion-builder-row fusion-row\"><div class=\"fusion-layout-column fusion_builder_column fusion-builder-column-0 fusion_builder_column_1_1 1_1 fusion-one-full fusion-column-first fusion-column-last\" style=\"--awb-bg-size:cover;\"><div class=\"fusion-column-wrapper fusion-column-has-shadow fusion-flex-column-wrapper-legacy\"><div class=\"fusion-text fusion-text-1\"><h1>Gestion des allergies et des demandes culturelles<\/h1>\n<p>Les Traiteurs Bytown Catering reconna\u00eet la gravit\u00e9 des allergies ou sensibilit\u00e9s alimentaires, de m\u00eame que l\u2019importance de suivre des r\u00e9gimes alimentaires culturels. Selon notre philosophie, on peut bien manger, m\u00eame avec des restrictions alimentaires.<\/p>\n<p>Nous avons fait appel \u00e0 une nutritionniste pour nous aider \u00e0 \u00e9laborer des mets pour notre menu qui non seulement go\u00fbtent bon, mais qui respectent des besoins alimentaires stricts, qu\u2019il s\u2019agisse de recettes sans gluten, v\u00e9g\u00e9taliennes ou v\u00e9g\u00e9tariennes. Tous les mets du menu passent par un cycle rigoureux de conception, de tests de d\u00e9gustation et de v\u00e9rification des ingr\u00e9dients pour s\u2019assurer qu\u2019ils respectent les restrictions alimentaires, tout en offrant aux invit\u00e9s une option de grande qualit\u00e9 au go\u00fbt d\u00e9licieux.<\/p>\n<p>Si on nous informe d\u2019autres allergies ou exigences culturelles, nous pouvons proposer des alternatives ou adapter des plats d\u00e9j\u00e0 au menu.<\/p>\n<p>Notre personnel est enti\u00e8rement form\u00e9 \u00e0 la gestion des allerg\u00e8nes potentiels. Tous les employ\u00e9s participent \u00e0 un cours d\u2019accr\u00e9ditation destin\u00e9 aux pr\u00e9pos\u00e9s \u00e0 la manipulation des aliments offert par Sant\u00e9 publique Ottawa. Le cours donn\u00e9 dans le cadre du programme leur enseigne les connaissances n\u00e9cessaires pour pr\u00e9venir la contamination crois\u00e9e de la nourriture d\u2019un client avec les ingr\u00e9dients pouvant causer des r\u00e9actions allergiques.<\/p>\n<p>Notre brigade de cuisine prend toutes les pr\u00e9cautions et mesures pour emp\u00eacher la contamination crois\u00e9e. Aucune t\u00e2che n\u2019est jamais termin\u00e9e dans la cuisine jusqu\u2019\u00e0 ce que les zones soient correctement nettoy\u00e9es et aseptis\u00e9es. Des allergies alimentaires aux sources possibles de bact\u00e9ries n\u00e9fastes, nous prenons tr\u00e8s au s\u00e9rieux la responsabilit\u00e9 de fournir des aliments salubres. Le remplacement des planches \u00e0 d\u00e9couper et des ustensiles ainsi que le nettoyage et la d\u00e9sinfection des espaces de travail minimisent la possibilit\u00e9 de tout type de contamination. Qui plus est, quand les clients nous font part de leurs besoins alimentaires sp\u00e9ciaux ou de leurs inqui\u00e9tudes en mati\u00e8re d\u2019allergies, nous prenons des pr\u00e9cautions additionnelles. Ces repas sont pr\u00e9par\u00e9s s\u00e9par\u00e9ment de la zone principale, en plus d\u2019\u00eatre emball\u00e9s et envelopp\u00e9s s\u00e9par\u00e9ment du reste de la commande.<\/p>\n<\/div><div class=\"fusion-clearfix\"><\/div><\/div><\/div><\/div><\/div>\n","protected":false},"excerpt":{"rendered":"","protected":false},"author":1,"featured_media":0,"parent":0,"menu_order":0,"comment_status":"closed","ping_status":"closed","template":"","meta":{"footnotes":""},"class_list":["post-419","page","type-page","status-publish","hentry"],"yoast_head":"<!-- This site is optimized with the Yoast SEO plugin v27.0 - https:\/\/yoast.com\/product\/yoast-seo-wordpress\/ -->\n<title>Gestion des allergies et des demandes culturelles | Traiteur Bytown<\/title>\n<meta name=\"robots\" content=\"index, follow, max-snippet:-1, max-image-preview:large, max-video-preview:-1\" \/>\n<link rel=\"canonical\" href=\"https:\/\/bytowncatering.com\/fr\/gestion-des-allergies-et-des-demandes-culturelles\/\" \/>\n<meta property=\"og:locale\" content=\"en_US\" \/>\n<meta property=\"og:type\" content=\"article\" \/>\n<meta property=\"og:title\" content=\"Gestion des allergies et des demandes culturelles | Traiteur Bytown\" \/>\n<meta property=\"og:url\" content=\"https:\/\/bytowncatering.com\/fr\/gestion-des-allergies-et-des-demandes-culturelles\/\" \/>\n<meta property=\"og:site_name\" content=\"Traiteur Bytown\" \/>\n<meta property=\"article:publisher\" content=\"https:\/\/www.facebook.com\/BytownCatering\/\" \/>\n<meta property=\"article:modified_time\" content=\"2019-11-10T01:32:16+00:00\" \/>\n<meta name=\"twitter:card\" content=\"summary_large_image\" \/>\n<meta name=\"twitter:label1\" content=\"Est. reading time\" \/>\n\t<meta name=\"twitter:data1\" content=\"3 minutes\" \/>\n<script type=\"application\/ld+json\" class=\"yoast-schema-graph\">{\"@context\":\"https:\/\/schema.org\",\"@graph\":[{\"@type\":\"WebPage\",\"@id\":\"https:\/\/bytowncatering.com\/fr\/gestion-des-allergies-et-des-demandes-culturelles\/\",\"url\":\"https:\/\/bytowncatering.com\/fr\/gestion-des-allergies-et-des-demandes-culturelles\/\",\"name\":\"Gestion des allergies et des demandes culturelles | Traiteur Bytown\",\"isPartOf\":{\"@id\":\"https:\/\/bytowncatering.com\/fr\/#website\"},\"datePublished\":\"2019-03-31T19:24:12+00:00\",\"dateModified\":\"2019-11-10T01:32:16+00:00\",\"breadcrumb\":{\"@id\":\"https:\/\/bytowncatering.com\/fr\/gestion-des-allergies-et-des-demandes-culturelles\/#breadcrumb\"},\"inLanguage\":\"en-US\",\"potentialAction\":[{\"@type\":\"ReadAction\",\"target\":[\"https:\/\/bytowncatering.com\/fr\/gestion-des-allergies-et-des-demandes-culturelles\/\"]}]},{\"@type\":\"BreadcrumbList\",\"@id\":\"https:\/\/bytowncatering.com\/fr\/gestion-des-allergies-et-des-demandes-culturelles\/#breadcrumb\",\"itemListElement\":[{\"@type\":\"ListItem\",\"position\":1,\"name\":\"Home\",\"item\":\"https:\/\/bytowncatering.com\/fr\/\"},{\"@type\":\"ListItem\",\"position\":2,\"name\":\"Gestion des allergies et des demandes culturelles\"}]},{\"@type\":\"WebSite\",\"@id\":\"https:\/\/bytowncatering.com\/fr\/#website\",\"url\":\"https:\/\/bytowncatering.com\/fr\/\",\"name\":\"Bytown Catering\",\"description\":\"Nous Livrons des Repas Plein de Saveur\",\"potentialAction\":[{\"@type\":\"SearchAction\",\"target\":{\"@type\":\"EntryPoint\",\"urlTemplate\":\"https:\/\/bytowncatering.com\/fr\/?s={search_term_string}\"},\"query-input\":{\"@type\":\"PropertyValueSpecification\",\"valueRequired\":true,\"valueName\":\"search_term_string\"}}],\"inLanguage\":\"en-US\"}]}<\/script>\n<!-- \/ Yoast SEO plugin. -->","yoast_head_json":{"title":"Gestion des allergies et des demandes culturelles | Traiteur Bytown","robots":{"index":"index","follow":"follow","max-snippet":"max-snippet:-1","max-image-preview":"max-image-preview:large","max-video-preview":"max-video-preview:-1"},"canonical":"https:\/\/bytowncatering.com\/fr\/gestion-des-allergies-et-des-demandes-culturelles\/","og_locale":"en_US","og_type":"article","og_title":"Gestion des allergies et des demandes culturelles | Traiteur Bytown","og_url":"https:\/\/bytowncatering.com\/fr\/gestion-des-allergies-et-des-demandes-culturelles\/","og_site_name":"Traiteur Bytown","article_publisher":"https:\/\/www.facebook.com\/BytownCatering\/","article_modified_time":"2019-11-10T01:32:16+00:00","twitter_card":"summary_large_image","twitter_misc":{"Est. reading time":"3 minutes"},"schema":{"@context":"https:\/\/schema.org","@graph":[{"@type":"WebPage","@id":"https:\/\/bytowncatering.com\/fr\/gestion-des-allergies-et-des-demandes-culturelles\/","url":"https:\/\/bytowncatering.com\/fr\/gestion-des-allergies-et-des-demandes-culturelles\/","name":"Gestion des allergies et des demandes culturelles | Traiteur Bytown","isPartOf":{"@id":"https:\/\/bytowncatering.com\/fr\/#website"},"datePublished":"2019-03-31T19:24:12+00:00","dateModified":"2019-11-10T01:32:16+00:00","breadcrumb":{"@id":"https:\/\/bytowncatering.com\/fr\/gestion-des-allergies-et-des-demandes-culturelles\/#breadcrumb"},"inLanguage":"en-US","potentialAction":[{"@type":"ReadAction","target":["https:\/\/bytowncatering.com\/fr\/gestion-des-allergies-et-des-demandes-culturelles\/"]}]},{"@type":"BreadcrumbList","@id":"https:\/\/bytowncatering.com\/fr\/gestion-des-allergies-et-des-demandes-culturelles\/#breadcrumb","itemListElement":[{"@type":"ListItem","position":1,"name":"Home","item":"https:\/\/bytowncatering.com\/fr\/"},{"@type":"ListItem","position":2,"name":"Gestion des allergies et des demandes culturelles"}]},{"@type":"WebSite","@id":"https:\/\/bytowncatering.com\/fr\/#website","url":"https:\/\/bytowncatering.com\/fr\/","name":"Bytown Catering","description":"Nous Livrons des Repas Plein de Saveur","potentialAction":[{"@type":"SearchAction","target":{"@type":"EntryPoint","urlTemplate":"https:\/\/bytowncatering.com\/fr\/?s={search_term_string}"},"query-input":{"@type":"PropertyValueSpecification","valueRequired":true,"valueName":"search_term_string"}}],"inLanguage":"en-US"}]}},"_links":{"self":[{"href":"https:\/\/bytowncatering.com\/fr\/wp-json\/wp\/v2\/pages\/419","targetHints":{"allow":["GET"]}}],"collection":[{"href":"https:\/\/bytowncatering.com\/fr\/wp-json\/wp\/v2\/pages"}],"about":[{"href":"https:\/\/bytowncatering.com\/fr\/wp-json\/wp\/v2\/types\/page"}],"author":[{"embeddable":true,"href":"https:\/\/bytowncatering.com\/fr\/wp-json\/wp\/v2\/users\/1"}],"replies":[{"embeddable":true,"href":"https:\/\/bytowncatering.com\/fr\/wp-json\/wp\/v2\/comments?post=419"}],"version-history":[{"count":8,"href":"https:\/\/bytowncatering.com\/fr\/wp-json\/wp\/v2\/pages\/419\/revisions"}],"predecessor-version":[{"id":1805,"href":"https:\/\/bytowncatering.com\/fr\/wp-json\/wp\/v2\/pages\/419\/revisions\/1805"}],"wp:attachment":[{"href":"https:\/\/bytowncatering.com\/fr\/wp-json\/wp\/v2\/media?parent=419"}],"curies":[{"name":"wp","href":"https:\/\/api.w.org\/{rel}","templated":true}]}}