{"id":650,"date":"2019-04-03T09:41:29","date_gmt":"2019-04-03T13:41:29","guid":{"rendered":"http:\/\/canadashop150.com\/?page_id=650"},"modified":"2019-11-11T13:23:45","modified_gmt":"2019-11-11T18:23:45","slug":"services-de-traiteur-pour-reunions-et-evenements","status":"publish","type":"page","link":"https:\/\/bytowncatering.com\/fr\/services-de-traiteur-pour-reunions-et-evenements\/","title":{"rendered":"Services de traiteur pour r\u00e9unions et \u00e9v\u00e9nements"},"content":{"rendered":"<p><div class=\"fusion-fullwidth fullwidth-box fusion-builder-row-1 nonhundred-percent-fullwidth non-hundred-percent-height-scrolling\" style=\"--awb-background-position:left top;--awb-background-repeat:repeat-y;--awb-border-radius-top-left:0px;--awb-border-radius-top-right:0px;--awb-border-radius-bottom-right:0px;--awb-border-radius-bottom-left:0px;--awb-flex-wrap:wrap;\" ><div class=\"fusion-builder-row fusion-row\"><div class=\"fusion-layout-column fusion_builder_column fusion-builder-column-0 fusion_builder_column_1_1 1_1 fusion-one-full fusion-column-first fusion-column-last\" style=\"--awb-bg-size:cover;\"><div class=\"fusion-column-wrapper fusion-column-has-shadow fusion-flex-column-wrapper-legacy\"><div class=\"fusion-text fusion-text-1\"><h1>Services de traiteur pour r\u00e9unions et \u00e9v\u00e9nements<\/h1>\n<p>Les Traiteurs Bytown Catering est le premier choix pour les services de traiteur dans la r\u00e9gion d\u2019Ottawa Gatineau. \u00c0 titre d\u2019entreprise locale engag\u00e9e dans sa communaut\u00e9, nous avons \u00e9tabli notre client\u00e8le gr\u00e2ce au bouche-\u00e0-oreille. Notre entreprise s\u2019est \u00e9panouie gr\u00e2ce \u00e0 notre engagement sinc\u00e8re pour le service \u00e0 la client\u00e8le et \u00e0 notre mission qui consiste \u00e0 offrir des aliments de la meilleure qualit\u00e9 possible au meilleur prix qui soit sur le march\u00e9.<\/p>\n<p>En nous choisissant pour r\u00e9pondre \u00e0 vos besoins en mati\u00e8re de services de traiteur et de restauration, vous pouvez vous attendre \u00e0 ce qui suit :<\/p>\n<ul>\n<li>Des mets succulents, incluant des collations et pauses de qualit\u00e9, des d\u00eeners chauds nutritifs, des barbecues all\u00e9chants, des repas gastronomiques traditionnels favoris et des buffets somptueux, en plus des r\u00e9ceptions cocktails raffin\u00e9es.<\/li>\n<li>Une grande vari\u00e9t\u00e9 de choix et d\u2019options dans notre menu complet, ainsi qu\u2019une volont\u00e9 de l\u2019adapter \u00e0 toutes les demandes. Nos chefs peuvent aussi \u00e9laborer et sugg\u00e9rer de nouvelles cr\u00e9ations pour des \u00e9v\u00e9nements uniques.<\/li>\n<li>La promesse de faire tout ce qu\u2019il faut pour combler vos besoins, comme, entre autres, acc\u00e9der aux demandes sp\u00e9ciales et urgentes au meilleur de nos capacit\u00e9s.<\/li>\n<li>Un personnel de bureau accueillant et bien renseign\u00e9 pour r\u00e9pondre \u00e0 vos appels et prendre vos commandes.<\/li>\n<li>Des serveurs et des pr\u00e9pos\u00e9s professionnels et courtois.<\/li>\n<li>Nous serons fid\u00e8les \u00e0 nos engagements, de la pr\u00e9paration jusqu\u2019au nettoyage, pour faire de votre \u00e9v\u00e9nement une exp\u00e9rience sans souci.<\/li>\n<\/ul>\n<p>Pour vos besoins en services de restauration, vous pouvez compter sur le gagnant du Torch Award for Marketplace Trust 2010 remis par le Better Business Bureau. Voici quelques suggestions de fa\u00e7ons dont nous pouvons r\u00e9pondre aux besoins de votre entreprise en mati\u00e8re de services de traiteur :<\/p>\n<p><strong>Faites le plein d\u2019\u00e9nergie gr\u00e2ce \u00e0 nos petits d\u00e9jeuners chauds, d\u00e9jeuners et d\u00eeners nutritifs et copieux<\/strong><br \/>\nParfaits pour redonner de l\u2019\u00e9nergie \u00e0 votre \u00e9quipe et la garder concentr\u00e9e sur l\u2019objectif, id\u00e9aux pour un petit d\u00e9jeuner ou lunch de travail et une excellente option pour une r\u00e9union au bureau en soir\u00e9e, nos forfaits petits d\u00e9jeuners et d\u00eeners chauds sont versatiles, satisfaisants et d\u00e9licieux. Choisissez parmi une multitude d\u2019options repas qui conviennent \u00e0 tous les go\u00fbts. Qu\u2019il s\u2019agisse d\u2019\u00e9v\u00e9nements uniques ou d\u2019offrir un programme de repas quotidien aux membres de votre personnel, nous sommes l\u00e0 pour satisfaire \u00e0 vos besoins.<\/p>\n<p><strong>Mangez sur le pouce avec nos buffets froids et nos plateaux de sandwiches<\/strong><br \/>\nNos sandwiches bien garnis contiennent de g\u00e9n\u00e9reuses portions de garnitures de premi\u00e8re qualit\u00e9 dans des pains, roul\u00e9s et petits pains de fantaisie. Accompagn\u00e9s de soupes et de salades maison confectionn\u00e9es avec des ingr\u00e9dients frais de grande qualit\u00e9, nos buffets froids et plateaux sont la fa\u00e7on id\u00e9ale de prendre rapidement un repas nourrissant. Couronnez le tout avec des biscuits ou des carr\u00e9s ou d\u2019autres plateaux de desserts, du caf\u00e9 et du th\u00e9.<\/p>\n<p><strong>Faites la pause! Caf\u00e9 et collations<\/strong><br \/>\nMontrez aux participants de votre r\u00e9union ou \u00e0 vos visiteurs combien vous les appr\u00e9ciez en leur servant notre caf\u00e9 de qualit\u00e9 sup\u00e9rieure torr\u00e9fi\u00e9 (nous vous offrons \u00e9galement du caf\u00e9 \u00e9quitable) avec une s\u00e9lection de produits de boulangerie-p\u00e2tisserie fra\u00eechement cuits et de fruits frais ou cr\u00e9ez votre propre pause collation avec nos plateaux de hors-d\u2019\u0153uvre et de desserts.<\/p>\n<p><strong>D\u00eeners et r\u00e9ceptions officiels<\/strong><br \/>\nVous donnez un d\u00eener ou un gala officiel? Gr\u00e2ce \u00e0 notre menu et \u00e0 nos chefs comp\u00e9tents, vous pouvez choisir parmi nos forfaits populaires de repas gastronomiques ou de buffets chauds, choyer vos convives avec la Collection \u00e9lite ou encore cr\u00e9er quelque chose de vraiment original et adapt\u00e9 \u00e0 vos besoins en fixant un rendez-vous de consultation individuelle avec un membre de notre personnel averti et professionnel. Vous pouvez \u00e9galement personnaliser nos forfaits pour r\u00e9pondre \u00e0 vos besoins et d\u00e9sirs particuliers.<\/p>\n<p>Par eux-m\u00eames ou pour accompagner un repas avec service complet, nos cocktails et plateaux d\u2019amuse-gueule des plus color\u00e9s et savoureux sauront impressionner vos convives.<\/p>\n<p><strong>Allergies alimentaires et besoins sp\u00e9ciaux<\/strong><br \/>\nDevant le nombre croissant de demandes que nous recevons au sujet d\u2019allergies alimentaires ou d\u2019exigences culturelles, nous avons pr\u00e9par\u00e9 des mets de premi\u00e8re qualit\u00e9 afin de r\u00e9pondre \u00e0 ces besoins. Plus particuli\u00e8rement, nous avons \u00e9labor\u00e9 une toute nouvelle s\u00e9lection de mets sans gluten et v\u00e9g\u00e9taliens et pris soin d\u2019indiquer ces mets partout o\u00f9 ils se trouvent dans notre menu. Nous pouvons \u00e9galement personnaliser notre menu ou cr\u00e9er un repas sp\u00e9cial pour r\u00e9pondre \u00e0 d\u2019autres besoins di\u00e9t\u00e9tiques.<\/p>\n<p><strong>Service de bar<\/strong><br \/>\nNos barmans et barmaids ont suivi la formation Smart Serve et seront ravis de servir \u00e0 vos convives tout un \u00e9ventail de boissons alcoolis\u00e9es. En Ontario, nos permis d\u2019alcool nous permettent d\u2019installer facilement un bar sur place en donnant simplement un avis \u00e0 la Commission des alcools et des jeux de l\u2019Ontario. Si la r\u00e9ception a lieu au Qu\u00e9bec ou si vous choisissez de fournir vous-m\u00eame les boissons alcoolis\u00e9es, nous pouvons vous aider \u00e0 obtenir les permis n\u00e9cessaires.<\/p>\n<p><strong>Services sp\u00e9ciaux<\/strong><br \/>\nVous cherchez plus que de simples services de traiteur? Vous aimeriez \u00e9tablir une relation d\u2019affaires de longue dur\u00e9e avec le traiteur qui r\u00e9pond le mieux \u00e0 vos besoins? En plus des services de traiteur complets de la plus haute qualit\u00e9 que nous fournissons aux entreprises, notre gamme de services comprend des programmes de <a href=\"https:\/\/bytowncatering.com\/fr\/programmes-de-repas-et-de-collations-pour-les-garderies\/\">repas pour les garderies<\/a>, comprehensive food service programs including <a href=\"https:\/\/bytowncatering.com\/fr\/cafeterias-et-services-de-restauration-sur-place\/\">l\u2019exploitation de caf\u00e9t\u00e9rias<\/a>, <a href=\"https:\/\/bytowncatering.com\/fr\/vente-en-gros-et-conditionnement-a-forfait\/\">la production en gros<\/a>, and our <a href=\"https:\/\/bytowncatering.com\/fr\/savour2go-grab-and-go-program\/\">Saveur sur le pouce<\/a>.<\/p>\n<p><strong>Locations<\/strong><br \/>\nLes Traiteurs Bytown Catering offre \u00e0 ses clients de services de traiteur des articles et accessoires en location et des mises \u00e0 niveau de leur \u00e9quipement afin d\u2019ajouter un cachet particulier \u00e0 votre \u00e9v\u00e9nement et pour en faciliter le d\u00e9roulement. Les articles disponibles incluent notre cuisine mobile, des tentes de r\u00e9ception, des tables, des chaises et des meubles. Les articles pouvant \u00eatre mis \u00e0 niveau comprennent les couverts, les verres et les linges de table. Veuillez envoyer un courriel \u00e0\u00a0<a href=\"mailto:sales@bytowncatering.com\">sales@bytowncatering.com<\/a> pour de plus amples renseignements.<\/p>\n<\/div><div class=\"fusion-clearfix\"><\/div><\/div><\/div><\/div><\/div><div class=\"fusion-fullwidth fullwidth-box fusion-builder-row-2 nonhundred-percent-fullwidth non-hundred-percent-height-scrolling\" style=\"--awb-background-position:left center;--awb-border-radius-top-left:0px;--awb-border-radius-top-right:0px;--awb-border-radius-bottom-right:0px;--awb-border-radius-bottom-left:0px;--awb-flex-wrap:wrap;\" ><div class=\"fusion-builder-row fusion-row\"><div class=\"fusion-layout-column fusion_builder_column fusion-builder-column-1 fusion_builder_column_1_1 1_1 fusion-one-full fusion-column-first fusion-column-last\" style=\"--awb-bg-size:cover;\"><div class=\"fusion-column-wrapper fusion-column-has-shadow fusion-flex-column-wrapper-legacy\"><div class=\"fusion-column-content-centered\"><div class=\"fusion-column-content\"><div class=\"fusion-image-element fusion-image-align-center in-legacy-container\" style=\"text-align:center;--awb-caption-title-font-family:var(--h2_typography-font-family);--awb-caption-title-font-weight:var(--h2_typography-font-weight);--awb-caption-title-font-style:var(--h2_typography-font-style);--awb-caption-title-size:var(--h2_typography-font-size);--awb-caption-title-transform:var(--h2_typography-text-transform);--awb-caption-title-line-height:var(--h2_typography-line-height);--awb-caption-title-letter-spacing:var(--h2_typography-letter-spacing);\"><div class=\"imageframe-align-center\"><span class=\" fusion-imageframe imageframe-none imageframe-1 hover-type-none\"><img decoding=\"async\" width=\"680\" height=\"52\" alt=\"menu_seperator\" title=\"Bytown-Catering-seperator-icon\" src=\"https:\/\/bytowncatering.com\/wp-content\/uploads\/2019\/04\/Bytown-Catering-seperator-icon.png\" class=\"img-responsive wp-image-435\" srcset=\"https:\/\/bytowncatering.com\/fr\/wp-content\/uploads\/2019\/04\/Bytown-Catering-seperator-icon-200x15.png 200w, https:\/\/bytowncatering.com\/fr\/wp-content\/uploads\/2019\/04\/Bytown-Catering-seperator-icon-400x31.png 400w, https:\/\/bytowncatering.com\/fr\/wp-content\/uploads\/2019\/04\/Bytown-Catering-seperator-icon-600x46.png 600w, https:\/\/bytowncatering.com\/fr\/wp-content\/uploads\/2019\/04\/Bytown-Catering-seperator-icon.png 680w\" sizes=\"(max-width: 800px) 100vw, 680px\" \/><\/span><\/div><\/div><\/div><\/div><div class=\"fusion-clearfix\"><\/div><\/div><\/div><\/div><\/div><\/p>\n","protected":false},"excerpt":{"rendered":"","protected":false},"author":1,"featured_media":0,"parent":0,"menu_order":0,"comment_status":"closed","ping_status":"closed","template":"","meta":{"footnotes":""},"class_list":["post-650","page","type-page","status-publish","hentry"],"yoast_head":"<!-- This site is optimized with the Yoast SEO plugin v27.0 - https:\/\/yoast.com\/product\/yoast-seo-wordpress\/ -->\n<title>Services de traiteur pour r\u00e9unions et \u00e9v\u00e9nements | Traiteur Bytown<\/title>\n<meta name=\"robots\" content=\"index, follow, max-snippet:-1, max-image-preview:large, max-video-preview:-1\" \/>\n<link rel=\"canonical\" href=\"https:\/\/bytowncatering.com\/fr\/services-de-traiteur-pour-reunions-et-evenements\/\" \/>\n<meta property=\"og:locale\" content=\"en_US\" \/>\n<meta property=\"og:type\" content=\"article\" \/>\n<meta property=\"og:title\" content=\"Services de traiteur pour r\u00e9unions et \u00e9v\u00e9nements | Traiteur Bytown\" \/>\n<meta property=\"og:url\" content=\"https:\/\/bytowncatering.com\/fr\/services-de-traiteur-pour-reunions-et-evenements\/\" \/>\n<meta property=\"og:site_name\" content=\"Traiteur Bytown\" \/>\n<meta property=\"article:publisher\" content=\"https:\/\/www.facebook.com\/BytownCatering\/\" \/>\n<meta property=\"article:modified_time\" content=\"2019-11-11T18:23:45+00:00\" \/>\n<meta name=\"twitter:card\" content=\"summary_large_image\" \/>\n<meta name=\"twitter:label1\" content=\"Est. reading time\" \/>\n\t<meta name=\"twitter:data1\" content=\"8 minutes\" \/>\n<script type=\"application\/ld+json\" class=\"yoast-schema-graph\">{\"@context\":\"https:\/\/schema.org\",\"@graph\":[{\"@type\":\"WebPage\",\"@id\":\"https:\/\/bytowncatering.com\/fr\/services-de-traiteur-pour-reunions-et-evenements\/\",\"url\":\"https:\/\/bytowncatering.com\/fr\/services-de-traiteur-pour-reunions-et-evenements\/\",\"name\":\"Services de traiteur pour r\u00e9unions et \u00e9v\u00e9nements | Traiteur Bytown\",\"isPartOf\":{\"@id\":\"https:\/\/bytowncatering.com\/fr\/#website\"},\"datePublished\":\"2019-04-03T13:41:29+00:00\",\"dateModified\":\"2019-11-11T18:23:45+00:00\",\"breadcrumb\":{\"@id\":\"https:\/\/bytowncatering.com\/fr\/services-de-traiteur-pour-reunions-et-evenements\/#breadcrumb\"},\"inLanguage\":\"en-US\",\"potentialAction\":[{\"@type\":\"ReadAction\",\"target\":[\"https:\/\/bytowncatering.com\/fr\/services-de-traiteur-pour-reunions-et-evenements\/\"]}]},{\"@type\":\"BreadcrumbList\",\"@id\":\"https:\/\/bytowncatering.com\/fr\/services-de-traiteur-pour-reunions-et-evenements\/#breadcrumb\",\"itemListElement\":[{\"@type\":\"ListItem\",\"position\":1,\"name\":\"Home\",\"item\":\"https:\/\/bytowncatering.com\/fr\/\"},{\"@type\":\"ListItem\",\"position\":2,\"name\":\"Services de traiteur pour r\u00e9unions et \u00e9v\u00e9nements\"}]},{\"@type\":\"WebSite\",\"@id\":\"https:\/\/bytowncatering.com\/fr\/#website\",\"url\":\"https:\/\/bytowncatering.com\/fr\/\",\"name\":\"Bytown Catering\",\"description\":\"Nous Livrons des Repas Plein de Saveur\",\"potentialAction\":[{\"@type\":\"SearchAction\",\"target\":{\"@type\":\"EntryPoint\",\"urlTemplate\":\"https:\/\/bytowncatering.com\/fr\/?s={search_term_string}\"},\"query-input\":{\"@type\":\"PropertyValueSpecification\",\"valueRequired\":true,\"valueName\":\"search_term_string\"}}],\"inLanguage\":\"en-US\"}]}<\/script>\n<!-- \/ Yoast SEO plugin. -->","yoast_head_json":{"title":"Services de traiteur pour r\u00e9unions et \u00e9v\u00e9nements | Traiteur Bytown","robots":{"index":"index","follow":"follow","max-snippet":"max-snippet:-1","max-image-preview":"max-image-preview:large","max-video-preview":"max-video-preview:-1"},"canonical":"https:\/\/bytowncatering.com\/fr\/services-de-traiteur-pour-reunions-et-evenements\/","og_locale":"en_US","og_type":"article","og_title":"Services de traiteur pour r\u00e9unions et \u00e9v\u00e9nements | Traiteur Bytown","og_url":"https:\/\/bytowncatering.com\/fr\/services-de-traiteur-pour-reunions-et-evenements\/","og_site_name":"Traiteur Bytown","article_publisher":"https:\/\/www.facebook.com\/BytownCatering\/","article_modified_time":"2019-11-11T18:23:45+00:00","twitter_card":"summary_large_image","twitter_misc":{"Est. reading time":"8 minutes"},"schema":{"@context":"https:\/\/schema.org","@graph":[{"@type":"WebPage","@id":"https:\/\/bytowncatering.com\/fr\/services-de-traiteur-pour-reunions-et-evenements\/","url":"https:\/\/bytowncatering.com\/fr\/services-de-traiteur-pour-reunions-et-evenements\/","name":"Services de traiteur pour r\u00e9unions et \u00e9v\u00e9nements | Traiteur Bytown","isPartOf":{"@id":"https:\/\/bytowncatering.com\/fr\/#website"},"datePublished":"2019-04-03T13:41:29+00:00","dateModified":"2019-11-11T18:23:45+00:00","breadcrumb":{"@id":"https:\/\/bytowncatering.com\/fr\/services-de-traiteur-pour-reunions-et-evenements\/#breadcrumb"},"inLanguage":"en-US","potentialAction":[{"@type":"ReadAction","target":["https:\/\/bytowncatering.com\/fr\/services-de-traiteur-pour-reunions-et-evenements\/"]}]},{"@type":"BreadcrumbList","@id":"https:\/\/bytowncatering.com\/fr\/services-de-traiteur-pour-reunions-et-evenements\/#breadcrumb","itemListElement":[{"@type":"ListItem","position":1,"name":"Home","item":"https:\/\/bytowncatering.com\/fr\/"},{"@type":"ListItem","position":2,"name":"Services de traiteur pour r\u00e9unions et \u00e9v\u00e9nements"}]},{"@type":"WebSite","@id":"https:\/\/bytowncatering.com\/fr\/#website","url":"https:\/\/bytowncatering.com\/fr\/","name":"Bytown Catering","description":"Nous Livrons des Repas Plein de Saveur","potentialAction":[{"@type":"SearchAction","target":{"@type":"EntryPoint","urlTemplate":"https:\/\/bytowncatering.com\/fr\/?s={search_term_string}"},"query-input":{"@type":"PropertyValueSpecification","valueRequired":true,"valueName":"search_term_string"}}],"inLanguage":"en-US"}]}},"_links":{"self":[{"href":"https:\/\/bytowncatering.com\/fr\/wp-json\/wp\/v2\/pages\/650","targetHints":{"allow":["GET"]}}],"collection":[{"href":"https:\/\/bytowncatering.com\/fr\/wp-json\/wp\/v2\/pages"}],"about":[{"href":"https:\/\/bytowncatering.com\/fr\/wp-json\/wp\/v2\/types\/page"}],"author":[{"embeddable":true,"href":"https:\/\/bytowncatering.com\/fr\/wp-json\/wp\/v2\/users\/1"}],"replies":[{"embeddable":true,"href":"https:\/\/bytowncatering.com\/fr\/wp-json\/wp\/v2\/comments?post=650"}],"version-history":[{"count":7,"href":"https:\/\/bytowncatering.com\/fr\/wp-json\/wp\/v2\/pages\/650\/revisions"}],"predecessor-version":[{"id":2041,"href":"https:\/\/bytowncatering.com\/fr\/wp-json\/wp\/v2\/pages\/650\/revisions\/2041"}],"wp:attachment":[{"href":"https:\/\/bytowncatering.com\/fr\/wp-json\/wp\/v2\/media?parent=650"}],"curies":[{"name":"wp","href":"https:\/\/api.w.org\/{rel}","templated":true}]}}