{"id":664,"date":"2019-04-03T10:19:03","date_gmt":"2019-04-03T14:19:03","guid":{"rendered":"http:\/\/canadashop150.com\/?page_id=664"},"modified":"2023-12-01T10:18:47","modified_gmt":"2023-12-01T15:18:47","slug":"dejeuners-et-collations","status":"publish","type":"page","link":"https:\/\/bytowncatering.com\/fr\/dejeuners-et-collations\/","title":{"rendered":"D\u00e9jeuners et Collations"},"content":{"rendered":"<p><div class=\"fusion-fullwidth fullwidth-box fusion-builder-row-1 nonhundred-percent-fullwidth non-hundred-percent-height-scrolling\" style=\"--awb-background-position:left center;--awb-border-radius-top-left:0px;--awb-border-radius-top-right:0px;--awb-border-radius-bottom-right:0px;--awb-border-radius-bottom-left:0px;--awb-flex-wrap:wrap;\" ><div class=\"fusion-builder-row fusion-row\"><div class=\"fusion-layout-column fusion_builder_column fusion-builder-column-0 fusion_builder_column_1_1 1_1 fusion-one-full fusion-column-first fusion-column-last\" style=\"--awb-bg-blend:overlay;--awb-bg-size:cover;\"><div class=\"fusion-column-wrapper fusion-column-has-shadow fusion-flex-column-wrapper-legacy\"><div class=\"fusion-text fusion-text-1\"><h1>D\u00e9jeuners et Collations<\/h1>\n<\/div><div class=\"fusion-clearfix\"><\/div><\/div><\/div><div class=\"fusion-layout-column fusion_builder_column fusion-builder-column-1 fusion_builder_column_1_2 1_2 fusion-one-half fusion-column-first menu-icon\" style=\"--awb-bg-blend:overlay;--awb-bg-size:cover;width:50%;width:calc(50% - ( ( 4% ) * 0.5 ) );margin-right: 4%;\"><div class=\"fusion-column-wrapper fusion-column-has-shadow fusion-flex-column-wrapper-legacy\"><div class=\"fusion-text fusion-text-2\" style=\"--awb-text-transform:none;\"><h3 class=\"fusion-responsive-typography-calculated\" style=\"--fontsize: 16; line-height: 1.5; --minfontsize: 16;\" data-fontsize=\"16\" data-lineheight=\"24px\">PAUSE-CAF\u00c9 &#8211; MATIN 10,95 $ (par personne)<\/h3>\n<h4 class=\"fusion-responsive-typography-calculated\" style=\"--fontsize: 14; line-height: 1.5; --minfontsize: 14;\" data-fontsize=\"14\" data-lineheight=\"21px\">Minimum de 25 personnes (des frais additionnels s\u2019appliquent aux plus petits groupes)<\/h4>\n<p>Assortiment de mini-muffins<br \/>\nCroissants au beurre fra\u00eechement cuits et danoises europ\u00e9ennes<br \/>\nPlateau de fruits et baies<br \/>\nAssortiment de jus de fruits en bouteille<br \/>\nBouteilles d\u2019eau Perrier p\u00e9tillant<br \/>\nCaf\u00e9 Bridgehead de qualit\u00e9 sup\u00e9rieure<br \/>\nAssortiment de th\u00e9s<\/p>\n<p><em>Aidez-nous \u00e0 r\u00e9duire notre empreinte carbone et demandez de l\u2019eau et du jus en vrac servis dans d\u2019\u00e9l\u00e9gantes carafes en verre avec des gobelets en papier \u00e9cologiques.<\/em><\/p>\n<ul>\n<li>Pour 2,25 $ par personne, obtenez, au lieu de votre eau Eska, de l\u2019eau p\u00e9tillante Perrier.<\/li>\n<li>Pour 2,95 $ par personne, obtenez des mini-parfaits au yogourt et au granola \u00e0 l\u2019\u00e9rable en portions individuelles.<\/li>\n<\/ul>\n<\/div><div class=\"fusion-clearfix\"><\/div><\/div><\/div><div class=\"fusion-layout-column fusion_builder_column fusion-builder-column-2 fusion_builder_column_1_2 1_2 fusion-one-half fusion-column-last menu-icon\" style=\"--awb-bg-blend:overlay;--awb-bg-size:cover;width:50%;width:calc(50% - ( ( 4% ) * 0.5 ) );\"><div class=\"fusion-column-wrapper fusion-column-has-shadow fusion-flex-column-wrapper-legacy\"><div class=\"fusion-text fusion-text-3\" style=\"--awb-text-transform:none;\"><h3 class=\"fusion-responsive-typography-calculated\" style=\"--fontsize: 16; line-height: 1.5; --minfontsize: 16;\" data-fontsize=\"16\" data-lineheight=\"24px\">RAFRA\u00ceCHISSEMENT DE FIN DE MATIN\u00c9E \u2015 13,95 $ (par personne)<\/h3>\n<h4 class=\"fusion-responsive-typography-calculated\" style=\"--fontsize: 14; line-height: 1.5; --minfontsize: 14;\" data-fontsize=\"14\" data-lineheight=\"21px\">Minimum de 25 personnes (des frais additionnels s\u2019appliquent aux plus petits groupes)<\/h4>\n<p>Plateau de fruits et baies<br \/>\nPlateau de fromages domestiques avec grappes de raisins et craquelins \u00e0 l\u2019eau<br \/>\nCrudit\u00e9s fra\u00eechement coup\u00e9es accompagn\u00e9es de houmous<br \/>\nAssortiment de jus de fruits en bouteille<br \/>\nBouteilles d\u2019eau Perrier p\u00e9tillant<br \/>\nCaf\u00e9 Bridgehead de qualit\u00e9 sup\u00e9rieure<br \/>\nAssortiment de th\u00e9s<\/p>\n<p><em>Aidez-nous \u00e0 r\u00e9duire notre empreinte carbone et demandez de l\u2019eau et du jus en vrac servis dans d\u2019\u00e9l\u00e9gantes carafes en verre avec des gobelets en papier \u00e9cologiques.<\/em><\/p>\n<ul>\n<li>Pour 2,25 $ par personne, obtenez, au lieu de votre eau Eska, de l\u2019eau p\u00e9tillante Perrier.<\/li>\n<li>Pour 2,95 $ par personne, obtenez des mini-parfaits au yogourt et au granola \u00e0 l\u2019\u00e9rable en portions individuelles.<\/li>\n<li><\/li>\n<\/ul>\n<\/div><div class=\"fusion-clearfix\"><\/div><\/div><\/div><div class=\"fusion-layout-column fusion_builder_column fusion-builder-column-3 fusion_builder_column_1_2 1_2 fusion-one-half fusion-column-first menu-icon\" style=\"--awb-bg-blend:overlay;--awb-bg-size:cover;width:50%;width:calc(50% - ( ( 4% ) * 0.5 ) );margin-right: 4%;\"><div class=\"fusion-column-wrapper fusion-column-has-shadow fusion-flex-column-wrapper-legacy\"><div class=\"fusion-text fusion-text-4\" style=\"--awb-text-transform:none;\"><h3 class=\"fusion-responsive-typography-calculated\" style=\"--fontsize: 16; line-height: 1.5; --minfontsize: 16;\" data-fontsize=\"16\" data-lineheight=\"24px\">PAUSE-CAF\u00c9 \u2013 APR\u00c8S-MIDI \u2015 10,95 $ (par personne)<\/h3>\n<h4 class=\"fusion-responsive-typography-calculated\" style=\"--fontsize: 14; line-height: 1.5; --minfontsize: 14;\" data-fontsize=\"14\" data-lineheight=\"21px\">Minimum de 25 personnes (des frais additionnels s\u2019appliquent aux plus petits groupes)<\/h4>\n<p>Assortiment de carr\u00e9s de dessert et de biscuits fra\u00eechement cuits au four<br \/>\nPlateau de fruits et baies<br \/>\nBouteilles d\u2019eau Perrier p\u00e9tillant<br \/>\nCaf\u00e9 Bridgehead de qualit\u00e9 sup\u00e9rieure<br \/>\nAssortiment de th\u00e9s<\/p>\n<p><em>Aidez-nous \u00e0 r\u00e9duire notre empreinte carbone et demandez de l\u2019eau et du jus en vrac servis dans d\u2019\u00e9l\u00e9gantes carafes en verre avec des gobelets en papier \u00e9cologiques.<\/em><\/p>\n<ul>\n<li>Pour 2,25 $ par personne, obtenez, au lieu de votre eau Eska, de l\u2019eau p\u00e9tillante Perrier.<\/li>\n<li>Pour 2,95 $ par personne, ajoutez des crudit\u00e9s fra\u00eechement coup\u00e9es accompagn\u00e9es de houmous.<\/li>\n<li>Pour 2,95 $ par personne, ajoutez des biscuits fra\u00eechement cuits au four et un assortiment de carr\u00e9s de dessert.<\/li>\n<\/ul>\n<\/div><div class=\"fusion-clearfix\"><\/div><\/div><\/div><div class=\"fusion-layout-column fusion_builder_column fusion-builder-column-4 fusion_builder_column_1_2 1_2 fusion-one-half fusion-column-last menu-icon\" style=\"--awb-bg-blend:overlay;--awb-bg-size:cover;width:50%;width:calc(50% - ( ( 4% ) * 0.5 ) );\"><div class=\"fusion-column-wrapper fusion-column-has-shadow fusion-flex-column-wrapper-legacy\"><div class=\"fusion-text fusion-text-5\" style=\"--awb-text-transform:none;\"><h3 class=\"fusion-responsive-typography-calculated\" style=\"--fontsize: 16; line-height: 1.5; --minfontsize: 16;\" data-fontsize=\"16\" data-lineheight=\"24px\">LA COLLATION COMPL\u00c8TE \u2015 17,95 $ (par personne)<\/h3>\n<h4 class=\"fusion-responsive-typography-calculated\" style=\"--fontsize: 14; line-height: 1.5; --minfontsize: 14;\" data-fontsize=\"14\" data-lineheight=\"21px\">Minimum de 50 personnes (des frais additionnels s\u2019appliquent aux plus petits groupes)<\/h4>\n<p>Assortiment de sandwichs sur mini croissants et de sandwichs coup\u00e9s en quartiers<br \/>\nCrudit\u00e9s fra\u00eechement coup\u00e9es accompagn\u00e9es de houmous<br \/>\nPlateau de fromages domestiques avec grappes de raisins et craquelins<br \/>\nPlateau de l\u00e9gumes marin\u00e9s<br \/>\nAssortiment de biscuits fra\u00eechement cuits au four<br \/>\nBouteilles d\u2019eau Perrier p\u00e9tillant<br \/>\nCaf\u00e9 Bridgehead de qualit\u00e9 sup\u00e9rieure<br \/>\nAssortiment de th\u00e9s<\/p>\n<p><em>Aidez-nous \u00e0 r\u00e9duire notre empreinte carbone et demandez de l\u2019eau en vrac servie dans d\u2019\u00e9l\u00e9gantes carafes en verre avec des gobelets en papier \u00e9cologiques.<\/em><\/p>\n<ul>\n<li>Pour 2,25 $ par personne, obtenez, au lieu de votre eau Eska, de l\u2019eau p\u00e9tillante Perrier.<\/li>\n<li>Pour 2,00 $ par personne, ajoutez un assortiment de carr\u00e9s de dessert.<\/li>\n<\/ul>\n<\/div><div class=\"fusion-clearfix\"><\/div><\/div><\/div><\/div><\/div><div class=\"fusion-fullwidth fullwidth-box fusion-builder-row-2 fusion-flex-container has-pattern-background has-mask-background nonhundred-percent-fullwidth non-hundred-percent-height-scrolling\" style=\"--awb-border-radius-top-left:0px;--awb-border-radius-top-right:0px;--awb-border-radius-bottom-right:0px;--awb-border-radius-bottom-left:0px;--awb-flex-wrap:wrap;\" ><div class=\"fusion-builder-row fusion-row fusion-flex-align-items-flex-start fusion-flex-content-wrap\" style=\"max-width:1144px;margin-left: calc(-4% \/ 2 );margin-right: calc(-4% \/ 2 );\"><div class=\"fusion-layout-column fusion_builder_column fusion-builder-column-5 fusion_builder_column_1_1 1_1 fusion-flex-column\" style=\"--awb-bg-size:cover;--awb-width-large:100%;--awb-margin-top-large:0px;--awb-spacing-right-large:1.92%;--awb-margin-bottom-large:20px;--awb-spacing-left-large:1.92%;--awb-width-medium:100%;--awb-order-medium:0;--awb-spacing-right-medium:1.92%;--awb-spacing-left-medium:1.92%;--awb-width-small:100%;--awb-order-small:0;--awb-spacing-right-small:1.92%;--awb-spacing-left-small:1.92%;\"><div class=\"fusion-column-wrapper fusion-column-has-shadow fusion-flex-justify-content-flex-start fusion-content-layout-column\"><div class=\"fusion-text fusion-text-6\"><p style=\"text-align: center;\">Des frais de main-d\u2019\u0153uvre de 15 % et toutes les taxes applicables s\u2019appliqueront<\/p>\n<p style=\"text-align: center;\">Tous les emballages comprennent des nappes pour tables de buffet et des assiettes, des ustensiles et des serviettes jetables biod\u00e9gradables respectueux de l\u2019environnement<\/p>\n<p style=\"text-align: center;\">Commande minimale de 50,00 $ (hors taxes) pour la livraison. Livraison gratuite pour les commandes de plus de 250,00 $ (par livraison).<\/p>\n<\/div><\/div><\/div><\/div><\/div><\/p>\n","protected":false},"excerpt":{"rendered":"","protected":false},"author":1,"featured_media":0,"parent":0,"menu_order":0,"comment_status":"closed","ping_status":"closed","template":"","meta":{"footnotes":""},"class_list":["post-664","page","type-page","status-publish","hentry"],"yoast_head":"<!-- This site is optimized with the Yoast SEO plugin v27.0 - https:\/\/yoast.com\/product\/yoast-seo-wordpress\/ -->\n<title>D\u00e9jeuners et Collations | Traiteur Bytown<\/title>\n<meta name=\"robots\" content=\"index, follow, max-snippet:-1, max-image-preview:large, max-video-preview:-1\" \/>\n<link rel=\"canonical\" href=\"https:\/\/bytowncatering.com\/fr\/dejeuners-et-collations\/\" \/>\n<meta property=\"og:locale\" content=\"en_US\" \/>\n<meta property=\"og:type\" content=\"article\" \/>\n<meta property=\"og:title\" content=\"D\u00e9jeuners et Collations | Traiteur Bytown\" \/>\n<meta property=\"og:url\" content=\"https:\/\/bytowncatering.com\/fr\/dejeuners-et-collations\/\" \/>\n<meta property=\"og:site_name\" content=\"Traiteur Bytown\" \/>\n<meta property=\"article:publisher\" content=\"https:\/\/www.facebook.com\/BytownCatering\/\" \/>\n<meta property=\"article:modified_time\" content=\"2023-12-01T15:18:47+00:00\" \/>\n<meta name=\"twitter:card\" content=\"summary_large_image\" \/>\n<meta name=\"twitter:label1\" content=\"Est. reading time\" \/>\n\t<meta name=\"twitter:data1\" content=\"5 minutes\" \/>\n<script type=\"application\/ld+json\" class=\"yoast-schema-graph\">{\"@context\":\"https:\/\/schema.org\",\"@graph\":[{\"@type\":\"WebPage\",\"@id\":\"https:\/\/bytowncatering.com\/fr\/dejeuners-et-collations\/\",\"url\":\"https:\/\/bytowncatering.com\/fr\/dejeuners-et-collations\/\",\"name\":\"D\u00e9jeuners et Collations | Traiteur Bytown\",\"isPartOf\":{\"@id\":\"https:\/\/bytowncatering.com\/fr\/#website\"},\"datePublished\":\"2019-04-03T14:19:03+00:00\",\"dateModified\":\"2023-12-01T15:18:47+00:00\",\"breadcrumb\":{\"@id\":\"https:\/\/bytowncatering.com\/fr\/dejeuners-et-collations\/#breadcrumb\"},\"inLanguage\":\"en-US\",\"potentialAction\":[{\"@type\":\"ReadAction\",\"target\":[\"https:\/\/bytowncatering.com\/fr\/dejeuners-et-collations\/\"]}]},{\"@type\":\"BreadcrumbList\",\"@id\":\"https:\/\/bytowncatering.com\/fr\/dejeuners-et-collations\/#breadcrumb\",\"itemListElement\":[{\"@type\":\"ListItem\",\"position\":1,\"name\":\"Home\",\"item\":\"https:\/\/bytowncatering.com\/fr\/\"},{\"@type\":\"ListItem\",\"position\":2,\"name\":\"D\u00e9jeuners et Collations\"}]},{\"@type\":\"WebSite\",\"@id\":\"https:\/\/bytowncatering.com\/fr\/#website\",\"url\":\"https:\/\/bytowncatering.com\/fr\/\",\"name\":\"Bytown Catering\",\"description\":\"Nous Livrons des Repas Plein de Saveur\",\"potentialAction\":[{\"@type\":\"SearchAction\",\"target\":{\"@type\":\"EntryPoint\",\"urlTemplate\":\"https:\/\/bytowncatering.com\/fr\/?s={search_term_string}\"},\"query-input\":{\"@type\":\"PropertyValueSpecification\",\"valueRequired\":true,\"valueName\":\"search_term_string\"}}],\"inLanguage\":\"en-US\"}]}<\/script>\n<!-- \/ Yoast SEO plugin. -->","yoast_head_json":{"title":"D\u00e9jeuners et Collations | Traiteur Bytown","robots":{"index":"index","follow":"follow","max-snippet":"max-snippet:-1","max-image-preview":"max-image-preview:large","max-video-preview":"max-video-preview:-1"},"canonical":"https:\/\/bytowncatering.com\/fr\/dejeuners-et-collations\/","og_locale":"en_US","og_type":"article","og_title":"D\u00e9jeuners et Collations | Traiteur Bytown","og_url":"https:\/\/bytowncatering.com\/fr\/dejeuners-et-collations\/","og_site_name":"Traiteur Bytown","article_publisher":"https:\/\/www.facebook.com\/BytownCatering\/","article_modified_time":"2023-12-01T15:18:47+00:00","twitter_card":"summary_large_image","twitter_misc":{"Est. reading time":"5 minutes"},"schema":{"@context":"https:\/\/schema.org","@graph":[{"@type":"WebPage","@id":"https:\/\/bytowncatering.com\/fr\/dejeuners-et-collations\/","url":"https:\/\/bytowncatering.com\/fr\/dejeuners-et-collations\/","name":"D\u00e9jeuners et Collations | Traiteur Bytown","isPartOf":{"@id":"https:\/\/bytowncatering.com\/fr\/#website"},"datePublished":"2019-04-03T14:19:03+00:00","dateModified":"2023-12-01T15:18:47+00:00","breadcrumb":{"@id":"https:\/\/bytowncatering.com\/fr\/dejeuners-et-collations\/#breadcrumb"},"inLanguage":"en-US","potentialAction":[{"@type":"ReadAction","target":["https:\/\/bytowncatering.com\/fr\/dejeuners-et-collations\/"]}]},{"@type":"BreadcrumbList","@id":"https:\/\/bytowncatering.com\/fr\/dejeuners-et-collations\/#breadcrumb","itemListElement":[{"@type":"ListItem","position":1,"name":"Home","item":"https:\/\/bytowncatering.com\/fr\/"},{"@type":"ListItem","position":2,"name":"D\u00e9jeuners et Collations"}]},{"@type":"WebSite","@id":"https:\/\/bytowncatering.com\/fr\/#website","url":"https:\/\/bytowncatering.com\/fr\/","name":"Bytown Catering","description":"Nous Livrons des Repas Plein de Saveur","potentialAction":[{"@type":"SearchAction","target":{"@type":"EntryPoint","urlTemplate":"https:\/\/bytowncatering.com\/fr\/?s={search_term_string}"},"query-input":{"@type":"PropertyValueSpecification","valueRequired":true,"valueName":"search_term_string"}}],"inLanguage":"en-US"}]}},"_links":{"self":[{"href":"https:\/\/bytowncatering.com\/fr\/wp-json\/wp\/v2\/pages\/664","targetHints":{"allow":["GET"]}}],"collection":[{"href":"https:\/\/bytowncatering.com\/fr\/wp-json\/wp\/v2\/pages"}],"about":[{"href":"https:\/\/bytowncatering.com\/fr\/wp-json\/wp\/v2\/types\/page"}],"author":[{"embeddable":true,"href":"https:\/\/bytowncatering.com\/fr\/wp-json\/wp\/v2\/users\/1"}],"replies":[{"embeddable":true,"href":"https:\/\/bytowncatering.com\/fr\/wp-json\/wp\/v2\/comments?post=664"}],"version-history":[{"count":17,"href":"https:\/\/bytowncatering.com\/fr\/wp-json\/wp\/v2\/pages\/664\/revisions"}],"predecessor-version":[{"id":2287,"href":"https:\/\/bytowncatering.com\/fr\/wp-json\/wp\/v2\/pages\/664\/revisions\/2287"}],"wp:attachment":[{"href":"https:\/\/bytowncatering.com\/fr\/wp-json\/wp\/v2\/media?parent=664"}],"curies":[{"name":"wp","href":"https:\/\/api.w.org\/{rel}","templated":true}]}}