{"id":668,"date":"2019-04-03T10:19:38","date_gmt":"2019-04-03T14:19:38","guid":{"rendered":"http:\/\/canadashop150.com\/?page_id=668"},"modified":"2023-12-05T10:46:11","modified_gmt":"2023-12-05T15:46:11","slug":"sandwichs-a-la-carte","status":"publish","type":"page","link":"https:\/\/bytowncatering.com\/fr\/sandwichs-a-la-carte\/","title":{"rendered":"Sandwichs \u00e0 La Carte"},"content":{"rendered":"<p><div class=\"fusion-fullwidth fullwidth-box fusion-builder-row-1 nonhundred-percent-fullwidth non-hundred-percent-height-scrolling\" style=\"--awb-background-position:left center;--awb-border-radius-top-left:0px;--awb-border-radius-top-right:0px;--awb-border-radius-bottom-right:0px;--awb-border-radius-bottom-left:0px;--awb-flex-wrap:wrap;\" ><div class=\"fusion-builder-row fusion-row\"><div class=\"fusion-layout-column fusion_builder_column fusion-builder-column-0 fusion_builder_column_1_1 1_1 fusion-one-full fusion-column-first fusion-column-last\" style=\"--awb-bg-blend:overlay;--awb-bg-size:cover;\"><div class=\"fusion-column-wrapper fusion-column-has-shadow fusion-flex-column-wrapper-legacy\"><div class=\"fusion-text fusion-text-1\"><h1>Sandwichs \u00e0 La Carte<\/h1>\n<\/div><div class=\"fusion-clearfix\"><\/div><\/div><\/div><div class=\"fusion-layout-column fusion_builder_column fusion-builder-column-1 fusion_builder_column_1_2 1_2 fusion-one-half fusion-column-first menu-icon\" style=\"--awb-bg-blend:overlay;--awb-bg-size:cover;width:50%;width:calc(50% - ( ( 4% ) * 0.5 ) );margin-right: 4%;\"><div class=\"fusion-column-wrapper fusion-column-has-shadow fusion-flex-column-wrapper-legacy\"><div class=\"fusion-text fusion-text-2\" style=\"--awb-text-transform:none;\"><h2 class=\"fusion-responsive-typography-calculated\" style=\"--fontsize: 18; line-height: 1.5; --minfontsize: 18;\" data-fontsize=\"18\" data-lineheight=\"27px\"><strong>SANDWICHS TRADITIONNELS<\/strong><\/h2>\n<p><strong>SANDWICH \u00c0 LA SALADE DE THON SUR PAIN BRUN 5,50 $\/unit\u00e9<\/strong><br \/>\nThon, oignons rouges, poivrons rouges, mayonnaise et laitue en feuilles<\/p>\n<p><strong>SANDWICH \u00c0 LA SALADE DE POULET SUR PAIN BLANC 5,50 $\/unit\u00e9<\/strong><br \/>\nPoulet r\u00f4ti, c\u00e9leri, \u00e9chalotes, mayonnaise et laitue en feuilles.<\/p>\n<p><strong>SANDWICH \u00c0 LA DINDE R\u00d4TIE ET AU MONTERREY JACK SUR PAIN BRUN 5,50 $\/unit\u00e9<\/strong><br \/>\nDinde r\u00f4tie et fromage Monterrey Jack avec laitue en feuilles.<\/p>\n<p><strong>SANDWICH AU JAMBON FOR\u00caT-NOIRE ET AU FROMAGE SUISSE SUR PAIN BLANC 5,50 $\/unit\u00e9<\/strong><br \/>\nJambon For\u00eat-Noire et fromage suisse avec laitue en feuilles.<\/p>\n<p><strong>SANDWICH AU R\u00d4TI DE B\u0152UF ET AU CHEDDAR SUR PAIN BRUN 5,50 $\/unit\u00e9<\/strong><br \/>\nR\u00f4ti de b\u0153uf et cheddar orange avec laitue en feuilles.<\/p>\n<p><strong>SANDWICH AUX \u0152UFS SUR PAIN BLANC 5,50 $\/unit\u00e9 . <a href=\"https:\/\/bytowncatering.com\/wp-content\/uploads\/2019\/04\/bytown-catering-vegetarian-icon.png\"><img decoding=\"async\" class=\"alignnone size-full wp-image-808\" src=\"https:\/\/bytowncatering.com\/wp-content\/uploads\/2019\/04\/bytown-catering-vegetarian-icon.png\" alt=\"\" width=\"36\" height=\"14\" \/><\/a><\/strong><br \/>\n\u0152ufs \u00e0 la coque hach\u00e9s m\u00e9lang\u00e9s \u00e0 de la mayonnaise et du c\u00e9leri. Garni de laitue en feuilles.<\/p>\n<p><strong>SANDWICH AUX POIS CHICHES \u00c9CRAS\u00c9S SUR PAIN BRUN 5,50 $\/unit\u00e9 . <a href=\"https:\/\/bytowncatering.com\/wp-content\/uploads\/2019\/04\/bytown-catering-vegetarian-icon.png\"><img decoding=\"async\" class=\"alignnone size-full wp-image-808\" src=\"https:\/\/bytowncatering.com\/wp-content\/uploads\/2019\/04\/bytown-catering-vegetarian-icon.png\" alt=\"\" width=\"36\" height=\"14\" \/><\/a>\u00a0<\/strong><br \/>\nPois chiches \u00e9cras\u00e9s avec oignons rouges, dijonnaise \u00e0 l\u2019ancienne, vinaigre de cidre et fines herbes. Garnis de laitue en feuilles.<\/p>\n<p><strong>SANDWICH \u00c0 LA DINDE ET \u00c0 L\u2019AVOCAT SANS GLUTEN 7,00 $\/unit\u00e9 . <a href=\"https:\/\/bytowncatering.com\/wp-content\/uploads\/2019\/04\/bytown-catering-gluten-free-icon.png\"><img decoding=\"async\" class=\"alignnone size-full wp-image-829\" src=\"https:\/\/bytowncatering.com\/wp-content\/uploads\/2019\/04\/bytown-catering-gluten-free-icon.png\" alt=\"\" width=\"36\" height=\"14\" \/><\/a>\u00a0<\/strong><br \/>\nDinde fum\u00e9e avec a\u00efoli \u00e0 l\u2019avocat et laitue en feuilles<\/p>\n<\/div><div class=\"fusion-clearfix\"><\/div><\/div><\/div><div class=\"fusion-layout-column fusion_builder_column fusion-builder-column-2 fusion_builder_column_1_2 1_2 fusion-one-half fusion-column-last menu-icon\" style=\"--awb-bg-blend:overlay;--awb-bg-size:cover;width:50%;width:calc(50% - ( ( 4% ) * 0.5 ) );\"><div class=\"fusion-column-wrapper fusion-column-has-shadow fusion-flex-column-wrapper-legacy\"><div class=\"fusion-text fusion-text-3\" style=\"--awb-text-transform:none;\"><h2 class=\"fusion-responsive-typography-calculated\" style=\"--fontsize: 18; line-height: 1.5; --minfontsize: 18;\" data-fontsize=\"18\" data-lineheight=\"27px\"><strong>ROUL\u00c9S TRADITIONELS<\/strong><\/h2>\n<p><strong>ROUL\u00c9 AU POULET TANDOORI 8,95 $\/unit\u00e9<\/strong><br \/>\nLani\u00e8res de poulet aux \u00e9pices tandoori, laitue romaine, chutney de tomates, fromage \u00e0 la cr\u00e8me fouett\u00e9e et feuilles de coriandre.<\/p>\n<p><strong>ROUL\u00c9 AU R\u00d4TI DE B\u0152UF, AU BACON ET AU FROMAGE BLEU 9,95 $\/unit\u00e9 .\u00a0<\/strong><br \/>\nR\u00f4ti de b\u0153uf r\u00e2p\u00e9, tranches de bacon, m\u00e9lange de l\u00e9gumes verts et a\u00efoli au fromage bleu<\/p>\n<p><strong>ROUL\u00c9 \u00c0 LA DINDE 8,95 $\/unit\u00e9 .\u00a0<\/strong><br \/>\nDinde fum\u00e9e, fromage Monterey Jack, laitue r\u00e2p\u00e9e et a\u00efoli \u00e0 l\u2019avocat<\/p>\n<p><strong>ROUL\u00c9 AU POULET C\u00c9SAR 8,95 $\/unit\u00e9<\/strong><br \/>\nPoitrine de poulet grill\u00e9e, laitue romaine, miettes de bacon, fromage parmesan et vinaigrette C\u00e9sar classique<\/p>\n<p><strong>ROUL\u00c9 M\u00c9DIT\u00c9RRAN\u00c9EN 8,95 $\/unit\u00e9 . <a href=\"https:\/\/bytowncatering.com\/wp-content\/uploads\/2019\/04\/bytown-catering-vegetarian-icon.png\"><img decoding=\"async\" class=\"alignnone size-full wp-image-808\" src=\"https:\/\/bytowncatering.com\/wp-content\/uploads\/2019\/04\/bytown-catering-vegetarian-icon.png\" alt=\"\" width=\"36\" height=\"14\" \/><\/a>\u00a0<\/strong><br \/>\nAubergine aux \u00e9pices m\u00e9diterran\u00e9ennes, olives Kalamata et fromage feta, tranches de concombre, sauce tzatziki<\/p>\n<p><strong>ROUL\u00c9 V\u00c9G\u00c9TARIEN 8,95 $\/unit\u00e9 . <a href=\"https:\/\/bytowncatering.com\/wp-content\/uploads\/2019\/04\/bytown-catering-vegan-icon.png\"><img decoding=\"async\" class=\"alignnone size-full wp-image-842\" src=\"https:\/\/bytowncatering.com\/wp-content\/uploads\/2019\/04\/bytown-catering-vegan-icon.png\" alt=\"\" width=\"36\" height=\"14\" \/><\/a>\u00a0<\/strong><br \/>\nAubergines, courgettes et poivrons grill\u00e9s, b\u00e9b\u00e9 roquette et houmous aux tomates s\u00e9ch\u00e9es au soleil<\/p>\n<p><strong>ROUL\u00c9 AU POULET C\u00c9SAR SANS GLUTEN 9,95 $\/unit\u00e9 . <a href=\"https:\/\/bytowncatering.com\/wp-content\/uploads\/2019\/04\/bytown-catering-gluten-free-icon.png\"><img decoding=\"async\" class=\"alignnone size-full wp-image-829\" src=\"https:\/\/bytowncatering.com\/wp-content\/uploads\/2019\/04\/bytown-catering-gluten-free-icon.png\" alt=\"\" width=\"36\" height=\"14\" \/><\/a>\u00a0<\/strong><br \/>\nPoitrine de poulet grill\u00e9e, laitue romaine, miettes de bacon, fromage parmesan et vinaigrette C\u00e9sar classique<\/p>\n<\/div><div class=\"fusion-clearfix\"><\/div><\/div><\/div><div class=\"fusion-layout-column fusion_builder_column fusion-builder-column-3 fusion_builder_column_1_2 1_2 fusion-one-half fusion-column-first menu-icon\" style=\"--awb-bg-blend:overlay;--awb-bg-size:cover;width:50%;width:calc(50% - ( ( 4% ) * 0.5 ) );margin-right: 4%;\"><div class=\"fusion-column-wrapper fusion-column-has-shadow fusion-flex-column-wrapper-legacy\"><div class=\"fusion-text fusion-text-4\" style=\"--awb-text-transform:none;\"><h3 class=\"fusion-responsive-typography-calculated\" style=\"--fontsize: 16; line-height: 1.5; --minfontsize: 16;\" data-fontsize=\"16\" data-lineheight=\"24px\">SANDWICHS GOURMET<\/h3>\n<p><strong>\u00ab CLUB \u00bb AU POULET SUR CIABATTA 11,95 $\/unit\u00e9<\/strong><br \/>\nLani\u00e8res de poulet grill\u00e9es, fromage provolone, tranches de bacon et laitue en feuilles.<\/p>\n<p><strong>SOUS-MARIN AU POULET \u00c9PIC\u00c9 11,95$\/UNIT\u00c9<\/strong><br \/>\nPoulet grill\u00e9, fromage Monterrey Jack, mayonnaise aux piments chipotle, guacamole et laitue en feuilles.<\/p>\n<p><strong>CROISSANT AU JAMBON FRAN\u00c7AIS 11,95 $\/unit\u00e9<\/strong><br \/>\nJambon et brie avec mostarda \u00e0 l\u2019abricot et laitue en feuilles.<\/p>\n<p><strong>CIABATTA \u00c0 L\u2019ITALIENNE 13,95 $\/unit\u00e9<\/strong><br \/>\nProsciutto, salami g\u00e9nois, provolone, aubergines marin\u00e9es, laitue fris\u00e9e et a\u00efoli \u00e0 l\u2019ail r\u00f4ti.<\/p>\n<p><strong>CROISSANT \u00c0 LA DINDE ET AU BRIE 13,95 $\/unit\u00e9<\/strong><br \/>\nDinde r\u00f4tie, brie canadien, tranches de pommes vertes, laitue en feuilles et mayonnaise \u00e0 l\u2019\u00e9rable.<\/p>\n<p><strong>SAUMON FUM\u00c9 SUR PUMPERNICKEL 13,95 $\/unit\u00e9<\/strong><br \/>\nSaumon fum\u00e9, fromage \u00e0 la cr\u00e8me au zeste de citron, oignons rouges et laitue en feuilles.<\/p>\n<p><strong>SANDWICH CAPRESE AUX AUBERGINES GRILL\u00c9ES SANS GLUTEN 13,95 $\/unit\u00e9 . <a href=\"https:\/\/bytowncatering.com\/wp-content\/uploads\/2019\/04\/bytown-catering-vegetarian-icon.png\"><img decoding=\"async\" class=\"alignnone size-full wp-image-808\" src=\"https:\/\/bytowncatering.com\/wp-content\/uploads\/2019\/04\/bytown-catering-vegetarian-icon.png\" alt=\"\" width=\"36\" height=\"14\" \/><\/a> <a href=\"https:\/\/bytowncatering.com\/wp-content\/uploads\/2019\/04\/bytown-catering-gluten-free-icon.png\"><img decoding=\"async\" class=\"alignnone size-full wp-image-829\" src=\"https:\/\/bytowncatering.com\/wp-content\/uploads\/2019\/04\/bytown-catering-gluten-free-icon.png\" alt=\"\" width=\"36\" height=\"14\" \/><\/a><\/strong><br \/>\nAubergines grill\u00e9es, mozzarella frais et tartinade aux tomates et au pesto au basilic<\/p>\n<\/div><div class=\"fusion-clearfix\"><\/div><\/div><\/div><div class=\"fusion-layout-column fusion_builder_column fusion-builder-column-4 fusion_builder_column_1_2 1_2 fusion-one-half fusion-column-last menu-icon\" style=\"--awb-bg-blend:overlay;--awb-bg-size:cover;width:50%;width:calc(50% - ( ( 4% ) * 0.5 ) );\"><div class=\"fusion-column-wrapper fusion-column-has-shadow fusion-flex-column-wrapper-legacy\"><div class=\"fusion-clearfix\"><\/div><\/div><\/div><\/div><\/div><div class=\"fusion-fullwidth fullwidth-box fusion-builder-row-2 fusion-flex-container has-pattern-background has-mask-background nonhundred-percent-fullwidth non-hundred-percent-height-scrolling\" style=\"--awb-border-radius-top-left:0px;--awb-border-radius-top-right:0px;--awb-border-radius-bottom-right:0px;--awb-border-radius-bottom-left:0px;--awb-flex-wrap:wrap;\" ><div class=\"fusion-builder-row fusion-row fusion-flex-align-items-flex-start fusion-flex-content-wrap\" style=\"max-width:1144px;margin-left: calc(-4% \/ 2 );margin-right: calc(-4% \/ 2 );\"><div class=\"fusion-layout-column fusion_builder_column fusion-builder-column-5 fusion_builder_column_1_1 1_1 fusion-flex-column\" style=\"--awb-bg-size:cover;--awb-width-large:100%;--awb-margin-top-large:0px;--awb-spacing-right-large:1.92%;--awb-margin-bottom-large:20px;--awb-spacing-left-large:1.92%;--awb-width-medium:100%;--awb-order-medium:0;--awb-spacing-right-medium:1.92%;--awb-spacing-left-medium:1.92%;--awb-width-small:100%;--awb-order-small:0;--awb-spacing-right-small:1.92%;--awb-spacing-left-small:1.92%;\"><div class=\"fusion-column-wrapper fusion-column-has-shadow fusion-flex-justify-content-flex-start fusion-content-layout-column\"><div class=\"fusion-text fusion-text-5\"><p style=\"text-align: center;\">Des frais de main-d\u2019\u0153uvre de 15 % et toutes les taxes applicables s\u2019appliqueront<\/p>\n<p style=\"text-align: center;\">Tous les emballages comprennent des nappes pour tables de buffet et des assiettes, des ustensiles et des serviettes jetables biod\u00e9gradables respectueux de l\u2019environnement<\/p>\n<p style=\"text-align: center;\">Commande minimale de 50,00 $ (hors taxes) pour la livraison. Livraison gratuite pour les commandes de plus de 250,00 $ (par livraison).<\/p>\n<\/div><\/div><\/div><\/div><\/div><\/p>\n","protected":false},"excerpt":{"rendered":"","protected":false},"author":1,"featured_media":0,"parent":0,"menu_order":0,"comment_status":"closed","ping_status":"closed","template":"","meta":{"footnotes":""},"class_list":["post-668","page","type-page","status-publish","hentry"],"yoast_head":"<!-- This site is optimized with the Yoast SEO plugin v27.0 - https:\/\/yoast.com\/product\/yoast-seo-wordpress\/ -->\n<title>Sandwichs \u00e0 La Carte | Traiteur Bytown<\/title>\n<meta name=\"robots\" content=\"index, follow, max-snippet:-1, max-image-preview:large, max-video-preview:-1\" \/>\n<link rel=\"canonical\" href=\"https:\/\/bytowncatering.com\/fr\/sandwichs-a-la-carte\/\" \/>\n<meta property=\"og:locale\" content=\"en_US\" \/>\n<meta property=\"og:type\" content=\"article\" \/>\n<meta property=\"og:title\" content=\"Sandwichs \u00e0 La Carte | Traiteur Bytown\" \/>\n<meta property=\"og:url\" content=\"https:\/\/bytowncatering.com\/fr\/sandwichs-a-la-carte\/\" \/>\n<meta property=\"og:site_name\" content=\"Traiteur Bytown\" \/>\n<meta property=\"article:publisher\" content=\"https:\/\/www.facebook.com\/BytownCatering\/\" \/>\n<meta property=\"article:modified_time\" content=\"2023-12-05T15:46:11+00:00\" \/>\n<meta property=\"og:image\" content=\"https:\/\/bytowncatering.com\/wp-content\/uploads\/2019\/04\/bytown-catering-vegetarian-icon.png\" \/>\n<meta name=\"twitter:card\" content=\"summary_large_image\" \/>\n<meta name=\"twitter:label1\" content=\"Est. reading time\" \/>\n\t<meta name=\"twitter:data1\" content=\"8 minutes\" \/>\n<script type=\"application\/ld+json\" class=\"yoast-schema-graph\">{\"@context\":\"https:\/\/schema.org\",\"@graph\":[{\"@type\":\"WebPage\",\"@id\":\"https:\/\/bytowncatering.com\/fr\/sandwichs-a-la-carte\/\",\"url\":\"https:\/\/bytowncatering.com\/fr\/sandwichs-a-la-carte\/\",\"name\":\"Sandwichs \u00e0 La Carte | Traiteur Bytown\",\"isPartOf\":{\"@id\":\"https:\/\/bytowncatering.com\/fr\/#website\"},\"primaryImageOfPage\":{\"@id\":\"https:\/\/bytowncatering.com\/fr\/sandwichs-a-la-carte\/#primaryimage\"},\"image\":{\"@id\":\"https:\/\/bytowncatering.com\/fr\/sandwichs-a-la-carte\/#primaryimage\"},\"thumbnailUrl\":\"https:\/\/bytowncatering.com\/wp-content\/uploads\/2019\/04\/bytown-catering-vegetarian-icon.png\",\"datePublished\":\"2019-04-03T14:19:38+00:00\",\"dateModified\":\"2023-12-05T15:46:11+00:00\",\"breadcrumb\":{\"@id\":\"https:\/\/bytowncatering.com\/fr\/sandwichs-a-la-carte\/#breadcrumb\"},\"inLanguage\":\"en-US\",\"potentialAction\":[{\"@type\":\"ReadAction\",\"target\":[\"https:\/\/bytowncatering.com\/fr\/sandwichs-a-la-carte\/\"]}]},{\"@type\":\"ImageObject\",\"inLanguage\":\"en-US\",\"@id\":\"https:\/\/bytowncatering.com\/fr\/sandwichs-a-la-carte\/#primaryimage\",\"url\":\"https:\/\/bytowncatering.com\/wp-content\/uploads\/2019\/04\/bytown-catering-vegetarian-icon.png\",\"contentUrl\":\"https:\/\/bytowncatering.com\/wp-content\/uploads\/2019\/04\/bytown-catering-vegetarian-icon.png\"},{\"@type\":\"BreadcrumbList\",\"@id\":\"https:\/\/bytowncatering.com\/fr\/sandwichs-a-la-carte\/#breadcrumb\",\"itemListElement\":[{\"@type\":\"ListItem\",\"position\":1,\"name\":\"Home\",\"item\":\"https:\/\/bytowncatering.com\/fr\/\"},{\"@type\":\"ListItem\",\"position\":2,\"name\":\"Sandwichs \u00e0 La Carte\"}]},{\"@type\":\"WebSite\",\"@id\":\"https:\/\/bytowncatering.com\/fr\/#website\",\"url\":\"https:\/\/bytowncatering.com\/fr\/\",\"name\":\"Bytown Catering\",\"description\":\"Nous Livrons des Repas Plein de Saveur\",\"potentialAction\":[{\"@type\":\"SearchAction\",\"target\":{\"@type\":\"EntryPoint\",\"urlTemplate\":\"https:\/\/bytowncatering.com\/fr\/?s={search_term_string}\"},\"query-input\":{\"@type\":\"PropertyValueSpecification\",\"valueRequired\":true,\"valueName\":\"search_term_string\"}}],\"inLanguage\":\"en-US\"}]}<\/script>\n<!-- \/ Yoast SEO plugin. -->","yoast_head_json":{"title":"Sandwichs \u00e0 La Carte | Traiteur Bytown","robots":{"index":"index","follow":"follow","max-snippet":"max-snippet:-1","max-image-preview":"max-image-preview:large","max-video-preview":"max-video-preview:-1"},"canonical":"https:\/\/bytowncatering.com\/fr\/sandwichs-a-la-carte\/","og_locale":"en_US","og_type":"article","og_title":"Sandwichs \u00e0 La Carte | Traiteur Bytown","og_url":"https:\/\/bytowncatering.com\/fr\/sandwichs-a-la-carte\/","og_site_name":"Traiteur Bytown","article_publisher":"https:\/\/www.facebook.com\/BytownCatering\/","article_modified_time":"2023-12-05T15:46:11+00:00","og_image":[{"url":"https:\/\/bytowncatering.com\/wp-content\/uploads\/2019\/04\/bytown-catering-vegetarian-icon.png","type":"","width":"","height":""}],"twitter_card":"summary_large_image","twitter_misc":{"Est. reading time":"8 minutes"},"schema":{"@context":"https:\/\/schema.org","@graph":[{"@type":"WebPage","@id":"https:\/\/bytowncatering.com\/fr\/sandwichs-a-la-carte\/","url":"https:\/\/bytowncatering.com\/fr\/sandwichs-a-la-carte\/","name":"Sandwichs \u00e0 La Carte | Traiteur Bytown","isPartOf":{"@id":"https:\/\/bytowncatering.com\/fr\/#website"},"primaryImageOfPage":{"@id":"https:\/\/bytowncatering.com\/fr\/sandwichs-a-la-carte\/#primaryimage"},"image":{"@id":"https:\/\/bytowncatering.com\/fr\/sandwichs-a-la-carte\/#primaryimage"},"thumbnailUrl":"https:\/\/bytowncatering.com\/wp-content\/uploads\/2019\/04\/bytown-catering-vegetarian-icon.png","datePublished":"2019-04-03T14:19:38+00:00","dateModified":"2023-12-05T15:46:11+00:00","breadcrumb":{"@id":"https:\/\/bytowncatering.com\/fr\/sandwichs-a-la-carte\/#breadcrumb"},"inLanguage":"en-US","potentialAction":[{"@type":"ReadAction","target":["https:\/\/bytowncatering.com\/fr\/sandwichs-a-la-carte\/"]}]},{"@type":"ImageObject","inLanguage":"en-US","@id":"https:\/\/bytowncatering.com\/fr\/sandwichs-a-la-carte\/#primaryimage","url":"https:\/\/bytowncatering.com\/wp-content\/uploads\/2019\/04\/bytown-catering-vegetarian-icon.png","contentUrl":"https:\/\/bytowncatering.com\/wp-content\/uploads\/2019\/04\/bytown-catering-vegetarian-icon.png"},{"@type":"BreadcrumbList","@id":"https:\/\/bytowncatering.com\/fr\/sandwichs-a-la-carte\/#breadcrumb","itemListElement":[{"@type":"ListItem","position":1,"name":"Home","item":"https:\/\/bytowncatering.com\/fr\/"},{"@type":"ListItem","position":2,"name":"Sandwichs \u00e0 La Carte"}]},{"@type":"WebSite","@id":"https:\/\/bytowncatering.com\/fr\/#website","url":"https:\/\/bytowncatering.com\/fr\/","name":"Bytown Catering","description":"Nous Livrons des Repas Plein de Saveur","potentialAction":[{"@type":"SearchAction","target":{"@type":"EntryPoint","urlTemplate":"https:\/\/bytowncatering.com\/fr\/?s={search_term_string}"},"query-input":{"@type":"PropertyValueSpecification","valueRequired":true,"valueName":"search_term_string"}}],"inLanguage":"en-US"}]}},"_links":{"self":[{"href":"https:\/\/bytowncatering.com\/fr\/wp-json\/wp\/v2\/pages\/668","targetHints":{"allow":["GET"]}}],"collection":[{"href":"https:\/\/bytowncatering.com\/fr\/wp-json\/wp\/v2\/pages"}],"about":[{"href":"https:\/\/bytowncatering.com\/fr\/wp-json\/wp\/v2\/types\/page"}],"author":[{"embeddable":true,"href":"https:\/\/bytowncatering.com\/fr\/wp-json\/wp\/v2\/users\/1"}],"replies":[{"embeddable":true,"href":"https:\/\/bytowncatering.com\/fr\/wp-json\/wp\/v2\/comments?post=668"}],"version-history":[{"count":20,"href":"https:\/\/bytowncatering.com\/fr\/wp-json\/wp\/v2\/pages\/668\/revisions"}],"predecessor-version":[{"id":2309,"href":"https:\/\/bytowncatering.com\/fr\/wp-json\/wp\/v2\/pages\/668\/revisions\/2309"}],"wp:attachment":[{"href":"https:\/\/bytowncatering.com\/fr\/wp-json\/wp\/v2\/media?parent=668"}],"curies":[{"name":"wp","href":"https:\/\/api.w.org\/{rel}","templated":true}]}}