{"id":670,"date":"2019-04-03T10:19:55","date_gmt":"2019-04-03T14:19:55","guid":{"rendered":"http:\/\/canadashop150.com\/?page_id=670"},"modified":"2023-12-05T10:47:50","modified_gmt":"2023-12-05T15:47:50","slug":"plateau-assortis","status":"publish","type":"page","link":"https:\/\/bytowncatering.com\/fr\/plateau-assortis\/","title":{"rendered":"Plateau Assortis"},"content":{"rendered":"<p><div class=\"fusion-fullwidth fullwidth-box fusion-builder-row-1 nonhundred-percent-fullwidth non-hundred-percent-height-scrolling\" style=\"--awb-background-position:left center;--awb-border-radius-top-left:0px;--awb-border-radius-top-right:0px;--awb-border-radius-bottom-right:0px;--awb-border-radius-bottom-left:0px;--awb-flex-wrap:wrap;\" ><div class=\"fusion-builder-row fusion-row\"><div class=\"fusion-layout-column fusion_builder_column fusion-builder-column-0 fusion_builder_column_1_1 1_1 fusion-one-full fusion-column-first fusion-column-last\" style=\"--awb-bg-blend:overlay;--awb-bg-size:cover;\"><div class=\"fusion-column-wrapper fusion-column-has-shadow fusion-flex-column-wrapper-legacy\"><div class=\"fusion-text fusion-text-1\"><h1>Plateau Assortis<\/h1>\n<\/div><div class=\"fusion-clearfix\"><\/div><\/div><\/div><div class=\"fusion-layout-column fusion_builder_column fusion-builder-column-1 fusion_builder_column_1_2 1_2 fusion-one-half fusion-column-first menu-icon\" style=\"--awb-bg-blend:overlay;--awb-bg-size:cover;width:50%;width:calc(50% - ( ( 4% ) * 0.5 ) );margin-right: 4%;\"><div class=\"fusion-column-wrapper fusion-column-has-shadow fusion-flex-column-wrapper-legacy\"><div class=\"fusion-text fusion-text-2\" style=\"--awb-text-transform:none;\"><p><strong>CROUSTILLES SANT\u00c9 ET TREMPETTE (15 \u00e0 20 personnes) 59,95 $<\/strong><br \/>\nCroustilles de l\u00e9gumes racines servies avec une trempette au concombre, au yogourt et \u00e0 la ciboulette.<\/p>\n<p><strong>CROUSTILLES ET SALSA (15 \u00e0 20 personnes) 59,95 $<\/strong><br \/>\nCroustilles de tortillas servies avec pico de gallo, guacamole et cr\u00e8me sure<\/p>\n<p><strong>TREMPETTE DE SAUMON FUM\u00c9 (15 \u00e0 20 personnes) 83,95 $<\/strong><br \/>\nTrempette de fromage \u00e0 la cr\u00e8me fouett\u00e9e et de saumon fum\u00e9 servie avec baguette fra\u00eechement cuite au four.<\/p>\n<p><strong>TREMPETTE MEXICAINE (15 \u00e0 20 personnes) 71,95 $<\/strong><br \/>\nCouches de fromage \u00e0 la cr\u00e8me \u00e9pic\u00e9, de salsa aux tomates et de cheddar r\u00e2p\u00e9 servies avec des croustilles de tortilla croquantes.<\/p>\n<p><strong>PLATEAU DE FRUITS ET BAIES<\/strong><br \/>\nAnanas, cantaloup et melon miel fra\u00eechement tranch\u00e9s. Garni de fraises fra\u00eeches et de grappes de raisins.<\/p>\n<p><strong>Petit (5 \u00e0 10 personnes) 59,95 $<br \/>\nMoyen (10 \u00e0 15 personnes) 71,95 $<br \/>\nGrand (15 \u00e0 20 personnes) 84,95 $<\/strong><\/p>\n<p><strong>PLATEAU DE CRUDIT\u00c9S<\/strong><\/p>\n<p>B\u00e2tonnets de c\u00e9leri et tranches de concombres fra\u00eechement coup\u00e9s, fleurons de brocoli et de chou-fleur, poivrons doux en juliennes, carottes miniatures, tomates cerises et trempette de houmous<\/p>\n<p><strong>Petit (5 \u00e0 10 personnes) 59,95 $<br \/>\nMoyen (10 \u00e0 15 personnes) 71,95 $<br \/>\nGrand (15 \u00e0 20 personnes) 83,95 $<\/strong><\/p>\n<p><strong>PLATEAU DE L\u00c9GUMES MARIN\u00c9S<\/strong><br \/>\nUn assortiment de l\u00e9gumes marin\u00e9s, qui peut comprendre des olives, des c\u0153urs d\u2019artichauts, des poivrons doux, des poivrons pepperoncinis, des petits oignons blancs, des betteraves et des cornichons sucr\u00e9s<\/p>\n<p><strong>Petit (5 \u00e0 10 personnes) 47,95 $<br \/>\nMoyen (10 \u00e0 15 personnes) 68,95 $<br \/>\nGrand (15 \u00e0 20 personnes) 83,95 $<\/strong><\/p>\n<p><strong>PLATEAU DE L\u00c9GUMES MARIN\u00c9S GRILL\u00c9S<\/strong><br \/>\nPeut comprendre un assortiment d\u2019aubergines, de poivrons doux, d\u2019asperges, de brocolinis, de champignons portobellos, d\u2019oignons rouges, de courgettes, de carottes miniatures et d\u2019artichauts, m\u00e9lang\u00e9s avec de l\u2019ail et des herbes fra\u00eechement hach\u00e9es, du sel marin et de l\u2019huile d\u2019olive. Servi avec une trempette au feta et au citron.<\/p>\n<p><strong>Petit 65,95 $<br \/>\nMoyen 77,95 $<br \/>\nGrand 89,95 $<\/strong><\/p>\n<\/div><div class=\"fusion-clearfix\"><\/div><\/div><\/div><div class=\"fusion-layout-column fusion_builder_column fusion-builder-column-2 fusion_builder_column_1_2 1_2 fusion-one-half fusion-column-last menu-icon\" style=\"--awb-bg-blend:overlay;--awb-bg-size:cover;width:50%;width:calc(50% - ( ( 4% ) * 0.5 ) );\"><div class=\"fusion-column-wrapper fusion-column-has-shadow fusion-flex-column-wrapper-legacy\"><div class=\"fusion-text fusion-text-3\" style=\"--awb-text-transform:none;\"><p><strong>PLAT M\u00c9DITERRAN\u00c9EN<\/strong><br \/>\nL\u00e9gumes r\u00f4tis, pointes de pita, bocconcini marin\u00e9 aux herbes, olives marin\u00e9es, c\u0153urs d\u2019artichauts, tomates cerises et trempette de houmous<\/p>\n<p><strong>Petit (5 \u00e0 10 personnes) 59,95 $<\/strong><br \/>\n<strong>Moyen (10 \u00e0 15 personnes) 71,95 $<\/strong><br \/>\n<strong>Grand (15 \u00e0 20 personnes) 83, 95 $<\/strong><\/p>\n<p><strong>PLAT MEZZE<\/strong><br \/>\nHoumous garni d\u2019huile d\u2019olive, tzatziki, feta de ch\u00e8vre en cro\u00fbte aux herbes et au chili, olives marin\u00e9es, tranches de concombre, pointes de pita.<\/p>\n<p><strong>Petit (5 \u00e0 10 personnes) 59,95 $<\/strong><br \/>\n<strong>Moyen (10 \u00e0 15 personnes) 71,95 $<\/strong><br \/>\n<strong>Grand (15 \u00e0 20 personnes) 83,95 $<\/strong><\/p>\n<p><strong>PLATEAU ANTIPASTO<\/strong><br \/>\nTranches de prosciutto, salami de G\u00eanes, jambon capicollo, bocconcini marin\u00e9 aux herbes, fromage Fontina, poivrons rouges r\u00f4tis, olives marin\u00e9es, poivrons pepperoncinis et c\u0153urs d\u2019artichaut.<\/p>\n<p><strong>Petit (5 \u00e0 10 personnes) 77,95 $<br \/>\nMoyen (10 \u00e0 15 personnes) 95,95 $<br \/>\nGrand (15 \u00e0 20 personnes) 119,95 $<\/strong><\/p>\n<p><strong>PLATEAU DE FROMAGES DOMESTIQUES<\/strong><br \/>\nUn assortiment de fromages de la fromagerie St-Albert. Servi avec des grappes de raisins et des craquelins.<\/p>\n<p><strong>Petit (5 \u00e0 10 personnes) 64,95 $<br \/>\nMoyen (10 \u00e0 15 personnes) 82,95 $<br \/>\nGrand (15 \u00e0 20 personnes) 95,95 $<\/strong><\/p>\n<p><strong>PLATEAU DE FROMAGES DOMESTIQUES<\/strong><br \/>\nUn assortiment de fromages de la fromagerie St-Albert. Servi avec des grappes de raisins et des craquelins.<\/p>\n<p><strong>Petit (5 \u00e0 10 personnes) 64,95 $<br \/>\nMoyen (10 \u00e0 15 personnes) 82,95 $<br \/>\nGrand (15 \u00e0 20 personnes) 95,95 $<\/strong><\/p>\n<p><strong>PLATEAU DE POINTES DE FROMAGES DE QUALIT\u00c9 SUP\u00c9RIEURE<\/strong><br \/>\nBoulette de tartinade au fromage cheddar, \u00e0 l\u2019oignon r\u00f4ti et \u00e0 l\u2019aneth, brie canadien, Fontina, bleu Castello et St-Paulin. Agr\u00e9ment\u00e9 de grappes de raisins, d\u2019abricots secs, de noix grill\u00e9es et de petits fruits frais. Servi avec panier de pains et de craquelins fra\u00eechement cuits<\/p>\n<p><strong>Petit (boulette de tartinade + 2 pointes) 89,95 $<br \/>\nMoyen (boulette de tartinade + 3 pointes) 104,95 $<br \/>\nGrand (boulette de tartinade + 4 pointes) 119,95 $<\/strong><\/p>\n<p><strong>PLATEAU \u00c0 COCKTAIL DE CREVETTES R\u00c9FRIG\u00c9R\u00c9<\/strong><br \/>\nGrosses crevettes poch\u00e9es aux agrumes avec sauce cocktail Bytown et quartiers de citron<\/p>\n<p><strong>Petit (2 lb) 83,95 $<\/strong><br \/>\n<strong>Moyen (4 lb) 149,95 $<\/strong><br \/>\n<strong>Grand (6 lb) 219,95 $<\/strong><\/p>\n<p><strong>PLATEAU DE SUSHIS<\/strong><br \/>\nAssortiment de nigiris et makis roul\u00e9s \u00e0 la main, servi avec gingembre marin\u00e9, wasabi et sauce soja.<\/p>\n<p><strong>Petit (40 morceaux) 89,95 $<\/strong><br \/>\n<strong>Moyen (80 morceaux) 174,95 $<\/strong><br \/>\n<strong>Grand (120 morceaux) 269,95 $<\/strong><\/p>\n<\/div><div class=\"fusion-clearfix\"><\/div><\/div><\/div><\/div><\/div><div class=\"fusion-fullwidth fullwidth-box fusion-builder-row-2 fusion-flex-container has-pattern-background has-mask-background nonhundred-percent-fullwidth non-hundred-percent-height-scrolling\" style=\"--awb-border-radius-top-left:0px;--awb-border-radius-top-right:0px;--awb-border-radius-bottom-right:0px;--awb-border-radius-bottom-left:0px;--awb-flex-wrap:wrap;\" ><div class=\"fusion-builder-row fusion-row fusion-flex-align-items-flex-start fusion-flex-content-wrap\" style=\"max-width:1144px;margin-left: calc(-4% \/ 2 );margin-right: calc(-4% \/ 2 );\"><div class=\"fusion-layout-column fusion_builder_column fusion-builder-column-3 fusion_builder_column_1_1 1_1 fusion-flex-column\" style=\"--awb-bg-size:cover;--awb-width-large:100%;--awb-margin-top-large:0px;--awb-spacing-right-large:1.92%;--awb-margin-bottom-large:20px;--awb-spacing-left-large:1.92%;--awb-width-medium:100%;--awb-order-medium:0;--awb-spacing-right-medium:1.92%;--awb-spacing-left-medium:1.92%;--awb-width-small:100%;--awb-order-small:0;--awb-spacing-right-small:1.92%;--awb-spacing-left-small:1.92%;\"><div class=\"fusion-column-wrapper fusion-column-has-shadow fusion-flex-justify-content-flex-start fusion-content-layout-column\"><div class=\"fusion-text fusion-text-4\"><p style=\"text-align: center;\">Des frais de main-d\u2019\u0153uvre de 15 % et toutes les taxes applicables s\u2019appliqueront<\/p>\n<p style=\"text-align: center;\">Tous les emballages comprennent des nappes pour tables de buffet et des assiettes, des ustensiles et des serviettes jetables biod\u00e9gradables respectueux de l\u2019environnement<\/p>\n<p style=\"text-align: center;\">Commande minimale de 50,00 $ (hors taxes) pour la livraison. Livraison gratuite pour les commandes de plus de 250,00 $ (par livraison).<\/p>\n<\/div><\/div><\/div><\/div><\/div><\/p>\n","protected":false},"excerpt":{"rendered":"","protected":false},"author":1,"featured_media":0,"parent":0,"menu_order":0,"comment_status":"closed","ping_status":"closed","template":"","meta":{"footnotes":""},"class_list":["post-670","page","type-page","status-publish","hentry"],"yoast_head":"<!-- This site is optimized with the Yoast SEO plugin v27.0 - https:\/\/yoast.com\/product\/yoast-seo-wordpress\/ -->\n<title>Plateau Assortis | Traiteur Bytown<\/title>\n<meta name=\"robots\" content=\"index, follow, max-snippet:-1, max-image-preview:large, max-video-preview:-1\" \/>\n<link rel=\"canonical\" href=\"https:\/\/bytowncatering.com\/fr\/plateau-assortis\/\" \/>\n<meta property=\"og:locale\" content=\"en_US\" \/>\n<meta property=\"og:type\" content=\"article\" \/>\n<meta property=\"og:title\" content=\"Plateau Assortis | Traiteur Bytown\" \/>\n<meta property=\"og:url\" content=\"https:\/\/bytowncatering.com\/fr\/plateau-assortis\/\" \/>\n<meta property=\"og:site_name\" content=\"Traiteur Bytown\" \/>\n<meta property=\"article:publisher\" content=\"https:\/\/www.facebook.com\/BytownCatering\/\" \/>\n<meta property=\"article:modified_time\" content=\"2023-12-05T15:47:50+00:00\" \/>\n<meta name=\"twitter:card\" content=\"summary_large_image\" \/>\n<meta name=\"twitter:label1\" content=\"Est. reading time\" \/>\n\t<meta name=\"twitter:data1\" content=\"4 minutes\" \/>\n<script type=\"application\/ld+json\" class=\"yoast-schema-graph\">{\"@context\":\"https:\/\/schema.org\",\"@graph\":[{\"@type\":\"WebPage\",\"@id\":\"https:\/\/bytowncatering.com\/fr\/plateau-assortis\/\",\"url\":\"https:\/\/bytowncatering.com\/fr\/plateau-assortis\/\",\"name\":\"Plateau Assortis | Traiteur Bytown\",\"isPartOf\":{\"@id\":\"https:\/\/bytowncatering.com\/fr\/#website\"},\"datePublished\":\"2019-04-03T14:19:55+00:00\",\"dateModified\":\"2023-12-05T15:47:50+00:00\",\"breadcrumb\":{\"@id\":\"https:\/\/bytowncatering.com\/fr\/plateau-assortis\/#breadcrumb\"},\"inLanguage\":\"en-US\",\"potentialAction\":[{\"@type\":\"ReadAction\",\"target\":[\"https:\/\/bytowncatering.com\/fr\/plateau-assortis\/\"]}]},{\"@type\":\"BreadcrumbList\",\"@id\":\"https:\/\/bytowncatering.com\/fr\/plateau-assortis\/#breadcrumb\",\"itemListElement\":[{\"@type\":\"ListItem\",\"position\":1,\"name\":\"Home\",\"item\":\"https:\/\/bytowncatering.com\/fr\/\"},{\"@type\":\"ListItem\",\"position\":2,\"name\":\"Plateau Assortis\"}]},{\"@type\":\"WebSite\",\"@id\":\"https:\/\/bytowncatering.com\/fr\/#website\",\"url\":\"https:\/\/bytowncatering.com\/fr\/\",\"name\":\"Bytown Catering\",\"description\":\"Nous Livrons des Repas Plein de Saveur\",\"potentialAction\":[{\"@type\":\"SearchAction\",\"target\":{\"@type\":\"EntryPoint\",\"urlTemplate\":\"https:\/\/bytowncatering.com\/fr\/?s={search_term_string}\"},\"query-input\":{\"@type\":\"PropertyValueSpecification\",\"valueRequired\":true,\"valueName\":\"search_term_string\"}}],\"inLanguage\":\"en-US\"}]}<\/script>\n<!-- \/ Yoast SEO plugin. -->","yoast_head_json":{"title":"Plateau Assortis | Traiteur Bytown","robots":{"index":"index","follow":"follow","max-snippet":"max-snippet:-1","max-image-preview":"max-image-preview:large","max-video-preview":"max-video-preview:-1"},"canonical":"https:\/\/bytowncatering.com\/fr\/plateau-assortis\/","og_locale":"en_US","og_type":"article","og_title":"Plateau Assortis | Traiteur Bytown","og_url":"https:\/\/bytowncatering.com\/fr\/plateau-assortis\/","og_site_name":"Traiteur Bytown","article_publisher":"https:\/\/www.facebook.com\/BytownCatering\/","article_modified_time":"2023-12-05T15:47:50+00:00","twitter_card":"summary_large_image","twitter_misc":{"Est. reading time":"4 minutes"},"schema":{"@context":"https:\/\/schema.org","@graph":[{"@type":"WebPage","@id":"https:\/\/bytowncatering.com\/fr\/plateau-assortis\/","url":"https:\/\/bytowncatering.com\/fr\/plateau-assortis\/","name":"Plateau Assortis | Traiteur Bytown","isPartOf":{"@id":"https:\/\/bytowncatering.com\/fr\/#website"},"datePublished":"2019-04-03T14:19:55+00:00","dateModified":"2023-12-05T15:47:50+00:00","breadcrumb":{"@id":"https:\/\/bytowncatering.com\/fr\/plateau-assortis\/#breadcrumb"},"inLanguage":"en-US","potentialAction":[{"@type":"ReadAction","target":["https:\/\/bytowncatering.com\/fr\/plateau-assortis\/"]}]},{"@type":"BreadcrumbList","@id":"https:\/\/bytowncatering.com\/fr\/plateau-assortis\/#breadcrumb","itemListElement":[{"@type":"ListItem","position":1,"name":"Home","item":"https:\/\/bytowncatering.com\/fr\/"},{"@type":"ListItem","position":2,"name":"Plateau Assortis"}]},{"@type":"WebSite","@id":"https:\/\/bytowncatering.com\/fr\/#website","url":"https:\/\/bytowncatering.com\/fr\/","name":"Bytown Catering","description":"Nous Livrons des Repas Plein de Saveur","potentialAction":[{"@type":"SearchAction","target":{"@type":"EntryPoint","urlTemplate":"https:\/\/bytowncatering.com\/fr\/?s={search_term_string}"},"query-input":{"@type":"PropertyValueSpecification","valueRequired":true,"valueName":"search_term_string"}}],"inLanguage":"en-US"}]}},"_links":{"self":[{"href":"https:\/\/bytowncatering.com\/fr\/wp-json\/wp\/v2\/pages\/670","targetHints":{"allow":["GET"]}}],"collection":[{"href":"https:\/\/bytowncatering.com\/fr\/wp-json\/wp\/v2\/pages"}],"about":[{"href":"https:\/\/bytowncatering.com\/fr\/wp-json\/wp\/v2\/types\/page"}],"author":[{"embeddable":true,"href":"https:\/\/bytowncatering.com\/fr\/wp-json\/wp\/v2\/users\/1"}],"replies":[{"embeddable":true,"href":"https:\/\/bytowncatering.com\/fr\/wp-json\/wp\/v2\/comments?post=670"}],"version-history":[{"count":14,"href":"https:\/\/bytowncatering.com\/fr\/wp-json\/wp\/v2\/pages\/670\/revisions"}],"predecessor-version":[{"id":2310,"href":"https:\/\/bytowncatering.com\/fr\/wp-json\/wp\/v2\/pages\/670\/revisions\/2310"}],"wp:attachment":[{"href":"https:\/\/bytowncatering.com\/fr\/wp-json\/wp\/v2\/media?parent=670"}],"curies":[{"name":"wp","href":"https:\/\/api.w.org\/{rel}","templated":true}]}}