{"id":682,"date":"2019-04-03T10:21:46","date_gmt":"2019-04-03T14:21:46","guid":{"rendered":"http:\/\/canadashop150.com\/?page_id=682"},"modified":"2025-02-17T10:25:41","modified_gmt":"2025-02-17T15:25:41","slug":"cocktail-elite-bytown","status":"publish","type":"page","link":"https:\/\/bytowncatering.com\/fr\/cocktail-elite-bytown\/","title":{"rendered":"Cocktail \u00c9lite Bytown"},"content":{"rendered":"<p><div class=\"fusion-fullwidth fullwidth-box fusion-builder-row-1 nonhundred-percent-fullwidth non-hundred-percent-height-scrolling\" style=\"--awb-background-position:left top;--awb-background-repeat:repeat-y;--awb-border-radius-top-left:0px;--awb-border-radius-top-right:0px;--awb-border-radius-bottom-right:0px;--awb-border-radius-bottom-left:0px;--awb-flex-wrap:wrap;\" ><div class=\"fusion-builder-row fusion-row\"><div class=\"fusion-layout-column fusion_builder_column fusion-builder-column-0 fusion_builder_column_1_1 1_1 fusion-one-full fusion-column-first fusion-column-last\" style=\"--awb-bg-blend:overlay;--awb-bg-size:cover;\"><div class=\"fusion-column-wrapper fusion-column-has-shadow fusion-flex-column-wrapper-legacy\"><div class=\"fusion-text fusion-text-1\" style=\"--awb-text-transform:none;\"><h1 class=\"fusion-responsive-typography-calculated\" style=\"--fontsize: 34; line-height: 1.4;\" data-fontsize=\"34\" data-lineheight=\"47.6px\">Cocktail \u00c9lite Bytown \u2015 <span style=\"font-size: 18px; font-weight: bold;\">76,95 $ (par personne)<\/span><\/h1>\n<h2 class=\"fusion-responsive-typography-calculated\" style=\"--fontsize: 18; line-height: 1.5; --minfontsize: 18;\" data-fontsize=\"18\" data-lineheight=\"27px\">Un minimum de 75 invit\u00e9s est requis.<strong><br \/>\n<\/strong><\/h2>\n<\/div><div class=\"fusion-clearfix\"><\/div><\/div><\/div><div class=\"fusion-layout-column fusion_builder_column fusion-builder-column-1 fusion_builder_column_1_1 1_1 fusion-one-full fusion-column-first fusion-column-last menu-icon\" style=\"--awb-bg-blend:overlay;--awb-bg-size:cover;\"><div class=\"fusion-column-wrapper fusion-column-has-shadow fusion-flex-column-wrapper-legacy\"><div class=\"fusion-text fusion-text-2\"><p><strong>COCKTAIL DE BIENVENUE\u00a0<\/strong><br \/>\nNotre gin p\u00e9tillant au concombre et au basilic<br \/>\n(Une version sans alcool de ce cocktail sera offerte dans les endroits ne d\u00e9tenant pas de permis d\u2019alcool)<\/p>\n<p><strong>CANAP\u00c9S DISTRIBU\u00c9S SUR UN PLATEAU (6 morceaux par personne)<\/strong><br \/>\nChutney au fromage de ch\u00e8vre fouett\u00e9 et aux canneberges sur un \u00ab crostini \u00bb de patates douces<br \/>\nBrochettes de charcuteries (salami de G\u00eanes, bocconcini, olives marin\u00e9es et tomates cerises)<br \/>\nFines tranches de filet de b\u0153uf avec tartinade de pommes au raifort sur crostinis<br \/>\nPoire enrob\u00e9e de prosciutto et de gorgonzola servie sur baguette fra\u00eechement cuite<br \/>\nChapeaux de champignons r\u00f4tis farcis \u00e0 la salade de crabe et garnis de guacamole<br \/>\nSamosas aux l\u00e9gumes confectionn\u00e9s \u00e0 la main avec chutney au tamarin<br \/>\nBrochettes de boulettes de b\u0153uf aigre-doux<br \/>\nBrochettes de poulet jerk avec cr\u00e8me sure \u00e0 la coriandre et \u00e0 la lime<br \/>\nP\u00e9toncles enrob\u00e9s de bacon et napp\u00e9s d\u2019un filet de mayonnaise au soja et au wasabi<br \/>\nCroquettes de crabe avec mayonnaise aux chipotles<\/p>\n<p><strong>STATIONS LIBRE-SERVICE\u00a0<\/strong><br \/>\nFondue au fromage cheddar St-Albert, servie avec cubes de pain artisanal frais et bouch\u00e9es de bretzels, fleurons de chou-fleur et de brocoli, chapeaux de champignons r\u00f4tis, rouleaux de dinde fum\u00e9e et cubes de jambon For\u00eat-Noire<br \/>\nSucettes d\u2019agneau aux \u00e9pices grill\u00e9es servies avec un couscous marocain aux l\u00e9gumes r\u00f4tis et napp\u00e9es d\u2019un filet de sauce chermoula<\/p>\n<p><strong>STATION DE D\u00c9COUPAGE OCCUP\u00c9E PAR LE CHEF\u00a0<\/strong><br \/>\nRibeye de b\u0153uf en cro\u00fbte de sel, servi avec de la demi-glace au vin rouge et des mini brioches<\/p>\n<p><strong>TABLE \u00c0 COCKTAIL<\/strong><br \/>\nPlat antipasto qui comprend des tranches de prosciutto, du salami de G\u00eanes, du jambon capicollo, des bocconcini marin\u00e9s aux herbes, du fromage Fontina, des poivrons rouges r\u00f4tis, des olives marin\u00e9es, des poivrons pepperoncinis et des c\u0153urs d\u2019artichaut.<br \/>\nAssortiment de nigiri et de maki roul\u00e9s \u00e0 la main, servi avec gingembre marin\u00e9, wasabi et sauce soja.<br \/>\nGrosses crevettes poch\u00e9es aux agrumes servies avec sauce cocktail Bytown et quartiers de citron<br \/>\nMeule de brie en cro\u00fbte de tomates s\u00e9ch\u00e9es au soleil, d\u2019olives Kalamata et d\u2019ail confit, garnie d\u2019un filet d\u2019huile d\u2019olive et de zeste de citron frais. Servie avec baguette fra\u00eechement cuite au four.<\/p>\n<p><strong>TABLE DES DESSERTS<\/strong><br \/>\nFraises enrob\u00e9es de chocolat et napp\u00e9es d\u2019un filet de chocolat blanc<br \/>\nAssortiment de macarons<br \/>\nMini \u00e9clairs \u00e0 la vanille glac\u00e9s au chocolat<\/p>\n<\/div><div class=\"fusion-clearfix\"><\/div><\/div><\/div><\/div><\/div><div class=\"fusion-fullwidth fullwidth-box fusion-builder-row-2 fusion-flex-container has-pattern-background has-mask-background nonhundred-percent-fullwidth non-hundred-percent-height-scrolling\" style=\"--awb-border-radius-top-left:0px;--awb-border-radius-top-right:0px;--awb-border-radius-bottom-right:0px;--awb-border-radius-bottom-left:0px;--awb-flex-wrap:wrap;\" ><div class=\"fusion-builder-row fusion-row fusion-flex-align-items-flex-start fusion-flex-content-wrap\" style=\"max-width:1144px;margin-left: calc(-4% \/ 2 );margin-right: calc(-4% \/ 2 );\"><div class=\"fusion-layout-column fusion_builder_column fusion-builder-column-2 fusion_builder_column_1_1 1_1 fusion-flex-column\" style=\"--awb-bg-size:cover;--awb-width-large:100%;--awb-margin-top-large:0px;--awb-spacing-right-large:1.92%;--awb-margin-bottom-large:20px;--awb-spacing-left-large:1.92%;--awb-width-medium:100%;--awb-order-medium:0;--awb-spacing-right-medium:1.92%;--awb-spacing-left-medium:1.92%;--awb-width-small:100%;--awb-order-small:0;--awb-spacing-right-small:1.92%;--awb-spacing-left-small:1.92%;\"><div class=\"fusion-column-wrapper fusion-column-has-shadow fusion-flex-justify-content-flex-start fusion-content-layout-column\"><div class=\"fusion-text fusion-text-3\"><p style=\"text-align: center;\">Des frais de main-d\u2019\u0153uvre de 20 % pour les \u00e9v\u00e9nements \u00e0 service complet et toutes les taxes applicables s\u2019appliqueront<\/p>\n<\/div><\/div><\/div><\/div><\/div><\/p>\n","protected":false},"excerpt":{"rendered":"","protected":false},"author":1,"featured_media":0,"parent":0,"menu_order":0,"comment_status":"closed","ping_status":"closed","template":"","meta":{"footnotes":""},"class_list":["post-682","page","type-page","status-publish","hentry"],"yoast_head":"<!-- This site is optimized with the Yoast SEO plugin v27.6 - https:\/\/yoast.com\/product\/yoast-seo-wordpress\/ -->\n<title>Cocktail \u00c9lite Bytown | Traiteur Bytown<\/title>\n<meta name=\"robots\" content=\"index, follow, max-snippet:-1, max-image-preview:large, max-video-preview:-1\" \/>\n<link rel=\"canonical\" href=\"https:\/\/bytowncatering.com\/fr\/cocktail-elite-bytown\/\" \/>\n<meta property=\"og:locale\" content=\"en_US\" \/>\n<meta property=\"og:type\" content=\"article\" \/>\n<meta property=\"og:title\" content=\"Cocktail \u00c9lite Bytown | Traiteur Bytown\" \/>\n<meta property=\"og:url\" content=\"https:\/\/bytowncatering.com\/fr\/cocktail-elite-bytown\/\" \/>\n<meta property=\"og:site_name\" content=\"Traiteur Bytown\" \/>\n<meta property=\"article:publisher\" content=\"https:\/\/www.facebook.com\/BytownCatering\/\" \/>\n<meta property=\"article:modified_time\" content=\"2025-02-17T15:25:41+00:00\" \/>\n<meta name=\"twitter:card\" content=\"summary_large_image\" \/>\n<meta name=\"twitter:label1\" content=\"Est. reading time\" \/>\n\t<meta name=\"twitter:data1\" content=\"2 minutes\" \/>\n<script type=\"application\/ld+json\" class=\"yoast-schema-graph\">{\"@context\":\"https:\\\/\\\/schema.org\",\"@graph\":[{\"@type\":\"WebPage\",\"@id\":\"https:\\\/\\\/bytowncatering.com\\\/fr\\\/cocktail-elite-bytown\\\/\",\"url\":\"https:\\\/\\\/bytowncatering.com\\\/fr\\\/cocktail-elite-bytown\\\/\",\"name\":\"Cocktail \u00c9lite Bytown | Traiteur Bytown\",\"isPartOf\":{\"@id\":\"https:\\\/\\\/bytowncatering.com\\\/fr\\\/#website\"},\"datePublished\":\"2019-04-03T14:21:46+00:00\",\"dateModified\":\"2025-02-17T15:25:41+00:00\",\"breadcrumb\":{\"@id\":\"https:\\\/\\\/bytowncatering.com\\\/fr\\\/cocktail-elite-bytown\\\/#breadcrumb\"},\"inLanguage\":\"en-US\",\"potentialAction\":[{\"@type\":\"ReadAction\",\"target\":[\"https:\\\/\\\/bytowncatering.com\\\/fr\\\/cocktail-elite-bytown\\\/\"]}]},{\"@type\":\"BreadcrumbList\",\"@id\":\"https:\\\/\\\/bytowncatering.com\\\/fr\\\/cocktail-elite-bytown\\\/#breadcrumb\",\"itemListElement\":[{\"@type\":\"ListItem\",\"position\":1,\"name\":\"Home\",\"item\":\"https:\\\/\\\/bytowncatering.com\\\/fr\\\/\"},{\"@type\":\"ListItem\",\"position\":2,\"name\":\"Cocktail \u00c9lite Bytown\"}]},{\"@type\":\"WebSite\",\"@id\":\"https:\\\/\\\/bytowncatering.com\\\/fr\\\/#website\",\"url\":\"https:\\\/\\\/bytowncatering.com\\\/fr\\\/\",\"name\":\"Bytown Catering\",\"description\":\"Nous Livrons des Repas Plein de Saveur\",\"potentialAction\":[{\"@type\":\"SearchAction\",\"target\":{\"@type\":\"EntryPoint\",\"urlTemplate\":\"https:\\\/\\\/bytowncatering.com\\\/fr\\\/?s={search_term_string}\"},\"query-input\":{\"@type\":\"PropertyValueSpecification\",\"valueRequired\":true,\"valueName\":\"search_term_string\"}}],\"inLanguage\":\"en-US\"}]}<\/script>\n<!-- \/ Yoast SEO plugin. -->","yoast_head_json":{"title":"Cocktail \u00c9lite Bytown | Traiteur Bytown","robots":{"index":"index","follow":"follow","max-snippet":"max-snippet:-1","max-image-preview":"max-image-preview:large","max-video-preview":"max-video-preview:-1"},"canonical":"https:\/\/bytowncatering.com\/fr\/cocktail-elite-bytown\/","og_locale":"en_US","og_type":"article","og_title":"Cocktail \u00c9lite Bytown | Traiteur Bytown","og_url":"https:\/\/bytowncatering.com\/fr\/cocktail-elite-bytown\/","og_site_name":"Traiteur Bytown","article_publisher":"https:\/\/www.facebook.com\/BytownCatering\/","article_modified_time":"2025-02-17T15:25:41+00:00","twitter_card":"summary_large_image","twitter_misc":{"Est. reading time":"2 minutes"},"schema":{"@context":"https:\/\/schema.org","@graph":[{"@type":"WebPage","@id":"https:\/\/bytowncatering.com\/fr\/cocktail-elite-bytown\/","url":"https:\/\/bytowncatering.com\/fr\/cocktail-elite-bytown\/","name":"Cocktail \u00c9lite Bytown | Traiteur Bytown","isPartOf":{"@id":"https:\/\/bytowncatering.com\/fr\/#website"},"datePublished":"2019-04-03T14:21:46+00:00","dateModified":"2025-02-17T15:25:41+00:00","breadcrumb":{"@id":"https:\/\/bytowncatering.com\/fr\/cocktail-elite-bytown\/#breadcrumb"},"inLanguage":"en-US","potentialAction":[{"@type":"ReadAction","target":["https:\/\/bytowncatering.com\/fr\/cocktail-elite-bytown\/"]}]},{"@type":"BreadcrumbList","@id":"https:\/\/bytowncatering.com\/fr\/cocktail-elite-bytown\/#breadcrumb","itemListElement":[{"@type":"ListItem","position":1,"name":"Home","item":"https:\/\/bytowncatering.com\/fr\/"},{"@type":"ListItem","position":2,"name":"Cocktail \u00c9lite Bytown"}]},{"@type":"WebSite","@id":"https:\/\/bytowncatering.com\/fr\/#website","url":"https:\/\/bytowncatering.com\/fr\/","name":"Bytown Catering","description":"Nous Livrons des Repas Plein de Saveur","potentialAction":[{"@type":"SearchAction","target":{"@type":"EntryPoint","urlTemplate":"https:\/\/bytowncatering.com\/fr\/?s={search_term_string}"},"query-input":{"@type":"PropertyValueSpecification","valueRequired":true,"valueName":"search_term_string"}}],"inLanguage":"en-US"}]}},"_links":{"self":[{"href":"https:\/\/bytowncatering.com\/fr\/wp-json\/wp\/v2\/pages\/682","targetHints":{"allow":["GET"]}}],"collection":[{"href":"https:\/\/bytowncatering.com\/fr\/wp-json\/wp\/v2\/pages"}],"about":[{"href":"https:\/\/bytowncatering.com\/fr\/wp-json\/wp\/v2\/types\/page"}],"author":[{"embeddable":true,"href":"https:\/\/bytowncatering.com\/fr\/wp-json\/wp\/v2\/users\/1"}],"replies":[{"embeddable":true,"href":"https:\/\/bytowncatering.com\/fr\/wp-json\/wp\/v2\/comments?post=682"}],"version-history":[{"count":24,"href":"https:\/\/bytowncatering.com\/fr\/wp-json\/wp\/v2\/pages\/682\/revisions"}],"predecessor-version":[{"id":2383,"href":"https:\/\/bytowncatering.com\/fr\/wp-json\/wp\/v2\/pages\/682\/revisions\/2383"}],"wp:attachment":[{"href":"https:\/\/bytowncatering.com\/fr\/wp-json\/wp\/v2\/media?parent=682"}],"curies":[{"name":"wp","href":"https:\/\/api.w.org\/{rel}","templated":true}]}}