{"id":686,"date":"2019-04-03T10:22:32","date_gmt":"2019-04-03T14:22:32","guid":{"rendered":"http:\/\/canadashop150.com\/?page_id=686"},"modified":"2026-02-28T12:03:40","modified_gmt":"2026-02-28T17:03:40","slug":"selection-de-diners-elite-de-bytown","status":"publish","type":"page","link":"https:\/\/bytowncatering.com\/fr\/selection-de-diners-elite-de-bytown\/","title":{"rendered":"S\u00e9lection de d\u00eeners d\u2019\u00e9lite de Bytown"},"content":{"rendered":"<p><div class=\"fusion-fullwidth fullwidth-box fusion-builder-row-1 nonhundred-percent-fullwidth non-hundred-percent-height-scrolling\" style=\"--awb-background-position:left top;--awb-background-repeat:repeat-y;--awb-border-radius-top-left:0px;--awb-border-radius-top-right:0px;--awb-border-radius-bottom-right:0px;--awb-border-radius-bottom-left:0px;--awb-flex-wrap:wrap;\" ><div class=\"fusion-builder-row fusion-row\"><div class=\"fusion-layout-column fusion_builder_column fusion-builder-column-0 fusion_builder_column_1_1 1_1 fusion-one-full fusion-column-first fusion-column-last\" style=\"--awb-bg-blend:overlay;--awb-bg-size:cover;\"><div class=\"fusion-column-wrapper fusion-column-has-shadow fusion-flex-column-wrapper-legacy\"><div class=\"fusion-text fusion-text-1\"><h1 style=\"text-align: left;\">Assiette du Soir<\/h1>\n<h2>Minimum de 50 personnes (frais suppl\u00e9mentaires pour groupes plus petits)<\/h2>\n<p>Tous les repas plaqu\u00e9s sont servis avec des rouleaux de d\u00eener fra\u00eechement cuits et du beurre de cr\u00e8merie ainsi que du caf\u00e9 Bridgehead de qualit\u00e9 sup\u00e9rieure et du th\u00e9 assorti<\/p>\n<\/div><div class=\"fusion-clearfix\"><\/div><\/div><\/div><div class=\"fusion-layout-column fusion_builder_column fusion-builder-column-1 fusion_builder_column_1_2 1_2 fusion-one-half fusion-column-first menu-icon\" style=\"--awb-bg-blend:overlay;--awb-bg-size:cover;width:50%;width:calc(50% - ( ( 4% ) * 0.5 ) );margin-right: 4%;\"><div class=\"fusion-column-wrapper fusion-column-has-shadow fusion-flex-column-wrapper-legacy\"><div class=\"fusion-text fusion-text-2\" style=\"--awb-text-transform:none;\"><h2 class=\"\" style=\"--fontsize: 18; line-height: 1.5; --minfontsize: 18;\" data-fontsize=\"18\" data-lineheight=\"27px\"><strong>OPTION DE MENU no 1 \u2015 57,70 $ (par personne)<\/strong><\/h2>\n<p><strong>Premier service<\/strong><br \/>\nM\u00e9lange de l\u00e9gumes verts avec tomates cerises, concombre, poivrons doux, feta de ch\u00e8vre et vinaigrette \u00e0 la tapenade d\u2019olives noires.<\/p>\n<p><strong>Plat principal<\/strong><br \/>\nPoitrine de poulet marin\u00e9e \u00e0 l\u2019ail et au romarin, servie avec l\u00e9gumes de saison, pommes de terre r\u00f4ties et demi glace aux pommes (poitrine farcie aux tomates s\u00e9ch\u00e9es au soleil, au provolone et au basilic frais + 5 $)<\/p>\n<p><strong>Dessert<\/strong><br \/>\nCr\u00e8me br\u00fbl\u00e9e \u00e0 la vanille avec baies fra\u00eeches et menthe<\/p>\n<\/div><div class=\"fusion-clearfix\"><\/div><\/div><\/div><div class=\"fusion-layout-column fusion_builder_column fusion-builder-column-2 fusion_builder_column_1_2 1_2 fusion-one-half fusion-column-last menu-icon\" style=\"--awb-bg-blend:overlay;--awb-bg-size:cover;width:50%;width:calc(50% - ( ( 4% ) * 0.5 ) );\"><div class=\"fusion-column-wrapper fusion-column-has-shadow fusion-flex-column-wrapper-legacy\"><div class=\"fusion-text fusion-text-3\" style=\"--awb-text-transform:none;\"><h2 class=\"\" style=\"--fontsize: 18; line-height: 1.5; --minfontsize: 18;\" data-fontsize=\"18\" data-lineheight=\"27px\"><strong>OPTION DE MENU no 2 \u2015 71,56 $ (par personne)<br \/>\n<\/strong><\/h2>\n<p><strong>Premier service<\/strong><br \/>\nCourge r\u00f4tie \u00e0 la cannelle garnie de graines de citrouille grill\u00e9es ou salade C\u00e9sar au chou fris\u00e9 grill\u00e9 garnie de miettes de bacon, de cro\u00fbtons aux herbes, de parmesan r\u00e2p\u00e9 et d\u2019une vinaigrette cr\u00e9meuse.<\/p>\n<p><strong>Plat principal<\/strong><br \/>\nContre-filet de b\u0153uf grill\u00e9 servi avec asperges grill\u00e9es, champignons saut\u00e9s, pur\u00e9e de pommes de terre et une demi-glace au vin rouge (filet de b\u0153uf grill\u00e9 de 6 oz + 10 $).<\/p>\n<p><strong>Dessert<\/strong><br \/>\nCr\u00e8me br\u00fbl\u00e9e \u00e0 la vanille avec baies fra\u00eeches et menthe<\/p>\n<\/div><div class=\"fusion-clearfix\"><\/div><\/div><\/div><\/div><\/div><div class=\"fusion-fullwidth fullwidth-box fusion-builder-row-2 fusion-flex-container has-pattern-background has-mask-background nonhundred-percent-fullwidth non-hundred-percent-height-scrolling\" style=\"--awb-border-radius-top-left:0px;--awb-border-radius-top-right:0px;--awb-border-radius-bottom-right:0px;--awb-border-radius-bottom-left:0px;--awb-flex-wrap:wrap;\" ><div class=\"fusion-builder-row fusion-row fusion-flex-align-items-flex-start fusion-flex-content-wrap\" style=\"max-width:1144px;margin-left: calc(-4% \/ 2 );margin-right: calc(-4% \/ 2 );\"><div class=\"fusion-layout-column fusion_builder_column fusion-builder-column-3 fusion_builder_column_1_1 1_1 fusion-flex-column\" style=\"--awb-bg-size:cover;--awb-width-large:100%;--awb-margin-top-large:0px;--awb-spacing-right-large:1.92%;--awb-margin-bottom-large:20px;--awb-spacing-left-large:1.92%;--awb-width-medium:100%;--awb-order-medium:0;--awb-spacing-right-medium:1.92%;--awb-spacing-left-medium:1.92%;--awb-width-small:100%;--awb-order-small:0;--awb-spacing-right-small:1.92%;--awb-spacing-left-small:1.92%;\"><div class=\"fusion-column-wrapper fusion-column-has-shadow fusion-flex-justify-content-flex-start fusion-content-layout-column\"><\/div><\/div><\/div><\/div><div class=\"fusion-fullwidth fullwidth-box fusion-builder-row-3 nonhundred-percent-fullwidth non-hundred-percent-height-scrolling\" style=\"--awb-border-radius-top-left:0px;--awb-border-radius-top-right:0px;--awb-border-radius-bottom-right:0px;--awb-border-radius-bottom-left:0px;--awb-flex-wrap:wrap;\" ><div class=\"fusion-builder-row fusion-row\"><div class=\"fusion-layout-column fusion_builder_column fusion-builder-column-4 fusion_builder_column_1_1 1_1 fusion-one-full fusion-column-first fusion-column-last\" style=\"--awb-bg-blend:overlay;--awb-bg-size:cover;\"><div class=\"fusion-column-wrapper fusion-column-has-shadow fusion-flex-column-wrapper-legacy\"><div class=\"fusion-image-element fusion-image-align-center in-legacy-container\" style=\"text-align:center;--awb-caption-title-font-family:var(--h2_typography-font-family);--awb-caption-title-font-weight:var(--h2_typography-font-weight);--awb-caption-title-font-style:var(--h2_typography-font-style);--awb-caption-title-size:var(--h2_typography-font-size);--awb-caption-title-transform:var(--h2_typography-text-transform);--awb-caption-title-line-height:var(--h2_typography-line-height);--awb-caption-title-letter-spacing:var(--h2_typography-letter-spacing);\"><div class=\"imageframe-align-center\"><span class=\" fusion-imageframe imageframe-none imageframe-1 hover-type-none\"><img decoding=\"async\" width=\"680\" height=\"52\" alt=\"Bytown Catering\" title=\"Bytown-Catering-seperator-icon\" src=\"https:\/\/bytowncatering.com\/wp-content\/uploads\/2019\/04\/Bytown-Catering-seperator-icon.png\" class=\"img-responsive wp-image-435\" srcset=\"https:\/\/bytowncatering.com\/fr\/wp-content\/uploads\/2019\/04\/Bytown-Catering-seperator-icon-200x15.png 200w, https:\/\/bytowncatering.com\/fr\/wp-content\/uploads\/2019\/04\/Bytown-Catering-seperator-icon-400x31.png 400w, https:\/\/bytowncatering.com\/fr\/wp-content\/uploads\/2019\/04\/Bytown-Catering-seperator-icon-600x46.png 600w, https:\/\/bytowncatering.com\/fr\/wp-content\/uploads\/2019\/04\/Bytown-Catering-seperator-icon.png 680w\" sizes=\"(max-width: 800px) 100vw, 680px\" \/><\/span><\/div><\/div><div class=\"fusion-clearfix\"><\/div><\/div><\/div><\/div><\/div><div class=\"fusion-fullwidth fullwidth-box fusion-builder-row-4 nonhundred-percent-fullwidth non-hundred-percent-height-scrolling\" style=\"--awb-background-position:left top;--awb-background-repeat:repeat-y;--awb-border-radius-top-left:0px;--awb-border-radius-top-right:0px;--awb-border-radius-bottom-right:0px;--awb-border-radius-bottom-left:0px;--awb-flex-wrap:wrap;\" ><div class=\"fusion-builder-row fusion-row\"><div class=\"fusion-layout-column fusion_builder_column fusion-builder-column-5 fusion_builder_column_1_1 1_1 fusion-one-full fusion-column-first fusion-column-last\" style=\"--awb-bg-blend:overlay;--awb-bg-size:cover;\"><div class=\"fusion-column-wrapper fusion-column-has-shadow fusion-flex-column-wrapper-legacy\"><div class=\"fusion-text fusion-text-4\"><h1 style=\"text-align: center;\">Assiette de Soir \u00e0 La Carte<\/h1>\n<h2 style=\"text-align: center;\">Minimum de 50 personnes (frais suppl\u00e9mentaires pour groupes plus petits)<\/h2>\n<p style=\"text-align: center;\">Tous les repas mis en assiette sont servis avec des petits pains fra\u00eechement cuits au four et du beurre cr\u00e9meux, du caf\u00e9 de qualit\u00e9 sup\u00e9rieure et un assortiment de th\u00e9s<\/p>\n<\/div><div class=\"fusion-clearfix\"><\/div><\/div><\/div><div class=\"fusion-layout-column fusion_builder_column fusion-builder-column-6 fusion_builder_column_1_1 1_1 fusion-one-full fusion-column-first fusion-column-last menu-icon\" style=\"--awb-bg-blend:overlay;--awb-bg-size:cover;\"><div class=\"fusion-column-wrapper fusion-column-has-shadow fusion-flex-column-wrapper-legacy\"><div class=\"fusion-text fusion-text-5\" style=\"--awb-text-transform:none;\"><p style=\"text-align: center;\"><strong>SOUPE OU SALADE<\/strong><br \/>\n<em>(S\u00e9lectionnez une option)<\/em><br \/>\nCr\u00e8me de champignons sauvages avec un filet de cr\u00e8me au citron<br \/>\nBisque de tomates r\u00f4ties avec perles de mozzarella<br \/>\nCourge r\u00f4tie \u00e0 la cannelle garnie de graines de citrouille grill\u00e9es<br \/>\nSoupe aux carottes et aux lentilles rouges avec un tourbillon de cr\u00e8me de noix de coco<br \/>\nM\u00e9lange de l\u00e9gumes verts avec tomates cerises, concombre, poivrons doux, feta de ch\u00e8vre et vinaigrette \u00e0 la tapenade d\u2019olives noires<br \/>\nSalade de mini roquette avec fraises et tranches de radis, graines de citrouille grill\u00e9es et vinaigrette balsamique<br \/>\nSalade C\u00e9sar au chou fris\u00e9 grill\u00e9 avec morceaux de bacon, cro\u00fbtons aux herbes, parmesan r\u00e2p\u00e9 et vinaigrette cr\u00e9meuse<br \/>\nSalade de patates douces et d\u2019orge r\u00f4ties avec haricots verts, amandes grill\u00e9es, fromage de ch\u00e8vre et vinaigrette de cidre au miel<\/p>\n<p style=\"text-align: center;\"><strong>Ajoutez une soupe ou une salade + 6,60 $ (par personne)<\/strong><\/p>\n<p style=\"text-align: center;\"><strong>AJOUTEZ UN SERVICE DE FROMAGES 13,20 $ (par personne)<\/strong><br \/>\nFromages canadiens et internationaux servis avec des amandes au romarin, des raisins rouges, des confitures aux pommes et aux canneberges et un panier de morceaux de baguette fra\u00eechement cuite et de craquelins \u00e0 l\u2019eau pour la table.<\/p>\n<p style=\"text-align: center;\"><strong>PLATS PRINCIPAUX<\/strong><em><br \/>\n(S\u00e9lectionnez une option) <\/em><\/p>\n<p style=\"text-align: center;\">VOLAILLE<br \/>\nPoulet supr\u00eame farci avec des tomates s\u00e9ch\u00e9es au soleil, du provolone et du basilic et servi avec des l\u00e9gumes de saison, des pommes de terre grelots r\u00f4ties au romarin et d\u2019une sauce au poulet et aux tomates<br \/><strong>61,17 $ (par personne)<\/strong><\/p>\n<p style=\"text-align: center;\">Poitrine de poulet marin\u00e9e \u00e0 l\u2019ail et au romarin, servie avec l\u00e9gumes de saison, pommes de terre r\u00f4ties aux herbes<br \/>\nfra\u00eeches et demi-glace aux pommes<br \/>\n<strong>59,85 $ (par personne)<\/strong><\/p>\n<p style=\"text-align: center;\">Supr\u00eame de poulet glac\u00e9 \u00e0 l\u2019\u00e9rable servi avec l\u00e9gumes de saison, riz sauvage aux canneberges s\u00e9ch\u00e9es au soleil et<br \/>\naux patates douces et glace \u00e0 la moutarde \u00e0 l\u2019ancienne<br \/>\n<strong>58,85 $ (par personne)<\/strong><\/p>\n<p style=\"text-align: center;\">FISH<br \/>\nFilet de saumon en cro\u00fbte de persil servi avec asperges grill\u00e9es, saumon fum\u00e9 et gnocchis aux tomates dans une sauce \u00e0 la cr\u00e8me \u00e0 la vodka<br \/>\n<strong>65,78 $ (par personne)<\/strong><\/p>\n<p style=\"text-align: center;\">Morue-lingue grill\u00e9e servie avec l\u00e9gumes de saison, aubergines r\u00f4ties, tomates cerises, orzo au basilic frais, et un coulis de<br \/>\ntomates parfum\u00e9 au fenouil<br \/>\n<strong>61,55 $ (par personne)<\/strong><\/p>\n<p style=\"text-align: center;\">Filet de saumon r\u00f4ti servi avec asperges grill\u00e9es, pur\u00e9e de pommes de terre au citron et aux c\u00e2pres et demi-glace au vin blanc<br \/>\n<strong>64,53 $ (par personne)<\/strong><\/p>\n<p style=\"text-align: center;\">VIANDE<br \/>\nC\u00f4tes lev\u00e9es de b\u0153uf brais\u00e9es aux quatre-\u00e9pices servies avec l\u00e9gumes de saison, pommes de terre fouett\u00e9es et une r\u00e9duction au b\u0153uf<br \/>\n<strong>76,18 $ (par personne)<\/strong><\/p>\n<p style=\"text-align: center;\">Carr\u00e9 d\u2019agneau aux \u00e9pices grill\u00e9 servi avec un couscous marocain aux l\u00e9gumes grill\u00e9s et napp\u00e9 de sauce chermoula<br \/>\n<strong>92,35 $ (par personne)<\/strong><\/p>\n<p style=\"text-align: center;\">B\u0153uf r\u00f4ti entier Ribeye servi avec des asperges grill\u00e9es, des champignons saut\u00e9s, de la pur\u00e9e de pommes de terre et de la demi-glace de vin rouge<br \/><strong>72,71 $ (par personne)<\/strong><\/p>\n<p style=\"text-align: center;\">Filet de porc glac\u00e9 au miel servi avec l\u00e9gumes de saison, pommes de terre r\u00f4ties au romarin et sauce \u00e0 la cr\u00e8me et aux champignons sauvages<br \/>\n<strong>58,70 $ (par personne)<\/strong><\/p>\n<p style=\"text-align: center;\">Filet de b\u0153uf entier r\u00f4ti (6 oz) glac\u00e9 au Porto servi avec carottes glac\u00e9es au miel et asperges, pav\u00e9 de pommes de terre et<br \/>\n<strong>82,45 $ (par personne) <\/strong><\/p>\n<p style=\"text-align: center;\">V\u00c9G\u00c9TARIEN<br \/>\nQuinoa grill\u00e9 avec l\u00e9gumes grill\u00e9s m\u00e9diterran\u00e9ens et basilic frais, servi avec fromage halloumi grill\u00e9 et un filet de chermoula<br \/>\n<strong>59,95 $ (par personne)<\/strong><\/p>\n<p style=\"text-align: center;\">Gegrilde Portobello-pette, wilde ries mit gebakte spinazie, citroenknoflook greune boene en un tomaatkappers<br \/><b>57,70 $ (par personne)<\/b><\/p>\n<p style=\"text-align: center;\"><span style=\"color: var(--awb-text-color); font-family: var(--awb-text-font-family); font-size: var(--awb-font-size); font-style: var(--awb-text-font-style); font-weight: var(--awb-text-font-weight); letter-spacing: var(--awb-letter-spacing); text-transform: var(--awb-text-transform); background-color: var(--awb-bg-color-hover);\">PR\u00c9 ET MAR\u00c9E<br \/>\n<\/span>Filet de b\u0153uf entier r\u00f4ti (6 oz) glac\u00e9 au vin rouge et crevettes saut\u00e9es \u00e0 l\u2019ail, servi avec asperges, pommes de terre r\u00f4ties et<br \/>\n<strong>93,45 $ (par personne)<br \/>\n<\/strong>(Pour 20 $ par personne, obtenez, au lieu de crevettes, des queues de homard grill\u00e9es de 4 oz de la Nouvelle-\u00c9cosse)<strong><br \/>\n<\/strong><\/p>\n<p style=\"text-align: center;\">Ribeye de b\u0153uf r\u00f4ti entier (6oz) et longe de saumon (4oz), servi avec des l\u00e9gumes de saison, des pommes de terre \u00e9cras\u00e9es de c\u00e2pre de citron et une demi-glace cr\u00e9meuse de poivre<br \/>\n<strong>93,45 $ (par personne)<\/strong><\/p>\n<p style=\"text-align: center;\">DESSERTS<br \/>\n<em>(Select one)<\/em><br \/>\n(S\u00e9lectionnez une option)<br \/>\nBavarois au chocolat avec coulis aux framboises et chantilly<br \/>\nCr\u00e8me br\u00fbl\u00e9e classique \u00e0 la vanille servie avec des baies fra\u00eeches<br \/>\nCroustade aux pommes chaude servie dans un \u00e9l\u00e9gant verre \u00e0 martini et garnie de cr\u00e8me glac\u00e9e \u00e0 la gousse de vanille<br \/>\nG\u00e2teau au fromage \u00e0 la vanille cuit au four servi avec compote de cerises acidul\u00e9es et cr\u00e8me fouett\u00e9e<br \/>\nTarte au sucre en portions individuelles servie avec caramel sal\u00e9 et une touche de cr\u00e8me fra\u00eeche<\/p>\n<\/div><div class=\"fusion-clearfix\"><\/div><\/div><\/div><\/div><\/div><\/p>\n","protected":false},"excerpt":{"rendered":"","protected":false},"author":1,"featured_media":0,"parent":0,"menu_order":0,"comment_status":"closed","ping_status":"closed","template":"","meta":{"footnotes":""},"class_list":["post-686","page","type-page","status-publish","hentry"],"yoast_head":"<!-- This site is optimized with the Yoast SEO plugin v27.0 - https:\/\/yoast.com\/product\/yoast-seo-wordpress\/ -->\n<title>S\u00e9lection de d\u00eeners d\u2019\u00e9lite de Bytown | Traiteur Bytown<\/title>\n<meta name=\"robots\" content=\"index, follow, max-snippet:-1, max-image-preview:large, max-video-preview:-1\" \/>\n<link rel=\"canonical\" href=\"https:\/\/bytowncatering.com\/fr\/selection-de-diners-elite-de-bytown\/\" \/>\n<meta property=\"og:locale\" content=\"en_US\" \/>\n<meta property=\"og:type\" content=\"article\" \/>\n<meta property=\"og:title\" content=\"S\u00e9lection de d\u00eeners d\u2019\u00e9lite de Bytown | Traiteur Bytown\" \/>\n<meta property=\"og:url\" content=\"https:\/\/bytowncatering.com\/fr\/selection-de-diners-elite-de-bytown\/\" \/>\n<meta property=\"og:site_name\" content=\"Traiteur Bytown\" \/>\n<meta property=\"article:publisher\" content=\"https:\/\/www.facebook.com\/BytownCatering\/\" \/>\n<meta property=\"article:modified_time\" content=\"2026-02-28T17:03:40+00:00\" \/>\n<meta name=\"twitter:card\" content=\"summary_large_image\" \/>\n<meta name=\"twitter:label1\" content=\"Est. reading time\" \/>\n\t<meta name=\"twitter:data1\" content=\"5 minutes\" \/>\n<script type=\"application\/ld+json\" class=\"yoast-schema-graph\">{\"@context\":\"https:\/\/schema.org\",\"@graph\":[{\"@type\":\"WebPage\",\"@id\":\"https:\/\/bytowncatering.com\/fr\/selection-de-diners-elite-de-bytown\/\",\"url\":\"https:\/\/bytowncatering.com\/fr\/selection-de-diners-elite-de-bytown\/\",\"name\":\"S\u00e9lection de d\u00eeners d\u2019\u00e9lite de Bytown | Traiteur Bytown\",\"isPartOf\":{\"@id\":\"https:\/\/bytowncatering.com\/fr\/#website\"},\"datePublished\":\"2019-04-03T14:22:32+00:00\",\"dateModified\":\"2026-02-28T17:03:40+00:00\",\"breadcrumb\":{\"@id\":\"https:\/\/bytowncatering.com\/fr\/selection-de-diners-elite-de-bytown\/#breadcrumb\"},\"inLanguage\":\"en-US\",\"potentialAction\":[{\"@type\":\"ReadAction\",\"target\":[\"https:\/\/bytowncatering.com\/fr\/selection-de-diners-elite-de-bytown\/\"]}]},{\"@type\":\"BreadcrumbList\",\"@id\":\"https:\/\/bytowncatering.com\/fr\/selection-de-diners-elite-de-bytown\/#breadcrumb\",\"itemListElement\":[{\"@type\":\"ListItem\",\"position\":1,\"name\":\"Home\",\"item\":\"https:\/\/bytowncatering.com\/fr\/\"},{\"@type\":\"ListItem\",\"position\":2,\"name\":\"S\u00e9lection de d\u00eeners d\u2019\u00e9lite de Bytown\"}]},{\"@type\":\"WebSite\",\"@id\":\"https:\/\/bytowncatering.com\/fr\/#website\",\"url\":\"https:\/\/bytowncatering.com\/fr\/\",\"name\":\"Bytown Catering\",\"description\":\"Nous Livrons des Repas Plein de Saveur\",\"potentialAction\":[{\"@type\":\"SearchAction\",\"target\":{\"@type\":\"EntryPoint\",\"urlTemplate\":\"https:\/\/bytowncatering.com\/fr\/?s={search_term_string}\"},\"query-input\":{\"@type\":\"PropertyValueSpecification\",\"valueRequired\":true,\"valueName\":\"search_term_string\"}}],\"inLanguage\":\"en-US\"}]}<\/script>\n<!-- \/ Yoast SEO plugin. -->","yoast_head_json":{"title":"S\u00e9lection de d\u00eeners d\u2019\u00e9lite de Bytown | Traiteur Bytown","robots":{"index":"index","follow":"follow","max-snippet":"max-snippet:-1","max-image-preview":"max-image-preview:large","max-video-preview":"max-video-preview:-1"},"canonical":"https:\/\/bytowncatering.com\/fr\/selection-de-diners-elite-de-bytown\/","og_locale":"en_US","og_type":"article","og_title":"S\u00e9lection de d\u00eeners d\u2019\u00e9lite de Bytown | Traiteur Bytown","og_url":"https:\/\/bytowncatering.com\/fr\/selection-de-diners-elite-de-bytown\/","og_site_name":"Traiteur Bytown","article_publisher":"https:\/\/www.facebook.com\/BytownCatering\/","article_modified_time":"2026-02-28T17:03:40+00:00","twitter_card":"summary_large_image","twitter_misc":{"Est. reading time":"5 minutes"},"schema":{"@context":"https:\/\/schema.org","@graph":[{"@type":"WebPage","@id":"https:\/\/bytowncatering.com\/fr\/selection-de-diners-elite-de-bytown\/","url":"https:\/\/bytowncatering.com\/fr\/selection-de-diners-elite-de-bytown\/","name":"S\u00e9lection de d\u00eeners d\u2019\u00e9lite de Bytown | Traiteur Bytown","isPartOf":{"@id":"https:\/\/bytowncatering.com\/fr\/#website"},"datePublished":"2019-04-03T14:22:32+00:00","dateModified":"2026-02-28T17:03:40+00:00","breadcrumb":{"@id":"https:\/\/bytowncatering.com\/fr\/selection-de-diners-elite-de-bytown\/#breadcrumb"},"inLanguage":"en-US","potentialAction":[{"@type":"ReadAction","target":["https:\/\/bytowncatering.com\/fr\/selection-de-diners-elite-de-bytown\/"]}]},{"@type":"BreadcrumbList","@id":"https:\/\/bytowncatering.com\/fr\/selection-de-diners-elite-de-bytown\/#breadcrumb","itemListElement":[{"@type":"ListItem","position":1,"name":"Home","item":"https:\/\/bytowncatering.com\/fr\/"},{"@type":"ListItem","position":2,"name":"S\u00e9lection de d\u00eeners d\u2019\u00e9lite de Bytown"}]},{"@type":"WebSite","@id":"https:\/\/bytowncatering.com\/fr\/#website","url":"https:\/\/bytowncatering.com\/fr\/","name":"Bytown Catering","description":"Nous Livrons des Repas Plein de Saveur","potentialAction":[{"@type":"SearchAction","target":{"@type":"EntryPoint","urlTemplate":"https:\/\/bytowncatering.com\/fr\/?s={search_term_string}"},"query-input":{"@type":"PropertyValueSpecification","valueRequired":true,"valueName":"search_term_string"}}],"inLanguage":"en-US"}]}},"_links":{"self":[{"href":"https:\/\/bytowncatering.com\/fr\/wp-json\/wp\/v2\/pages\/686","targetHints":{"allow":["GET"]}}],"collection":[{"href":"https:\/\/bytowncatering.com\/fr\/wp-json\/wp\/v2\/pages"}],"about":[{"href":"https:\/\/bytowncatering.com\/fr\/wp-json\/wp\/v2\/types\/page"}],"author":[{"embeddable":true,"href":"https:\/\/bytowncatering.com\/fr\/wp-json\/wp\/v2\/users\/1"}],"replies":[{"embeddable":true,"href":"https:\/\/bytowncatering.com\/fr\/wp-json\/wp\/v2\/comments?post=686"}],"version-history":[{"count":26,"href":"https:\/\/bytowncatering.com\/fr\/wp-json\/wp\/v2\/pages\/686\/revisions"}],"predecessor-version":[{"id":2413,"href":"https:\/\/bytowncatering.com\/fr\/wp-json\/wp\/v2\/pages\/686\/revisions\/2413"}],"wp:attachment":[{"href":"https:\/\/bytowncatering.com\/fr\/wp-json\/wp\/v2\/media?parent=686"}],"curies":[{"name":"wp","href":"https:\/\/api.w.org\/{rel}","templated":true}]}}