{"id":690,"date":"2019-04-03T10:23:10","date_gmt":"2019-04-03T14:23:10","guid":{"rendered":"http:\/\/canadashop150.com\/?page_id=690"},"modified":"2026-02-28T12:05:37","modified_gmt":"2026-02-28T17:05:37","slug":"collations-de-minuit","status":"publish","type":"page","link":"https:\/\/bytowncatering.com\/fr\/collations-de-minuit\/","title":{"rendered":"Collations de Minuit"},"content":{"rendered":"<div class=\"fusion-fullwidth fullwidth-box fusion-builder-row-1 nonhundred-percent-fullwidth non-hundred-percent-height-scrolling\" style=\"--awb-background-position:left top;--awb-background-repeat:repeat-y;--awb-border-radius-top-left:0px;--awb-border-radius-top-right:0px;--awb-border-radius-bottom-right:0px;--awb-border-radius-bottom-left:0px;--awb-flex-wrap:wrap;\" ><div class=\"fusion-builder-row fusion-row\"><div class=\"fusion-layout-column fusion_builder_column fusion-builder-column-0 fusion_builder_column_1_1 1_1 fusion-one-full fusion-column-first fusion-column-last\" style=\"--awb-bg-blend:overlay;--awb-bg-size:cover;\"><div class=\"fusion-column-wrapper fusion-column-has-shadow fusion-flex-column-wrapper-legacy\"><div class=\"fusion-text fusion-text-1\"><h1>Collations de Minuit<\/h1>\n<\/div><div class=\"fusion-clearfix\"><\/div><\/div><\/div><div class=\"fusion-layout-column fusion_builder_column fusion-builder-column-1 fusion_builder_column_1_2 1_2 fusion-one-half fusion-column-first menu-icon\" style=\"--awb-bg-blend:overlay;--awb-bg-size:cover;width:50%;width:calc(50% - ( ( 4% ) * 0.5 ) );margin-right: 4%;\"><div class=\"fusion-column-wrapper fusion-column-has-shadow fusion-flex-column-wrapper-legacy\"><div class=\"fusion-text fusion-text-2\" style=\"--awb-text-transform:none;\"><h2 class=\"\" style=\"--fontsize: 18; line-height: 1.5; --minfontsize: 18;\" data-fontsize=\"18\" data-lineheight=\"27px\"><strong>LA COLLATION COMPL\u00c8TE \u2015 20,73 $ (par personne)<\/strong><\/h2>\n<h4 class=\"\" style=\"--fontsize: 14; line-height: 1.5; --minfontsize: 14;\" data-fontsize=\"14\" data-lineheight=\"21px\">Minimum de 50 personnes (frais suppl\u00e9mentaires pour groupes plus petits)<\/h4>\n<p>Assortiment de sandwichs sur mini croissants et de sandwichs coup\u00e9s en quartiers<br \/>\nCrudit\u00e9s fra\u00eechement coup\u00e9es accompagn\u00e9es de houmous<br \/>\nPlateau de fromages domestiques<br \/>\nPlateau de fruits et baies<br \/>\nBiscuits fra\u00eechement cuits au four<br \/>\nAssortiment de carr\u00e9s de dessert<br \/>\nCaf\u00e9 Bridgehead de qualit\u00e9 sup\u00e9rieure et th\u00e9s<\/p>\n<h2 class=\"\" style=\"--fontsize: 18; line-height: 1.5; --minfontsize: 18;\" data-fontsize=\"18\" data-lineheight=\"27px\"><strong>C\u00c9L\u00c9BRATIONS PIZZA \u2015 23,05 $ (par personne)<\/strong><\/h2>\n<h4 class=\"\" style=\"--fontsize: 14; line-height: 1.5; --minfontsize: 14;\" data-fontsize=\"14\" data-lineheight=\"21px\">Minimum de 50 personnes (frais suppl\u00e9mentaires pour groupes plus petits)<\/h4>\n<p>Assortiment de pizzas fra\u00eechement cuites au four<br \/>\nCrudit\u00e9s fra\u00eechement coup\u00e9es accompagn\u00e9es de houmous<br \/>\nPlateau de fruits et baies<br \/>\nBiscuits fra\u00eechement cuits au four<br \/>\nAssortiment de carr\u00e9s de dessert<br \/>\nAssortiment de boissons gazeuses<br \/>\nBouteilles d\u2019eau Eska<br \/>\nCaf\u00e9 Bridgehead de qualit\u00e9 sup\u00e9rieure et th\u00e9s<\/p>\n<h2 class=\"\" style=\"--fontsize: 18; line-height: 1.5; --minfontsize: 18;\" data-fontsize=\"18\" data-lineheight=\"27px\"><strong>COLLATION TEX MEX \u2015 23,05 $ (par personne) <\/strong><\/h2>\n<h4 class=\"\" style=\"--fontsize: 14; line-height: 1.5; --minfontsize: 14;\" data-fontsize=\"14\" data-lineheight=\"21px\">Minimum de 50 personnes (frais suppl\u00e9mentaires pour groupes plus petits)<\/h4>\n<p>Mini qu\u00e9sadillas au porc effiloch\u00e9<br \/>\nCroustilles de tortillas servies avec trempette mexicaine au fromage fondu<br \/>\nPalomitas \u00e9pic\u00e9es<br \/>\nCrudit\u00e9s fra\u00eechement coup\u00e9es accompagn\u00e9es d\u2019une trempette au cumin et \u00e0 la coriandre<br \/>\nChurros saupoudr\u00e9s de cannelle et de sucre<br \/>\nAssortiment de boissons gazeuses<br \/>\nBouteilles d\u2019eau Eska<\/p>\n<h2 class=\"\" style=\"--fontsize: 18; line-height: 1.5; --minfontsize: 18;\" data-fontsize=\"18\" data-lineheight=\"27px\"><strong>STATION DE FRUITS ET DE FONDUE \u2015 21,95 $ (par personne)<\/strong><\/h2>\n<h4 class=\"\" style=\"--fontsize: 14; line-height: 1.5; --minfontsize: 14;\" data-fontsize=\"14\" data-lineheight=\"21px\">Minimum de 50 personnes (frais suppl\u00e9mentaires pour groupes plus petits)<\/h4>\n<p>Sauce \u00e0 fondue au chocolat<br \/>\nFraises fra\u00eeches<br \/>\nMorceaux d\u2019ananas<br \/>\nCarr\u00e9s aux Rice Krispies<br \/>\nBouch\u00e9es de Brownie<br \/>\nGuimauves<br \/>\nCaf\u00e9 Bridgehead de qualit\u00e9 sup\u00e9rieure et th\u00e9s<\/p>\n<\/div><div class=\"fusion-clearfix\"><\/div><\/div><\/div><div class=\"fusion-layout-column fusion_builder_column fusion-builder-column-2 fusion_builder_column_1_2 1_2 fusion-one-half fusion-column-last menu-icon\" style=\"--awb-bg-blend:overlay;--awb-bg-size:cover;width:50%;width:calc(50% - ( ( 4% ) * 0.5 ) );\"><div class=\"fusion-column-wrapper fusion-column-has-shadow fusion-flex-column-wrapper-legacy\"><div class=\"fusion-text fusion-text-3\" style=\"--awb-text-transform:none;\"><h2 class=\"\" style=\"--fontsize: 18; line-height: 1.5; --minfontsize: 18;\" data-fontsize=\"18\" data-lineheight=\"27px\"><strong>STATION DE METS CHINOIS \u2015 26,51 $ (par personne)<\/strong><\/h2>\n<h4 class=\"\" style=\"--fontsize: 14; line-height: 1.5; --minfontsize: 14;\" data-fontsize=\"14\" data-lineheight=\"21px\">Minimum de 50 personnes (frais suppl\u00e9mentaires pour groupes plus petits)<\/h4>\n<p>Nouilles Chow Mein (servies dans des mini bo\u00eetes pour mets chinois \u00e0 emporter) garnies de b\u0153uf et de brocoli, de porc aigre-doux et de poulet Kung Pao<br \/>\nP\u00e2t\u00e9s imp\u00e9riaux aux l\u00e9gumes et sauce aux prunes<br \/>\nCrevettes \u00e0 la noix de coco<br \/>\nBiscuits chinois<br \/>\nBouteilles d\u2019eau Eska<br \/>\nCaf\u00e9 Bridgehead de qualit\u00e9 sup\u00e9rieure et th\u00e9s<\/p>\n<h2 class=\"\" style=\"--fontsize: 18; line-height: 1.5; --minfontsize: 18;\" data-fontsize=\"18\" data-lineheight=\"27px\"><strong>STATION DE MINI BURGERS ET DE POUTINES \u2015 26,51 $ (par personne)<\/strong><\/h2>\n<h4 class=\"\" style=\"--fontsize: 14; line-height: 1.5; --minfontsize: 14;\" data-fontsize=\"14\" data-lineheight=\"21px\">Minimum de 50 personnes (frais suppl\u00e9mentaires pour groupes plus petits)<br \/>\n*Des frais suppl\u00e9mentaires de 660 $ s\u2019appliqueront pour l\u2019\u00e9quipement. S\u2019il y a lieu, veuillez t\u00e9l\u00e9phoner pour obtenir des d\u00e9tails.<\/h4>\n<p>Mini hamburgers sur petits pains fra\u00eechement cuits au four<br \/>\nBurgers v\u00e9g\u00e9tariens sur petits pains fra\u00eechement cuits au four<br \/>\nAssortiment de condiments et garnitures pour hamburgers<br \/>\nFrites croustillantes<br \/>\nSauce brune<br \/>\nFromage en grains St-Albert<br \/>\nAssortiment de boissons gazeuses<br \/>\nBouteilles d\u2019eau Eska<\/p>\n<h2 class=\"\" style=\"--fontsize: 18; line-height: 1.5; --minfontsize: 18;\" data-fontsize=\"18\" data-lineheight=\"27px\"><strong>LA PR\u00c9VENTION DE GUEULE DE BOIS DE MINUIT \u2015 26,51 $ (par personne) <\/strong><\/h2>\n<h4 class=\"\" style=\"--fontsize: 14; line-height: 1.5; --minfontsize: 14;\" data-fontsize=\"14\" data-lineheight=\"21px\">Minimum de 50 personnes (frais suppl\u00e9mentaires pour groupes plus petits)<br \/>\n* Des frais suppl\u00e9mentaires de 660 $ s\u2019appliqueront pour l\u2019\u00e9quipement. S\u2019il y a lieu, veuillez t\u00e9l\u00e9phoner pour obtenir des d\u00e9tails.<\/h4>\n<p>Ailes de poulet au barbecue<br \/>\nP\u00e2t\u00e9s imp\u00e9riaux aux l\u00e9gumes avec sauce aux prunes<br \/>\nFrites servies avec ketchup et vinaigre blanc<br \/>\nCornichons frits avec sauce ranch au babeurre<br \/>\nBouch\u00e9es de brownie<br \/>\nAssortiment de Gatorade<br \/>\nBouteilles d\u2019eau Eska<br \/>\nCaf\u00e9 Bridgehead de qualit\u00e9 sup\u00e9rieure et th\u00e9s<\/p>\n<\/div><div class=\"fusion-clearfix\"><\/div><\/div><\/div><\/div><\/div>\n","protected":false},"excerpt":{"rendered":"","protected":false},"author":1,"featured_media":0,"parent":0,"menu_order":0,"comment_status":"closed","ping_status":"closed","template":"","meta":{"footnotes":""},"class_list":["post-690","page","type-page","status-publish","hentry"],"yoast_head":"<!-- This site is optimized with the Yoast SEO plugin v27.0 - https:\/\/yoast.com\/product\/yoast-seo-wordpress\/ -->\n<title>Collations de Minuit | Traiteur Bytown<\/title>\n<meta name=\"robots\" content=\"index, follow, max-snippet:-1, max-image-preview:large, max-video-preview:-1\" \/>\n<link rel=\"canonical\" href=\"https:\/\/bytowncatering.com\/fr\/collations-de-minuit\/\" \/>\n<meta property=\"og:locale\" content=\"en_US\" \/>\n<meta property=\"og:type\" content=\"article\" \/>\n<meta property=\"og:title\" content=\"Collations de Minuit | Traiteur Bytown\" \/>\n<meta property=\"og:url\" content=\"https:\/\/bytowncatering.com\/fr\/collations-de-minuit\/\" \/>\n<meta property=\"og:site_name\" content=\"Traiteur Bytown\" \/>\n<meta property=\"article:publisher\" content=\"https:\/\/www.facebook.com\/BytownCatering\/\" \/>\n<meta property=\"article:modified_time\" content=\"2026-02-28T17:05:37+00:00\" \/>\n<meta name=\"twitter:card\" content=\"summary_large_image\" \/>\n<meta name=\"twitter:label1\" content=\"Est. reading time\" \/>\n\t<meta name=\"twitter:data1\" content=\"3 minutes\" \/>\n<script type=\"application\/ld+json\" class=\"yoast-schema-graph\">{\"@context\":\"https:\/\/schema.org\",\"@graph\":[{\"@type\":\"WebPage\",\"@id\":\"https:\/\/bytowncatering.com\/fr\/collations-de-minuit\/\",\"url\":\"https:\/\/bytowncatering.com\/fr\/collations-de-minuit\/\",\"name\":\"Collations de Minuit | Traiteur Bytown\",\"isPartOf\":{\"@id\":\"https:\/\/bytowncatering.com\/fr\/#website\"},\"datePublished\":\"2019-04-03T14:23:10+00:00\",\"dateModified\":\"2026-02-28T17:05:37+00:00\",\"breadcrumb\":{\"@id\":\"https:\/\/bytowncatering.com\/fr\/collations-de-minuit\/#breadcrumb\"},\"inLanguage\":\"en-US\",\"potentialAction\":[{\"@type\":\"ReadAction\",\"target\":[\"https:\/\/bytowncatering.com\/fr\/collations-de-minuit\/\"]}]},{\"@type\":\"BreadcrumbList\",\"@id\":\"https:\/\/bytowncatering.com\/fr\/collations-de-minuit\/#breadcrumb\",\"itemListElement\":[{\"@type\":\"ListItem\",\"position\":1,\"name\":\"Home\",\"item\":\"https:\/\/bytowncatering.com\/fr\/\"},{\"@type\":\"ListItem\",\"position\":2,\"name\":\"Collations de Minuit\"}]},{\"@type\":\"WebSite\",\"@id\":\"https:\/\/bytowncatering.com\/fr\/#website\",\"url\":\"https:\/\/bytowncatering.com\/fr\/\",\"name\":\"Bytown Catering\",\"description\":\"Nous Livrons des Repas Plein de Saveur\",\"potentialAction\":[{\"@type\":\"SearchAction\",\"target\":{\"@type\":\"EntryPoint\",\"urlTemplate\":\"https:\/\/bytowncatering.com\/fr\/?s={search_term_string}\"},\"query-input\":{\"@type\":\"PropertyValueSpecification\",\"valueRequired\":true,\"valueName\":\"search_term_string\"}}],\"inLanguage\":\"en-US\"}]}<\/script>\n<!-- \/ Yoast SEO plugin. -->","yoast_head_json":{"title":"Collations de Minuit | Traiteur Bytown","robots":{"index":"index","follow":"follow","max-snippet":"max-snippet:-1","max-image-preview":"max-image-preview:large","max-video-preview":"max-video-preview:-1"},"canonical":"https:\/\/bytowncatering.com\/fr\/collations-de-minuit\/","og_locale":"en_US","og_type":"article","og_title":"Collations de Minuit | Traiteur Bytown","og_url":"https:\/\/bytowncatering.com\/fr\/collations-de-minuit\/","og_site_name":"Traiteur Bytown","article_publisher":"https:\/\/www.facebook.com\/BytownCatering\/","article_modified_time":"2026-02-28T17:05:37+00:00","twitter_card":"summary_large_image","twitter_misc":{"Est. reading time":"3 minutes"},"schema":{"@context":"https:\/\/schema.org","@graph":[{"@type":"WebPage","@id":"https:\/\/bytowncatering.com\/fr\/collations-de-minuit\/","url":"https:\/\/bytowncatering.com\/fr\/collations-de-minuit\/","name":"Collations de Minuit | Traiteur Bytown","isPartOf":{"@id":"https:\/\/bytowncatering.com\/fr\/#website"},"datePublished":"2019-04-03T14:23:10+00:00","dateModified":"2026-02-28T17:05:37+00:00","breadcrumb":{"@id":"https:\/\/bytowncatering.com\/fr\/collations-de-minuit\/#breadcrumb"},"inLanguage":"en-US","potentialAction":[{"@type":"ReadAction","target":["https:\/\/bytowncatering.com\/fr\/collations-de-minuit\/"]}]},{"@type":"BreadcrumbList","@id":"https:\/\/bytowncatering.com\/fr\/collations-de-minuit\/#breadcrumb","itemListElement":[{"@type":"ListItem","position":1,"name":"Home","item":"https:\/\/bytowncatering.com\/fr\/"},{"@type":"ListItem","position":2,"name":"Collations de Minuit"}]},{"@type":"WebSite","@id":"https:\/\/bytowncatering.com\/fr\/#website","url":"https:\/\/bytowncatering.com\/fr\/","name":"Bytown Catering","description":"Nous Livrons des Repas Plein de Saveur","potentialAction":[{"@type":"SearchAction","target":{"@type":"EntryPoint","urlTemplate":"https:\/\/bytowncatering.com\/fr\/?s={search_term_string}"},"query-input":{"@type":"PropertyValueSpecification","valueRequired":true,"valueName":"search_term_string"}}],"inLanguage":"en-US"}]}},"_links":{"self":[{"href":"https:\/\/bytowncatering.com\/fr\/wp-json\/wp\/v2\/pages\/690","targetHints":{"allow":["GET"]}}],"collection":[{"href":"https:\/\/bytowncatering.com\/fr\/wp-json\/wp\/v2\/pages"}],"about":[{"href":"https:\/\/bytowncatering.com\/fr\/wp-json\/wp\/v2\/types\/page"}],"author":[{"embeddable":true,"href":"https:\/\/bytowncatering.com\/fr\/wp-json\/wp\/v2\/users\/1"}],"replies":[{"embeddable":true,"href":"https:\/\/bytowncatering.com\/fr\/wp-json\/wp\/v2\/comments?post=690"}],"version-history":[{"count":16,"href":"https:\/\/bytowncatering.com\/fr\/wp-json\/wp\/v2\/pages\/690\/revisions"}],"predecessor-version":[{"id":2414,"href":"https:\/\/bytowncatering.com\/fr\/wp-json\/wp\/v2\/pages\/690\/revisions\/2414"}],"wp:attachment":[{"href":"https:\/\/bytowncatering.com\/fr\/wp-json\/wp\/v2\/media?parent=690"}],"curies":[{"name":"wp","href":"https:\/\/api.w.org\/{rel}","templated":true}]}}