{"id":692,"date":"2019-04-03T10:23:27","date_gmt":"2019-04-03T14:23:27","guid":{"rendered":"http:\/\/canadashop150.com\/?page_id=692"},"modified":"2023-12-05T13:13:11","modified_gmt":"2023-12-05T18:13:11","slug":"barbecues","status":"publish","type":"page","link":"https:\/\/bytowncatering.com\/fr\/barbecues\/","title":{"rendered":"Barbecues"},"content":{"rendered":"<p><div class=\"fusion-fullwidth fullwidth-box fusion-builder-row-1 nonhundred-percent-fullwidth non-hundred-percent-height-scrolling\" style=\"--awb-background-position:left center;--awb-border-radius-top-left:0px;--awb-border-radius-top-right:0px;--awb-border-radius-bottom-right:0px;--awb-border-radius-bottom-left:0px;--awb-flex-wrap:wrap;\" ><div class=\"fusion-builder-row fusion-row\"><div class=\"fusion-layout-column fusion_builder_column fusion-builder-column-0 fusion_builder_column_1_1 1_1 fusion-one-full fusion-column-first fusion-column-last\" style=\"--awb-bg-blend:overlay;--awb-bg-size:cover;\"><div class=\"fusion-column-wrapper fusion-column-has-shadow fusion-flex-column-wrapper-legacy\"><div class=\"fusion-text fusion-text-1\"><h1>Barbecues<\/h1>\n<\/div><div class=\"fusion-clearfix\"><\/div><\/div><\/div><div class=\"fusion-layout-column fusion_builder_column fusion-builder-column-1 fusion_builder_column_1_2 1_2 fusion-one-half fusion-column-first menu-icon\" style=\"--awb-bg-blend:overlay;--awb-bg-size:cover;width:50%;width:calc(50% - ( ( 4% ) * 0.5 ) );margin-right: 4%;\"><div class=\"fusion-column-wrapper fusion-column-has-shadow fusion-flex-column-wrapper-legacy\"><div class=\"fusion-text fusion-text-2\" style=\"--awb-text-transform:none;\"><h3 class=\"fusion-responsive-typography-calculated\" style=\"--fontsize: 16; line-height: 1.5; --minfontsize: 16;\" data-fontsize=\"16\" data-lineheight=\"24px\">LE BARBECUE TRADITIONNEL \u2015 21,95 $ (par personne)<\/h3>\n<h4 class=\"fusion-responsive-typography-calculated\" style=\"--fontsize: 14; line-height: 1.5; --minfontsize: 14;\" data-fontsize=\"14\" data-lineheight=\"21px\">Minimum de 50 personnes (des frais additionnels s\u2019appliquent aux plus petits groupes)<\/h4>\n<p>Saucisses hot-dog fum\u00e9es tout b\u0153uf<br \/>\nHamburgers<br \/>\nBurgers v\u00e9g\u00e9tariens<br \/>\nSaucisses italiennes douces<br \/>\nSalade de chou au cidre de pomme<br \/>\nSalade jardini\u00e8re hach\u00e9e<br \/>\nSalade de p\u00e2tes et de l\u00e9gumes avec vinaigrette \u00e0 l\u2019italienne<br \/>\nAssortiment de biscuits<br \/>\nAssortiment de carr\u00e9s de dessert<br \/>\nAssortiment de boissons gazeuses<br \/>\nBouteilles d\u2019eau Eska<\/p>\n<ul>\n<li>Ajoutez du ma\u00efs grill\u00e9 sur l\u2019\u00e9pi pour 3,00 $ par personne (disponible de fa\u00e7on saisonni\u00e8re)<\/li>\n<\/ul>\n<\/div><div class=\"fusion-clearfix\"><\/div><\/div><\/div><div class=\"fusion-layout-column fusion_builder_column fusion-builder-column-2 fusion_builder_column_1_2 1_2 fusion-one-half fusion-column-last menu-icon\" style=\"--awb-bg-blend:overlay;--awb-bg-size:cover;width:50%;width:calc(50% - ( ( 4% ) * 0.5 ) );\"><div class=\"fusion-column-wrapper fusion-column-has-shadow fusion-flex-column-wrapper-legacy\"><div class=\"fusion-text fusion-text-3\" style=\"--awb-text-transform:none;\"><h3 class=\"fusion-responsive-typography-calculated\" style=\"--fontsize: 16; line-height: 1.5; --minfontsize: 16;\" data-fontsize=\"16\" data-lineheight=\"24px\">LE BARBECUE TOUT GARNI \u2015 25,95 $ (par personne)<\/h3>\n<h4 class=\"fusion-responsive-typography-calculated\" style=\"--fontsize: 14; line-height: 1.5; --minfontsize: 14;\" data-fontsize=\"14\" data-lineheight=\"21px\">Minimum de 50 personnes (des frais additionnels s\u2019appliquent aux plus petits groupes)<\/h4>\n<p>Saucisses hot-dog fum\u00e9es tout b\u0153uf<br \/>\nHamburgers<br \/>\nBurgers v\u00e9g\u00e9tariens<br \/>\nSaucisses italiennes douces<br \/>\nPlateau de l\u00e9gumes marin\u00e9s grill\u00e9s<br \/>\nSalade de chou au cidre de pomme<br \/>\nSalade jardini\u00e8re hach\u00e9e<br \/>\nCrudit\u00e9s fra\u00eechement coup\u00e9es accompagn\u00e9es de houmous<br \/>\nPlateau de fruits et baies<br \/>\nAssortiment de biscuits<br \/>\nAssortiment de carr\u00e9s de dessert<br \/>\nAssortiment de boissons gazeuses<br \/>\nBouteilles d\u2019eau Eska<\/p>\n<ul>\n<li>Ajoutez du ma\u00efs grill\u00e9 sur l\u2019\u00e9pi pour 3,00 $ par personne (disponible de fa\u00e7on saisonni\u00e8re)<\/li>\n<\/ul>\n<\/div><div class=\"fusion-clearfix\"><\/div><\/div><\/div><div class=\"fusion-layout-column fusion_builder_column fusion-builder-column-3 fusion_builder_column_1_2 1_2 fusion-one-half fusion-column-first menu-icon\" style=\"--awb-bg-blend:overlay;--awb-bg-size:cover;width:50%;width:calc(50% - ( ( 4% ) * 0.5 ) );margin-right: 4%;\"><div class=\"fusion-column-wrapper fusion-column-has-shadow fusion-flex-column-wrapper-legacy\"><div class=\"fusion-text fusion-text-4\" style=\"--awb-text-transform:none;\"><h3 class=\"fusion-responsive-typography-calculated\" style=\"--fontsize: 16; line-height: 1.5; --minfontsize: 16;\" data-fontsize=\"16\" data-lineheight=\"24px\">LE BARBECUE TEX MEX \u2015 31,95 $ (par personne)<\/h3>\n<h4 class=\"fusion-responsive-typography-calculated\" style=\"--fontsize: 14; line-height: 1.5; --minfontsize: 14;\" data-fontsize=\"14\" data-lineheight=\"21px\">Minimum de 50 personnes (des frais additionnels s\u2019appliquent aux plus petits groupes)<\/h4>\n<p>Poitrine de poulet \u00e0 la tequila et \u00e0 la lime avec salsa verde<br \/>\nEnchiladas au porc effiloch\u00e9<br \/>\nSalade de doliques \u00e0 \u0153il noir, de ma\u00efs et de jambon fum\u00e9 avec poivrons doux, poblanos grill\u00e9s et une vinaigrette piquante \u00e0 la coriandre<br \/>\nSalade de p\u00e2tes du sud-ouest avec vinaigrette aux chipotles fum\u00e9s<br \/>\nSalade jardini\u00e8re hach\u00e9e<br \/>\nCrudit\u00e9s fra\u00eechement coup\u00e9es accompagn\u00e9es d\u2019une trempette ranch au chili et au cumin<br \/>\nMuffins de ma\u00efs aux jalape\u00f1os<br \/>\nPlateau de fruits et baies<br \/>\nChurros saupoudr\u00e9s de cannelle et de sucre<br \/>\nBrownies au chocolat mexicain<br \/>\nAssortiment de boissons gazeuses<br \/>\nBouteilles d\u2019eau Eska<\/p>\n<ul>\n<li>Ajoutez du ma\u00efs grill\u00e9 sur l\u2019\u00e9pi pour 3,00 $ par personne (disponible de fa\u00e7on saisonni\u00e8re)<\/li>\n<\/ul>\n<p><strong>Cuit dans la cuisine de Bytown Catering et disponible en tant que service de d\u00e9p\u00f4t<\/strong><\/p>\n<\/div><div class=\"fusion-clearfix\"><\/div><\/div><\/div><\/div><\/div><div class=\"fusion-fullwidth fullwidth-box fusion-builder-row-2 fusion-flex-container nonhundred-percent-fullwidth non-hundred-percent-height-scrolling\" style=\"--awb-border-radius-top-left:0px;--awb-border-radius-top-right:0px;--awb-border-radius-bottom-right:0px;--awb-border-radius-bottom-left:0px;--awb-flex-wrap:wrap;\" ><div class=\"fusion-builder-row fusion-row fusion-flex-align-items-flex-start fusion-flex-content-wrap\" style=\"max-width:1144px;margin-left: calc(-4% \/ 2 );margin-right: calc(-4% \/ 2 );\"><div class=\"fusion-layout-column fusion_builder_column fusion-builder-column-4 fusion_builder_column_1_1 1_1 fusion-flex-column\" style=\"--awb-bg-size:cover;--awb-width-large:100%;--awb-margin-top-large:0px;--awb-spacing-right-large:1.92%;--awb-margin-bottom-large:20px;--awb-spacing-left-large:1.92%;--awb-width-medium:100%;--awb-order-medium:0;--awb-spacing-right-medium:1.92%;--awb-spacing-left-medium:1.92%;--awb-width-small:100%;--awb-order-small:0;--awb-spacing-right-small:1.92%;--awb-spacing-left-small:1.92%;\"><div class=\"fusion-column-wrapper fusion-column-has-shadow fusion-flex-justify-content-flex-start fusion-content-layout-column\"><div class=\"fusion-separator fusion-full-width-sep\" style=\"align-self: center;margin-left: auto;margin-right: auto;margin-top:20px;margin-bottom:20px;width:100%;\"><div class=\"fusion-separator-border sep-single sep-solid\" style=\"--awb-height:20px;--awb-amount:20px;border-color:#e0dede;border-top-width:1px;\"><\/div><\/div><\/div><\/div><\/div><\/div><div class=\"fusion-fullwidth fullwidth-box fusion-builder-row-3 nonhundred-percent-fullwidth non-hundred-percent-height-scrolling\" style=\"--awb-background-position:left center;--awb-border-radius-top-left:0px;--awb-border-radius-top-right:0px;--awb-border-radius-bottom-right:0px;--awb-border-radius-bottom-left:0px;--awb-flex-wrap:wrap;\" ><div class=\"fusion-builder-row fusion-row\"><div class=\"fusion-layout-column fusion_builder_column fusion-builder-column-5 fusion_builder_column_1_2 1_2 fusion-one-half fusion-column-first menu-icon\" style=\"--awb-bg-blend:overlay;--awb-bg-size:cover;width:50%;width:calc(50% - ( ( 4% ) * 0.5 ) );margin-right: 4%;\"><div class=\"fusion-column-wrapper fusion-column-has-shadow fusion-flex-column-wrapper-legacy\"><div class=\"fusion-text fusion-text-5\" style=\"--awb-text-transform:none;\"><h3 class=\"fusion-responsive-typography-calculated\" style=\"--fontsize: 16; line-height: 1.5; --minfontsize: 16;\" data-fontsize=\"16\" data-lineheight=\"24px\">LE BARBECUE POULET ET C\u00d4TES 39,95 $ (par personne)<\/h3>\n<h4 class=\"fusion-responsive-typography-calculated\" style=\"--fontsize: 14; line-height: 1.5; --minfontsize: 14;\" data-fontsize=\"14\" data-lineheight=\"21px\">Minimum de 50 personnes (des frais additionnels s\u2019appliquent aux plus petits groupes)<\/h4>\n<p>Poitrine de poulet \u00e0 la sauce barbecue<br \/>\nC\u00f4tes lev\u00e9es de style Saint-Louis grill\u00e9es<br \/>\nPommes de terre au four avec cr\u00e8me sure, \u00e9chalotes et miettes de bacon<br \/>\nSalade de chou au cidre de pomme<br \/>\nSalade jardini\u00e8re<br \/>\nSalade de p\u00e2tes et de l\u00e9gumes avec vinaigrette \u00e0 l\u2019italienne Crudit\u00e9s fra\u00eechement coup\u00e9es accompagn\u00e9es de houmous Plateau de fromages domestiques<br \/>\nPlateau de fruits et baies<br \/>\nPetits pains fra\u00eechement cuits au four et beurre<br \/>\nAssortiment de tartes aux fruits et de tartelettes fra\u00eechement cuites au four<br \/>\nAssortiment de boissons gazeuses<br \/>\nBouteilles d\u2019eau Eska<\/p>\n<ul>\n<li>Ajoutez du ma\u00efs grill\u00e9 sur l\u2019\u00e9pi pour 3,00 $ par personne (disponible de fa\u00e7on saisonni\u00e8re)<\/li>\n<\/ul>\n<\/div><div class=\"fusion-clearfix\"><\/div><\/div><\/div><div class=\"fusion-layout-column fusion_builder_column fusion-builder-column-6 fusion_builder_column_1_2 1_2 fusion-one-half fusion-column-last menu-icon\" style=\"--awb-bg-blend:overlay;--awb-bg-size:cover;width:50%;width:calc(50% - ( ( 4% ) * 0.5 ) );\"><div class=\"fusion-column-wrapper fusion-column-has-shadow fusion-flex-column-wrapper-legacy\"><div class=\"fusion-text fusion-text-6\" style=\"--awb-text-transform:none;\"><h3 class=\"fusion-responsive-typography-calculated\" style=\"--fontsize: 16; line-height: 1.5; --minfontsize: 16;\" data-fontsize=\"16\" data-lineheight=\"24px\">BARBECUE POULET ET STEAK 49,95 $<\/h3>\n<h4 class=\"fusion-responsive-typography-calculated\" style=\"--fontsize: 14; line-height: 1.5; --minfontsize: 14;\" data-fontsize=\"14\" data-lineheight=\"21px\">Minimum de 50 personnes (des frais additionnels s\u2019appliquent aux plus petits groupes)<\/h4>\n<p>Poitrine de poulet \u00e0 la sauce barbecue<br \/>\nContre-filet de b\u0153uf grill\u00e9<br \/>\nPommes de terre au four avec cr\u00e8me sure, \u00e9chalotes et morceaux de bacon<br \/>\nPlateau de l\u00e9gumes marin\u00e9s grill\u00e9s<br \/>\nSalade de chou au cidre de pomme<br \/>\nSalade jardini\u00e8re<br \/>\nSalade de p\u00e2tes et l\u00e9gumes avec vinaigrette \u00e0 l\u2019italienne Crudit\u00e9s fra\u00eechement coup\u00e9es accompagn\u00e9es de houmous Plateau de fromages domestiques<br \/>\nFruits et baies dans des verres \u00e0 martini napp\u00e9s d\u2019un filet de sirop d\u2019agave<br \/>\nPetits pains fra\u00eechement cuits au four et beurre<br \/>\nAssortiment de tartes aux fruits et de tartelettes fra\u00eechement cuites au four<br \/>\nAssortiment de boissons gazeuses<br \/>\nBouteilles d\u2019eau Eska<br \/>\nCaf\u00e9 de qualit\u00e9 sup\u00e9rieure et un assortiment de th\u00e9s<\/p>\n<ul>\n<li>Ajoutez du ma\u00efs grill\u00e9 sur l\u2019\u00e9pi pour 3,00 $ par personne (disponible de fa\u00e7on saisonni\u00e8re)<\/li>\n<\/ul>\n<\/div><div class=\"fusion-clearfix\"><\/div><\/div><\/div><\/div><\/div><\/p>\n","protected":false},"excerpt":{"rendered":"","protected":false},"author":1,"featured_media":0,"parent":0,"menu_order":0,"comment_status":"closed","ping_status":"closed","template":"","meta":{"footnotes":""},"class_list":["post-692","page","type-page","status-publish","hentry"],"yoast_head":"<!-- This site is optimized with the Yoast SEO plugin v27.0 - https:\/\/yoast.com\/product\/yoast-seo-wordpress\/ -->\n<title>Barbecues | Traiteur Bytown<\/title>\n<meta name=\"robots\" content=\"index, follow, max-snippet:-1, max-image-preview:large, max-video-preview:-1\" \/>\n<link rel=\"canonical\" href=\"https:\/\/bytowncatering.com\/fr\/barbecues\/\" \/>\n<meta property=\"og:locale\" content=\"en_US\" \/>\n<meta property=\"og:type\" content=\"article\" \/>\n<meta property=\"og:title\" content=\"Barbecues | Traiteur Bytown\" \/>\n<meta property=\"og:url\" content=\"https:\/\/bytowncatering.com\/fr\/barbecues\/\" \/>\n<meta property=\"og:site_name\" content=\"Traiteur Bytown\" \/>\n<meta property=\"article:publisher\" content=\"https:\/\/www.facebook.com\/BytownCatering\/\" \/>\n<meta property=\"article:modified_time\" content=\"2023-12-05T18:13:11+00:00\" \/>\n<meta name=\"twitter:card\" content=\"summary_large_image\" \/>\n<meta name=\"twitter:label1\" content=\"Est. reading time\" \/>\n\t<meta name=\"twitter:data1\" content=\"5 minutes\" \/>\n<script type=\"application\/ld+json\" class=\"yoast-schema-graph\">{\"@context\":\"https:\/\/schema.org\",\"@graph\":[{\"@type\":\"WebPage\",\"@id\":\"https:\/\/bytowncatering.com\/fr\/barbecues\/\",\"url\":\"https:\/\/bytowncatering.com\/fr\/barbecues\/\",\"name\":\"Barbecues | Traiteur Bytown\",\"isPartOf\":{\"@id\":\"https:\/\/bytowncatering.com\/fr\/#website\"},\"datePublished\":\"2019-04-03T14:23:27+00:00\",\"dateModified\":\"2023-12-05T18:13:11+00:00\",\"breadcrumb\":{\"@id\":\"https:\/\/bytowncatering.com\/fr\/barbecues\/#breadcrumb\"},\"inLanguage\":\"en-US\",\"potentialAction\":[{\"@type\":\"ReadAction\",\"target\":[\"https:\/\/bytowncatering.com\/fr\/barbecues\/\"]}]},{\"@type\":\"BreadcrumbList\",\"@id\":\"https:\/\/bytowncatering.com\/fr\/barbecues\/#breadcrumb\",\"itemListElement\":[{\"@type\":\"ListItem\",\"position\":1,\"name\":\"Home\",\"item\":\"https:\/\/bytowncatering.com\/fr\/\"},{\"@type\":\"ListItem\",\"position\":2,\"name\":\"Barbecues\"}]},{\"@type\":\"WebSite\",\"@id\":\"https:\/\/bytowncatering.com\/fr\/#website\",\"url\":\"https:\/\/bytowncatering.com\/fr\/\",\"name\":\"Bytown Catering\",\"description\":\"Nous Livrons des Repas Plein de Saveur\",\"potentialAction\":[{\"@type\":\"SearchAction\",\"target\":{\"@type\":\"EntryPoint\",\"urlTemplate\":\"https:\/\/bytowncatering.com\/fr\/?s={search_term_string}\"},\"query-input\":{\"@type\":\"PropertyValueSpecification\",\"valueRequired\":true,\"valueName\":\"search_term_string\"}}],\"inLanguage\":\"en-US\"}]}<\/script>\n<!-- \/ Yoast SEO plugin. -->","yoast_head_json":{"title":"Barbecues | Traiteur Bytown","robots":{"index":"index","follow":"follow","max-snippet":"max-snippet:-1","max-image-preview":"max-image-preview:large","max-video-preview":"max-video-preview:-1"},"canonical":"https:\/\/bytowncatering.com\/fr\/barbecues\/","og_locale":"en_US","og_type":"article","og_title":"Barbecues | Traiteur Bytown","og_url":"https:\/\/bytowncatering.com\/fr\/barbecues\/","og_site_name":"Traiteur Bytown","article_publisher":"https:\/\/www.facebook.com\/BytownCatering\/","article_modified_time":"2023-12-05T18:13:11+00:00","twitter_card":"summary_large_image","twitter_misc":{"Est. reading time":"5 minutes"},"schema":{"@context":"https:\/\/schema.org","@graph":[{"@type":"WebPage","@id":"https:\/\/bytowncatering.com\/fr\/barbecues\/","url":"https:\/\/bytowncatering.com\/fr\/barbecues\/","name":"Barbecues | Traiteur Bytown","isPartOf":{"@id":"https:\/\/bytowncatering.com\/fr\/#website"},"datePublished":"2019-04-03T14:23:27+00:00","dateModified":"2023-12-05T18:13:11+00:00","breadcrumb":{"@id":"https:\/\/bytowncatering.com\/fr\/barbecues\/#breadcrumb"},"inLanguage":"en-US","potentialAction":[{"@type":"ReadAction","target":["https:\/\/bytowncatering.com\/fr\/barbecues\/"]}]},{"@type":"BreadcrumbList","@id":"https:\/\/bytowncatering.com\/fr\/barbecues\/#breadcrumb","itemListElement":[{"@type":"ListItem","position":1,"name":"Home","item":"https:\/\/bytowncatering.com\/fr\/"},{"@type":"ListItem","position":2,"name":"Barbecues"}]},{"@type":"WebSite","@id":"https:\/\/bytowncatering.com\/fr\/#website","url":"https:\/\/bytowncatering.com\/fr\/","name":"Bytown Catering","description":"Nous Livrons des Repas Plein de Saveur","potentialAction":[{"@type":"SearchAction","target":{"@type":"EntryPoint","urlTemplate":"https:\/\/bytowncatering.com\/fr\/?s={search_term_string}"},"query-input":{"@type":"PropertyValueSpecification","valueRequired":true,"valueName":"search_term_string"}}],"inLanguage":"en-US"}]}},"_links":{"self":[{"href":"https:\/\/bytowncatering.com\/fr\/wp-json\/wp\/v2\/pages\/692","targetHints":{"allow":["GET"]}}],"collection":[{"href":"https:\/\/bytowncatering.com\/fr\/wp-json\/wp\/v2\/pages"}],"about":[{"href":"https:\/\/bytowncatering.com\/fr\/wp-json\/wp\/v2\/types\/page"}],"author":[{"embeddable":true,"href":"https:\/\/bytowncatering.com\/fr\/wp-json\/wp\/v2\/users\/1"}],"replies":[{"embeddable":true,"href":"https:\/\/bytowncatering.com\/fr\/wp-json\/wp\/v2\/comments?post=692"}],"version-history":[{"count":14,"href":"https:\/\/bytowncatering.com\/fr\/wp-json\/wp\/v2\/pages\/692\/revisions"}],"predecessor-version":[{"id":2335,"href":"https:\/\/bytowncatering.com\/fr\/wp-json\/wp\/v2\/pages\/692\/revisions\/2335"}],"wp:attachment":[{"href":"https:\/\/bytowncatering.com\/fr\/wp-json\/wp\/v2\/media?parent=692"}],"curies":[{"name":"wp","href":"https:\/\/api.w.org\/{rel}","templated":true}]}}