{"id":698,"date":"2019-04-03T10:24:12","date_gmt":"2019-04-03T14:24:12","guid":{"rendered":"http:\/\/canadashop150.com\/?page_id=698"},"modified":"2025-10-05T09:23:13","modified_gmt":"2025-10-05T13:23:13","slug":"bar-services","status":"publish","type":"page","link":"https:\/\/bytowncatering.com\/fr\/bar-services\/","title":{"rendered":"Bar Services"},"content":{"rendered":"<div class=\"fusion-fullwidth fullwidth-box fusion-builder-row-1 nonhundred-percent-fullwidth non-hundred-percent-height-scrolling\" style=\"--awb-background-position:left top;--awb-background-repeat:repeat-y;--awb-border-radius-top-left:0px;--awb-border-radius-top-right:0px;--awb-border-radius-bottom-right:0px;--awb-border-radius-bottom-left:0px;--awb-flex-wrap:wrap;\" ><div class=\"fusion-builder-row fusion-row\"><div class=\"fusion-layout-column fusion_builder_column fusion-builder-column-0 fusion_builder_column_1_1 1_1 fusion-one-full fusion-column-first fusion-column-last\" style=\"--awb-bg-blend:overlay;--awb-bg-size:cover;\"><div class=\"fusion-column-wrapper fusion-column-has-shadow fusion-flex-column-wrapper-legacy\"><div class=\"fusion-text fusion-text-1\"><h1>Services au bar<\/h1>\n<p><strong>Les Traiteurs Bytown Catering offre un service de consommation en suppl\u00e9ment dans ses \u00e9v\u00e9nements de service de traiteur.<\/strong><\/p>\n<\/div><div class=\"fusion-clearfix\"><\/div><\/div><\/div><div class=\"fusion-layout-column fusion_builder_column fusion-builder-column-1 fusion_builder_column_1_1 1_1 fusion-one-full fusion-column-first fusion-column-last\" style=\"--awb-bg-blend:overlay;--awb-bg-size:cover;\"><div class=\"fusion-column-wrapper fusion-column-has-shadow fusion-flex-column-wrapper-legacy\"><div class=\"fusion-text fusion-text-2\" style=\"--awb-text-transform:none;\"><p>Bar \u00e0 service complet <strong>33,00 $ \/ heure<\/strong> (par barman, minimum 4 heures) avec des frais d\u2019inscription de <strong>300,00 $ (par bar)<\/strong><br \/>\nService de vin <strong>33 $\/heure<\/strong> (par serveur, minimum 4 heures)<\/p>\n<p>Service de barman <strong>35 $\/heure<\/strong> (par barman, minimum 4 heures) (Alcool et bar non inclus. Peut comporter des restrictions selon le lieu.)<\/p>\n<p>Co\u00fbts des boissons au bar<\/p>\n<\/div><div class=\"fusion-clearfix\"><\/div><\/div><\/div><div class=\"fusion-layout-column fusion_builder_column fusion-builder-column-2 fusion_builder_column_1_2 1_2 fusion-one-half fusion-column-first menu-icon\" style=\"--awb-bg-blend:overlay;--awb-bg-size:cover;width:50%;width:calc(50% - ( ( 4% ) * 0.5 ) );margin-right: 4%;\"><div class=\"fusion-column-wrapper fusion-column-has-shadow fusion-flex-column-wrapper-legacy\"><div class=\"fusion-text fusion-text-3\" style=\"--awb-text-transform:none;\"><h2 class=\"fusion-responsive-typography-calculated\" style=\"--fontsize: 18; line-height: 1.5; --minfontsize: 18;\" data-fontsize=\"18\" data-lineheight=\"27px\"><strong>Beverages<\/strong><\/h2>\n<p><strong>BI\u00c8RE ARTISANALE LOCALE BROADHEAD 9,75 $<\/strong><br \/>\n(473 ml bouteille)<\/p>\n<p><strong>BI\u00c8RE IMPORT\u00c9E 10,75 $<br \/>\n<\/strong>(473 ml Tall Boy)<\/p>\n<p><strong>VERRE DE VIN 8,50 $<\/strong><\/p>\n<p><b>CIDER 11,19 $<br \/>\n<\/b>(473 ml Tall Boy)<\/p>\n<p><strong>PANACH\u00c9S 10,75 $<br \/>\n<\/strong>(473 ml Tall Boy)<\/p>\n<p><strong>SPIRITUEUX ET BOISSONS M\u00c9LANG\u00c9ES 9,10 $<\/strong><br \/>\n(p. ex. Caesars, Cosmos, Martinis)<\/p>\n<p><strong>COCKTAILS ET SPIRITUEUX SUP\u00c9RIEURS<\/strong><strong> 10,46 $<br \/>\n<\/strong>Eau P\u00e9tillante <strong>4,82 $<\/strong><br \/>\nBouteille d\u2019eau <strong>3,21 $<\/strong><br \/>\nJus et boissons gazeuses <strong>3,21 $<\/strong><\/p>\n<\/div><div class=\"fusion-clearfix\"><\/div><\/div><\/div><div class=\"fusion-layout-column fusion_builder_column fusion-builder-column-3 fusion_builder_column_1_2 1_2 fusion-one-half fusion-column-last menu-icon\" style=\"--awb-bg-blend:overlay;--awb-bg-size:cover;width:50%;width:calc(50% - ( ( 4% ) * 0.5 ) );\"><div class=\"fusion-column-wrapper fusion-column-has-shadow fusion-flex-column-wrapper-legacy\"><div class=\"fusion-text fusion-text-4\" style=\"--awb-text-transform:none;\"><h2 class=\"\" style=\"--fontsize: 18; line-height: 1.5; --minfontsize: 18;\" data-fontsize=\"18\" data-lineheight=\"27px\"><strong>Vins maison &#8211; blanc<\/strong><\/h2>\n<p>The Local Collective \u2013 Good Company White <strong>39,93 $<\/strong><br \/>\nThe Local Collective \u2013 Unoaked Chardonnay <strong>43 $<\/strong><br \/>\nSeasons \u2013 Pinot Grigio<strong> 44 $<\/strong><\/p>\n<h2 class=\"\" data-fontsize=\"18\" data-lineheight=\"27px\"><strong>Vins maison &#8211; rouge<\/strong><\/h2>\n<p>The Local Collective \u2013 Good Company Red <strong>39,93 $<\/strong><br \/>\nThe Local Collective \u2013 Black Cabernet <strong>43 $<\/strong><br \/>\nSeasons \u2013 Cabernet Merlot <strong>44 $<\/strong><\/p>\n<p><strong>S\u00e9lection de vins mousseux (bouteille)<\/strong><\/p>\n<p>Nua Brut Spumante <strong>46 $<\/strong><br \/>\nCava Anna Brut \u2013 Spain <strong>50 $<\/strong><br \/>\nCava Barcelona Rose \u2013 Spain <strong>50 $<\/strong><br \/>\nProsecco Terre Gai \u2013 Italy <strong>48 $<\/strong><\/p>\n<p><strong>S\u00e9lection de vins blancs sup\u00e9rieurs (bouteille)<\/strong><\/p>\n<p>Pinot Grigio Terre Gai \u2013 Italy <strong>48 $<\/strong><br \/>\nSauvignon Blanc Te Mania \u2013 New Zealand <strong>57 $<\/strong><br \/>\nSauvignon Blanc La source \u2013 France <strong>46 $<\/strong><br \/>\nChardonnay Costal Vines \u2013 California <strong>47 $<\/strong><br \/>\nChardonnay Kingston \u2013 Australia <strong>48 $<\/strong><\/p>\n<p><strong>S\u00e9lection de vins rouges sup\u00e9rieurs (bouteille)<\/strong><\/p>\n<p>Pinot Noir Costal Vines \u2013 California <strong>48 $<\/strong><br \/>\nPinot Noir Racine \u2013 France <strong>51 $<\/strong><br \/>\nMerlot Kingston \u2013 Australia <strong>47 $<\/strong><br \/>\nCabernet Costal Vines \u2013 California <strong>46 $<\/strong><br \/>\nCabernet James Mitchell \u2013 California <strong>53 $<\/strong><br \/>\nValpolicella Righetti \u2013 Italy <strong>47 $<\/strong><\/p>\n<p>Autres vins et spiritueux disponibles sur demande. Appelez-nous aujourd\u2019hui pour avoir des suggestions pouvant accompagner votre choix de menu.<\/p>\n<\/div><div class=\"fusion-clearfix\"><\/div><\/div><\/div><\/div><\/div>\n","protected":false},"excerpt":{"rendered":"","protected":false},"author":1,"featured_media":0,"parent":0,"menu_order":0,"comment_status":"closed","ping_status":"closed","template":"","meta":{"footnotes":""},"class_list":["post-698","page","type-page","status-publish","hentry"],"yoast_head":"<!-- This site is optimized with the Yoast SEO plugin v27.0 - https:\/\/yoast.com\/product\/yoast-seo-wordpress\/ -->\n<title>Bar Services | Traiteur Bytown<\/title>\n<meta name=\"robots\" content=\"index, follow, max-snippet:-1, max-image-preview:large, max-video-preview:-1\" \/>\n<link rel=\"canonical\" href=\"https:\/\/bytowncatering.com\/fr\/bar-services\/\" \/>\n<meta property=\"og:locale\" content=\"en_US\" \/>\n<meta property=\"og:type\" content=\"article\" \/>\n<meta property=\"og:title\" content=\"Bar Services | Traiteur Bytown\" \/>\n<meta property=\"og:url\" content=\"https:\/\/bytowncatering.com\/fr\/bar-services\/\" \/>\n<meta property=\"og:site_name\" content=\"Traiteur Bytown\" \/>\n<meta property=\"article:publisher\" content=\"https:\/\/www.facebook.com\/BytownCatering\/\" \/>\n<meta property=\"article:modified_time\" content=\"2025-10-05T13:23:13+00:00\" \/>\n<meta name=\"twitter:card\" content=\"summary_large_image\" \/>\n<meta name=\"twitter:label1\" content=\"Est. reading time\" \/>\n\t<meta name=\"twitter:data1\" content=\"2 minutes\" \/>\n<script type=\"application\/ld+json\" class=\"yoast-schema-graph\">{\"@context\":\"https:\/\/schema.org\",\"@graph\":[{\"@type\":\"WebPage\",\"@id\":\"https:\/\/bytowncatering.com\/fr\/bar-services\/\",\"url\":\"https:\/\/bytowncatering.com\/fr\/bar-services\/\",\"name\":\"Bar Services | Traiteur Bytown\",\"isPartOf\":{\"@id\":\"https:\/\/bytowncatering.com\/fr\/#website\"},\"datePublished\":\"2019-04-03T14:24:12+00:00\",\"dateModified\":\"2025-10-05T13:23:13+00:00\",\"breadcrumb\":{\"@id\":\"https:\/\/bytowncatering.com\/fr\/bar-services\/#breadcrumb\"},\"inLanguage\":\"en-US\",\"potentialAction\":[{\"@type\":\"ReadAction\",\"target\":[\"https:\/\/bytowncatering.com\/fr\/bar-services\/\"]}]},{\"@type\":\"BreadcrumbList\",\"@id\":\"https:\/\/bytowncatering.com\/fr\/bar-services\/#breadcrumb\",\"itemListElement\":[{\"@type\":\"ListItem\",\"position\":1,\"name\":\"Home\",\"item\":\"https:\/\/bytowncatering.com\/fr\/\"},{\"@type\":\"ListItem\",\"position\":2,\"name\":\"Bar Services\"}]},{\"@type\":\"WebSite\",\"@id\":\"https:\/\/bytowncatering.com\/fr\/#website\",\"url\":\"https:\/\/bytowncatering.com\/fr\/\",\"name\":\"Bytown Catering\",\"description\":\"Nous Livrons des Repas Plein de Saveur\",\"potentialAction\":[{\"@type\":\"SearchAction\",\"target\":{\"@type\":\"EntryPoint\",\"urlTemplate\":\"https:\/\/bytowncatering.com\/fr\/?s={search_term_string}\"},\"query-input\":{\"@type\":\"PropertyValueSpecification\",\"valueRequired\":true,\"valueName\":\"search_term_string\"}}],\"inLanguage\":\"en-US\"}]}<\/script>\n<!-- \/ Yoast SEO plugin. -->","yoast_head_json":{"title":"Bar Services | Traiteur Bytown","robots":{"index":"index","follow":"follow","max-snippet":"max-snippet:-1","max-image-preview":"max-image-preview:large","max-video-preview":"max-video-preview:-1"},"canonical":"https:\/\/bytowncatering.com\/fr\/bar-services\/","og_locale":"en_US","og_type":"article","og_title":"Bar Services | Traiteur Bytown","og_url":"https:\/\/bytowncatering.com\/fr\/bar-services\/","og_site_name":"Traiteur Bytown","article_publisher":"https:\/\/www.facebook.com\/BytownCatering\/","article_modified_time":"2025-10-05T13:23:13+00:00","twitter_card":"summary_large_image","twitter_misc":{"Est. reading time":"2 minutes"},"schema":{"@context":"https:\/\/schema.org","@graph":[{"@type":"WebPage","@id":"https:\/\/bytowncatering.com\/fr\/bar-services\/","url":"https:\/\/bytowncatering.com\/fr\/bar-services\/","name":"Bar Services | Traiteur Bytown","isPartOf":{"@id":"https:\/\/bytowncatering.com\/fr\/#website"},"datePublished":"2019-04-03T14:24:12+00:00","dateModified":"2025-10-05T13:23:13+00:00","breadcrumb":{"@id":"https:\/\/bytowncatering.com\/fr\/bar-services\/#breadcrumb"},"inLanguage":"en-US","potentialAction":[{"@type":"ReadAction","target":["https:\/\/bytowncatering.com\/fr\/bar-services\/"]}]},{"@type":"BreadcrumbList","@id":"https:\/\/bytowncatering.com\/fr\/bar-services\/#breadcrumb","itemListElement":[{"@type":"ListItem","position":1,"name":"Home","item":"https:\/\/bytowncatering.com\/fr\/"},{"@type":"ListItem","position":2,"name":"Bar Services"}]},{"@type":"WebSite","@id":"https:\/\/bytowncatering.com\/fr\/#website","url":"https:\/\/bytowncatering.com\/fr\/","name":"Bytown Catering","description":"Nous Livrons des Repas Plein de Saveur","potentialAction":[{"@type":"SearchAction","target":{"@type":"EntryPoint","urlTemplate":"https:\/\/bytowncatering.com\/fr\/?s={search_term_string}"},"query-input":{"@type":"PropertyValueSpecification","valueRequired":true,"valueName":"search_term_string"}}],"inLanguage":"en-US"}]}},"_links":{"self":[{"href":"https:\/\/bytowncatering.com\/fr\/wp-json\/wp\/v2\/pages\/698","targetHints":{"allow":["GET"]}}],"collection":[{"href":"https:\/\/bytowncatering.com\/fr\/wp-json\/wp\/v2\/pages"}],"about":[{"href":"https:\/\/bytowncatering.com\/fr\/wp-json\/wp\/v2\/types\/page"}],"author":[{"embeddable":true,"href":"https:\/\/bytowncatering.com\/fr\/wp-json\/wp\/v2\/users\/1"}],"replies":[{"embeddable":true,"href":"https:\/\/bytowncatering.com\/fr\/wp-json\/wp\/v2\/comments?post=698"}],"version-history":[{"count":39,"href":"https:\/\/bytowncatering.com\/fr\/wp-json\/wp\/v2\/pages\/698\/revisions"}],"predecessor-version":[{"id":2218,"href":"https:\/\/bytowncatering.com\/fr\/wp-json\/wp\/v2\/pages\/698\/revisions\/2218"}],"wp:attachment":[{"href":"https:\/\/bytowncatering.com\/fr\/wp-json\/wp\/v2\/media?parent=698"}],"curies":[{"name":"wp","href":"https:\/\/api.w.org\/{rel}","templated":true}]}}